{"id":1827,"date":"2018-10-17T15:13:28","date_gmt":"2018-10-17T13:13:28","guid":{"rendered":"http:\/\/musique-equilibre.com\/me\/?page_id=1827"},"modified":"2025-10-17T09:56:56","modified_gmt":"2025-10-17T07:56:56","slug":"cours-de-musique-individuels","status":"publish","type":"page","link":"https:\/\/musique-equilibre.com\/me\/index.php\/cours-de-musique-individuels\/","title":{"rendered":"<span style=\"font-family: coves;\">Cours de musique individuels<\/span>"},"content":{"rendered":"\n<figure class=\"wp-block-image alignwide size-large\"><img fetchpriority=\"high\" decoding=\"async\" width=\"1024\" height=\"252\" src=\"https:\/\/musique-equilibre.com\/me\/wp-content\/uploads\/2023\/12\/Cours-individuels-1-1024x252.jpg\" alt=\"\" class=\"wp-image-13608\" srcset=\"https:\/\/musique-equilibre.com\/me\/wp-content\/uploads\/2023\/12\/Cours-individuels-1-1024x252.jpg 1024w, https:\/\/musique-equilibre.com\/me\/wp-content\/uploads\/2023\/12\/Cours-individuels-1-300x74.jpg 300w, https:\/\/musique-equilibre.com\/me\/wp-content\/uploads\/2023\/12\/Cours-individuels-1-150x37.jpg 150w, https:\/\/musique-equilibre.com\/me\/wp-content\/uploads\/2023\/12\/Cours-individuels-1-768x189.jpg 768w, https:\/\/musique-equilibre.com\/me\/wp-content\/uploads\/2023\/12\/Cours-individuels-1.jpg 1366w\" sizes=\"(max-width: 1024px) 100vw, 1024px\" \/><\/figure>\n\n\n<p><span style=\"font-family: coves;\">Les cours de musique individuels \u00e0 <a href=\"https:\/\/www.youtube.com\/c\/MusiqueEquilibreOrleans\">Musique et \u00c9quilibre<\/a>\u00a0sont accessibles peu importe votre niveau ou votre \u00e2ge.<\/span><\/p>\n<p><span style=\"font-family: coves;\">Lieux des cours :<\/span><br \/><span style=\"font-family: coves;\">108 rue de Bourgogne 45000 Orl\u00e9ans<\/span><br \/><span style=\"font-family: coves;\">ou<\/span><br \/><span style=\"font-family: coves;\">Argonaute, 73 boulevard Marie Stuart 45000 Orl\u00e9ans<\/span><\/p>\n<p><span style=\"font-family: coves;\">Vous pouvez consulter la liste de nos cours de musique individuels et professeur\u00b7e\u00b7s ci-dessous.<\/span><br \/><span style=\"font-family: coves;\">Pour programmer un cours, merci de nous contacter :<\/span><br \/><span style=\"font-family: coves;\">&#8211; par t\u00e9l\u00e9phone au\u00a0 02.38.54.81.31<\/span><br \/><span style=\"font-family: coves;\">&#8211; par mail accueil@musique-equilibre.com<\/span><\/p>\n\n<div class=\"wp-block-image\">\n<figure class=\"aligncenter size-full is-resized\"><img decoding=\"async\" width=\"512\" height=\"512\" src=\"https:\/\/musique-equilibre.com\/me\/wp-content\/uploads\/2022\/11\/172566_down_arrow_icon.png\" alt=\"cours musique et \u00e9quilibre \u00e9cole de musique orl\u00e9ans loiret\" class=\"wp-image-10597\" style=\"width:100px;height:100px\" srcset=\"https:\/\/musique-equilibre.com\/me\/wp-content\/uploads\/2022\/11\/172566_down_arrow_icon.png 512w, https:\/\/musique-equilibre.com\/me\/wp-content\/uploads\/2022\/11\/172566_down_arrow_icon-300x300.png 300w, https:\/\/musique-equilibre.com\/me\/wp-content\/uploads\/2022\/11\/172566_down_arrow_icon-150x150.png 150w, https:\/\/musique-equilibre.com\/me\/wp-content\/uploads\/2022\/11\/172566_down_arrow_icon-510x510.png 510w\" sizes=\"(max-width: 512px) 100vw, 512px\" \/><\/figure><\/div>\n\n<p style=\"text-align: center;\"><span style=\"font-family: coves; color: #e25417;\"><a style=\"color: #e25417;\" href=\"https:\/\/musique-equilibre.com\/me\/index.php\/cours-de-basse-contrebasse-musique-et-equilibre\/\" data-rich-text-format-boundary=\"true\">Basse, contrebasse<\/a><\/span><br data-rich-text-line-break=\"true\" \/><span style=\"font-family: coves; color: #e25417;\"><a style=\"color: #e25417;\" href=\"https:\/\/musique-equilibre.com\/me\/?page_id=9880\">Batterie<\/a><\/span><br data-rich-text-line-break=\"true\" \/><span style=\"font-family: coves; color: #e25417;\"><a style=\"color: #e25417;\" href=\"https:\/\/musique-equilibre.com\/me\/index.php\/cours-de-chant-orleans\/\" target=\"_blank\" rel=\"noreferrer noopener\">Chant<\/a><\/span><br data-rich-text-line-break=\"true\" \/><span style=\"font-family: coves; color: #e25417;\"><a style=\"color: #e25417;\" href=\"https:\/\/musique-equilibre.com\/me\/index.php\/cours-de-flutes\/\">Fl\u00fbte<\/a><\/span><br data-rich-text-line-break=\"true\" \/><span style=\"font-family: coves; color: #e25417;\"><a style=\"color: #e25417;\" href=\"https:\/\/musique-equilibre.com\/me\/index.php\/cours-de-guitare\/\">Guitare<\/a><br \/><a style=\"color: #e25417;\" href=\"https:\/\/musique-equilibre.com\/me\/index.php\/cours-de-ukulele-orleans\/\" target=\"_blank\" rel=\"noopener\">Ukul\u00e9l\u00e9<\/a><br \/><a style=\"color: #e25417;\" href=\"https:\/\/musique-equilibre.com\/me\/index.php\/cours-de-percussions-africaines\/\" target=\"_blank\" rel=\"noopener\">Percussions africaines<\/a><\/span><br data-rich-text-line-break=\"true\" \/><span style=\"font-family: coves; color: #e25417;\"><a style=\"color: #e25417;\" href=\"https:\/\/musique-equilibre.com\/me\/index.php\/cours-de-piano-orleans\/\" target=\"_blank\" rel=\"noreferrer noopener\">Piano<\/a><\/span><br data-rich-text-line-break=\"true\" \/><span style=\"font-family: coves; color: #e25417;\"><a style=\"color: #e25417;\" href=\"https:\/\/musique-equilibre.com\/me\/index.php\/cours-de-saxophone-orleans\/\" target=\"_blank\" rel=\"noreferrer noopener\">Saxophone<\/a><\/span><br data-rich-text-line-break=\"true\" \/><span style=\"font-family: coves; color: #e25417;\"><a style=\"color: #e25417;\" href=\"https:\/\/musique-equilibre.com\/me\/index.php\/cours-de-trombone\/\" target=\"_blank\" rel=\"noreferrer noopener\">Trombone<\/a><\/span><br data-rich-text-line-break=\"true\" \/><span style=\"font-family: coves; color: #e25417;\"><a style=\"color: #e25417;\" href=\"https:\/\/musique-equilibre.com\/me\/index.php\/cours-de-violon-orleans\/\" target=\"_blank\" rel=\"noreferrer noopener\">Violon<\/a><\/span><br data-rich-text-line-break=\"true\" \/><span style=\"font-family: coves; color: #e25417;\"><a style=\"color: #e25417;\" href=\"https:\/\/musique-equilibre.com\/me\/index.php\/cours-daccordeon-chromatique-orleans\/\" target=\"_blank\" rel=\"noreferrer noopener\">Accord\u00e9on chromatique<\/a><\/span><br data-rich-text-line-break=\"true\" \/><span style=\"font-family: coves; color: #e25417;\"><a style=\"color: #e25417;\" href=\"https:\/\/musique-equilibre.com\/me\/index.php\/cours-de-mao-mpc\/\">MPC \/ Beatmaking<\/a><br \/><a style=\"color: #e25417;\" href=\"https:\/\/musique-equilibre.com\/me\/index.php\/cours-de-mixage\/\" target=\"_blank\" rel=\"noopener\">Mixage<\/a><br \/><a style=\"color: #e25417;\" href=\"https:\/\/musique-equilibre.com\/me\/index.php\/cours-de-prise-de-son\/\" target=\"_blank\" rel=\"noopener\">Prise de son<\/a><\/span><\/p>\n\n\n<h3 class=\"wp-block-heading has-text-align-center has-background\" style=\"background-color:#e25417\">Rythme et Oreille<\/h3>\n\n\n<p style=\"text-align: center;\"><span style=\"font-family: coves;\">Le mardi au 108 \u00e0 partir de 17h45 avec Raffi Nordiguian<\/span><\/p>\n<p>17h45-18h15 : enfants d\u00e9butant\u00b7es<br \/>18h15-19h : ados et adultes d\u00e9butant\u00b7es<br \/>19h-20h : ados et adultes confirm\u00e9\u00b7es<\/p>\n<p style=\"text-align: center;\"><span style=\"font-family: coves;\">au 108 rue de Bourgogne<\/span><br \/><span style=\"font-family: coves;\"><em>Cours ouvert uniquement \u00e0 partir de 10 \u00e9l\u00e8ves par cours<\/em><\/span><\/p>","protected":false},"excerpt":{"rendered":"<p>Les cours de musique individuels \u00e0 Musique et \u00c9quilibre\u00a0sont accessibles peu importe votre niveau ou votre \u00e2ge. Lieux des cours :108 rue de Bourgogne 45000 Orl\u00e9ansouArgonaute, 73 boulevard Marie Stuart 45000 Orl\u00e9ans Vous pouvez consulter la liste de nos cours de musique individuels et professeur\u00b7e\u00b7s ci-dessous.Pour programmer un cours, merci de nous contacter :&#8211; par [&hellip;]<\/p>\n","protected":false},"author":1,"featured_media":0,"parent":0,"menu_order":0,"comment_status":"closed","ping_status":"closed","template":"","meta":{"footnotes":""},"class_list":["post-1827","page","type-page","status-publish","czr-hentry"],"yoast_head":"<!-- This site is optimized with the Yoast SEO plugin v26.8 - https:\/\/yoast.com\/product\/yoast-seo-wordpress\/ -->\n<title>Cours de musique individuels -<\/title>\n<meta name=\"description\" content=\"Cours de musique individuels \u00e0 Orl\u00e9ans au 108 rue de Bourgogne et \u00e0 l&#039;Argonaute, 73 boulevard Marie Stuart.\" \/>\n<meta name=\"robots\" content=\"index, follow, max-snippet:-1, max-image-preview:large, max-video-preview:-1\" \/>\n<link rel=\"canonical\" href=\"https:\/\/musique-equilibre.com\/me\/index.php\/cours-de-musique-individuels\/\" \/>\n<meta property=\"og:locale\" content=\"fr_FR\" \/>\n<meta property=\"og:type\" content=\"article\" \/>\n<meta property=\"og:title\" content=\"Cours de musique individuels -\" \/>\n<meta property=\"og:description\" content=\"Cours de musique individuels \u00e0 Orl\u00e9ans au 108 rue de Bourgogne et \u00e0 l&#039;Argonaute, 73 boulevard Marie Stuart.\" \/>\n<meta property=\"og:url\" content=\"https:\/\/musique-equilibre.com\/me\/index.php\/cours-de-musique-individuels\/\" \/>\n<meta property=\"og:site_name\" content=\"Musique et Equilibre\" \/>\n<meta property=\"article:publisher\" content=\"https:\/\/www.facebook.com\/MusiqueetEquilibre45\" \/>\n<meta property=\"article:modified_time\" content=\"2025-10-17T07:56:56+00:00\" \/>\n<meta property=\"og:image\" content=\"https:\/\/musique-equilibre.com\/me\/wp-content\/uploads\/2023\/12\/Cours-individuels-1.jpg\" \/>\n\t<meta property=\"og:image:width\" content=\"1366\" \/>\n\t<meta property=\"og:image:height\" content=\"336\" \/>\n\t<meta property=\"og:image:type\" content=\"image\/jpeg\" \/>\n<meta name=\"twitter:card\" content=\"summary_large_image\" \/>\n<meta name=\"twitter:site\" content=\"@Musiquequilibre\" \/>\n<meta name=\"twitter:label1\" content=\"Dur\u00e9e de lecture estim\u00e9e\" \/>\n\t<meta name=\"twitter:data1\" content=\"2 minutes\" \/>\n<script type=\"application\/ld+json\" class=\"yoast-schema-graph\">{\"@context\":\"https:\/\/schema.org\",\"@graph\":[{\"@type\":\"WebPage\",\"@id\":\"https:\/\/musique-equilibre.com\/me\/index.php\/cours-de-musique-individuels\/\",\"url\":\"https:\/\/musique-equilibre.com\/me\/index.php\/cours-de-musique-individuels\/\",\"name\":\"Cours de musique individuels -\",\"isPartOf\":{\"@id\":\"https:\/\/musique-equilibre.com\/me\/#website\"},\"primaryImageOfPage\":{\"@id\":\"https:\/\/musique-equilibre.com\/me\/index.php\/cours-de-musique-individuels\/#primaryimage\"},\"image\":{\"@id\":\"https:\/\/musique-equilibre.com\/me\/index.php\/cours-de-musique-individuels\/#primaryimage\"},\"thumbnailUrl\":\"https:\/\/musique-equilibre.com\/me\/wp-content\/uploads\/2023\/12\/Cours-individuels-1-1024x252.jpg\",\"datePublished\":\"2018-10-17T13:13:28+00:00\",\"dateModified\":\"2025-10-17T07:56:56+00:00\",\"description\":\"Cours de musique individuels \u00e0 Orl\u00e9ans au 108 rue de Bourgogne et \u00e0 l'Argonaute, 73 boulevard Marie Stuart.\",\"breadcrumb\":{\"@id\":\"https:\/\/musique-equilibre.com\/me\/index.php\/cours-de-musique-individuels\/#breadcrumb\"},\"inLanguage\":\"fr-FR\",\"potentialAction\":[{\"@type\":\"ReadAction\",\"target\":[\"https:\/\/musique-equilibre.com\/me\/index.php\/cours-de-musique-individuels\/\"]}]},{\"@type\":\"ImageObject\",\"inLanguage\":\"fr-FR\",\"@id\":\"https:\/\/musique-equilibre.com\/me\/index.php\/cours-de-musique-individuels\/#primaryimage\",\"url\":\"https:\/\/musique-equilibre.com\/me\/wp-content\/uploads\/2023\/12\/Cours-individuels-1.jpg\",\"contentUrl\":\"https:\/\/musique-equilibre.com\/me\/wp-content\/uploads\/2023\/12\/Cours-individuels-1.jpg\",\"width\":1366,\"height\":336,\"caption\":\"cours collectif cours de chant cours de guitare cours de piano argonaute cours de musique cours d'instrument orl\u00e9ans cours de batterie cours de basse cours de piano\"},{\"@type\":\"BreadcrumbList\",\"@id\":\"https:\/\/musique-equilibre.com\/me\/index.php\/cours-de-musique-individuels\/#breadcrumb\",\"itemListElement\":[{\"@type\":\"ListItem\",\"position\":1,\"name\":\"Accueil\",\"item\":\"https:\/\/musique-equilibre.com\/me\/\"},{\"@type\":\"ListItem\",\"position\":2,\"name\":\"Cours de musique individuels\"}]},{\"@type\":\"WebSite\",\"@id\":\"https:\/\/musique-equilibre.com\/me\/#website\",\"url\":\"https:\/\/musique-equilibre.com\/me\/\",\"name\":\"Musique et Equilibre\",\"description\":\"\",\"publisher\":{\"@id\":\"https:\/\/musique-equilibre.com\/me\/#organization\"},\"potentialAction\":[{\"@type\":\"SearchAction\",\"target\":{\"@type\":\"EntryPoint\",\"urlTemplate\":\"https:\/\/musique-equilibre.com\/me\/?s={search_term_string}\"},\"query-input\":{\"@type\":\"PropertyValueSpecification\",\"valueRequired\":true,\"valueName\":\"search_term_string\"}}],\"inLanguage\":\"fr-FR\"},{\"@type\":\"Organization\",\"@id\":\"https:\/\/musique-equilibre.com\/me\/#organization\",\"name\":\"Musique et Equilibre\",\"alternateName\":\"\u00c9cole de musique et salle de concert \u00e0 Orl\u00e9ans\",\"url\":\"https:\/\/musique-equilibre.com\/me\/\",\"logo\":{\"@type\":\"ImageObject\",\"inLanguage\":\"fr-FR\",\"@id\":\"https:\/\/musique-equilibre.com\/me\/#\/schema\/logo\/image\/\",\"url\":\"https:\/\/musique-equilibre.com\/me\/wp-content\/uploads\/2022\/11\/cropped-Logo_orange_texture-1.png\",\"contentUrl\":\"https:\/\/musique-equilibre.com\/me\/wp-content\/uploads\/2022\/11\/cropped-Logo_orange_texture-1.png\",\"width\":512,\"height\":512,\"caption\":\"Musique et Equilibre\"},\"image\":{\"@id\":\"https:\/\/musique-equilibre.com\/me\/#\/schema\/logo\/image\/\"},\"sameAs\":[\"https:\/\/www.facebook.com\/MusiqueetEquilibre45\",\"https:\/\/x.com\/Musiquequilibre\",\"https:\/\/www.instagram.com\/musique_et_equilibre_\/\",\"https:\/\/www.linkedin.com\/company\/musique-&amp;-equilibre\/\",\"https:\/\/www.youtube.com\/c\/MusiqueEquilibreOrleans\/\"]}]}<\/script>\n<!-- \/ Yoast SEO plugin. -->","yoast_head_json":{"title":"Cours de musique individuels -","description":"Cours de musique individuels \u00e0 Orl\u00e9ans au 108 rue de Bourgogne et \u00e0 l'Argonaute, 73 boulevard Marie Stuart.","robots":{"index":"index","follow":"follow","max-snippet":"max-snippet:-1","max-image-preview":"max-image-preview:large","max-video-preview":"max-video-preview:-1"},"canonical":"https:\/\/musique-equilibre.com\/me\/index.php\/cours-de-musique-individuels\/","og_locale":"fr_FR","og_type":"article","og_title":"Cours de musique individuels -","og_description":"Cours de musique individuels \u00e0 Orl\u00e9ans au 108 rue de Bourgogne et \u00e0 l'Argonaute, 73 boulevard Marie Stuart.","og_url":"https:\/\/musique-equilibre.com\/me\/index.php\/cours-de-musique-individuels\/","og_site_name":"Musique et Equilibre","article_publisher":"https:\/\/www.facebook.com\/MusiqueetEquilibre45","article_modified_time":"2025-10-17T07:56:56+00:00","og_image":[{"width":1366,"height":336,"url":"https:\/\/musique-equilibre.com\/me\/wp-content\/uploads\/2023\/12\/Cours-individuels-1.jpg","type":"image\/jpeg"}],"twitter_card":"summary_large_image","twitter_site":"@Musiquequilibre","twitter_misc":{"Dur\u00e9e de lecture estim\u00e9e":"2 minutes"},"schema":{"@context":"https:\/\/schema.org","@graph":[{"@type":"WebPage","@id":"https:\/\/musique-equilibre.com\/me\/index.php\/cours-de-musique-individuels\/","url":"https:\/\/musique-equilibre.com\/me\/index.php\/cours-de-musique-individuels\/","name":"Cours de musique individuels -","isPartOf":{"@id":"https:\/\/musique-equilibre.com\/me\/#website"},"primaryImageOfPage":{"@id":"https:\/\/musique-equilibre.com\/me\/index.php\/cours-de-musique-individuels\/#primaryimage"},"image":{"@id":"https:\/\/musique-equilibre.com\/me\/index.php\/cours-de-musique-individuels\/#primaryimage"},"thumbnailUrl":"https:\/\/musique-equilibre.com\/me\/wp-content\/uploads\/2023\/12\/Cours-individuels-1-1024x252.jpg","datePublished":"2018-10-17T13:13:28+00:00","dateModified":"2025-10-17T07:56:56+00:00","description":"Cours de musique individuels \u00e0 Orl\u00e9ans au 108 rue de Bourgogne et \u00e0 l'Argonaute, 73 boulevard Marie Stuart.","breadcrumb":{"@id":"https:\/\/musique-equilibre.com\/me\/index.php\/cours-de-musique-individuels\/#breadcrumb"},"inLanguage":"fr-FR","potentialAction":[{"@type":"ReadAction","target":["https:\/\/musique-equilibre.com\/me\/index.php\/cours-de-musique-individuels\/"]}]},{"@type":"ImageObject","inLanguage":"fr-FR","@id":"https:\/\/musique-equilibre.com\/me\/index.php\/cours-de-musique-individuels\/#primaryimage","url":"https:\/\/musique-equilibre.com\/me\/wp-content\/uploads\/2023\/12\/Cours-individuels-1.jpg","contentUrl":"https:\/\/musique-equilibre.com\/me\/wp-content\/uploads\/2023\/12\/Cours-individuels-1.jpg","width":1366,"height":336,"caption":"cours collectif cours de chant cours de guitare cours de piano argonaute cours de musique cours d'instrument orl\u00e9ans cours de batterie cours de basse cours de piano"},{"@type":"BreadcrumbList","@id":"https:\/\/musique-equilibre.com\/me\/index.php\/cours-de-musique-individuels\/#breadcrumb","itemListElement":[{"@type":"ListItem","position":1,"name":"Accueil","item":"https:\/\/musique-equilibre.com\/me\/"},{"@type":"ListItem","position":2,"name":"Cours de musique individuels"}]},{"@type":"WebSite","@id":"https:\/\/musique-equilibre.com\/me\/#website","url":"https:\/\/musique-equilibre.com\/me\/","name":"Musique et Equilibre","description":"","publisher":{"@id":"https:\/\/musique-equilibre.com\/me\/#organization"},"potentialAction":[{"@type":"SearchAction","target":{"@type":"EntryPoint","urlTemplate":"https:\/\/musique-equilibre.com\/me\/?s={search_term_string}"},"query-input":{"@type":"PropertyValueSpecification","valueRequired":true,"valueName":"search_term_string"}}],"inLanguage":"fr-FR"},{"@type":"Organization","@id":"https:\/\/musique-equilibre.com\/me\/#organization","name":"Musique et Equilibre","alternateName":"\u00c9cole de musique et salle de concert \u00e0 Orl\u00e9ans","url":"https:\/\/musique-equilibre.com\/me\/","logo":{"@type":"ImageObject","inLanguage":"fr-FR","@id":"https:\/\/musique-equilibre.com\/me\/#\/schema\/logo\/image\/","url":"https:\/\/musique-equilibre.com\/me\/wp-content\/uploads\/2022\/11\/cropped-Logo_orange_texture-1.png","contentUrl":"https:\/\/musique-equilibre.com\/me\/wp-content\/uploads\/2022\/11\/cropped-Logo_orange_texture-1.png","width":512,"height":512,"caption":"Musique et Equilibre"},"image":{"@id":"https:\/\/musique-equilibre.com\/me\/#\/schema\/logo\/image\/"},"sameAs":["https:\/\/www.facebook.com\/MusiqueetEquilibre45","https:\/\/x.com\/Musiquequilibre","https:\/\/www.instagram.com\/musique_et_equilibre_\/","https:\/\/www.linkedin.com\/company\/musique-&amp;-equilibre\/","https:\/\/www.youtube.com\/c\/MusiqueEquilibreOrleans\/"]}]}},"_links":{"self":[{"href":"https:\/\/musique-equilibre.com\/me\/index.php\/wp-json\/wp\/v2\/pages\/1827","targetHints":{"allow":["GET"]}}],"collection":[{"href":"https:\/\/musique-equilibre.com\/me\/index.php\/wp-json\/wp\/v2\/pages"}],"about":[{"href":"https:\/\/musique-equilibre.com\/me\/index.php\/wp-json\/wp\/v2\/types\/page"}],"author":[{"embeddable":true,"href":"https:\/\/musique-equilibre.com\/me\/index.php\/wp-json\/wp\/v2\/users\/1"}],"replies":[{"embeddable":true,"href":"https:\/\/musique-equilibre.com\/me\/index.php\/wp-json\/wp\/v2\/comments?post=1827"}],"version-history":[{"count":105,"href":"https:\/\/musique-equilibre.com\/me\/index.php\/wp-json\/wp\/v2\/pages\/1827\/revisions"}],"predecessor-version":[{"id":17940,"href":"https:\/\/musique-equilibre.com\/me\/index.php\/wp-json\/wp\/v2\/pages\/1827\/revisions\/17940"}],"wp:attachment":[{"href":"https:\/\/musique-equilibre.com\/me\/index.php\/wp-json\/wp\/v2\/media?parent=1827"}],"curies":[{"name":"wp","href":"https:\/\/api.w.org\/{rel}","templated":true}]}}