{"id":17774,"date":"2025-09-25T12:48:45","date_gmt":"2025-09-25T10:48:45","guid":{"rendered":"https:\/\/musique-equilibre.com\/me\/?page_id=17774"},"modified":"2026-04-10T11:10:12","modified_gmt":"2026-04-10T09:10:12","slug":"40-ans","status":"publish","type":"page","link":"https:\/\/musique-equilibre.com\/me\/index.php\/40-ans\/","title":{"rendered":"40 ans"},"content":{"rendered":"<h2 dir=\"auto\" style=\"text-align: center;\"><span style=\"font-family: coves;\"><span class=\"html-span xexx8yu xyri2b x18d9i69 x1c1uobl x1hl2dhg x16tdsg8 x1vvkbs x3nfvp2 x1j61x8r x1fcty0u xdj266r xat24cr xm2jcoa x1mpyi22 xxymvpz xlup9mm x1kky2od\"><img decoding=\"async\" class=\"xz74otr x15mokao x1ga7v0g x16uus16 xbiv7yw\" src=\"https:\/\/static.xx.fbcdn.net\/images\/emoji.php\/v9\/tfa\/1\/16\/1f7e0.png\" alt=\"\ud83d\udfe0\" width=\"16\" height=\"16\" \/><\/span><strong>1986-2026<span class=\"html-span xexx8yu xyri2b x18d9i69 x1c1uobl x1hl2dhg x16tdsg8 x1vvkbs x3nfvp2 x1j61x8r x1fcty0u xdj266r xat24cr xm2jcoa x1mpyi22 xxymvpz xlup9mm x1kky2od\"><img decoding=\"async\" class=\"xz74otr x15mokao x1ga7v0g x16uus16 xbiv7yw\" src=\"https:\/\/static.xx.fbcdn.net\/images\/emoji.php\/v9\/tfa\/1\/16\/1f7e0.png\" alt=\"\ud83d\udfe0\" width=\"16\" height=\"16\" \/><\/span><\/strong><\/span><\/h2>\n<h2 dir=\"auto\" style=\"text-align: center;\"><strong><span style=\"font-family: coves;\">40 ans = 40 archives<\/span><\/strong><\/h2>\n\n<div class=\"wp-block-image\">\n<figure class=\"aligncenter size-large is-resized\"><a href=\"https:\/\/musique-equilibre.com\/40ans\/\" target=\"_blank\" rel=\" noreferrer noopener\"><img fetchpriority=\"high\" decoding=\"async\" width=\"1024\" height=\"1024\" src=\"https:\/\/musique-equilibre.com\/me\/wp-content\/uploads\/2025\/09\/1_40ANS_1980x1080_master_square-1024x1024.png\" alt=\"musique et \u00e9quilibre 40 ans 1986 2026 association \u00e9cole de musique orl\u00e9ans musiques actuelles\" class=\"wp-image-17775\" style=\"width:408px;height:auto\" srcset=\"https:\/\/musique-equilibre.com\/me\/wp-content\/uploads\/2025\/09\/1_40ANS_1980x1080_master_square-1024x1024.png 1024w, https:\/\/musique-equilibre.com\/me\/wp-content\/uploads\/2025\/09\/1_40ANS_1980x1080_master_square-300x300.png 300w, https:\/\/musique-equilibre.com\/me\/wp-content\/uploads\/2025\/09\/1_40ANS_1980x1080_master_square-150x150.png 150w, https:\/\/musique-equilibre.com\/me\/wp-content\/uploads\/2025\/09\/1_40ANS_1980x1080_master_square-768x768.png 768w, https:\/\/musique-equilibre.com\/me\/wp-content\/uploads\/2025\/09\/1_40ANS_1980x1080_master_square-510x510.png 510w, https:\/\/musique-equilibre.com\/me\/wp-content\/uploads\/2025\/09\/1_40ANS_1980x1080_master_square.png 1080w\" sizes=\"(max-width: 1024px) 100vw, 1024px\" \/><\/a><\/figure><\/div>\n\n<p><span style=\"font-size: 18px;\">L&rsquo;ann\u00e9e 2026 marquera les 40 ans de notre association !\u00a0<\/span><br \/><span style=\"font-size: 18px;\">On ne manquera pas de f\u00eater ce bel anniversaire, en votre compagnie, tout au long de l&rsquo;ann\u00e9e.<\/span><\/p>\n<p><span style=\"font-size: 18px;\">Et \u00e7a commence par une immersion dans nos archives !\u00a0<\/span><br \/><span style=\"font-size: 18px;\">Depuis le 28 septembre, et tous les dimanches jusqu\u2019\u00e0 fin juin, une archive est pr\u00e9sent\u00e9e sur le <a title=\"\" href=\"https:\/\/musique-equilibre.com\/40ans\/\" target=\"_blank\" rel=\"noopener\">site<\/a> d\u00e9di\u00e9 \u00e0 cet \u00e9v\u00e9nement r\u00e9seaux sociaux pour illustrer une ann\u00e9e de l\u2019association.<\/span><\/p>\n<p><span style=\"font-size: 18px;\">Qu\u2019il s\u2019agisse d\u2019un article de presse, de fiches d\u2019adh\u00e9sion, de photos ou vid\u00e9os des \u00e9v\u00e8nements pass\u00e9s, ce sera l\u2019occasion de (re) d\u00e9couvrir le parcours de Musique et \u00c9quilibre !<br \/><br \/><\/span><span style=\"font-size: 18px;\">Mais on ne s&rsquo;arr\u00eate, notre \u00e9cole de musiques actuelles, vous propose de souffler ensemble ses 40 bougies gr\u00e2ce \u00e0 deux soir\u00e9es exceptionelles lors de notre <a href=\"https:\/\/musique-equilibre.com\/me\/index.php\/2026\/03\/12\/forty-party\/\" target=\"_blank\" rel=\"noopener\">Forty Party<\/a> !<\/span><\/p>\n\n<div class=\"wp-block-image\">\n<figure class=\"aligncenter size-large is-resized\"><img decoding=\"async\" width=\"724\" height=\"1024\" src=\"https:\/\/musique-equilibre.com\/me\/wp-content\/uploads\/2026\/04\/Affiche-Forty-Party-orleans-724x1024.png\" alt=\"forty party 40 ans musique et \u00e9quilibre orl\u00e9ans loiret argonaute 108 \u00e9cole de musiques actuelles concerts\" class=\"wp-image-18648\" style=\"width:376px;height:auto\" srcset=\"https:\/\/musique-equilibre.com\/me\/wp-content\/uploads\/2026\/04\/Affiche-Forty-Party-orleans-724x1024.png 724w, https:\/\/musique-equilibre.com\/me\/wp-content\/uploads\/2026\/04\/Affiche-Forty-Party-orleans-212x300.png 212w, https:\/\/musique-equilibre.com\/me\/wp-content\/uploads\/2026\/04\/Affiche-Forty-Party-orleans-106x150.png 106w, https:\/\/musique-equilibre.com\/me\/wp-content\/uploads\/2026\/04\/Affiche-Forty-Party-orleans-768x1086.png 768w, https:\/\/musique-equilibre.com\/me\/wp-content\/uploads\/2026\/04\/Affiche-Forty-Party-orleans.png 1052w\" sizes=\"(max-width: 724px) 100vw, 724px\" \/><\/figure><\/div>","protected":false},"excerpt":{"rendered":"<p>1986-2026 40 ans = 40 archives L&rsquo;ann\u00e9e 2026 marquera les 40 ans de notre association !\u00a0On ne manquera pas de f\u00eater ce bel anniversaire, en votre compagnie, tout au long de l&rsquo;ann\u00e9e. Et \u00e7a commence par une immersion dans nos archives !\u00a0Depuis le 28 septembre, et tous les dimanches jusqu\u2019\u00e0 fin juin, une archive est [&hellip;]<\/p>\n","protected":false},"author":1,"featured_media":0,"parent":0,"menu_order":0,"comment_status":"closed","ping_status":"closed","template":"","meta":{"footnotes":""},"class_list":["post-17774","page","type-page","status-publish","czr-hentry"],"yoast_head":"<!-- This site is optimized with the Yoast SEO plugin v26.8 - https:\/\/yoast.com\/product\/yoast-seo-wordpress\/ -->\n<title>40 ans - Musique et Equilibre<\/title>\n<meta name=\"description\" content=\"1986-2026 : 40 ans ! A travers ses archives, Musique et \u00c9quilibre f\u00eate ses 40 ans ! Chaque dimanche retrouvez une nouvelle archive.\" \/>\n<meta name=\"robots\" content=\"index, follow, max-snippet:-1, max-image-preview:large, max-video-preview:-1\" \/>\n<link rel=\"canonical\" href=\"https:\/\/musique-equilibre.com\/me\/index.php\/40-ans\/\" \/>\n<meta property=\"og:locale\" content=\"fr_FR\" \/>\n<meta property=\"og:type\" content=\"article\" \/>\n<meta property=\"og:title\" content=\"40 ans - Musique et Equilibre\" \/>\n<meta property=\"og:description\" content=\"1986-2026 : 40 ans ! A travers ses archives, Musique et \u00c9quilibre f\u00eate ses 40 ans ! Chaque dimanche retrouvez une nouvelle archive.\" \/>\n<meta property=\"og:url\" content=\"https:\/\/musique-equilibre.com\/me\/index.php\/40-ans\/\" \/>\n<meta property=\"og:site_name\" content=\"Musique et Equilibre\" \/>\n<meta property=\"article:publisher\" content=\"https:\/\/www.facebook.com\/MusiqueetEquilibre45\" \/>\n<meta property=\"article:modified_time\" content=\"2026-04-10T09:10:12+00:00\" \/>\n<meta property=\"og:image\" content=\"https:\/\/static.xx.fbcdn.net\/images\/emoji.php\/v9\/tfa\/1\/16\/1f7e0.png\" \/>\n<meta name=\"twitter:card\" content=\"summary_large_image\" \/>\n<meta name=\"twitter:site\" content=\"@Musiquequilibre\" \/>\n<meta name=\"twitter:label1\" content=\"Dur\u00e9e de lecture estim\u00e9e\" \/>\n\t<meta name=\"twitter:data1\" content=\"2 minutes\" \/>\n<script type=\"application\/ld+json\" class=\"yoast-schema-graph\">{\"@context\":\"https:\/\/schema.org\",\"@graph\":[{\"@type\":\"WebPage\",\"@id\":\"https:\/\/musique-equilibre.com\/me\/index.php\/40-ans\/\",\"url\":\"https:\/\/musique-equilibre.com\/me\/index.php\/40-ans\/\",\"name\":\"40 ans - Musique et Equilibre\",\"isPartOf\":{\"@id\":\"https:\/\/musique-equilibre.com\/me\/#website\"},\"primaryImageOfPage\":{\"@id\":\"https:\/\/musique-equilibre.com\/me\/index.php\/40-ans\/#primaryimage\"},\"image\":{\"@id\":\"https:\/\/musique-equilibre.com\/me\/index.php\/40-ans\/#primaryimage\"},\"thumbnailUrl\":\"https:\/\/static.xx.fbcdn.net\/images\/emoji.php\/v9\/tfa\/1\/16\/1f7e0.png\",\"datePublished\":\"2025-09-25T10:48:45+00:00\",\"dateModified\":\"2026-04-10T09:10:12+00:00\",\"description\":\"1986-2026 : 40 ans ! A travers ses archives, Musique et \u00c9quilibre f\u00eate ses 40 ans ! Chaque dimanche retrouvez une nouvelle archive.\",\"breadcrumb\":{\"@id\":\"https:\/\/musique-equilibre.com\/me\/index.php\/40-ans\/#breadcrumb\"},\"inLanguage\":\"fr-FR\",\"potentialAction\":[{\"@type\":\"ReadAction\",\"target\":[\"https:\/\/musique-equilibre.com\/me\/index.php\/40-ans\/\"]}]},{\"@type\":\"ImageObject\",\"inLanguage\":\"fr-FR\",\"@id\":\"https:\/\/musique-equilibre.com\/me\/index.php\/40-ans\/#primaryimage\",\"url\":\"https:\/\/static.xx.fbcdn.net\/images\/emoji.php\/v9\/tfa\/1\/16\/1f7e0.png\",\"contentUrl\":\"https:\/\/static.xx.fbcdn.net\/images\/emoji.php\/v9\/tfa\/1\/16\/1f7e0.png\"},{\"@type\":\"BreadcrumbList\",\"@id\":\"https:\/\/musique-equilibre.com\/me\/index.php\/40-ans\/#breadcrumb\",\"itemListElement\":[{\"@type\":\"ListItem\",\"position\":1,\"name\":\"Accueil\",\"item\":\"https:\/\/musique-equilibre.com\/me\/\"},{\"@type\":\"ListItem\",\"position\":2,\"name\":\"40 ans\"}]},{\"@type\":\"WebSite\",\"@id\":\"https:\/\/musique-equilibre.com\/me\/#website\",\"url\":\"https:\/\/musique-equilibre.com\/me\/\",\"name\":\"Musique et Equilibre\",\"description\":\"\",\"publisher\":{\"@id\":\"https:\/\/musique-equilibre.com\/me\/#organization\"},\"potentialAction\":[{\"@type\":\"SearchAction\",\"target\":{\"@type\":\"EntryPoint\",\"urlTemplate\":\"https:\/\/musique-equilibre.com\/me\/?s={search_term_string}\"},\"query-input\":{\"@type\":\"PropertyValueSpecification\",\"valueRequired\":true,\"valueName\":\"search_term_string\"}}],\"inLanguage\":\"fr-FR\"},{\"@type\":\"Organization\",\"@id\":\"https:\/\/musique-equilibre.com\/me\/#organization\",\"name\":\"Musique et Equilibre\",\"alternateName\":\"\u00c9cole de musique et salle de concert \u00e0 Orl\u00e9ans\",\"url\":\"https:\/\/musique-equilibre.com\/me\/\",\"logo\":{\"@type\":\"ImageObject\",\"inLanguage\":\"fr-FR\",\"@id\":\"https:\/\/musique-equilibre.com\/me\/#\/schema\/logo\/image\/\",\"url\":\"https:\/\/musique-equilibre.com\/me\/wp-content\/uploads\/2022\/11\/cropped-Logo_orange_texture-1.png\",\"contentUrl\":\"https:\/\/musique-equilibre.com\/me\/wp-content\/uploads\/2022\/11\/cropped-Logo_orange_texture-1.png\",\"width\":512,\"height\":512,\"caption\":\"Musique et Equilibre\"},\"image\":{\"@id\":\"https:\/\/musique-equilibre.com\/me\/#\/schema\/logo\/image\/\"},\"sameAs\":[\"https:\/\/www.facebook.com\/MusiqueetEquilibre45\",\"https:\/\/x.com\/Musiquequilibre\",\"https:\/\/www.instagram.com\/musique_et_equilibre_\/\",\"https:\/\/www.linkedin.com\/company\/musique-&amp;-equilibre\/\",\"https:\/\/www.youtube.com\/c\/MusiqueEquilibreOrleans\/\"]}]}<\/script>\n<!-- \/ Yoast SEO plugin. -->","yoast_head_json":{"title":"40 ans - Musique et Equilibre","description":"1986-2026 : 40 ans ! A travers ses archives, Musique et \u00c9quilibre f\u00eate ses 40 ans ! Chaque dimanche retrouvez une nouvelle archive.","robots":{"index":"index","follow":"follow","max-snippet":"max-snippet:-1","max-image-preview":"max-image-preview:large","max-video-preview":"max-video-preview:-1"},"canonical":"https:\/\/musique-equilibre.com\/me\/index.php\/40-ans\/","og_locale":"fr_FR","og_type":"article","og_title":"40 ans - Musique et Equilibre","og_description":"1986-2026 : 40 ans ! A travers ses archives, Musique et \u00c9quilibre f\u00eate ses 40 ans ! Chaque dimanche retrouvez une nouvelle archive.","og_url":"https:\/\/musique-equilibre.com\/me\/index.php\/40-ans\/","og_site_name":"Musique et Equilibre","article_publisher":"https:\/\/www.facebook.com\/MusiqueetEquilibre45","article_modified_time":"2026-04-10T09:10:12+00:00","og_image":[{"url":"https:\/\/static.xx.fbcdn.net\/images\/emoji.php\/v9\/tfa\/1\/16\/1f7e0.png","type":"","width":"","height":""}],"twitter_card":"summary_large_image","twitter_site":"@Musiquequilibre","twitter_misc":{"Dur\u00e9e de lecture estim\u00e9e":"2 minutes"},"schema":{"@context":"https:\/\/schema.org","@graph":[{"@type":"WebPage","@id":"https:\/\/musique-equilibre.com\/me\/index.php\/40-ans\/","url":"https:\/\/musique-equilibre.com\/me\/index.php\/40-ans\/","name":"40 ans - Musique et Equilibre","isPartOf":{"@id":"https:\/\/musique-equilibre.com\/me\/#website"},"primaryImageOfPage":{"@id":"https:\/\/musique-equilibre.com\/me\/index.php\/40-ans\/#primaryimage"},"image":{"@id":"https:\/\/musique-equilibre.com\/me\/index.php\/40-ans\/#primaryimage"},"thumbnailUrl":"https:\/\/static.xx.fbcdn.net\/images\/emoji.php\/v9\/tfa\/1\/16\/1f7e0.png","datePublished":"2025-09-25T10:48:45+00:00","dateModified":"2026-04-10T09:10:12+00:00","description":"1986-2026 : 40 ans ! A travers ses archives, Musique et \u00c9quilibre f\u00eate ses 40 ans ! Chaque dimanche retrouvez une nouvelle archive.","breadcrumb":{"@id":"https:\/\/musique-equilibre.com\/me\/index.php\/40-ans\/#breadcrumb"},"inLanguage":"fr-FR","potentialAction":[{"@type":"ReadAction","target":["https:\/\/musique-equilibre.com\/me\/index.php\/40-ans\/"]}]},{"@type":"ImageObject","inLanguage":"fr-FR","@id":"https:\/\/musique-equilibre.com\/me\/index.php\/40-ans\/#primaryimage","url":"https:\/\/static.xx.fbcdn.net\/images\/emoji.php\/v9\/tfa\/1\/16\/1f7e0.png","contentUrl":"https:\/\/static.xx.fbcdn.net\/images\/emoji.php\/v9\/tfa\/1\/16\/1f7e0.png"},{"@type":"BreadcrumbList","@id":"https:\/\/musique-equilibre.com\/me\/index.php\/40-ans\/#breadcrumb","itemListElement":[{"@type":"ListItem","position":1,"name":"Accueil","item":"https:\/\/musique-equilibre.com\/me\/"},{"@type":"ListItem","position":2,"name":"40 ans"}]},{"@type":"WebSite","@id":"https:\/\/musique-equilibre.com\/me\/#website","url":"https:\/\/musique-equilibre.com\/me\/","name":"Musique et Equilibre","description":"","publisher":{"@id":"https:\/\/musique-equilibre.com\/me\/#organization"},"potentialAction":[{"@type":"SearchAction","target":{"@type":"EntryPoint","urlTemplate":"https:\/\/musique-equilibre.com\/me\/?s={search_term_string}"},"query-input":{"@type":"PropertyValueSpecification","valueRequired":true,"valueName":"search_term_string"}}],"inLanguage":"fr-FR"},{"@type":"Organization","@id":"https:\/\/musique-equilibre.com\/me\/#organization","name":"Musique et Equilibre","alternateName":"\u00c9cole de musique et salle de concert \u00e0 Orl\u00e9ans","url":"https:\/\/musique-equilibre.com\/me\/","logo":{"@type":"ImageObject","inLanguage":"fr-FR","@id":"https:\/\/musique-equilibre.com\/me\/#\/schema\/logo\/image\/","url":"https:\/\/musique-equilibre.com\/me\/wp-content\/uploads\/2022\/11\/cropped-Logo_orange_texture-1.png","contentUrl":"https:\/\/musique-equilibre.com\/me\/wp-content\/uploads\/2022\/11\/cropped-Logo_orange_texture-1.png","width":512,"height":512,"caption":"Musique et Equilibre"},"image":{"@id":"https:\/\/musique-equilibre.com\/me\/#\/schema\/logo\/image\/"},"sameAs":["https:\/\/www.facebook.com\/MusiqueetEquilibre45","https:\/\/x.com\/Musiquequilibre","https:\/\/www.instagram.com\/musique_et_equilibre_\/","https:\/\/www.linkedin.com\/company\/musique-&amp;-equilibre\/","https:\/\/www.youtube.com\/c\/MusiqueEquilibreOrleans\/"]}]}},"_links":{"self":[{"href":"https:\/\/musique-equilibre.com\/me\/index.php\/wp-json\/wp\/v2\/pages\/17774","targetHints":{"allow":["GET"]}}],"collection":[{"href":"https:\/\/musique-equilibre.com\/me\/index.php\/wp-json\/wp\/v2\/pages"}],"about":[{"href":"https:\/\/musique-equilibre.com\/me\/index.php\/wp-json\/wp\/v2\/types\/page"}],"author":[{"embeddable":true,"href":"https:\/\/musique-equilibre.com\/me\/index.php\/wp-json\/wp\/v2\/users\/1"}],"replies":[{"embeddable":true,"href":"https:\/\/musique-equilibre.com\/me\/index.php\/wp-json\/wp\/v2\/comments?post=17774"}],"version-history":[{"count":2,"href":"https:\/\/musique-equilibre.com\/me\/index.php\/wp-json\/wp\/v2\/pages\/17774\/revisions"}],"predecessor-version":[{"id":18649,"href":"https:\/\/musique-equilibre.com\/me\/index.php\/wp-json\/wp\/v2\/pages\/17774\/revisions\/18649"}],"wp:attachment":[{"href":"https:\/\/musique-equilibre.com\/me\/index.php\/wp-json\/wp\/v2\/media?parent=17774"}],"curies":[{"name":"wp","href":"https:\/\/api.w.org\/{rel}","templated":true}]}}