{"id":17699,"date":"2025-08-25T10:18:44","date_gmt":"2025-08-25T08:18:44","guid":{"rendered":"https:\/\/musique-equilibre.com\/me\/?page_id=17699"},"modified":"2025-08-25T15:56:45","modified_gmt":"2025-08-25T13:56:45","slug":"atelier-musiques-actuelles-ados","status":"publish","type":"page","link":"https:\/\/musique-equilibre.com\/me\/index.php\/atelier-musiques-actuelles-ados\/","title":{"rendered":"Atelier Musiques Actuelles Ados"},"content":{"rendered":"\n<h2 class=\"wp-block-heading has-text-align-center\">Atelier Musiques Actuelles Ados<\/h2>\n\n\n<div class=\"wp-block-image\">\n<figure class=\"aligncenter size-large is-resized\"><img fetchpriority=\"high\" decoding=\"async\" width=\"1024\" height=\"683\" src=\"https:\/\/musique-equilibre.com\/me\/wp-content\/uploads\/2025\/08\/Atelier-MA-ados-1024x683.jpg\" alt=\"musiques actuelles ado adolescent musique et \u00e9quilibre orl\u00e9ans atelier de musique cours de musique 108 loiret\" class=\"wp-image-17720\" style=\"width:610px;height:auto\" srcset=\"https:\/\/musique-equilibre.com\/me\/wp-content\/uploads\/2025\/08\/Atelier-MA-ados-1024x683.jpg 1024w, https:\/\/musique-equilibre.com\/me\/wp-content\/uploads\/2025\/08\/Atelier-MA-ados-300x200.jpg 300w, https:\/\/musique-equilibre.com\/me\/wp-content\/uploads\/2025\/08\/Atelier-MA-ados-150x100.jpg 150w, https:\/\/musique-equilibre.com\/me\/wp-content\/uploads\/2025\/08\/Atelier-MA-ados-768x512.jpg 768w, https:\/\/musique-equilibre.com\/me\/wp-content\/uploads\/2025\/08\/Atelier-MA-ados-1536x1024.jpg 1536w, https:\/\/musique-equilibre.com\/me\/wp-content\/uploads\/2025\/08\/Atelier-MA-ados-2048x1365.jpg 2048w\" sizes=\"(max-width: 1024px) 100vw, 1024px\" \/><\/figure><\/div>\n\n\n<hr class=\"wp-block-separator has-css-opacity\"\/>\n\n\n<div>\n<p><span style=\"font-family: coves;\">Un atelier pour les 13-18 ans pens\u00e9 pour aller plus loin dans la pratique en groupe. Les jeunes travaillent sur un r\u00e9pertoire vari\u00e9, qu\u2019ils peuvent enrichir avec leurs propres propositions de morceaux. Nous explorons le r\u00f4le de chacun au sein d\u2019un groupe (chant, rythmique, solos, improvisation), tout en d\u00e9veloppant l\u2019\u00e9coute, la cr\u00e9ativit\u00e9 et la coh\u00e9sion.<\/span><\/p>\n<p><span style=\"font-family: coves;\">L\u2019objectif : progresser ensemble, gagner en autonomie musicale et prendre du plaisir \u00e0 jouer sur sc\u00e8ne comme en r\u00e9p\u00e9tition.<\/span><\/p>\n<\/div>\n<div><span style=\"font-family: coves;\">L&rsquo;atelier est digir\u00e9 <a href=\"https:\/\/musique-equilibre.com\/me\/index.php\/2025\/08\/18\/raffi-nordiguian-coursmusiqueorleans\/\" target=\"_blank\" rel=\"noopener\">Raffi Nordiguian.<\/a><\/span><\/div>\n<p style=\"text-align: center;\"><span style=\"font-family: coves-light;\"><br \/><span style=\"font-family: coves;\"><strong><a href=\"https:\/\/le108.org\/\">108<\/a> &#8211; vendredi &#8211; 18h30<\/strong><\/span><br \/><\/span><\/p>\n\n\n<p><\/p>\n","protected":false},"excerpt":{"rendered":"<p>Atelier Musiques Actuelles Ados Un atelier pour les 13-18 ans pens\u00e9 pour aller plus loin dans la pratique en groupe. Les jeunes travaillent sur un r\u00e9pertoire vari\u00e9, qu\u2019ils peuvent enrichir avec leurs propres propositions de morceaux. Nous explorons le r\u00f4le de chacun au sein d\u2019un groupe (chant, rythmique, solos, improvisation), tout en d\u00e9veloppant l\u2019\u00e9coute, la [&hellip;]<\/p>\n","protected":false},"author":1,"featured_media":0,"parent":0,"menu_order":0,"comment_status":"closed","ping_status":"closed","template":"","meta":{"footnotes":""},"class_list":["post-17699","page","type-page","status-publish","czr-hentry"],"yoast_head":"<!-- This site is optimized with the Yoast SEO plugin v26.8 - https:\/\/yoast.com\/product\/yoast-seo-wordpress\/ -->\n<title>Atelier Musiques Actuelles Ados<\/title>\n<meta name=\"description\" content=\"Nouvel atelier de musique \u00e0 destination des ados \u00e0 Orl\u00e9ans ! Atelier Musiques Actuelles pour les 14-18 ans, au 108.\" \/>\n<meta name=\"robots\" content=\"index, follow, max-snippet:-1, max-image-preview:large, max-video-preview:-1\" \/>\n<link rel=\"canonical\" href=\"https:\/\/musique-equilibre.com\/me\/index.php\/atelier-musiques-actuelles-ados\/\" \/>\n<meta property=\"og:locale\" content=\"fr_FR\" \/>\n<meta property=\"og:type\" content=\"article\" \/>\n<meta property=\"og:title\" content=\"Atelier Musiques Actuelles Ados\" \/>\n<meta property=\"og:description\" content=\"Nouvel atelier de musique \u00e0 destination des ados \u00e0 Orl\u00e9ans ! Atelier Musiques Actuelles pour les 14-18 ans, au 108.\" \/>\n<meta property=\"og:url\" content=\"https:\/\/musique-equilibre.com\/me\/index.php\/atelier-musiques-actuelles-ados\/\" \/>\n<meta property=\"og:site_name\" content=\"Musique et Equilibre\" \/>\n<meta property=\"article:publisher\" content=\"https:\/\/www.facebook.com\/MusiqueetEquilibre45\" \/>\n<meta property=\"article:modified_time\" content=\"2025-08-25T13:56:45+00:00\" \/>\n<meta property=\"og:image\" content=\"https:\/\/musique-equilibre.com\/me\/wp-content\/uploads\/2025\/08\/Atelier-MA-ados-scaled.jpg\" \/>\n\t<meta property=\"og:image:width\" content=\"2560\" \/>\n\t<meta property=\"og:image:height\" content=\"1706\" \/>\n\t<meta property=\"og:image:type\" content=\"image\/jpeg\" \/>\n<meta name=\"twitter:card\" content=\"summary_large_image\" \/>\n<meta name=\"twitter:site\" content=\"@Musiquequilibre\" \/>\n<meta name=\"twitter:label1\" content=\"Dur\u00e9e de lecture estim\u00e9e\" \/>\n\t<meta name=\"twitter:data1\" content=\"1 minute\" \/>\n<script type=\"application\/ld+json\" class=\"yoast-schema-graph\">{\"@context\":\"https:\/\/schema.org\",\"@graph\":[{\"@type\":\"WebPage\",\"@id\":\"https:\/\/musique-equilibre.com\/me\/index.php\/atelier-musiques-actuelles-ados\/\",\"url\":\"https:\/\/musique-equilibre.com\/me\/index.php\/atelier-musiques-actuelles-ados\/\",\"name\":\"Atelier Musiques Actuelles Ados\",\"isPartOf\":{\"@id\":\"https:\/\/musique-equilibre.com\/me\/#website\"},\"primaryImageOfPage\":{\"@id\":\"https:\/\/musique-equilibre.com\/me\/index.php\/atelier-musiques-actuelles-ados\/#primaryimage\"},\"image\":{\"@id\":\"https:\/\/musique-equilibre.com\/me\/index.php\/atelier-musiques-actuelles-ados\/#primaryimage\"},\"thumbnailUrl\":\"https:\/\/musique-equilibre.com\/me\/wp-content\/uploads\/2025\/08\/Atelier-MA-ados-1024x683.jpg\",\"datePublished\":\"2025-08-25T08:18:44+00:00\",\"dateModified\":\"2025-08-25T13:56:45+00:00\",\"description\":\"Nouvel atelier de musique \u00e0 destination des ados \u00e0 Orl\u00e9ans ! Atelier Musiques Actuelles pour les 14-18 ans, au 108.\",\"breadcrumb\":{\"@id\":\"https:\/\/musique-equilibre.com\/me\/index.php\/atelier-musiques-actuelles-ados\/#breadcrumb\"},\"inLanguage\":\"fr-FR\",\"potentialAction\":[{\"@type\":\"ReadAction\",\"target\":[\"https:\/\/musique-equilibre.com\/me\/index.php\/atelier-musiques-actuelles-ados\/\"]}]},{\"@type\":\"ImageObject\",\"inLanguage\":\"fr-FR\",\"@id\":\"https:\/\/musique-equilibre.com\/me\/index.php\/atelier-musiques-actuelles-ados\/#primaryimage\",\"url\":\"https:\/\/musique-equilibre.com\/me\/wp-content\/uploads\/2025\/08\/Atelier-MA-ados-scaled.jpg\",\"contentUrl\":\"https:\/\/musique-equilibre.com\/me\/wp-content\/uploads\/2025\/08\/Atelier-MA-ados-scaled.jpg\",\"width\":2560,\"height\":1706},{\"@type\":\"BreadcrumbList\",\"@id\":\"https:\/\/musique-equilibre.com\/me\/index.php\/atelier-musiques-actuelles-ados\/#breadcrumb\",\"itemListElement\":[{\"@type\":\"ListItem\",\"position\":1,\"name\":\"Accueil\",\"item\":\"https:\/\/musique-equilibre.com\/me\/\"},{\"@type\":\"ListItem\",\"position\":2,\"name\":\"Atelier Musiques Actuelles Ados\"}]},{\"@type\":\"WebSite\",\"@id\":\"https:\/\/musique-equilibre.com\/me\/#website\",\"url\":\"https:\/\/musique-equilibre.com\/me\/\",\"name\":\"Musique et Equilibre\",\"description\":\"\",\"publisher\":{\"@id\":\"https:\/\/musique-equilibre.com\/me\/#organization\"},\"potentialAction\":[{\"@type\":\"SearchAction\",\"target\":{\"@type\":\"EntryPoint\",\"urlTemplate\":\"https:\/\/musique-equilibre.com\/me\/?s={search_term_string}\"},\"query-input\":{\"@type\":\"PropertyValueSpecification\",\"valueRequired\":true,\"valueName\":\"search_term_string\"}}],\"inLanguage\":\"fr-FR\"},{\"@type\":\"Organization\",\"@id\":\"https:\/\/musique-equilibre.com\/me\/#organization\",\"name\":\"Musique et Equilibre\",\"alternateName\":\"\u00c9cole de musique et salle de concert \u00e0 Orl\u00e9ans\",\"url\":\"https:\/\/musique-equilibre.com\/me\/\",\"logo\":{\"@type\":\"ImageObject\",\"inLanguage\":\"fr-FR\",\"@id\":\"https:\/\/musique-equilibre.com\/me\/#\/schema\/logo\/image\/\",\"url\":\"https:\/\/musique-equilibre.com\/me\/wp-content\/uploads\/2022\/11\/cropped-Logo_orange_texture-1.png\",\"contentUrl\":\"https:\/\/musique-equilibre.com\/me\/wp-content\/uploads\/2022\/11\/cropped-Logo_orange_texture-1.png\",\"width\":512,\"height\":512,\"caption\":\"Musique et Equilibre\"},\"image\":{\"@id\":\"https:\/\/musique-equilibre.com\/me\/#\/schema\/logo\/image\/\"},\"sameAs\":[\"https:\/\/www.facebook.com\/MusiqueetEquilibre45\",\"https:\/\/x.com\/Musiquequilibre\",\"https:\/\/www.instagram.com\/musique_et_equilibre_\/\",\"https:\/\/www.linkedin.com\/company\/musique-&amp;-equilibre\/\",\"https:\/\/www.youtube.com\/c\/MusiqueEquilibreOrleans\/\"]}]}<\/script>\n<!-- \/ Yoast SEO plugin. -->","yoast_head_json":{"title":"Atelier Musiques Actuelles Ados","description":"Nouvel atelier de musique \u00e0 destination des ados \u00e0 Orl\u00e9ans ! Atelier Musiques Actuelles pour les 14-18 ans, au 108.","robots":{"index":"index","follow":"follow","max-snippet":"max-snippet:-1","max-image-preview":"max-image-preview:large","max-video-preview":"max-video-preview:-1"},"canonical":"https:\/\/musique-equilibre.com\/me\/index.php\/atelier-musiques-actuelles-ados\/","og_locale":"fr_FR","og_type":"article","og_title":"Atelier Musiques Actuelles Ados","og_description":"Nouvel atelier de musique \u00e0 destination des ados \u00e0 Orl\u00e9ans ! Atelier Musiques Actuelles pour les 14-18 ans, au 108.","og_url":"https:\/\/musique-equilibre.com\/me\/index.php\/atelier-musiques-actuelles-ados\/","og_site_name":"Musique et Equilibre","article_publisher":"https:\/\/www.facebook.com\/MusiqueetEquilibre45","article_modified_time":"2025-08-25T13:56:45+00:00","og_image":[{"width":2560,"height":1706,"url":"https:\/\/musique-equilibre.com\/me\/wp-content\/uploads\/2025\/08\/Atelier-MA-ados-scaled.jpg","type":"image\/jpeg"}],"twitter_card":"summary_large_image","twitter_site":"@Musiquequilibre","twitter_misc":{"Dur\u00e9e de lecture estim\u00e9e":"1 minute"},"schema":{"@context":"https:\/\/schema.org","@graph":[{"@type":"WebPage","@id":"https:\/\/musique-equilibre.com\/me\/index.php\/atelier-musiques-actuelles-ados\/","url":"https:\/\/musique-equilibre.com\/me\/index.php\/atelier-musiques-actuelles-ados\/","name":"Atelier Musiques Actuelles Ados","isPartOf":{"@id":"https:\/\/musique-equilibre.com\/me\/#website"},"primaryImageOfPage":{"@id":"https:\/\/musique-equilibre.com\/me\/index.php\/atelier-musiques-actuelles-ados\/#primaryimage"},"image":{"@id":"https:\/\/musique-equilibre.com\/me\/index.php\/atelier-musiques-actuelles-ados\/#primaryimage"},"thumbnailUrl":"https:\/\/musique-equilibre.com\/me\/wp-content\/uploads\/2025\/08\/Atelier-MA-ados-1024x683.jpg","datePublished":"2025-08-25T08:18:44+00:00","dateModified":"2025-08-25T13:56:45+00:00","description":"Nouvel atelier de musique \u00e0 destination des ados \u00e0 Orl\u00e9ans ! Atelier Musiques Actuelles pour les 14-18 ans, au 108.","breadcrumb":{"@id":"https:\/\/musique-equilibre.com\/me\/index.php\/atelier-musiques-actuelles-ados\/#breadcrumb"},"inLanguage":"fr-FR","potentialAction":[{"@type":"ReadAction","target":["https:\/\/musique-equilibre.com\/me\/index.php\/atelier-musiques-actuelles-ados\/"]}]},{"@type":"ImageObject","inLanguage":"fr-FR","@id":"https:\/\/musique-equilibre.com\/me\/index.php\/atelier-musiques-actuelles-ados\/#primaryimage","url":"https:\/\/musique-equilibre.com\/me\/wp-content\/uploads\/2025\/08\/Atelier-MA-ados-scaled.jpg","contentUrl":"https:\/\/musique-equilibre.com\/me\/wp-content\/uploads\/2025\/08\/Atelier-MA-ados-scaled.jpg","width":2560,"height":1706},{"@type":"BreadcrumbList","@id":"https:\/\/musique-equilibre.com\/me\/index.php\/atelier-musiques-actuelles-ados\/#breadcrumb","itemListElement":[{"@type":"ListItem","position":1,"name":"Accueil","item":"https:\/\/musique-equilibre.com\/me\/"},{"@type":"ListItem","position":2,"name":"Atelier Musiques Actuelles Ados"}]},{"@type":"WebSite","@id":"https:\/\/musique-equilibre.com\/me\/#website","url":"https:\/\/musique-equilibre.com\/me\/","name":"Musique et Equilibre","description":"","publisher":{"@id":"https:\/\/musique-equilibre.com\/me\/#organization"},"potentialAction":[{"@type":"SearchAction","target":{"@type":"EntryPoint","urlTemplate":"https:\/\/musique-equilibre.com\/me\/?s={search_term_string}"},"query-input":{"@type":"PropertyValueSpecification","valueRequired":true,"valueName":"search_term_string"}}],"inLanguage":"fr-FR"},{"@type":"Organization","@id":"https:\/\/musique-equilibre.com\/me\/#organization","name":"Musique et Equilibre","alternateName":"\u00c9cole de musique et salle de concert \u00e0 Orl\u00e9ans","url":"https:\/\/musique-equilibre.com\/me\/","logo":{"@type":"ImageObject","inLanguage":"fr-FR","@id":"https:\/\/musique-equilibre.com\/me\/#\/schema\/logo\/image\/","url":"https:\/\/musique-equilibre.com\/me\/wp-content\/uploads\/2022\/11\/cropped-Logo_orange_texture-1.png","contentUrl":"https:\/\/musique-equilibre.com\/me\/wp-content\/uploads\/2022\/11\/cropped-Logo_orange_texture-1.png","width":512,"height":512,"caption":"Musique et Equilibre"},"image":{"@id":"https:\/\/musique-equilibre.com\/me\/#\/schema\/logo\/image\/"},"sameAs":["https:\/\/www.facebook.com\/MusiqueetEquilibre45","https:\/\/x.com\/Musiquequilibre","https:\/\/www.instagram.com\/musique_et_equilibre_\/","https:\/\/www.linkedin.com\/company\/musique-&amp;-equilibre\/","https:\/\/www.youtube.com\/c\/MusiqueEquilibreOrleans\/"]}]}},"_links":{"self":[{"href":"https:\/\/musique-equilibre.com\/me\/index.php\/wp-json\/wp\/v2\/pages\/17699","targetHints":{"allow":["GET"]}}],"collection":[{"href":"https:\/\/musique-equilibre.com\/me\/index.php\/wp-json\/wp\/v2\/pages"}],"about":[{"href":"https:\/\/musique-equilibre.com\/me\/index.php\/wp-json\/wp\/v2\/types\/page"}],"author":[{"embeddable":true,"href":"https:\/\/musique-equilibre.com\/me\/index.php\/wp-json\/wp\/v2\/users\/1"}],"replies":[{"embeddable":true,"href":"https:\/\/musique-equilibre.com\/me\/index.php\/wp-json\/wp\/v2\/comments?post=17699"}],"version-history":[{"count":2,"href":"https:\/\/musique-equilibre.com\/me\/index.php\/wp-json\/wp\/v2\/pages\/17699\/revisions"}],"predecessor-version":[{"id":17722,"href":"https:\/\/musique-equilibre.com\/me\/index.php\/wp-json\/wp\/v2\/pages\/17699\/revisions\/17722"}],"wp:attachment":[{"href":"https:\/\/musique-equilibre.com\/me\/index.php\/wp-json\/wp\/v2\/media?parent=17699"}],"curies":[{"name":"wp","href":"https:\/\/api.w.org\/{rel}","templated":true}]}}