{"id":17688,"date":"2025-08-21T15:35:28","date_gmt":"2025-08-21T13:35:28","guid":{"rendered":"https:\/\/musique-equilibre.com\/me\/?page_id=17688"},"modified":"2025-08-21T15:35:30","modified_gmt":"2025-08-21T13:35:30","slug":"cours-de-percussions-africaines","status":"publish","type":"page","link":"https:\/\/musique-equilibre.com\/me\/index.php\/cours-de-percussions-africaines\/","title":{"rendered":"Cours de percussions africaines"},"content":{"rendered":"\n<p class=\"has-white-color has-text-color\">cours de fl\u00fbtes<\/p>\n\n\n<h5 style=\"text-align: center;\"><span style=\"font-family: coves;\"><strong>Percussions africaines avec Anthony Erminy<\/strong><\/span><\/h5>\n<h5 style=\"text-align: center;\"><img fetchpriority=\"high\" decoding=\"async\" class=\"alignnone wp-image-17677 \" src=\"https:\/\/musique-equilibre.com\/me\/wp-content\/uploads\/2025\/08\/Anthony-erminy-300x300.png\" alt=\"anthony erminy cours de musique batterie percussions orl\u00e9ans loiret \u00e9cole de musique musiques actuelles argonuate musique et \u00e9quilibre\" width=\"229\" height=\"229\" srcset=\"https:\/\/musique-equilibre.com\/me\/wp-content\/uploads\/2025\/08\/Anthony-erminy-300x300.png 300w, https:\/\/musique-equilibre.com\/me\/wp-content\/uploads\/2025\/08\/Anthony-erminy-1024x1024.png 1024w, https:\/\/musique-equilibre.com\/me\/wp-content\/uploads\/2025\/08\/Anthony-erminy-150x150.png 150w, https:\/\/musique-equilibre.com\/me\/wp-content\/uploads\/2025\/08\/Anthony-erminy-768x768.png 768w, https:\/\/musique-equilibre.com\/me\/wp-content\/uploads\/2025\/08\/Anthony-erminy-510x510.png 510w, https:\/\/musique-equilibre.com\/me\/wp-content\/uploads\/2025\/08\/Anthony-erminy.png 1080w\" sizes=\"(max-width: 229px) 100vw, 229px\" \/><\/h5>\n<p style=\"text-align: center;\"><span style=\"font-family: coves;\">\u00e0 d\u00e9finir<br \/><a href=\"https:\/\/le108.org\/\" target=\"_blank\" rel=\"noopener\"><span style=\"color: #f15d20;\">108<\/span><\/a><\/span><\/p>\n<p style=\"text-align: center;\"><span style=\"font-family: coves;\"><a href=\"https:\/\/musique-equilibre.com\/me\/index.php\/2025\/08\/19\/anthony-erminy-coursmusiqueorleans\/\">En savoir plus<\/a><\/span><\/p>","protected":false},"excerpt":{"rendered":"<p>cours de fl\u00fbtes Percussions africaines avec Anthony Erminy \u00e0 d\u00e9finir108 En savoir plus<\/p>\n","protected":false},"author":1,"featured_media":10410,"parent":0,"menu_order":0,"comment_status":"closed","ping_status":"closed","template":"","meta":{"footnotes":""},"class_list":["post-17688","page","type-page","status-publish","has-post-thumbnail","czr-hentry"],"yoast_head":"<!-- This site is optimized with the Yoast SEO plugin v26.8 - https:\/\/yoast.com\/product\/yoast-seo-wordpress\/ -->\n<title>Cours de percussions africaines<\/title>\n<meta name=\"description\" content=\"Cours de percussions africaines au sein de Musique et \u00c9quilibre, \u00e0 Orl\u00e9ans avec Anthony Erminy. En cours individuels ou collectifs.\" \/>\n<meta name=\"robots\" content=\"index, follow, max-snippet:-1, max-image-preview:large, max-video-preview:-1\" \/>\n<link rel=\"canonical\" href=\"https:\/\/musique-equilibre.com\/me\/index.php\/cours-de-percussions-africaines\/\" \/>\n<meta property=\"og:locale\" content=\"fr_FR\" \/>\n<meta property=\"og:type\" content=\"article\" \/>\n<meta property=\"og:title\" content=\"Cours de percussions africaines\" \/>\n<meta property=\"og:description\" content=\"Cours de percussions africaines au sein de Musique et \u00c9quilibre, \u00e0 Orl\u00e9ans avec Anthony Erminy. En cours individuels ou collectifs.\" \/>\n<meta property=\"og:url\" content=\"https:\/\/musique-equilibre.com\/me\/index.php\/cours-de-percussions-africaines\/\" \/>\n<meta property=\"og:site_name\" content=\"Musique et Equilibre\" \/>\n<meta property=\"article:publisher\" content=\"https:\/\/www.facebook.com\/MusiqueetEquilibre45\" \/>\n<meta property=\"article:modified_time\" content=\"2025-08-21T13:35:30+00:00\" \/>\n<meta property=\"og:image\" content=\"https:\/\/musique-equilibre.com\/me\/wp-content\/uploads\/2022\/11\/DSC01697-scaled.jpg\" \/>\n\t<meta property=\"og:image:width\" content=\"2560\" \/>\n\t<meta property=\"og:image:height\" content=\"1707\" \/>\n\t<meta property=\"og:image:type\" content=\"image\/jpeg\" \/>\n<meta name=\"twitter:card\" content=\"summary_large_image\" \/>\n<meta name=\"twitter:site\" content=\"@Musiquequilibre\" \/>\n<meta name=\"twitter:label1\" content=\"Dur\u00e9e de lecture estim\u00e9e\" \/>\n\t<meta name=\"twitter:data1\" content=\"1 minute\" \/>\n<script type=\"application\/ld+json\" class=\"yoast-schema-graph\">{\"@context\":\"https:\/\/schema.org\",\"@graph\":[{\"@type\":\"WebPage\",\"@id\":\"https:\/\/musique-equilibre.com\/me\/index.php\/cours-de-percussions-africaines\/\",\"url\":\"https:\/\/musique-equilibre.com\/me\/index.php\/cours-de-percussions-africaines\/\",\"name\":\"Cours de percussions africaines\",\"isPartOf\":{\"@id\":\"https:\/\/musique-equilibre.com\/me\/#website\"},\"primaryImageOfPage\":{\"@id\":\"https:\/\/musique-equilibre.com\/me\/index.php\/cours-de-percussions-africaines\/#primaryimage\"},\"image\":{\"@id\":\"https:\/\/musique-equilibre.com\/me\/index.php\/cours-de-percussions-africaines\/#primaryimage\"},\"thumbnailUrl\":\"https:\/\/musique-equilibre.com\/me\/wp-content\/uploads\/2022\/11\/DSC01697-scaled.jpg\",\"datePublished\":\"2025-08-21T13:35:28+00:00\",\"dateModified\":\"2025-08-21T13:35:30+00:00\",\"description\":\"Cours de percussions africaines au sein de Musique et \u00c9quilibre, \u00e0 Orl\u00e9ans avec Anthony Erminy. En cours individuels ou collectifs.\",\"breadcrumb\":{\"@id\":\"https:\/\/musique-equilibre.com\/me\/index.php\/cours-de-percussions-africaines\/#breadcrumb\"},\"inLanguage\":\"fr-FR\",\"potentialAction\":[{\"@type\":\"ReadAction\",\"target\":[\"https:\/\/musique-equilibre.com\/me\/index.php\/cours-de-percussions-africaines\/\"]}]},{\"@type\":\"ImageObject\",\"inLanguage\":\"fr-FR\",\"@id\":\"https:\/\/musique-equilibre.com\/me\/index.php\/cours-de-percussions-africaines\/#primaryimage\",\"url\":\"https:\/\/musique-equilibre.com\/me\/wp-content\/uploads\/2022\/11\/DSC01697-scaled.jpg\",\"contentUrl\":\"https:\/\/musique-equilibre.com\/me\/wp-content\/uploads\/2022\/11\/DSC01697-scaled.jpg\",\"width\":2560,\"height\":1707,\"caption\":\"Argonaute salle de concerts orl\u00e9ans loiret argonne musique et \u00e9quilibre \u00e9cole de musique musiques actuelles AGENDA concerts et \u00e9v\u00e8nements\"},{\"@type\":\"BreadcrumbList\",\"@id\":\"https:\/\/musique-equilibre.com\/me\/index.php\/cours-de-percussions-africaines\/#breadcrumb\",\"itemListElement\":[{\"@type\":\"ListItem\",\"position\":1,\"name\":\"Accueil\",\"item\":\"https:\/\/musique-equilibre.com\/me\/\"},{\"@type\":\"ListItem\",\"position\":2,\"name\":\"Cours de percussions africaines\"}]},{\"@type\":\"WebSite\",\"@id\":\"https:\/\/musique-equilibre.com\/me\/#website\",\"url\":\"https:\/\/musique-equilibre.com\/me\/\",\"name\":\"Musique et Equilibre\",\"description\":\"\",\"publisher\":{\"@id\":\"https:\/\/musique-equilibre.com\/me\/#organization\"},\"potentialAction\":[{\"@type\":\"SearchAction\",\"target\":{\"@type\":\"EntryPoint\",\"urlTemplate\":\"https:\/\/musique-equilibre.com\/me\/?s={search_term_string}\"},\"query-input\":{\"@type\":\"PropertyValueSpecification\",\"valueRequired\":true,\"valueName\":\"search_term_string\"}}],\"inLanguage\":\"fr-FR\"},{\"@type\":\"Organization\",\"@id\":\"https:\/\/musique-equilibre.com\/me\/#organization\",\"name\":\"Musique et Equilibre\",\"alternateName\":\"\u00c9cole de musique et salle de concert \u00e0 Orl\u00e9ans\",\"url\":\"https:\/\/musique-equilibre.com\/me\/\",\"logo\":{\"@type\":\"ImageObject\",\"inLanguage\":\"fr-FR\",\"@id\":\"https:\/\/musique-equilibre.com\/me\/#\/schema\/logo\/image\/\",\"url\":\"https:\/\/musique-equilibre.com\/me\/wp-content\/uploads\/2022\/11\/cropped-Logo_orange_texture-1.png\",\"contentUrl\":\"https:\/\/musique-equilibre.com\/me\/wp-content\/uploads\/2022\/11\/cropped-Logo_orange_texture-1.png\",\"width\":512,\"height\":512,\"caption\":\"Musique et Equilibre\"},\"image\":{\"@id\":\"https:\/\/musique-equilibre.com\/me\/#\/schema\/logo\/image\/\"},\"sameAs\":[\"https:\/\/www.facebook.com\/MusiqueetEquilibre45\",\"https:\/\/x.com\/Musiquequilibre\",\"https:\/\/www.instagram.com\/musique_et_equilibre_\/\",\"https:\/\/www.linkedin.com\/company\/musique-&amp;-equilibre\/\",\"https:\/\/www.youtube.com\/c\/MusiqueEquilibreOrleans\/\"]}]}<\/script>\n<!-- \/ Yoast SEO plugin. -->","yoast_head_json":{"title":"Cours de percussions africaines","description":"Cours de percussions africaines au sein de Musique et \u00c9quilibre, \u00e0 Orl\u00e9ans avec Anthony Erminy. En cours individuels ou collectifs.","robots":{"index":"index","follow":"follow","max-snippet":"max-snippet:-1","max-image-preview":"max-image-preview:large","max-video-preview":"max-video-preview:-1"},"canonical":"https:\/\/musique-equilibre.com\/me\/index.php\/cours-de-percussions-africaines\/","og_locale":"fr_FR","og_type":"article","og_title":"Cours de percussions africaines","og_description":"Cours de percussions africaines au sein de Musique et \u00c9quilibre, \u00e0 Orl\u00e9ans avec Anthony Erminy. En cours individuels ou collectifs.","og_url":"https:\/\/musique-equilibre.com\/me\/index.php\/cours-de-percussions-africaines\/","og_site_name":"Musique et Equilibre","article_publisher":"https:\/\/www.facebook.com\/MusiqueetEquilibre45","article_modified_time":"2025-08-21T13:35:30+00:00","og_image":[{"width":2560,"height":1707,"url":"https:\/\/musique-equilibre.com\/me\/wp-content\/uploads\/2022\/11\/DSC01697-scaled.jpg","type":"image\/jpeg"}],"twitter_card":"summary_large_image","twitter_site":"@Musiquequilibre","twitter_misc":{"Dur\u00e9e de lecture estim\u00e9e":"1 minute"},"schema":{"@context":"https:\/\/schema.org","@graph":[{"@type":"WebPage","@id":"https:\/\/musique-equilibre.com\/me\/index.php\/cours-de-percussions-africaines\/","url":"https:\/\/musique-equilibre.com\/me\/index.php\/cours-de-percussions-africaines\/","name":"Cours de percussions africaines","isPartOf":{"@id":"https:\/\/musique-equilibre.com\/me\/#website"},"primaryImageOfPage":{"@id":"https:\/\/musique-equilibre.com\/me\/index.php\/cours-de-percussions-africaines\/#primaryimage"},"image":{"@id":"https:\/\/musique-equilibre.com\/me\/index.php\/cours-de-percussions-africaines\/#primaryimage"},"thumbnailUrl":"https:\/\/musique-equilibre.com\/me\/wp-content\/uploads\/2022\/11\/DSC01697-scaled.jpg","datePublished":"2025-08-21T13:35:28+00:00","dateModified":"2025-08-21T13:35:30+00:00","description":"Cours de percussions africaines au sein de Musique et \u00c9quilibre, \u00e0 Orl\u00e9ans avec Anthony Erminy. En cours individuels ou collectifs.","breadcrumb":{"@id":"https:\/\/musique-equilibre.com\/me\/index.php\/cours-de-percussions-africaines\/#breadcrumb"},"inLanguage":"fr-FR","potentialAction":[{"@type":"ReadAction","target":["https:\/\/musique-equilibre.com\/me\/index.php\/cours-de-percussions-africaines\/"]}]},{"@type":"ImageObject","inLanguage":"fr-FR","@id":"https:\/\/musique-equilibre.com\/me\/index.php\/cours-de-percussions-africaines\/#primaryimage","url":"https:\/\/musique-equilibre.com\/me\/wp-content\/uploads\/2022\/11\/DSC01697-scaled.jpg","contentUrl":"https:\/\/musique-equilibre.com\/me\/wp-content\/uploads\/2022\/11\/DSC01697-scaled.jpg","width":2560,"height":1707,"caption":"Argonaute salle de concerts orl\u00e9ans loiret argonne musique et \u00e9quilibre \u00e9cole de musique musiques actuelles AGENDA concerts et \u00e9v\u00e8nements"},{"@type":"BreadcrumbList","@id":"https:\/\/musique-equilibre.com\/me\/index.php\/cours-de-percussions-africaines\/#breadcrumb","itemListElement":[{"@type":"ListItem","position":1,"name":"Accueil","item":"https:\/\/musique-equilibre.com\/me\/"},{"@type":"ListItem","position":2,"name":"Cours de percussions africaines"}]},{"@type":"WebSite","@id":"https:\/\/musique-equilibre.com\/me\/#website","url":"https:\/\/musique-equilibre.com\/me\/","name":"Musique et Equilibre","description":"","publisher":{"@id":"https:\/\/musique-equilibre.com\/me\/#organization"},"potentialAction":[{"@type":"SearchAction","target":{"@type":"EntryPoint","urlTemplate":"https:\/\/musique-equilibre.com\/me\/?s={search_term_string}"},"query-input":{"@type":"PropertyValueSpecification","valueRequired":true,"valueName":"search_term_string"}}],"inLanguage":"fr-FR"},{"@type":"Organization","@id":"https:\/\/musique-equilibre.com\/me\/#organization","name":"Musique et Equilibre","alternateName":"\u00c9cole de musique et salle de concert \u00e0 Orl\u00e9ans","url":"https:\/\/musique-equilibre.com\/me\/","logo":{"@type":"ImageObject","inLanguage":"fr-FR","@id":"https:\/\/musique-equilibre.com\/me\/#\/schema\/logo\/image\/","url":"https:\/\/musique-equilibre.com\/me\/wp-content\/uploads\/2022\/11\/cropped-Logo_orange_texture-1.png","contentUrl":"https:\/\/musique-equilibre.com\/me\/wp-content\/uploads\/2022\/11\/cropped-Logo_orange_texture-1.png","width":512,"height":512,"caption":"Musique et Equilibre"},"image":{"@id":"https:\/\/musique-equilibre.com\/me\/#\/schema\/logo\/image\/"},"sameAs":["https:\/\/www.facebook.com\/MusiqueetEquilibre45","https:\/\/x.com\/Musiquequilibre","https:\/\/www.instagram.com\/musique_et_equilibre_\/","https:\/\/www.linkedin.com\/company\/musique-&amp;-equilibre\/","https:\/\/www.youtube.com\/c\/MusiqueEquilibreOrleans\/"]}]}},"_links":{"self":[{"href":"https:\/\/musique-equilibre.com\/me\/index.php\/wp-json\/wp\/v2\/pages\/17688","targetHints":{"allow":["GET"]}}],"collection":[{"href":"https:\/\/musique-equilibre.com\/me\/index.php\/wp-json\/wp\/v2\/pages"}],"about":[{"href":"https:\/\/musique-equilibre.com\/me\/index.php\/wp-json\/wp\/v2\/types\/page"}],"author":[{"embeddable":true,"href":"https:\/\/musique-equilibre.com\/me\/index.php\/wp-json\/wp\/v2\/users\/1"}],"replies":[{"embeddable":true,"href":"https:\/\/musique-equilibre.com\/me\/index.php\/wp-json\/wp\/v2\/comments?post=17688"}],"version-history":[{"count":1,"href":"https:\/\/musique-equilibre.com\/me\/index.php\/wp-json\/wp\/v2\/pages\/17688\/revisions"}],"predecessor-version":[{"id":17689,"href":"https:\/\/musique-equilibre.com\/me\/index.php\/wp-json\/wp\/v2\/pages\/17688\/revisions\/17689"}],"wp:featuredmedia":[{"embeddable":true,"href":"https:\/\/musique-equilibre.com\/me\/index.php\/wp-json\/wp\/v2\/media\/10410"}],"wp:attachment":[{"href":"https:\/\/musique-equilibre.com\/me\/index.php\/wp-json\/wp\/v2\/media?parent=17688"}],"curies":[{"name":"wp","href":"https:\/\/api.w.org\/{rel}","templated":true}]}}