{"id":1646,"date":"2018-10-15T16:25:40","date_gmt":"2018-10-15T14:25:40","guid":{"rendered":"http:\/\/musique-equilibre.com\/me\/?page_id=1646"},"modified":"2020-04-29T12:01:08","modified_gmt":"2020-04-29T10:01:08","slug":"jam1-concertmusiqueorleans","status":"publish","type":"page","link":"https:\/\/musique-equilibre.com\/me\/index.php\/jam1-concertmusiqueorleans\/","title":{"rendered":"<p style=\"text-align: center; color: #f15d20;\"><strong><span style=\"font-family: Nexa Rust Sans;\">JAM<span style=\"font-family: coves;\">#<\/span><span style=\"font-family: Nexa Rust Sans;\">1<\/span> <span style=\"font-family: coves;\">&#8211; Jean Christophe Briant &#8211; 09.oct<\/span><\/strong><\/p>"},"content":{"rendered":"<p><img fetchpriority=\"high\" decoding=\"async\" class=\"size-large wp-image-1657 aligncenter\" src=\"https:\/\/musique-equilibre.com\/me\/wp-content\/uploads\/2018\/10\/P1010172-1024x683.jpg\" alt=\"\" width=\"1024\" height=\"683\" srcset=\"https:\/\/musique-equilibre.com\/me\/wp-content\/uploads\/2018\/10\/P1010172-1024x683.jpg 1024w, https:\/\/musique-equilibre.com\/me\/wp-content\/uploads\/2018\/10\/P1010172-150x100.jpg 150w, https:\/\/musique-equilibre.com\/me\/wp-content\/uploads\/2018\/10\/P1010172-300x200.jpg 300w, https:\/\/musique-equilibre.com\/me\/wp-content\/uploads\/2018\/10\/P1010172-768x512.jpg 768w\" sizes=\"(max-width: 1024px) 100vw, 1024px\" \/> <img decoding=\"async\" class=\"size-large wp-image-1658 aligncenter\" src=\"https:\/\/musique-equilibre.com\/me\/wp-content\/uploads\/2018\/10\/P1010173-1024x683.jpg\" alt=\"\" width=\"1024\" height=\"683\" srcset=\"https:\/\/musique-equilibre.com\/me\/wp-content\/uploads\/2018\/10\/P1010173-1024x683.jpg 1024w, https:\/\/musique-equilibre.com\/me\/wp-content\/uploads\/2018\/10\/P1010173-150x100.jpg 150w, https:\/\/musique-equilibre.com\/me\/wp-content\/uploads\/2018\/10\/P1010173-300x200.jpg 300w, https:\/\/musique-equilibre.com\/me\/wp-content\/uploads\/2018\/10\/P1010173-768x512.jpg 768w\" sizes=\"(max-width: 1024px) 100vw, 1024px\" \/> <img decoding=\"async\" class=\"size-large wp-image-1653 aligncenter\" src=\"https:\/\/musique-equilibre.com\/me\/wp-content\/uploads\/2018\/10\/P1010133-1024x683.jpg\" alt=\"\" width=\"1024\" height=\"683\" srcset=\"https:\/\/musique-equilibre.com\/me\/wp-content\/uploads\/2018\/10\/P1010133-1024x683.jpg 1024w, https:\/\/musique-equilibre.com\/me\/wp-content\/uploads\/2018\/10\/P1010133-150x100.jpg 150w, https:\/\/musique-equilibre.com\/me\/wp-content\/uploads\/2018\/10\/P1010133-300x200.jpg 300w, https:\/\/musique-equilibre.com\/me\/wp-content\/uploads\/2018\/10\/P1010133-768x512.jpg 768w\" sizes=\"(max-width: 1024px) 100vw, 1024px\" \/> <img loading=\"lazy\" decoding=\"async\" class=\"size-large wp-image-1652 aligncenter\" src=\"https:\/\/musique-equilibre.com\/me\/wp-content\/uploads\/2018\/10\/P1010131-1024x683.jpg\" alt=\"\" width=\"1024\" height=\"683\" srcset=\"https:\/\/musique-equilibre.com\/me\/wp-content\/uploads\/2018\/10\/P1010131-1024x683.jpg 1024w, https:\/\/musique-equilibre.com\/me\/wp-content\/uploads\/2018\/10\/P1010131-150x100.jpg 150w, https:\/\/musique-equilibre.com\/me\/wp-content\/uploads\/2018\/10\/P1010131-300x200.jpg 300w, https:\/\/musique-equilibre.com\/me\/wp-content\/uploads\/2018\/10\/P1010131-768x512.jpg 768w\" sizes=\"(max-width: 1024px) 100vw, 1024px\" \/> <img loading=\"lazy\" decoding=\"async\" class=\"size-large wp-image-1651 aligncenter\" src=\"https:\/\/musique-equilibre.com\/me\/wp-content\/uploads\/2018\/10\/P1010124-1024x683.jpg\" alt=\"\" width=\"1024\" height=\"683\" srcset=\"https:\/\/musique-equilibre.com\/me\/wp-content\/uploads\/2018\/10\/P1010124-1024x683.jpg 1024w, https:\/\/musique-equilibre.com\/me\/wp-content\/uploads\/2018\/10\/P1010124-150x100.jpg 150w, https:\/\/musique-equilibre.com\/me\/wp-content\/uploads\/2018\/10\/P1010124-300x200.jpg 300w, https:\/\/musique-equilibre.com\/me\/wp-content\/uploads\/2018\/10\/P1010124-768x512.jpg 768w\" sizes=\"(max-width: 1024px) 100vw, 1024px\" \/><img loading=\"lazy\" decoding=\"async\" class=\"size-large wp-image-1648 aligncenter\" src=\"https:\/\/musique-equilibre.com\/me\/wp-content\/uploads\/2018\/10\/P1010033-1024x683.jpg\" alt=\"\" width=\"1024\" height=\"683\" srcset=\"https:\/\/musique-equilibre.com\/me\/wp-content\/uploads\/2018\/10\/P1010033-1024x683.jpg 1024w, https:\/\/musique-equilibre.com\/me\/wp-content\/uploads\/2018\/10\/P1010033-150x100.jpg 150w, https:\/\/musique-equilibre.com\/me\/wp-content\/uploads\/2018\/10\/P1010033-300x200.jpg 300w, https:\/\/musique-equilibre.com\/me\/wp-content\/uploads\/2018\/10\/P1010033-768x512.jpg 768w\" sizes=\"(max-width: 1024px) 100vw, 1024px\" \/><img loading=\"lazy\" decoding=\"async\" class=\"size-large wp-image-1665 aligncenter\" src=\"https:\/\/musique-equilibre.com\/me\/wp-content\/uploads\/2018\/10\/P1010197-1024x683.jpg\" alt=\"\" width=\"1024\" height=\"683\" srcset=\"https:\/\/musique-equilibre.com\/me\/wp-content\/uploads\/2018\/10\/P1010197-1024x683.jpg 1024w, https:\/\/musique-equilibre.com\/me\/wp-content\/uploads\/2018\/10\/P1010197-150x100.jpg 150w, https:\/\/musique-equilibre.com\/me\/wp-content\/uploads\/2018\/10\/P1010197-300x200.jpg 300w, https:\/\/musique-equilibre.com\/me\/wp-content\/uploads\/2018\/10\/P1010197-768x512.jpg 768w\" sizes=\"(max-width: 1024px) 100vw, 1024px\" \/> <img loading=\"lazy\" decoding=\"async\" class=\"size-large wp-image-1666 aligncenter\" src=\"https:\/\/musique-equilibre.com\/me\/wp-content\/uploads\/2018\/10\/P1010202-1024x683.jpg\" alt=\"\" width=\"1024\" height=\"683\" srcset=\"https:\/\/musique-equilibre.com\/me\/wp-content\/uploads\/2018\/10\/P1010202-1024x683.jpg 1024w, https:\/\/musique-equilibre.com\/me\/wp-content\/uploads\/2018\/10\/P1010202-150x100.jpg 150w, https:\/\/musique-equilibre.com\/me\/wp-content\/uploads\/2018\/10\/P1010202-300x200.jpg 300w, https:\/\/musique-equilibre.com\/me\/wp-content\/uploads\/2018\/10\/P1010202-768x512.jpg 768w\" sizes=\"(max-width: 1024px) 100vw, 1024px\" \/> <img loading=\"lazy\" decoding=\"async\" class=\"size-large wp-image-1670 aligncenter\" src=\"https:\/\/musique-equilibre.com\/me\/wp-content\/uploads\/2018\/10\/P1010282-1024x683.jpg\" alt=\"\" width=\"1024\" height=\"683\" srcset=\"https:\/\/musique-equilibre.com\/me\/wp-content\/uploads\/2018\/10\/P1010282-1024x683.jpg 1024w, https:\/\/musique-equilibre.com\/me\/wp-content\/uploads\/2018\/10\/P1010282-150x100.jpg 150w, https:\/\/musique-equilibre.com\/me\/wp-content\/uploads\/2018\/10\/P1010282-300x200.jpg 300w, https:\/\/musique-equilibre.com\/me\/wp-content\/uploads\/2018\/10\/P1010282-768x512.jpg 768w\" sizes=\"(max-width: 1024px) 100vw, 1024px\" \/> <img loading=\"lazy\" decoding=\"async\" class=\"size-large wp-image-1669 aligncenter\" src=\"https:\/\/musique-equilibre.com\/me\/wp-content\/uploads\/2018\/10\/P1010277-1024x683.jpg\" alt=\"\" width=\"1024\" height=\"683\" srcset=\"https:\/\/musique-equilibre.com\/me\/wp-content\/uploads\/2018\/10\/P1010277-1024x683.jpg 1024w, https:\/\/musique-equilibre.com\/me\/wp-content\/uploads\/2018\/10\/P1010277-150x100.jpg 150w, https:\/\/musique-equilibre.com\/me\/wp-content\/uploads\/2018\/10\/P1010277-300x200.jpg 300w, https:\/\/musique-equilibre.com\/me\/wp-content\/uploads\/2018\/10\/P1010277-768x512.jpg 768w\" sizes=\"(max-width: 1024px) 100vw, 1024px\" \/><img loading=\"lazy\" decoding=\"async\" class=\"size-large wp-image-1680 aligncenter\" src=\"https:\/\/musique-equilibre.com\/me\/wp-content\/uploads\/2018\/10\/P1010241-1024x683.jpg\" alt=\"\" width=\"1024\" height=\"683\" srcset=\"https:\/\/musique-equilibre.com\/me\/wp-content\/uploads\/2018\/10\/P1010241-1024x683.jpg 1024w, https:\/\/musique-equilibre.com\/me\/wp-content\/uploads\/2018\/10\/P1010241-150x100.jpg 150w, https:\/\/musique-equilibre.com\/me\/wp-content\/uploads\/2018\/10\/P1010241-300x200.jpg 300w, https:\/\/musique-equilibre.com\/me\/wp-content\/uploads\/2018\/10\/P1010241-768x512.jpg 768w\" sizes=\"(max-width: 1024px) 100vw, 1024px\" \/> <img loading=\"lazy\" decoding=\"async\" class=\"size-large wp-image-1671 aligncenter\" src=\"https:\/\/musique-equilibre.com\/me\/wp-content\/uploads\/2018\/10\/P1010298-1024x683.jpg\" alt=\"\" width=\"1024\" height=\"683\" srcset=\"https:\/\/musique-equilibre.com\/me\/wp-content\/uploads\/2018\/10\/P1010298-1024x683.jpg 1024w, https:\/\/musique-equilibre.com\/me\/wp-content\/uploads\/2018\/10\/P1010298-150x100.jpg 150w, https:\/\/musique-equilibre.com\/me\/wp-content\/uploads\/2018\/10\/P1010298-300x200.jpg 300w, https:\/\/musique-equilibre.com\/me\/wp-content\/uploads\/2018\/10\/P1010298-768x512.jpg 768w\" sizes=\"(max-width: 1024px) 100vw, 1024px\" \/> <img loading=\"lazy\" decoding=\"async\" class=\"size-large wp-image-1672 aligncenter\" src=\"https:\/\/musique-equilibre.com\/me\/wp-content\/uploads\/2018\/10\/P1010321-1024x683.jpg\" alt=\"\" width=\"1024\" height=\"683\" srcset=\"https:\/\/musique-equilibre.com\/me\/wp-content\/uploads\/2018\/10\/P1010321-1024x683.jpg 1024w, https:\/\/musique-equilibre.com\/me\/wp-content\/uploads\/2018\/10\/P1010321-150x100.jpg 150w, https:\/\/musique-equilibre.com\/me\/wp-content\/uploads\/2018\/10\/P1010321-300x200.jpg 300w, https:\/\/musique-equilibre.com\/me\/wp-content\/uploads\/2018\/10\/P1010321-768x512.jpg 768w\" sizes=\"(max-width: 1024px) 100vw, 1024px\" \/><\/p>\n","protected":false},"excerpt":{"rendered":"","protected":false},"author":1,"featured_media":0,"parent":0,"menu_order":0,"comment_status":"closed","ping_status":"closed","template":"","meta":{"footnotes":""},"class_list":["post-1646","page","type-page","status-publish","czr-hentry"],"yoast_head":"<!-- This site is optimized with the Yoast SEO plugin v26.8 - https:\/\/yoast.com\/product\/yoast-seo-wordpress\/ -->\n<title>JAM#1 - Jean Christophe Briant - 09.oct - Musique et Equilibre<\/title>\n<meta name=\"robots\" content=\"index, follow, max-snippet:-1, max-image-preview:large, max-video-preview:-1\" \/>\n<link rel=\"canonical\" href=\"https:\/\/musique-equilibre.com\/me\/index.php\/jam1-concertmusiqueorleans\/\" \/>\n<meta property=\"og:locale\" content=\"fr_FR\" \/>\n<meta property=\"og:type\" content=\"article\" \/>\n<meta property=\"og:title\" content=\"JAM#1 - Jean Christophe Briant - 09.oct - Musique et Equilibre\" \/>\n<meta property=\"og:url\" content=\"https:\/\/musique-equilibre.com\/me\/index.php\/jam1-concertmusiqueorleans\/\" \/>\n<meta property=\"og:site_name\" content=\"Musique et Equilibre\" \/>\n<meta property=\"article:publisher\" content=\"https:\/\/www.facebook.com\/MusiqueetEquilibre45\" \/>\n<meta property=\"article:modified_time\" content=\"2020-04-29T10:01:08+00:00\" \/>\n<meta property=\"og:image\" content=\"http:\/\/musique-equilibre.com\/me\/wp-content\/uploads\/2018\/10\/P1010172-1024x683.jpg\" \/>\n<meta name=\"twitter:card\" content=\"summary_large_image\" \/>\n<meta name=\"twitter:site\" content=\"@Musiquequilibre\" \/>\n<script type=\"application\/ld+json\" class=\"yoast-schema-graph\">{\"@context\":\"https:\/\/schema.org\",\"@graph\":[{\"@type\":\"WebPage\",\"@id\":\"https:\/\/musique-equilibre.com\/me\/index.php\/jam1-concertmusiqueorleans\/\",\"url\":\"https:\/\/musique-equilibre.com\/me\/index.php\/jam1-concertmusiqueorleans\/\",\"name\":\"JAM#1 - Jean Christophe Briant - 09.oct - Musique et Equilibre\",\"isPartOf\":{\"@id\":\"https:\/\/musique-equilibre.com\/me\/#website\"},\"primaryImageOfPage\":{\"@id\":\"https:\/\/musique-equilibre.com\/me\/index.php\/jam1-concertmusiqueorleans\/#primaryimage\"},\"image\":{\"@id\":\"https:\/\/musique-equilibre.com\/me\/index.php\/jam1-concertmusiqueorleans\/#primaryimage\"},\"thumbnailUrl\":\"http:\/\/musique-equilibre.com\/me\/wp-content\/uploads\/2018\/10\/P1010172-1024x683.jpg\",\"datePublished\":\"2018-10-15T14:25:40+00:00\",\"dateModified\":\"2020-04-29T10:01:08+00:00\",\"breadcrumb\":{\"@id\":\"https:\/\/musique-equilibre.com\/me\/index.php\/jam1-concertmusiqueorleans\/#breadcrumb\"},\"inLanguage\":\"fr-FR\",\"potentialAction\":[{\"@type\":\"ReadAction\",\"target\":[\"https:\/\/musique-equilibre.com\/me\/index.php\/jam1-concertmusiqueorleans\/\"]}]},{\"@type\":\"ImageObject\",\"inLanguage\":\"fr-FR\",\"@id\":\"https:\/\/musique-equilibre.com\/me\/index.php\/jam1-concertmusiqueorleans\/#primaryimage\",\"url\":\"https:\/\/musique-equilibre.com\/me\/wp-content\/uploads\/2018\/10\/P1010172.jpg\",\"contentUrl\":\"https:\/\/musique-equilibre.com\/me\/wp-content\/uploads\/2018\/10\/P1010172.jpg\",\"width\":5472,\"height\":3648},{\"@type\":\"BreadcrumbList\",\"@id\":\"https:\/\/musique-equilibre.com\/me\/index.php\/jam1-concertmusiqueorleans\/#breadcrumb\",\"itemListElement\":[{\"@type\":\"ListItem\",\"position\":1,\"name\":\"Accueil\",\"item\":\"https:\/\/musique-equilibre.com\/me\/\"},{\"@type\":\"ListItem\",\"position\":2,\"name\":\"JAM#1 &#8211; Jean Christophe Briant &#8211; 09.oct\"}]},{\"@type\":\"WebSite\",\"@id\":\"https:\/\/musique-equilibre.com\/me\/#website\",\"url\":\"https:\/\/musique-equilibre.com\/me\/\",\"name\":\"Musique et Equilibre\",\"description\":\"\",\"publisher\":{\"@id\":\"https:\/\/musique-equilibre.com\/me\/#organization\"},\"potentialAction\":[{\"@type\":\"SearchAction\",\"target\":{\"@type\":\"EntryPoint\",\"urlTemplate\":\"https:\/\/musique-equilibre.com\/me\/?s={search_term_string}\"},\"query-input\":{\"@type\":\"PropertyValueSpecification\",\"valueRequired\":true,\"valueName\":\"search_term_string\"}}],\"inLanguage\":\"fr-FR\"},{\"@type\":\"Organization\",\"@id\":\"https:\/\/musique-equilibre.com\/me\/#organization\",\"name\":\"Musique et Equilibre\",\"alternateName\":\"\u00c9cole de musique et salle de concert \u00e0 Orl\u00e9ans\",\"url\":\"https:\/\/musique-equilibre.com\/me\/\",\"logo\":{\"@type\":\"ImageObject\",\"inLanguage\":\"fr-FR\",\"@id\":\"https:\/\/musique-equilibre.com\/me\/#\/schema\/logo\/image\/\",\"url\":\"https:\/\/musique-equilibre.com\/me\/wp-content\/uploads\/2022\/11\/cropped-Logo_orange_texture-1.png\",\"contentUrl\":\"https:\/\/musique-equilibre.com\/me\/wp-content\/uploads\/2022\/11\/cropped-Logo_orange_texture-1.png\",\"width\":512,\"height\":512,\"caption\":\"Musique et Equilibre\"},\"image\":{\"@id\":\"https:\/\/musique-equilibre.com\/me\/#\/schema\/logo\/image\/\"},\"sameAs\":[\"https:\/\/www.facebook.com\/MusiqueetEquilibre45\",\"https:\/\/x.com\/Musiquequilibre\",\"https:\/\/www.instagram.com\/musique_et_equilibre_\/\",\"https:\/\/www.linkedin.com\/company\/musique-&amp;-equilibre\/\",\"https:\/\/www.youtube.com\/c\/MusiqueEquilibreOrleans\/\"]}]}<\/script>\n<!-- \/ Yoast SEO plugin. -->","yoast_head_json":{"title":"JAM#1 - Jean Christophe Briant - 09.oct - Musique et Equilibre","robots":{"index":"index","follow":"follow","max-snippet":"max-snippet:-1","max-image-preview":"max-image-preview:large","max-video-preview":"max-video-preview:-1"},"canonical":"https:\/\/musique-equilibre.com\/me\/index.php\/jam1-concertmusiqueorleans\/","og_locale":"fr_FR","og_type":"article","og_title":"JAM#1 - Jean Christophe Briant - 09.oct - Musique et Equilibre","og_url":"https:\/\/musique-equilibre.com\/me\/index.php\/jam1-concertmusiqueorleans\/","og_site_name":"Musique et Equilibre","article_publisher":"https:\/\/www.facebook.com\/MusiqueetEquilibre45","article_modified_time":"2020-04-29T10:01:08+00:00","og_image":[{"url":"http:\/\/musique-equilibre.com\/me\/wp-content\/uploads\/2018\/10\/P1010172-1024x683.jpg","type":"","width":"","height":""}],"twitter_card":"summary_large_image","twitter_site":"@Musiquequilibre","schema":{"@context":"https:\/\/schema.org","@graph":[{"@type":"WebPage","@id":"https:\/\/musique-equilibre.com\/me\/index.php\/jam1-concertmusiqueorleans\/","url":"https:\/\/musique-equilibre.com\/me\/index.php\/jam1-concertmusiqueorleans\/","name":"JAM#1 - Jean Christophe Briant - 09.oct - Musique et Equilibre","isPartOf":{"@id":"https:\/\/musique-equilibre.com\/me\/#website"},"primaryImageOfPage":{"@id":"https:\/\/musique-equilibre.com\/me\/index.php\/jam1-concertmusiqueorleans\/#primaryimage"},"image":{"@id":"https:\/\/musique-equilibre.com\/me\/index.php\/jam1-concertmusiqueorleans\/#primaryimage"},"thumbnailUrl":"http:\/\/musique-equilibre.com\/me\/wp-content\/uploads\/2018\/10\/P1010172-1024x683.jpg","datePublished":"2018-10-15T14:25:40+00:00","dateModified":"2020-04-29T10:01:08+00:00","breadcrumb":{"@id":"https:\/\/musique-equilibre.com\/me\/index.php\/jam1-concertmusiqueorleans\/#breadcrumb"},"inLanguage":"fr-FR","potentialAction":[{"@type":"ReadAction","target":["https:\/\/musique-equilibre.com\/me\/index.php\/jam1-concertmusiqueorleans\/"]}]},{"@type":"ImageObject","inLanguage":"fr-FR","@id":"https:\/\/musique-equilibre.com\/me\/index.php\/jam1-concertmusiqueorleans\/#primaryimage","url":"https:\/\/musique-equilibre.com\/me\/wp-content\/uploads\/2018\/10\/P1010172.jpg","contentUrl":"https:\/\/musique-equilibre.com\/me\/wp-content\/uploads\/2018\/10\/P1010172.jpg","width":5472,"height":3648},{"@type":"BreadcrumbList","@id":"https:\/\/musique-equilibre.com\/me\/index.php\/jam1-concertmusiqueorleans\/#breadcrumb","itemListElement":[{"@type":"ListItem","position":1,"name":"Accueil","item":"https:\/\/musique-equilibre.com\/me\/"},{"@type":"ListItem","position":2,"name":"JAM#1 &#8211; Jean Christophe Briant &#8211; 09.oct"}]},{"@type":"WebSite","@id":"https:\/\/musique-equilibre.com\/me\/#website","url":"https:\/\/musique-equilibre.com\/me\/","name":"Musique et Equilibre","description":"","publisher":{"@id":"https:\/\/musique-equilibre.com\/me\/#organization"},"potentialAction":[{"@type":"SearchAction","target":{"@type":"EntryPoint","urlTemplate":"https:\/\/musique-equilibre.com\/me\/?s={search_term_string}"},"query-input":{"@type":"PropertyValueSpecification","valueRequired":true,"valueName":"search_term_string"}}],"inLanguage":"fr-FR"},{"@type":"Organization","@id":"https:\/\/musique-equilibre.com\/me\/#organization","name":"Musique et Equilibre","alternateName":"\u00c9cole de musique et salle de concert \u00e0 Orl\u00e9ans","url":"https:\/\/musique-equilibre.com\/me\/","logo":{"@type":"ImageObject","inLanguage":"fr-FR","@id":"https:\/\/musique-equilibre.com\/me\/#\/schema\/logo\/image\/","url":"https:\/\/musique-equilibre.com\/me\/wp-content\/uploads\/2022\/11\/cropped-Logo_orange_texture-1.png","contentUrl":"https:\/\/musique-equilibre.com\/me\/wp-content\/uploads\/2022\/11\/cropped-Logo_orange_texture-1.png","width":512,"height":512,"caption":"Musique et Equilibre"},"image":{"@id":"https:\/\/musique-equilibre.com\/me\/#\/schema\/logo\/image\/"},"sameAs":["https:\/\/www.facebook.com\/MusiqueetEquilibre45","https:\/\/x.com\/Musiquequilibre","https:\/\/www.instagram.com\/musique_et_equilibre_\/","https:\/\/www.linkedin.com\/company\/musique-&amp;-equilibre\/","https:\/\/www.youtube.com\/c\/MusiqueEquilibreOrleans\/"]}]}},"_links":{"self":[{"href":"https:\/\/musique-equilibre.com\/me\/index.php\/wp-json\/wp\/v2\/pages\/1646","targetHints":{"allow":["GET"]}}],"collection":[{"href":"https:\/\/musique-equilibre.com\/me\/index.php\/wp-json\/wp\/v2\/pages"}],"about":[{"href":"https:\/\/musique-equilibre.com\/me\/index.php\/wp-json\/wp\/v2\/types\/page"}],"author":[{"embeddable":true,"href":"https:\/\/musique-equilibre.com\/me\/index.php\/wp-json\/wp\/v2\/users\/1"}],"replies":[{"embeddable":true,"href":"https:\/\/musique-equilibre.com\/me\/index.php\/wp-json\/wp\/v2\/comments?post=1646"}],"version-history":[{"count":10,"href":"https:\/\/musique-equilibre.com\/me\/index.php\/wp-json\/wp\/v2\/pages\/1646\/revisions"}],"predecessor-version":[{"id":6227,"href":"https:\/\/musique-equilibre.com\/me\/index.php\/wp-json\/wp\/v2\/pages\/1646\/revisions\/6227"}],"wp:attachment":[{"href":"https:\/\/musique-equilibre.com\/me\/index.php\/wp-json\/wp\/v2\/media?parent=1646"}],"curies":[{"name":"wp","href":"https:\/\/api.w.org\/{rel}","templated":true}]}}