{"id":16048,"date":"2025-01-30T16:55:18","date_gmt":"2025-01-30T15:55:18","guid":{"rendered":"https:\/\/musique-equilibre.com\/me\/?page_id=16048"},"modified":"2025-11-05T16:56:01","modified_gmt":"2025-11-05T15:56:01","slug":"soutenir-le-projet-musique-et-gastronomie","status":"publish","type":"page","link":"https:\/\/musique-equilibre.com\/me\/index.php\/soutenir-le-projet-musique-et-gastronomie\/","title":{"rendered":"Soutenir le projet Musique et Gastronomie"},"content":{"rendered":"\n<figure class=\"wp-block-image alignwide size-large\"><img fetchpriority=\"high\" decoding=\"async\" width=\"1024\" height=\"255\" src=\"https:\/\/musique-equilibre.com\/me\/wp-content\/uploads\/2025\/01\/Soutenir-le-projet-musique-et-gastronomie-1-1024x255.png\" alt=\"soutenir le projet Musique et gastronomie orl\u00e9ans loiret m\u00e9c\u00e9nat m\u00e9c\u00e9ne\" class=\"wp-image-16051\" srcset=\"https:\/\/musique-equilibre.com\/me\/wp-content\/uploads\/2025\/01\/Soutenir-le-projet-musique-et-gastronomie-1-1024x255.png 1024w, https:\/\/musique-equilibre.com\/me\/wp-content\/uploads\/2025\/01\/Soutenir-le-projet-musique-et-gastronomie-1-300x75.png 300w, https:\/\/musique-equilibre.com\/me\/wp-content\/uploads\/2025\/01\/Soutenir-le-projet-musique-et-gastronomie-1-150x37.png 150w, https:\/\/musique-equilibre.com\/me\/wp-content\/uploads\/2025\/01\/Soutenir-le-projet-musique-et-gastronomie-1-768x191.png 768w, https:\/\/musique-equilibre.com\/me\/wp-content\/uploads\/2025\/01\/Soutenir-le-projet-musique-et-gastronomie-1.png 1367w\" sizes=\"(max-width: 1024px) 100vw, 1024px\" \/><\/figure>\n\n\n\n<h2 class=\"wp-block-heading has-text-align-center has-background\" style=\"background-color:#e25417\">Soutenez l\u2019art de l\u2019exp\u00e9rience sensorielle<\/h2>\n\n\n<p><span style=\"font-family: coves;\">La Musique et la Gastronomie sont deux arts du partage, universels et essentiels, ancr\u00e9s dans toutes les cultures et partag\u00e9 par tous les individus. Convaincus de leurs valeurs, nous souhaitons organiser leur rencontre.<\/span><\/p>\n<p><span style=\"font-family: coves;\">C\u2019est avec cette ambition que nous portons Musique et Gastronomie, un \u00e9v\u00e9nement in\u00e9dit qui c\u00e9l\u00e8bre le talent des artistes et des chefs cuisiniers. Cet \u00e9v\u00e9nement vise \u00e0 cr\u00e9er des ponts entre l\u2019art culinaire et la musique en proposant une exp\u00e9rience immersive, o\u00f9 les \u00e9motions se savourent autant qu\u2019elles s\u2019\u00e9coutent.<\/span><\/p>\n<p style=\"text-align: center;\"><a href=\"https:\/\/musique-equilibre.com\/me\/wp-content\/uploads\/2025\/01\/Musique-et-gastronomie-mecenat.pdf\" target=\"_blank\" rel=\"noopener\"><span style=\"font-size: 30px; font-family: coves;\">Consulter et t\u00e9l\u00e9charger notre brochure<\/span><\/a><\/p>","protected":false},"excerpt":{"rendered":"<p>Soutenez l\u2019art de l\u2019exp\u00e9rience sensorielle La Musique et la Gastronomie sont deux arts du partage, universels et essentiels, ancr\u00e9s dans toutes les cultures et partag\u00e9 par tous les individus. Convaincus de leurs valeurs, nous souhaitons organiser leur rencontre. C\u2019est avec cette ambition que nous portons Musique et Gastronomie, un \u00e9v\u00e9nement in\u00e9dit qui c\u00e9l\u00e8bre le talent [&hellip;]<\/p>\n","protected":false},"author":1,"featured_media":0,"parent":0,"menu_order":0,"comment_status":"closed","ping_status":"closed","template":"","meta":{"footnotes":""},"class_list":["post-16048","page","type-page","status-publish","czr-hentry"],"yoast_head":"<!-- This site is optimized with the Yoast SEO plugin v26.8 - https:\/\/yoast.com\/product\/yoast-seo-wordpress\/ -->\n<title>Soutenir le projet Musique et Gastronomie - Musique et Equilibre<\/title>\n<meta name=\"description\" content=\"Venez soutenir le projet Musique et gastronomie ! Un projet hors du commun qui m\u00e9le \u00e9l\u00e8ves amateurs en musique et apprentis cuisiniers !\" \/>\n<meta name=\"robots\" content=\"index, follow, max-snippet:-1, max-image-preview:large, max-video-preview:-1\" \/>\n<link rel=\"canonical\" href=\"https:\/\/musique-equilibre.com\/me\/index.php\/soutenir-le-projet-musique-et-gastronomie\/\" \/>\n<meta property=\"og:locale\" content=\"fr_FR\" \/>\n<meta property=\"og:type\" content=\"article\" \/>\n<meta property=\"og:title\" content=\"Soutenir le projet Musique et Gastronomie - Musique et Equilibre\" \/>\n<meta property=\"og:description\" content=\"Venez soutenir le projet Musique et gastronomie ! Un projet hors du commun qui m\u00e9le \u00e9l\u00e8ves amateurs en musique et apprentis cuisiniers !\" \/>\n<meta property=\"og:url\" content=\"https:\/\/musique-equilibre.com\/me\/index.php\/soutenir-le-projet-musique-et-gastronomie\/\" \/>\n<meta property=\"og:site_name\" content=\"Musique et Equilibre\" \/>\n<meta property=\"article:publisher\" content=\"https:\/\/www.facebook.com\/MusiqueetEquilibre45\" \/>\n<meta property=\"article:modified_time\" content=\"2025-11-05T15:56:01+00:00\" \/>\n<meta property=\"og:image\" content=\"https:\/\/musique-equilibre.com\/me\/wp-content\/uploads\/2025\/01\/Soutenir-le-projet-musique-et-gastronomie-1.png\" \/>\n\t<meta property=\"og:image:width\" content=\"1367\" \/>\n\t<meta property=\"og:image:height\" content=\"340\" \/>\n\t<meta property=\"og:image:type\" content=\"image\/png\" \/>\n<meta name=\"twitter:card\" content=\"summary_large_image\" \/>\n<meta name=\"twitter:site\" content=\"@Musiquequilibre\" \/>\n<meta name=\"twitter:label1\" content=\"Dur\u00e9e de lecture estim\u00e9e\" \/>\n\t<meta name=\"twitter:data1\" content=\"1 minute\" \/>\n<script type=\"application\/ld+json\" class=\"yoast-schema-graph\">{\"@context\":\"https:\/\/schema.org\",\"@graph\":[{\"@type\":\"WebPage\",\"@id\":\"https:\/\/musique-equilibre.com\/me\/index.php\/soutenir-le-projet-musique-et-gastronomie\/\",\"url\":\"https:\/\/musique-equilibre.com\/me\/index.php\/soutenir-le-projet-musique-et-gastronomie\/\",\"name\":\"Soutenir le projet Musique et Gastronomie - Musique et Equilibre\",\"isPartOf\":{\"@id\":\"https:\/\/musique-equilibre.com\/me\/#website\"},\"primaryImageOfPage\":{\"@id\":\"https:\/\/musique-equilibre.com\/me\/index.php\/soutenir-le-projet-musique-et-gastronomie\/#primaryimage\"},\"image\":{\"@id\":\"https:\/\/musique-equilibre.com\/me\/index.php\/soutenir-le-projet-musique-et-gastronomie\/#primaryimage\"},\"thumbnailUrl\":\"https:\/\/musique-equilibre.com\/me\/wp-content\/uploads\/2025\/01\/Soutenir-le-projet-musique-et-gastronomie-1-1024x255.png\",\"datePublished\":\"2025-01-30T15:55:18+00:00\",\"dateModified\":\"2025-11-05T15:56:01+00:00\",\"description\":\"Venez soutenir le projet Musique et gastronomie ! Un projet hors du commun qui m\u00e9le \u00e9l\u00e8ves amateurs en musique et apprentis cuisiniers !\",\"breadcrumb\":{\"@id\":\"https:\/\/musique-equilibre.com\/me\/index.php\/soutenir-le-projet-musique-et-gastronomie\/#breadcrumb\"},\"inLanguage\":\"fr-FR\",\"potentialAction\":[{\"@type\":\"ReadAction\",\"target\":[\"https:\/\/musique-equilibre.com\/me\/index.php\/soutenir-le-projet-musique-et-gastronomie\/\"]}]},{\"@type\":\"ImageObject\",\"inLanguage\":\"fr-FR\",\"@id\":\"https:\/\/musique-equilibre.com\/me\/index.php\/soutenir-le-projet-musique-et-gastronomie\/#primaryimage\",\"url\":\"https:\/\/musique-equilibre.com\/me\/wp-content\/uploads\/2025\/01\/Soutenir-le-projet-musique-et-gastronomie-1.png\",\"contentUrl\":\"https:\/\/musique-equilibre.com\/me\/wp-content\/uploads\/2025\/01\/Soutenir-le-projet-musique-et-gastronomie-1.png\",\"width\":1367,\"height\":340,\"caption\":\"soutenir le projet Musique et gastronomie orl\u00e9ans loiret m\u00e9c\u00e9nat m\u00e9c\u00e9ne\"},{\"@type\":\"BreadcrumbList\",\"@id\":\"https:\/\/musique-equilibre.com\/me\/index.php\/soutenir-le-projet-musique-et-gastronomie\/#breadcrumb\",\"itemListElement\":[{\"@type\":\"ListItem\",\"position\":1,\"name\":\"Accueil\",\"item\":\"https:\/\/musique-equilibre.com\/me\/\"},{\"@type\":\"ListItem\",\"position\":2,\"name\":\"Soutenir le projet Musique et Gastronomie\"}]},{\"@type\":\"WebSite\",\"@id\":\"https:\/\/musique-equilibre.com\/me\/#website\",\"url\":\"https:\/\/musique-equilibre.com\/me\/\",\"name\":\"Musique et Equilibre\",\"description\":\"\",\"publisher\":{\"@id\":\"https:\/\/musique-equilibre.com\/me\/#organization\"},\"potentialAction\":[{\"@type\":\"SearchAction\",\"target\":{\"@type\":\"EntryPoint\",\"urlTemplate\":\"https:\/\/musique-equilibre.com\/me\/?s={search_term_string}\"},\"query-input\":{\"@type\":\"PropertyValueSpecification\",\"valueRequired\":true,\"valueName\":\"search_term_string\"}}],\"inLanguage\":\"fr-FR\"},{\"@type\":\"Organization\",\"@id\":\"https:\/\/musique-equilibre.com\/me\/#organization\",\"name\":\"Musique et Equilibre\",\"alternateName\":\"\u00c9cole de musique et salle de concert \u00e0 Orl\u00e9ans\",\"url\":\"https:\/\/musique-equilibre.com\/me\/\",\"logo\":{\"@type\":\"ImageObject\",\"inLanguage\":\"fr-FR\",\"@id\":\"https:\/\/musique-equilibre.com\/me\/#\/schema\/logo\/image\/\",\"url\":\"https:\/\/musique-equilibre.com\/me\/wp-content\/uploads\/2022\/11\/cropped-Logo_orange_texture-1.png\",\"contentUrl\":\"https:\/\/musique-equilibre.com\/me\/wp-content\/uploads\/2022\/11\/cropped-Logo_orange_texture-1.png\",\"width\":512,\"height\":512,\"caption\":\"Musique et Equilibre\"},\"image\":{\"@id\":\"https:\/\/musique-equilibre.com\/me\/#\/schema\/logo\/image\/\"},\"sameAs\":[\"https:\/\/www.facebook.com\/MusiqueetEquilibre45\",\"https:\/\/x.com\/Musiquequilibre\",\"https:\/\/www.instagram.com\/musique_et_equilibre_\/\",\"https:\/\/www.linkedin.com\/company\/musique-&amp;-equilibre\/\",\"https:\/\/www.youtube.com\/c\/MusiqueEquilibreOrleans\/\"]}]}<\/script>\n<!-- \/ Yoast SEO plugin. -->","yoast_head_json":{"title":"Soutenir le projet Musique et Gastronomie - Musique et Equilibre","description":"Venez soutenir le projet Musique et gastronomie ! Un projet hors du commun qui m\u00e9le \u00e9l\u00e8ves amateurs en musique et apprentis cuisiniers !","robots":{"index":"index","follow":"follow","max-snippet":"max-snippet:-1","max-image-preview":"max-image-preview:large","max-video-preview":"max-video-preview:-1"},"canonical":"https:\/\/musique-equilibre.com\/me\/index.php\/soutenir-le-projet-musique-et-gastronomie\/","og_locale":"fr_FR","og_type":"article","og_title":"Soutenir le projet Musique et Gastronomie - Musique et Equilibre","og_description":"Venez soutenir le projet Musique et gastronomie ! Un projet hors du commun qui m\u00e9le \u00e9l\u00e8ves amateurs en musique et apprentis cuisiniers !","og_url":"https:\/\/musique-equilibre.com\/me\/index.php\/soutenir-le-projet-musique-et-gastronomie\/","og_site_name":"Musique et Equilibre","article_publisher":"https:\/\/www.facebook.com\/MusiqueetEquilibre45","article_modified_time":"2025-11-05T15:56:01+00:00","og_image":[{"width":1367,"height":340,"url":"https:\/\/musique-equilibre.com\/me\/wp-content\/uploads\/2025\/01\/Soutenir-le-projet-musique-et-gastronomie-1.png","type":"image\/png"}],"twitter_card":"summary_large_image","twitter_site":"@Musiquequilibre","twitter_misc":{"Dur\u00e9e de lecture estim\u00e9e":"1 minute"},"schema":{"@context":"https:\/\/schema.org","@graph":[{"@type":"WebPage","@id":"https:\/\/musique-equilibre.com\/me\/index.php\/soutenir-le-projet-musique-et-gastronomie\/","url":"https:\/\/musique-equilibre.com\/me\/index.php\/soutenir-le-projet-musique-et-gastronomie\/","name":"Soutenir le projet Musique et Gastronomie - Musique et Equilibre","isPartOf":{"@id":"https:\/\/musique-equilibre.com\/me\/#website"},"primaryImageOfPage":{"@id":"https:\/\/musique-equilibre.com\/me\/index.php\/soutenir-le-projet-musique-et-gastronomie\/#primaryimage"},"image":{"@id":"https:\/\/musique-equilibre.com\/me\/index.php\/soutenir-le-projet-musique-et-gastronomie\/#primaryimage"},"thumbnailUrl":"https:\/\/musique-equilibre.com\/me\/wp-content\/uploads\/2025\/01\/Soutenir-le-projet-musique-et-gastronomie-1-1024x255.png","datePublished":"2025-01-30T15:55:18+00:00","dateModified":"2025-11-05T15:56:01+00:00","description":"Venez soutenir le projet Musique et gastronomie ! Un projet hors du commun qui m\u00e9le \u00e9l\u00e8ves amateurs en musique et apprentis cuisiniers !","breadcrumb":{"@id":"https:\/\/musique-equilibre.com\/me\/index.php\/soutenir-le-projet-musique-et-gastronomie\/#breadcrumb"},"inLanguage":"fr-FR","potentialAction":[{"@type":"ReadAction","target":["https:\/\/musique-equilibre.com\/me\/index.php\/soutenir-le-projet-musique-et-gastronomie\/"]}]},{"@type":"ImageObject","inLanguage":"fr-FR","@id":"https:\/\/musique-equilibre.com\/me\/index.php\/soutenir-le-projet-musique-et-gastronomie\/#primaryimage","url":"https:\/\/musique-equilibre.com\/me\/wp-content\/uploads\/2025\/01\/Soutenir-le-projet-musique-et-gastronomie-1.png","contentUrl":"https:\/\/musique-equilibre.com\/me\/wp-content\/uploads\/2025\/01\/Soutenir-le-projet-musique-et-gastronomie-1.png","width":1367,"height":340,"caption":"soutenir le projet Musique et gastronomie orl\u00e9ans loiret m\u00e9c\u00e9nat m\u00e9c\u00e9ne"},{"@type":"BreadcrumbList","@id":"https:\/\/musique-equilibre.com\/me\/index.php\/soutenir-le-projet-musique-et-gastronomie\/#breadcrumb","itemListElement":[{"@type":"ListItem","position":1,"name":"Accueil","item":"https:\/\/musique-equilibre.com\/me\/"},{"@type":"ListItem","position":2,"name":"Soutenir le projet Musique et Gastronomie"}]},{"@type":"WebSite","@id":"https:\/\/musique-equilibre.com\/me\/#website","url":"https:\/\/musique-equilibre.com\/me\/","name":"Musique et Equilibre","description":"","publisher":{"@id":"https:\/\/musique-equilibre.com\/me\/#organization"},"potentialAction":[{"@type":"SearchAction","target":{"@type":"EntryPoint","urlTemplate":"https:\/\/musique-equilibre.com\/me\/?s={search_term_string}"},"query-input":{"@type":"PropertyValueSpecification","valueRequired":true,"valueName":"search_term_string"}}],"inLanguage":"fr-FR"},{"@type":"Organization","@id":"https:\/\/musique-equilibre.com\/me\/#organization","name":"Musique et Equilibre","alternateName":"\u00c9cole de musique et salle de concert \u00e0 Orl\u00e9ans","url":"https:\/\/musique-equilibre.com\/me\/","logo":{"@type":"ImageObject","inLanguage":"fr-FR","@id":"https:\/\/musique-equilibre.com\/me\/#\/schema\/logo\/image\/","url":"https:\/\/musique-equilibre.com\/me\/wp-content\/uploads\/2022\/11\/cropped-Logo_orange_texture-1.png","contentUrl":"https:\/\/musique-equilibre.com\/me\/wp-content\/uploads\/2022\/11\/cropped-Logo_orange_texture-1.png","width":512,"height":512,"caption":"Musique et Equilibre"},"image":{"@id":"https:\/\/musique-equilibre.com\/me\/#\/schema\/logo\/image\/"},"sameAs":["https:\/\/www.facebook.com\/MusiqueetEquilibre45","https:\/\/x.com\/Musiquequilibre","https:\/\/www.instagram.com\/musique_et_equilibre_\/","https:\/\/www.linkedin.com\/company\/musique-&amp;-equilibre\/","https:\/\/www.youtube.com\/c\/MusiqueEquilibreOrleans\/"]}]}},"_links":{"self":[{"href":"https:\/\/musique-equilibre.com\/me\/index.php\/wp-json\/wp\/v2\/pages\/16048","targetHints":{"allow":["GET"]}}],"collection":[{"href":"https:\/\/musique-equilibre.com\/me\/index.php\/wp-json\/wp\/v2\/pages"}],"about":[{"href":"https:\/\/musique-equilibre.com\/me\/index.php\/wp-json\/wp\/v2\/types\/page"}],"author":[{"embeddable":true,"href":"https:\/\/musique-equilibre.com\/me\/index.php\/wp-json\/wp\/v2\/users\/1"}],"replies":[{"embeddable":true,"href":"https:\/\/musique-equilibre.com\/me\/index.php\/wp-json\/wp\/v2\/comments?post=16048"}],"version-history":[{"count":4,"href":"https:\/\/musique-equilibre.com\/me\/index.php\/wp-json\/wp\/v2\/pages\/16048\/revisions"}],"predecessor-version":[{"id":18040,"href":"https:\/\/musique-equilibre.com\/me\/index.php\/wp-json\/wp\/v2\/pages\/16048\/revisions\/18040"}],"wp:attachment":[{"href":"https:\/\/musique-equilibre.com\/me\/index.php\/wp-json\/wp\/v2\/media?parent=16048"}],"curies":[{"name":"wp","href":"https:\/\/api.w.org\/{rel}","templated":true}]}}