{"id":16040,"date":"2025-01-30T16:18:04","date_gmt":"2025-01-30T15:18:04","guid":{"rendered":"https:\/\/musique-equilibre.com\/me\/?page_id=16040"},"modified":"2025-05-12T18:20:16","modified_gmt":"2025-05-12T16:20:16","slug":"musique-et-equilibre-la-taxe-dapprentissage","status":"publish","type":"page","link":"https:\/\/musique-equilibre.com\/me\/index.php\/musique-et-equilibre-la-taxe-dapprentissage\/","title":{"rendered":"La taxe d&rsquo;apprentisage"},"content":{"rendered":"\n<figure class=\"wp-block-image alignwide size-large\"><img fetchpriority=\"high\" decoding=\"async\" width=\"1024\" height=\"252\" src=\"https:\/\/musique-equilibre.com\/me\/wp-content\/uploads\/2025\/01\/la-taxe-dapprentissage-1024x252.jpg\" alt=\"la taxe d'apprentissage\n\" class=\"wp-image-16043\" srcset=\"https:\/\/musique-equilibre.com\/me\/wp-content\/uploads\/2025\/01\/la-taxe-dapprentissage-1024x252.jpg 1024w, https:\/\/musique-equilibre.com\/me\/wp-content\/uploads\/2025\/01\/la-taxe-dapprentissage-300x74.jpg 300w, https:\/\/musique-equilibre.com\/me\/wp-content\/uploads\/2025\/01\/la-taxe-dapprentissage-150x37.jpg 150w, https:\/\/musique-equilibre.com\/me\/wp-content\/uploads\/2025\/01\/la-taxe-dapprentissage-768x189.jpg 768w, https:\/\/musique-equilibre.com\/me\/wp-content\/uploads\/2025\/01\/la-taxe-dapprentissage.jpg 1366w\" sizes=\"(max-width: 1024px) 100vw, 1024px\" \/><\/figure>\n\n\n\n<h2 class=\"wp-block-heading has-text-align-center has-background\" style=\"background-color:#e25417\">La taxe d&rsquo;apprentissage<\/h2>\n\n\n<p data-test=\"contenu-texte\"><span style=\"font-family: coves;\">La taxe d\u2019apprentissage est un dispositif primordial qui permet de financer la formation professionnelle initiale. Elle est prise chaque ann\u00e9e sur la masse salariale des entreprises et constitue un pilier fondamental du d\u00e9veloppement des comp\u00e9tences et de l\u2019insertion professionnelle. Cependant, beaucoup de gens ignorent encore son fonctionnement et son influence positive sur les organismes de formation. La taxe d\u2019apprentissage, et plus sp\u00e9cifiquement son solde, est un exemple concret de l\u2019engagement des entreprises en faveur de la formation professionnelle et de l\u2019avenir des artistes de demain.<\/span><\/p>\n<p><span style=\"font-family: coves;\">Vous \u00eates concern\u00e9 par la taxe d\u2019apprentissage si vous \u00eates\u00a0:<\/span><\/p>\n<ul>\n<li><span style=\"font-family: coves;\">une entreprise individuelle\u00a0;<\/span><\/li>\n<li><span style=\"font-family: coves;\">une soci\u00e9t\u00e9\u00a0;<\/span><\/li>\n<li><span style=\"font-family: coves;\">une entreprise commerciale, industrielle ou artisanale\u00a0;<\/span><\/li>\n<li><span style=\"font-family: coves;\">une association\u00a0;<\/span><\/li>\n<li><span style=\"font-family: coves;\">un groupement d&rsquo;int\u00e9r\u00eat \u00e9conomique\u00a0;<\/span><\/li>\n<\/ul>\n<p><span style=\"font-family: coves;\"><strong>et \u00e0 condition<\/strong>\u00a0d\u2019\u00eatre soumis \u00e0\u00a0:<\/span><\/p>\n<ul>\n<li><span style=\"font-family: coves;\">\u00a0l\u2019imp\u00f4t sur les soci\u00e9t\u00e9s\u00a0;<\/span><\/li>\n<li><span style=\"font-family: coves;\">ou <strong>l&rsquo;imp\u00f4t sur le revenu<\/strong>\u00a0dans la cat\u00e9gorie des\u00a0<strong>b\u00e9n\u00e9fices industriels et commerciaux (BIC)<\/strong><\/span><\/li>\n<\/ul>\n\n\n<h2 class=\"wp-block-heading has-text-align-center has-background\" style=\"background-color:#e25417\">L\u2019IMPORTANCE DU SOLDE DE LA TAXE D\u2019APPRENTISSAGE POUR LES ORGANISMES DE FORMATION<\/h2>\n\n\n<p><span style=\"font-family: coves;\">Le solde de la taxe d\u2019apprentissage repr\u00e9sente la partie r\u00e9siduelle du montant de la taxe apr\u00e8s d\u00e9duction du quota d\u2019apprentissage, les 13% dont vous avez d\u00fb entendre parler. Contrairement au quota d\u2019apprentissage, le solde n\u2019est pas destin\u00e9 \u00e0 financer directement l\u2019apprentissage, mais il est indispensable pour soutenir les organismes de formation.<\/span><\/p>\n<p><span style=\"font-family: coves;\">Le solde de la taxe d\u2019apprentissage rev\u00eat une importance capitale pour Musique et Equilibre, \u00e9cole associative d\u00e9di\u00e9e aux musiques actuelles situ\u00e9e au c\u0153ur d\u2019Orl\u00e9ans. Il nous permet de disposer d&rsquo;un soutien financier suppl\u00e9mentaire pour offrir des formations de qualit\u00e9, adapt\u00e9es aux besoins du march\u00e9 du travail dans le secteur musical. Cette dynamique favorise ainsi l\u2019\u00e9volution de nos formations en ad\u00e9quation avec la r\u00e9alit\u00e9 des m\u00e9tiers artistiques, garantissant ainsi des futur\u00b7es professionnel\u00b7les comp\u00e9tent\u00b7es et qualifi\u00e9\u00b7es sur le terrain professionnel.<\/span><\/p>\n<p><span style=\"font-family: coves;\">Le solde de la taxe d\u2019apprentissage joue un r\u00f4le d\u00e9cisif dans l\u2019insertion professionnelle des personnes que nous formons. En choisissant de diriger votre contribution vers notre structure, vous participez activement au d\u00e9veloppement de formations accessibles et de qualit\u00e9 pour les musiciens d\u2019aujourd\u2019hui et de demain ainsi que de faciliter leur insertion sur le march\u00e9 du travail.<\/span><\/p>\n<p><span style=\"font-family: coves;\">Notre \u00e9cole propose des cursus professionnalisants et favorise l\u2019insertion des jeunes artistes dans le secteur musical. Gr\u00e2ce \u00e0 des \u00e9quipements adapt\u00e9s, une p\u00e9dagogie innovante et l\u2019engagement de nos artistes-enseignants, nous contribuons \u00e0 la revitalisation culturelle locale.<\/span><\/p>\n<p><span style=\"font-family: coves;\">Vous pouvez choisir de verser tout ou partie de la taxe d\u2019apprentissage pour soutenir notre mission et renforcer le lien entre entreprises et acteurs culturels sur notre territoire, sans que cela ne vous co\u00fbte un centime (la taxe d\u2019apprentissage est obligatoire pour les employeurs cit\u00e9s ci-dessus, il ne s\u2019agit pas d\u2019une d\u00e9pense suppl\u00e9mentaire). Si vous ne fl\u00e9chez pas le versement de la taxe d\u2019apprentissage, elle sera r\u00e9partie selon des \u00ab\u00a0crit\u00e8res d\u00e9finis juridiquement\u00a0\u00bb.\u00a0<\/span><\/p>\n<p><span style=\"font-family: coves;\">Vous pouvez effectuer cette d\u00e9marche via la plateforme\u00a0<a href=\"https:\/\/www.soltea.education.gouv.fr\/espace-public\/\" target=\"_blank\" rel=\"noopener\">Solt\u00e9a\u00a0<\/a>(accessible \u00e0 partir du 25 mai pour les employeurs), en s\u00e9lectionnant notre \u00e9tablissement sous la r\u00e9f\u00e9rence suivante :\u00a0<strong>Code UAI : 0451728J<\/strong><\/span><\/p>","protected":false},"excerpt":{"rendered":"<p>La taxe d&rsquo;apprentissage La taxe d\u2019apprentissage est un dispositif primordial qui permet de financer la formation professionnelle initiale. Elle est prise chaque ann\u00e9e sur la masse salariale des entreprises et constitue un pilier fondamental du d\u00e9veloppement des comp\u00e9tences et de l\u2019insertion professionnelle. Cependant, beaucoup de gens ignorent encore son fonctionnement et son influence positive sur [&hellip;]<\/p>\n","protected":false},"author":1,"featured_media":0,"parent":0,"menu_order":0,"comment_status":"closed","ping_status":"closed","template":"","meta":{"footnotes":""},"class_list":["post-16040","page","type-page","status-publish","czr-hentry"],"yoast_head":"<!-- This site is optimized with the Yoast SEO plugin v26.8 - https:\/\/yoast.com\/product\/yoast-seo-wordpress\/ -->\n<title>La taxe d&#039;apprentissage<\/title>\n<meta name=\"description\" content=\"Soutenez Musique et \u00c9quilibre en versant la taxe d&#039;apprentissage \u00e0 nos \u00e9tablissement de formation en musiques actuelles \u00e0 Orl\u00e9ans.\" \/>\n<meta name=\"robots\" content=\"index, follow, max-snippet:-1, max-image-preview:large, max-video-preview:-1\" \/>\n<link rel=\"canonical\" href=\"https:\/\/musique-equilibre.com\/me\/index.php\/musique-et-equilibre-la-taxe-dapprentissage\/\" \/>\n<meta property=\"og:locale\" content=\"fr_FR\" \/>\n<meta property=\"og:type\" content=\"article\" \/>\n<meta property=\"og:title\" content=\"La taxe d&#039;apprentissage\" \/>\n<meta property=\"og:description\" content=\"Soutenez Musique et \u00c9quilibre en versant la taxe d&#039;apprentissage \u00e0 nos \u00e9tablissement de formation en musiques actuelles \u00e0 Orl\u00e9ans.\" \/>\n<meta property=\"og:url\" content=\"https:\/\/musique-equilibre.com\/me\/index.php\/musique-et-equilibre-la-taxe-dapprentissage\/\" \/>\n<meta property=\"og:site_name\" content=\"Musique et Equilibre\" \/>\n<meta property=\"article:publisher\" content=\"https:\/\/www.facebook.com\/MusiqueetEquilibre45\" \/>\n<meta property=\"article:modified_time\" content=\"2025-05-12T16:20:16+00:00\" \/>\n<meta property=\"og:image\" content=\"https:\/\/musique-equilibre.com\/me\/wp-content\/uploads\/2025\/01\/la-taxe-dapprentissage.jpg\" \/>\n\t<meta property=\"og:image:width\" content=\"1366\" \/>\n\t<meta property=\"og:image:height\" content=\"336\" \/>\n\t<meta property=\"og:image:type\" content=\"image\/jpeg\" \/>\n<meta name=\"twitter:card\" content=\"summary_large_image\" \/>\n<meta name=\"twitter:site\" content=\"@Musiquequilibre\" \/>\n<meta name=\"twitter:label1\" content=\"Dur\u00e9e de lecture estim\u00e9e\" \/>\n\t<meta name=\"twitter:data1\" content=\"3 minutes\" \/>\n<script type=\"application\/ld+json\" class=\"yoast-schema-graph\">{\"@context\":\"https:\/\/schema.org\",\"@graph\":[{\"@type\":\"WebPage\",\"@id\":\"https:\/\/musique-equilibre.com\/me\/index.php\/musique-et-equilibre-la-taxe-dapprentissage\/\",\"url\":\"https:\/\/musique-equilibre.com\/me\/index.php\/musique-et-equilibre-la-taxe-dapprentissage\/\",\"name\":\"La taxe d'apprentissage\",\"isPartOf\":{\"@id\":\"https:\/\/musique-equilibre.com\/me\/#website\"},\"primaryImageOfPage\":{\"@id\":\"https:\/\/musique-equilibre.com\/me\/index.php\/musique-et-equilibre-la-taxe-dapprentissage\/#primaryimage\"},\"image\":{\"@id\":\"https:\/\/musique-equilibre.com\/me\/index.php\/musique-et-equilibre-la-taxe-dapprentissage\/#primaryimage\"},\"thumbnailUrl\":\"https:\/\/musique-equilibre.com\/me\/wp-content\/uploads\/2025\/01\/la-taxe-dapprentissage-1024x252.jpg\",\"datePublished\":\"2025-01-30T15:18:04+00:00\",\"dateModified\":\"2025-05-12T16:20:16+00:00\",\"description\":\"Soutenez Musique et \u00c9quilibre en versant la taxe d'apprentissage \u00e0 nos \u00e9tablissement de formation en musiques actuelles \u00e0 Orl\u00e9ans.\",\"breadcrumb\":{\"@id\":\"https:\/\/musique-equilibre.com\/me\/index.php\/musique-et-equilibre-la-taxe-dapprentissage\/#breadcrumb\"},\"inLanguage\":\"fr-FR\",\"potentialAction\":[{\"@type\":\"ReadAction\",\"target\":[\"https:\/\/musique-equilibre.com\/me\/index.php\/musique-et-equilibre-la-taxe-dapprentissage\/\"]}]},{\"@type\":\"ImageObject\",\"inLanguage\":\"fr-FR\",\"@id\":\"https:\/\/musique-equilibre.com\/me\/index.php\/musique-et-equilibre-la-taxe-dapprentissage\/#primaryimage\",\"url\":\"https:\/\/musique-equilibre.com\/me\/wp-content\/uploads\/2025\/01\/la-taxe-dapprentissage.jpg\",\"contentUrl\":\"https:\/\/musique-equilibre.com\/me\/wp-content\/uploads\/2025\/01\/la-taxe-dapprentissage.jpg\",\"width\":1366,\"height\":336,\"caption\":\"la taxe d'apprentissage\"},{\"@type\":\"BreadcrumbList\",\"@id\":\"https:\/\/musique-equilibre.com\/me\/index.php\/musique-et-equilibre-la-taxe-dapprentissage\/#breadcrumb\",\"itemListElement\":[{\"@type\":\"ListItem\",\"position\":1,\"name\":\"Accueil\",\"item\":\"https:\/\/musique-equilibre.com\/me\/\"},{\"@type\":\"ListItem\",\"position\":2,\"name\":\"La taxe d&rsquo;apprentisage\"}]},{\"@type\":\"WebSite\",\"@id\":\"https:\/\/musique-equilibre.com\/me\/#website\",\"url\":\"https:\/\/musique-equilibre.com\/me\/\",\"name\":\"Musique et Equilibre\",\"description\":\"\",\"publisher\":{\"@id\":\"https:\/\/musique-equilibre.com\/me\/#organization\"},\"potentialAction\":[{\"@type\":\"SearchAction\",\"target\":{\"@type\":\"EntryPoint\",\"urlTemplate\":\"https:\/\/musique-equilibre.com\/me\/?s={search_term_string}\"},\"query-input\":{\"@type\":\"PropertyValueSpecification\",\"valueRequired\":true,\"valueName\":\"search_term_string\"}}],\"inLanguage\":\"fr-FR\"},{\"@type\":\"Organization\",\"@id\":\"https:\/\/musique-equilibre.com\/me\/#organization\",\"name\":\"Musique et Equilibre\",\"alternateName\":\"\u00c9cole de musique et salle de concert \u00e0 Orl\u00e9ans\",\"url\":\"https:\/\/musique-equilibre.com\/me\/\",\"logo\":{\"@type\":\"ImageObject\",\"inLanguage\":\"fr-FR\",\"@id\":\"https:\/\/musique-equilibre.com\/me\/#\/schema\/logo\/image\/\",\"url\":\"https:\/\/musique-equilibre.com\/me\/wp-content\/uploads\/2022\/11\/cropped-Logo_orange_texture-1.png\",\"contentUrl\":\"https:\/\/musique-equilibre.com\/me\/wp-content\/uploads\/2022\/11\/cropped-Logo_orange_texture-1.png\",\"width\":512,\"height\":512,\"caption\":\"Musique et Equilibre\"},\"image\":{\"@id\":\"https:\/\/musique-equilibre.com\/me\/#\/schema\/logo\/image\/\"},\"sameAs\":[\"https:\/\/www.facebook.com\/MusiqueetEquilibre45\",\"https:\/\/x.com\/Musiquequilibre\",\"https:\/\/www.instagram.com\/musique_et_equilibre_\/\",\"https:\/\/www.linkedin.com\/company\/musique-&amp;-equilibre\/\",\"https:\/\/www.youtube.com\/c\/MusiqueEquilibreOrleans\/\"]}]}<\/script>\n<!-- \/ Yoast SEO plugin. -->","yoast_head_json":{"title":"La taxe d'apprentissage","description":"Soutenez Musique et \u00c9quilibre en versant la taxe d'apprentissage \u00e0 nos \u00e9tablissement de formation en musiques actuelles \u00e0 Orl\u00e9ans.","robots":{"index":"index","follow":"follow","max-snippet":"max-snippet:-1","max-image-preview":"max-image-preview:large","max-video-preview":"max-video-preview:-1"},"canonical":"https:\/\/musique-equilibre.com\/me\/index.php\/musique-et-equilibre-la-taxe-dapprentissage\/","og_locale":"fr_FR","og_type":"article","og_title":"La taxe d'apprentissage","og_description":"Soutenez Musique et \u00c9quilibre en versant la taxe d'apprentissage \u00e0 nos \u00e9tablissement de formation en musiques actuelles \u00e0 Orl\u00e9ans.","og_url":"https:\/\/musique-equilibre.com\/me\/index.php\/musique-et-equilibre-la-taxe-dapprentissage\/","og_site_name":"Musique et Equilibre","article_publisher":"https:\/\/www.facebook.com\/MusiqueetEquilibre45","article_modified_time":"2025-05-12T16:20:16+00:00","og_image":[{"width":1366,"height":336,"url":"https:\/\/musique-equilibre.com\/me\/wp-content\/uploads\/2025\/01\/la-taxe-dapprentissage.jpg","type":"image\/jpeg"}],"twitter_card":"summary_large_image","twitter_site":"@Musiquequilibre","twitter_misc":{"Dur\u00e9e de lecture estim\u00e9e":"3 minutes"},"schema":{"@context":"https:\/\/schema.org","@graph":[{"@type":"WebPage","@id":"https:\/\/musique-equilibre.com\/me\/index.php\/musique-et-equilibre-la-taxe-dapprentissage\/","url":"https:\/\/musique-equilibre.com\/me\/index.php\/musique-et-equilibre-la-taxe-dapprentissage\/","name":"La taxe d'apprentissage","isPartOf":{"@id":"https:\/\/musique-equilibre.com\/me\/#website"},"primaryImageOfPage":{"@id":"https:\/\/musique-equilibre.com\/me\/index.php\/musique-et-equilibre-la-taxe-dapprentissage\/#primaryimage"},"image":{"@id":"https:\/\/musique-equilibre.com\/me\/index.php\/musique-et-equilibre-la-taxe-dapprentissage\/#primaryimage"},"thumbnailUrl":"https:\/\/musique-equilibre.com\/me\/wp-content\/uploads\/2025\/01\/la-taxe-dapprentissage-1024x252.jpg","datePublished":"2025-01-30T15:18:04+00:00","dateModified":"2025-05-12T16:20:16+00:00","description":"Soutenez Musique et \u00c9quilibre en versant la taxe d'apprentissage \u00e0 nos \u00e9tablissement de formation en musiques actuelles \u00e0 Orl\u00e9ans.","breadcrumb":{"@id":"https:\/\/musique-equilibre.com\/me\/index.php\/musique-et-equilibre-la-taxe-dapprentissage\/#breadcrumb"},"inLanguage":"fr-FR","potentialAction":[{"@type":"ReadAction","target":["https:\/\/musique-equilibre.com\/me\/index.php\/musique-et-equilibre-la-taxe-dapprentissage\/"]}]},{"@type":"ImageObject","inLanguage":"fr-FR","@id":"https:\/\/musique-equilibre.com\/me\/index.php\/musique-et-equilibre-la-taxe-dapprentissage\/#primaryimage","url":"https:\/\/musique-equilibre.com\/me\/wp-content\/uploads\/2025\/01\/la-taxe-dapprentissage.jpg","contentUrl":"https:\/\/musique-equilibre.com\/me\/wp-content\/uploads\/2025\/01\/la-taxe-dapprentissage.jpg","width":1366,"height":336,"caption":"la taxe d'apprentissage"},{"@type":"BreadcrumbList","@id":"https:\/\/musique-equilibre.com\/me\/index.php\/musique-et-equilibre-la-taxe-dapprentissage\/#breadcrumb","itemListElement":[{"@type":"ListItem","position":1,"name":"Accueil","item":"https:\/\/musique-equilibre.com\/me\/"},{"@type":"ListItem","position":2,"name":"La taxe d&rsquo;apprentisage"}]},{"@type":"WebSite","@id":"https:\/\/musique-equilibre.com\/me\/#website","url":"https:\/\/musique-equilibre.com\/me\/","name":"Musique et Equilibre","description":"","publisher":{"@id":"https:\/\/musique-equilibre.com\/me\/#organization"},"potentialAction":[{"@type":"SearchAction","target":{"@type":"EntryPoint","urlTemplate":"https:\/\/musique-equilibre.com\/me\/?s={search_term_string}"},"query-input":{"@type":"PropertyValueSpecification","valueRequired":true,"valueName":"search_term_string"}}],"inLanguage":"fr-FR"},{"@type":"Organization","@id":"https:\/\/musique-equilibre.com\/me\/#organization","name":"Musique et Equilibre","alternateName":"\u00c9cole de musique et salle de concert \u00e0 Orl\u00e9ans","url":"https:\/\/musique-equilibre.com\/me\/","logo":{"@type":"ImageObject","inLanguage":"fr-FR","@id":"https:\/\/musique-equilibre.com\/me\/#\/schema\/logo\/image\/","url":"https:\/\/musique-equilibre.com\/me\/wp-content\/uploads\/2022\/11\/cropped-Logo_orange_texture-1.png","contentUrl":"https:\/\/musique-equilibre.com\/me\/wp-content\/uploads\/2022\/11\/cropped-Logo_orange_texture-1.png","width":512,"height":512,"caption":"Musique et Equilibre"},"image":{"@id":"https:\/\/musique-equilibre.com\/me\/#\/schema\/logo\/image\/"},"sameAs":["https:\/\/www.facebook.com\/MusiqueetEquilibre45","https:\/\/x.com\/Musiquequilibre","https:\/\/www.instagram.com\/musique_et_equilibre_\/","https:\/\/www.linkedin.com\/company\/musique-&amp;-equilibre\/","https:\/\/www.youtube.com\/c\/MusiqueEquilibreOrleans\/"]}]}},"_links":{"self":[{"href":"https:\/\/musique-equilibre.com\/me\/index.php\/wp-json\/wp\/v2\/pages\/16040","targetHints":{"allow":["GET"]}}],"collection":[{"href":"https:\/\/musique-equilibre.com\/me\/index.php\/wp-json\/wp\/v2\/pages"}],"about":[{"href":"https:\/\/musique-equilibre.com\/me\/index.php\/wp-json\/wp\/v2\/types\/page"}],"author":[{"embeddable":true,"href":"https:\/\/musique-equilibre.com\/me\/index.php\/wp-json\/wp\/v2\/users\/1"}],"replies":[{"embeddable":true,"href":"https:\/\/musique-equilibre.com\/me\/index.php\/wp-json\/wp\/v2\/comments?post=16040"}],"version-history":[{"count":3,"href":"https:\/\/musique-equilibre.com\/me\/index.php\/wp-json\/wp\/v2\/pages\/16040\/revisions"}],"predecessor-version":[{"id":16062,"href":"https:\/\/musique-equilibre.com\/me\/index.php\/wp-json\/wp\/v2\/pages\/16040\/revisions\/16062"}],"wp:attachment":[{"href":"https:\/\/musique-equilibre.com\/me\/index.php\/wp-json\/wp\/v2\/media?parent=16040"}],"curies":[{"name":"wp","href":"https:\/\/api.w.org\/{rel}","templated":true}]}}