{"id":15156,"date":"2024-10-08T16:29:05","date_gmt":"2024-10-08T14:29:05","guid":{"rendered":"https:\/\/musique-equilibre.com\/me\/?page_id=15156"},"modified":"2024-10-10T14:48:49","modified_gmt":"2024-10-10T12:48:49","slug":"cours-de-mixage-2","status":"publish","type":"page","link":"https:\/\/musique-equilibre.com\/me\/index.php\/cours-de-mixage-2\/","title":{"rendered":"Cours de mixage"},"content":{"rendered":"\n<p class=\"has-white-color has-text-color\">Cours de guitare<\/p>\n\n\n<h5 style=\"text-align: center;\"><span style=\"background: #f15d20;\"><span style=\"font-family: nexa bold;\"><span style=\"color: #ffffff;\"><span style=\"font-family: coves-light;\">Cours avec Romain Cl\u00e9ment<\/span><br><\/span><\/span><\/span><\/h5>\n<p><img decoding=\"async\" class=\"aligncenter wp-image-10437 size-thumbnail\" src=\"https:\/\/musique-equilibre.com\/me\/wp-content\/uploads\/2019\/11\/Romain-Clement-guitare-150x150.png\" alt=\"romain cl\u00e9ment cours de guitare professeurs musiques actuelles musique et \u00e9quilibre orl\u00e9ans loiret rock\" width=\"150\" height=\"150\" srcset=\"https:\/\/musique-equilibre.com\/me\/wp-content\/uploads\/2019\/11\/Romain-Clement-guitare-150x150.png 150w, https:\/\/musique-equilibre.com\/me\/wp-content\/uploads\/2019\/11\/Romain-Clement-guitare-300x300.png 300w, https:\/\/musique-equilibre.com\/me\/wp-content\/uploads\/2019\/11\/Romain-Clement-guitare-1024x1024.png 1024w, https:\/\/musique-equilibre.com\/me\/wp-content\/uploads\/2019\/11\/Romain-Clement-guitare-768x768.png 768w, https:\/\/musique-equilibre.com\/me\/wp-content\/uploads\/2019\/11\/Romain-Clement-guitare-510x510.png 510w, https:\/\/musique-equilibre.com\/me\/wp-content\/uploads\/2019\/11\/Romain-Clement-guitare.png 1080w\" sizes=\"(max-width: 150px) 100vw, 150px\" \/><\/p>\n<p><img decoding=\"async\" class=\"aligncenter wp-image-10597\" src=\"https:\/\/musique-equilibre.com\/me\/wp-content\/uploads\/2022\/11\/172566_down_arrow_icon-300x300.png\" alt=\"cours de musique \u00e9cole de musique orl\u00e9ans loiret \" width=\"58\" height=\"58\" srcset=\"https:\/\/musique-equilibre.com\/me\/wp-content\/uploads\/2022\/11\/172566_down_arrow_icon-300x300.png 300w, https:\/\/musique-equilibre.com\/me\/wp-content\/uploads\/2022\/11\/172566_down_arrow_icon-150x150.png 150w, https:\/\/musique-equilibre.com\/me\/wp-content\/uploads\/2022\/11\/172566_down_arrow_icon-510x510.png 510w, https:\/\/musique-equilibre.com\/me\/wp-content\/uploads\/2022\/11\/172566_down_arrow_icon.png 512w\" sizes=\"(max-width: 58px) 100vw, 58px\" \/><\/p>\n<p style=\"text-align: center;\"><span style=\"font-family: coves;\"><strong>30 \/ 45 min<\/strong><br>MERCREDI et JEUDI<br><span style=\"color: #f15d20;\"><a href=\"https:\/\/le108.org\/\" target=\"_blank\" rel=\"noopener\">108<\/a><br><\/span><\/span><span style=\"font-family: coves-light;\"><a href=\"https:\/\/musique-equilibre.com\/me\/index.php\/2019\/11\/06\/bio-romain-clement\/\">en savoir plus sur Romain Cl\u00e9ment<\/a><\/span><\/p>","protected":false},"excerpt":{"rendered":"<p>Cours de guitare Cours avec Romain Cl\u00e9ment 30 \/ 45 minMERCREDI et JEUDI108en savoir plus sur Romain Cl\u00e9ment<\/p>\n","protected":false},"author":1,"featured_media":0,"parent":0,"menu_order":0,"comment_status":"closed","ping_status":"closed","template":"","meta":{"footnotes":""},"class_list":["post-15156","page","type-page","status-publish","czr-hentry"],"yoast_head":"<!-- This site is optimized with the Yoast SEO plugin v26.8 - https:\/\/yoast.com\/product\/yoast-seo-wordpress\/ -->\n<title>cours de mixage<\/title>\n<meta name=\"description\" content=\"Cours de mixage au sein de Musique et \u00c9quilibre \u00e0 Orl\u00e9ans avec Romain Cl\u00e9ment Les cours se d\u00e9roulent au 108 ou \u00e0 l&#039;Argonaute\" \/>\n<meta name=\"robots\" content=\"index, follow, max-snippet:-1, max-image-preview:large, max-video-preview:-1\" \/>\n<link rel=\"canonical\" href=\"https:\/\/musique-equilibre.com\/me\/index.php\/cours-de-mixage-2\/\" \/>\n<meta property=\"og:locale\" content=\"fr_FR\" \/>\n<meta property=\"og:type\" content=\"article\" \/>\n<meta property=\"og:title\" content=\"cours de mixage\" \/>\n<meta property=\"og:description\" content=\"Cours de mixage au sein de Musique et \u00c9quilibre \u00e0 Orl\u00e9ans avec Romain Cl\u00e9ment Les cours se d\u00e9roulent au 108 ou \u00e0 l&#039;Argonaute\" \/>\n<meta property=\"og:url\" content=\"https:\/\/musique-equilibre.com\/me\/index.php\/cours-de-mixage-2\/\" \/>\n<meta property=\"og:site_name\" content=\"Musique et Equilibre\" \/>\n<meta property=\"article:publisher\" content=\"https:\/\/www.facebook.com\/MusiqueetEquilibre45\" \/>\n<meta property=\"article:modified_time\" content=\"2024-10-10T12:48:49+00:00\" \/>\n<meta property=\"og:image\" content=\"http:\/\/musique-equilibre.com\/me\/wp-content\/uploads\/2019\/11\/Romain-Clement-guitare-150x150.png\" \/>\n<meta name=\"twitter:card\" content=\"summary_large_image\" \/>\n<meta name=\"twitter:site\" content=\"@Musiquequilibre\" \/>\n<meta name=\"twitter:label1\" content=\"Dur\u00e9e de lecture estim\u00e9e\" \/>\n\t<meta name=\"twitter:data1\" content=\"1 minute\" \/>\n<script type=\"application\/ld+json\" class=\"yoast-schema-graph\">{\"@context\":\"https:\/\/schema.org\",\"@graph\":[{\"@type\":\"WebPage\",\"@id\":\"https:\/\/musique-equilibre.com\/me\/index.php\/cours-de-mixage-2\/\",\"url\":\"https:\/\/musique-equilibre.com\/me\/index.php\/cours-de-mixage-2\/\",\"name\":\"cours de mixage\",\"isPartOf\":{\"@id\":\"https:\/\/musique-equilibre.com\/me\/#website\"},\"primaryImageOfPage\":{\"@id\":\"https:\/\/musique-equilibre.com\/me\/index.php\/cours-de-mixage-2\/#primaryimage\"},\"image\":{\"@id\":\"https:\/\/musique-equilibre.com\/me\/index.php\/cours-de-mixage-2\/#primaryimage\"},\"thumbnailUrl\":\"http:\/\/musique-equilibre.com\/me\/wp-content\/uploads\/2019\/11\/Romain-Clement-guitare-150x150.png\",\"datePublished\":\"2024-10-08T14:29:05+00:00\",\"dateModified\":\"2024-10-10T12:48:49+00:00\",\"description\":\"Cours de mixage au sein de Musique et \u00c9quilibre \u00e0 Orl\u00e9ans avec Romain Cl\u00e9ment Les cours se d\u00e9roulent au 108 ou \u00e0 l'Argonaute\",\"breadcrumb\":{\"@id\":\"https:\/\/musique-equilibre.com\/me\/index.php\/cours-de-mixage-2\/#breadcrumb\"},\"inLanguage\":\"fr-FR\",\"potentialAction\":[{\"@type\":\"ReadAction\",\"target\":[\"https:\/\/musique-equilibre.com\/me\/index.php\/cours-de-mixage-2\/\"]}]},{\"@type\":\"ImageObject\",\"inLanguage\":\"fr-FR\",\"@id\":\"https:\/\/musique-equilibre.com\/me\/index.php\/cours-de-mixage-2\/#primaryimage\",\"url\":\"http:\/\/musique-equilibre.com\/me\/wp-content\/uploads\/2019\/11\/Romain-Clement-guitare-150x150.png\",\"contentUrl\":\"http:\/\/musique-equilibre.com\/me\/wp-content\/uploads\/2019\/11\/Romain-Clement-guitare-150x150.png\"},{\"@type\":\"BreadcrumbList\",\"@id\":\"https:\/\/musique-equilibre.com\/me\/index.php\/cours-de-mixage-2\/#breadcrumb\",\"itemListElement\":[{\"@type\":\"ListItem\",\"position\":1,\"name\":\"Accueil\",\"item\":\"https:\/\/musique-equilibre.com\/me\/\"},{\"@type\":\"ListItem\",\"position\":2,\"name\":\"Cours de mixage\"}]},{\"@type\":\"WebSite\",\"@id\":\"https:\/\/musique-equilibre.com\/me\/#website\",\"url\":\"https:\/\/musique-equilibre.com\/me\/\",\"name\":\"Musique et Equilibre\",\"description\":\"\",\"publisher\":{\"@id\":\"https:\/\/musique-equilibre.com\/me\/#organization\"},\"potentialAction\":[{\"@type\":\"SearchAction\",\"target\":{\"@type\":\"EntryPoint\",\"urlTemplate\":\"https:\/\/musique-equilibre.com\/me\/?s={search_term_string}\"},\"query-input\":{\"@type\":\"PropertyValueSpecification\",\"valueRequired\":true,\"valueName\":\"search_term_string\"}}],\"inLanguage\":\"fr-FR\"},{\"@type\":\"Organization\",\"@id\":\"https:\/\/musique-equilibre.com\/me\/#organization\",\"name\":\"Musique et Equilibre\",\"alternateName\":\"\u00c9cole de musique et salle de concert \u00e0 Orl\u00e9ans\",\"url\":\"https:\/\/musique-equilibre.com\/me\/\",\"logo\":{\"@type\":\"ImageObject\",\"inLanguage\":\"fr-FR\",\"@id\":\"https:\/\/musique-equilibre.com\/me\/#\/schema\/logo\/image\/\",\"url\":\"https:\/\/musique-equilibre.com\/me\/wp-content\/uploads\/2022\/11\/cropped-Logo_orange_texture-1.png\",\"contentUrl\":\"https:\/\/musique-equilibre.com\/me\/wp-content\/uploads\/2022\/11\/cropped-Logo_orange_texture-1.png\",\"width\":512,\"height\":512,\"caption\":\"Musique et Equilibre\"},\"image\":{\"@id\":\"https:\/\/musique-equilibre.com\/me\/#\/schema\/logo\/image\/\"},\"sameAs\":[\"https:\/\/www.facebook.com\/MusiqueetEquilibre45\",\"https:\/\/x.com\/Musiquequilibre\",\"https:\/\/www.instagram.com\/musique_et_equilibre_\/\",\"https:\/\/www.linkedin.com\/company\/musique-&amp;-equilibre\/\",\"https:\/\/www.youtube.com\/c\/MusiqueEquilibreOrleans\/\"]}]}<\/script>\n<!-- \/ Yoast SEO plugin. -->","yoast_head_json":{"title":"cours de mixage","description":"Cours de mixage au sein de Musique et \u00c9quilibre \u00e0 Orl\u00e9ans avec Romain Cl\u00e9ment Les cours se d\u00e9roulent au 108 ou \u00e0 l'Argonaute","robots":{"index":"index","follow":"follow","max-snippet":"max-snippet:-1","max-image-preview":"max-image-preview:large","max-video-preview":"max-video-preview:-1"},"canonical":"https:\/\/musique-equilibre.com\/me\/index.php\/cours-de-mixage-2\/","og_locale":"fr_FR","og_type":"article","og_title":"cours de mixage","og_description":"Cours de mixage au sein de Musique et \u00c9quilibre \u00e0 Orl\u00e9ans avec Romain Cl\u00e9ment Les cours se d\u00e9roulent au 108 ou \u00e0 l'Argonaute","og_url":"https:\/\/musique-equilibre.com\/me\/index.php\/cours-de-mixage-2\/","og_site_name":"Musique et Equilibre","article_publisher":"https:\/\/www.facebook.com\/MusiqueetEquilibre45","article_modified_time":"2024-10-10T12:48:49+00:00","og_image":[{"url":"http:\/\/musique-equilibre.com\/me\/wp-content\/uploads\/2019\/11\/Romain-Clement-guitare-150x150.png","type":"","width":"","height":""}],"twitter_card":"summary_large_image","twitter_site":"@Musiquequilibre","twitter_misc":{"Dur\u00e9e de lecture estim\u00e9e":"1 minute"},"schema":{"@context":"https:\/\/schema.org","@graph":[{"@type":"WebPage","@id":"https:\/\/musique-equilibre.com\/me\/index.php\/cours-de-mixage-2\/","url":"https:\/\/musique-equilibre.com\/me\/index.php\/cours-de-mixage-2\/","name":"cours de mixage","isPartOf":{"@id":"https:\/\/musique-equilibre.com\/me\/#website"},"primaryImageOfPage":{"@id":"https:\/\/musique-equilibre.com\/me\/index.php\/cours-de-mixage-2\/#primaryimage"},"image":{"@id":"https:\/\/musique-equilibre.com\/me\/index.php\/cours-de-mixage-2\/#primaryimage"},"thumbnailUrl":"http:\/\/musique-equilibre.com\/me\/wp-content\/uploads\/2019\/11\/Romain-Clement-guitare-150x150.png","datePublished":"2024-10-08T14:29:05+00:00","dateModified":"2024-10-10T12:48:49+00:00","description":"Cours de mixage au sein de Musique et \u00c9quilibre \u00e0 Orl\u00e9ans avec Romain Cl\u00e9ment Les cours se d\u00e9roulent au 108 ou \u00e0 l'Argonaute","breadcrumb":{"@id":"https:\/\/musique-equilibre.com\/me\/index.php\/cours-de-mixage-2\/#breadcrumb"},"inLanguage":"fr-FR","potentialAction":[{"@type":"ReadAction","target":["https:\/\/musique-equilibre.com\/me\/index.php\/cours-de-mixage-2\/"]}]},{"@type":"ImageObject","inLanguage":"fr-FR","@id":"https:\/\/musique-equilibre.com\/me\/index.php\/cours-de-mixage-2\/#primaryimage","url":"http:\/\/musique-equilibre.com\/me\/wp-content\/uploads\/2019\/11\/Romain-Clement-guitare-150x150.png","contentUrl":"http:\/\/musique-equilibre.com\/me\/wp-content\/uploads\/2019\/11\/Romain-Clement-guitare-150x150.png"},{"@type":"BreadcrumbList","@id":"https:\/\/musique-equilibre.com\/me\/index.php\/cours-de-mixage-2\/#breadcrumb","itemListElement":[{"@type":"ListItem","position":1,"name":"Accueil","item":"https:\/\/musique-equilibre.com\/me\/"},{"@type":"ListItem","position":2,"name":"Cours de mixage"}]},{"@type":"WebSite","@id":"https:\/\/musique-equilibre.com\/me\/#website","url":"https:\/\/musique-equilibre.com\/me\/","name":"Musique et Equilibre","description":"","publisher":{"@id":"https:\/\/musique-equilibre.com\/me\/#organization"},"potentialAction":[{"@type":"SearchAction","target":{"@type":"EntryPoint","urlTemplate":"https:\/\/musique-equilibre.com\/me\/?s={search_term_string}"},"query-input":{"@type":"PropertyValueSpecification","valueRequired":true,"valueName":"search_term_string"}}],"inLanguage":"fr-FR"},{"@type":"Organization","@id":"https:\/\/musique-equilibre.com\/me\/#organization","name":"Musique et Equilibre","alternateName":"\u00c9cole de musique et salle de concert \u00e0 Orl\u00e9ans","url":"https:\/\/musique-equilibre.com\/me\/","logo":{"@type":"ImageObject","inLanguage":"fr-FR","@id":"https:\/\/musique-equilibre.com\/me\/#\/schema\/logo\/image\/","url":"https:\/\/musique-equilibre.com\/me\/wp-content\/uploads\/2022\/11\/cropped-Logo_orange_texture-1.png","contentUrl":"https:\/\/musique-equilibre.com\/me\/wp-content\/uploads\/2022\/11\/cropped-Logo_orange_texture-1.png","width":512,"height":512,"caption":"Musique et Equilibre"},"image":{"@id":"https:\/\/musique-equilibre.com\/me\/#\/schema\/logo\/image\/"},"sameAs":["https:\/\/www.facebook.com\/MusiqueetEquilibre45","https:\/\/x.com\/Musiquequilibre","https:\/\/www.instagram.com\/musique_et_equilibre_\/","https:\/\/www.linkedin.com\/company\/musique-&amp;-equilibre\/","https:\/\/www.youtube.com\/c\/MusiqueEquilibreOrleans\/"]}]}},"_links":{"self":[{"href":"https:\/\/musique-equilibre.com\/me\/index.php\/wp-json\/wp\/v2\/pages\/15156","targetHints":{"allow":["GET"]}}],"collection":[{"href":"https:\/\/musique-equilibre.com\/me\/index.php\/wp-json\/wp\/v2\/pages"}],"about":[{"href":"https:\/\/musique-equilibre.com\/me\/index.php\/wp-json\/wp\/v2\/types\/page"}],"author":[{"embeddable":true,"href":"https:\/\/musique-equilibre.com\/me\/index.php\/wp-json\/wp\/v2\/users\/1"}],"replies":[{"embeddable":true,"href":"https:\/\/musique-equilibre.com\/me\/index.php\/wp-json\/wp\/v2\/comments?post=15156"}],"version-history":[{"count":2,"href":"https:\/\/musique-equilibre.com\/me\/index.php\/wp-json\/wp\/v2\/pages\/15156\/revisions"}],"predecessor-version":[{"id":15163,"href":"https:\/\/musique-equilibre.com\/me\/index.php\/wp-json\/wp\/v2\/pages\/15156\/revisions\/15163"}],"wp:attachment":[{"href":"https:\/\/musique-equilibre.com\/me\/index.php\/wp-json\/wp\/v2\/media?parent=15156"}],"curies":[{"name":"wp","href":"https:\/\/api.w.org\/{rel}","templated":true}]}}