{"id":144,"date":"2018-07-02T20:09:29","date_gmt":"2018-07-02T18:09:29","guid":{"rendered":"http:\/\/musique-equilibre.com\/me\/?page_id=144"},"modified":"2025-05-02T15:34:52","modified_gmt":"2025-05-02T13:34:52","slug":"cursus-loisir-cours-musique-orleans","status":"publish","type":"page","link":"https:\/\/musique-equilibre.com\/me\/index.php\/cursus-loisir-cours-musique-orleans\/","title":{"rendered":"<span style=\"font-family: coves;\">Cursus loisir"},"content":{"rendered":"<h2 style=\"text-align: center;\"><span style=\"font-family: coves; color: #e25417;\"><strong>Envie de prendre des cours de musique \u00e0 Orl\u00e9ans ?<\/strong><\/span><\/h2>\n\n\n<figure class=\"wp-block-image size-full\"><img fetchpriority=\"high\" decoding=\"async\" width=\"1366\" height=\"336\" src=\"https:\/\/musique-equilibre.com\/me\/wp-content\/uploads\/2023\/01\/Cursus-loisir.jpg\" alt=\"cursus loisir \u00e9cole de musique cours de musique orleans orl\u00e9ans loiret musiques actuelles sc\u00e8ne concert\" class=\"wp-image-11381\" srcset=\"https:\/\/musique-equilibre.com\/me\/wp-content\/uploads\/2023\/01\/Cursus-loisir.jpg 1366w, https:\/\/musique-equilibre.com\/me\/wp-content\/uploads\/2023\/01\/Cursus-loisir-300x74.jpg 300w, https:\/\/musique-equilibre.com\/me\/wp-content\/uploads\/2023\/01\/Cursus-loisir-1024x252.jpg 1024w, https:\/\/musique-equilibre.com\/me\/wp-content\/uploads\/2023\/01\/Cursus-loisir-150x37.jpg 150w, https:\/\/musique-equilibre.com\/me\/wp-content\/uploads\/2023\/01\/Cursus-loisir-768x189.jpg 768w\" sizes=\"(max-width: 1366px) 100vw, 1366px\" \/><\/figure>\n\n\n<p class=\"has-text-align-center\"><span style=\"font-family: coves;\">Pour ceux et celles qui n\u2019ont jamais os\u00e9 <strong>se lancer<\/strong> ou qui souhaitent am\u00e9liorer leur <strong>pratique<\/strong>, pour ceux et celles qui veulent juste monter un projet ou <strong>jouer<\/strong> avec d\u2019autres, notre \u00e9quipe de <strong>musicien\u00b7ne\u00b7s-enseignant\u00b7e\u00b7s<\/strong> propose divers instruments et ateliers. Des <strong>styles \u00e9clectiques<\/strong>, des <strong>projets vari\u00e9s<\/strong>, une <strong>p\u00e9dagogie innovante<\/strong>\u00a0: c\u2019est la base de l\u2019enseignement \u00e0 Musique et \u00c9quilibre.<\/span><\/p>\n<p class=\"has-text-align-center\"><span style=\"font-family: coves;\">La cursus loisir de Musique et Equilibre comprend plus de 300 \u00e9l\u00e8ves de tout \u00e2ge et de tout niveau. Elle se r\u00e9parti autour d\u2019un axe principal p\u00e9dagogique qui est l\u2019apprentissage d\u2019un instrument avec diff\u00e9rents ateliers satellites.<\/span><\/p>\n\n\n<div class=\"wp-block-columns has-background is-layout-flex wp-container-core-columns-is-layout-9d6595d7 wp-block-columns-is-layout-flex\" style=\"background-color:#e25417\">\n<div class=\"wp-block-column has-white-background-color has-background is-layout-flow wp-block-column-is-layout-flow\">\n<p class=\"has-text-align-center has-white-color has-text-color\"><a href=\"https:\/\/musique-equilibre.com\/me\/index.php\/cours-de-musique-individuels\/\/\" target=\"_blank\" rel=\"noreferrer noopener\">INDIVIDUELS<\/a><\/p>\n<\/div>\n\n\n\n<div class=\"wp-block-column has-white-background-color has-background is-layout-flow wp-block-column-is-layout-flow\">\n<p class=\"has-text-align-center has-black-color has-text-color\"><a href=\"https:\/\/musique-equilibre.com\/me\/index.php\/cours-musique-collectif-orleans\/\" target=\"_blank\" rel=\"noreferrer noopener\">COLLECTIFS<\/a><\/p>\n<\/div>\n\n\n\n<div class=\"wp-block-column has-white-background-color has-background is-layout-flow wp-block-column-is-layout-flow\">\n<p class=\"has-text-align-center has-black-color has-text-color\"><a href=\"https:\/\/musique-equilibre.com\/me\/index.php\/ateliers-de-musique\/\" target=\"_blank\" rel=\"noreferrer noopener\">ATELIERS<\/a><\/p>\n<\/div>\n<\/div>\n\n\n\n<p class=\"has-text-align-center has-white-color has-text-color has-background has-medium-font-size\" style=\"background-color:#e25417\">O\u00f9 se d\u00e9roule nos cours ?<\/p>\n\n\n<p style=\"text-align: center;\"><a href=\"https:\/\/le108.org\/\" target=\"_blank\" rel=\"noopener\"><span style=\"font-family: coves;\"><strong><span style=\"font-size: 18pt; color: #e25417;\">AU 108<\/span><\/strong><\/span><\/a><\/p>\n\n\n<center> <iframe src=\"https:\/\/www.google.com\/maps\/embed?pb=!1m18!1m12!1m3!1d2674.2907789522774!2d1.92894417676844!3d47.91141086687893!2m3!1f0!2f0!3f0!3m2!1i1024!2i768!4f13.1!3m3!1m2!1s0x47e4fb5477223d6f%3A0x19b1c30ceccfa6a9!2sMusique%20Et%20%C3%89quilibre%20%2F%20%C3%89cole%20de%20Musiques%20Actuelles%20et%20salle%20de%20concerts!5e0!3m2!1sfr!2sfr!4v1695116468542!5m2!1sfr!2sfr\" width=\"600\" height=\"450\" style=\"border:0;\" allowfullscreen=\"\" loading=\"lazy\" referrerpolicy=\"no-referrer-when-downgrade\"><\/iframe>\n\n\n<p style=\"text-align: center;\"><a href=\"https:\/\/www.orleans.fr\/que-faire-a-orleans\/equipements-sportifs\/largonaute\" target=\"_blank\" rel=\"noopener\"><span style=\"font-family: coves;\"><strong><span style=\"color: #e25417; font-size: 18pt;\">\u00c0 L&rsquo;ARGONAUTE<\/span><\/strong><\/span><\/a><\/p>\n\n\n<center> \n<iframe src=\"https:\/\/www.google.com\/maps\/embed?pb=!1m18!1m12!1m3!1d2674.2907789522774!2d1.92894417676844!3d47.91141086687893!2m3!1f0!2f0!3f0!3m2!1i1024!2i768!4f13.1!3m3!1m2!1s0x47e4fb5477223d6f%3A0x19b1c30ceccfa6a9!2sMusique%20Et%20%C3%89quilibre%20%2F%20%C3%89cole%20de%20Musiques%20Actuelles%20et%20salle%20de%20concerts!5e0!3m2!1sfr!2sfr!4v1695116813590!5m2!1sfr!2sfr\" width=\"600\" height=\"450\" style=\"border:0;\" allowfullscreen=\"\" loading=\"lazy\" referrerpolicy=\"no-referrer-when-downgrade\"><\/iframe><\/center>\n","protected":false},"excerpt":{"rendered":"<p>Envie de prendre des cours de musique \u00e0 Orl\u00e9ans ? Pour ceux et celles qui n\u2019ont jamais os\u00e9 se lancer ou qui souhaitent am\u00e9liorer leur pratique, pour ceux et celles qui veulent juste monter un projet ou jouer avec d\u2019autres, notre \u00e9quipe de musicien\u00b7ne\u00b7s-enseignant\u00b7e\u00b7s propose divers instruments et ateliers. Des styles \u00e9clectiques, des projets vari\u00e9s, [&hellip;]<\/p>\n","protected":false},"author":1,"featured_media":0,"parent":0,"menu_order":0,"comment_status":"closed","ping_status":"closed","template":"","meta":{"footnotes":""},"class_list":["post-144","page","type-page","status-publish","czr-hentry"],"yoast_head":"<!-- This site is optimized with the Yoast SEO plugin v26.8 - https:\/\/yoast.com\/product\/yoast-seo-wordpress\/ -->\n<title>Cursus loisir - Musique et Equilibre<\/title>\n<meta name=\"description\" content=\"Venez d\u00e9couvrir les cours de musique que propose Musique et Equilibre en cursus loisir, au 108 ou \u00e0 l&#039;Argonaute \u00e0 Orl\u00e9ans.\" \/>\n<meta name=\"robots\" content=\"index, follow, max-snippet:-1, max-image-preview:large, max-video-preview:-1\" \/>\n<link rel=\"canonical\" href=\"https:\/\/musique-equilibre.com\/me\/index.php\/cursus-loisir-cours-musique-orleans\/\" \/>\n<meta property=\"og:locale\" content=\"fr_FR\" \/>\n<meta property=\"og:type\" content=\"article\" \/>\n<meta property=\"og:title\" content=\"Cursus loisir - Musique et Equilibre\" \/>\n<meta property=\"og:description\" content=\"Venez d\u00e9couvrir les cours de musique que propose Musique et Equilibre en cursus loisir, au 108 ou \u00e0 l&#039;Argonaute \u00e0 Orl\u00e9ans.\" \/>\n<meta property=\"og:url\" content=\"https:\/\/musique-equilibre.com\/me\/index.php\/cursus-loisir-cours-musique-orleans\/\" \/>\n<meta property=\"og:site_name\" content=\"Musique et Equilibre\" \/>\n<meta property=\"article:publisher\" content=\"https:\/\/www.facebook.com\/MusiqueetEquilibre45\" \/>\n<meta property=\"article:modified_time\" content=\"2025-05-02T13:34:52+00:00\" \/>\n<meta property=\"og:image\" content=\"https:\/\/musique-equilibre.com\/me\/wp-content\/uploads\/2023\/01\/Cursus-loisir.jpg\" \/>\n\t<meta property=\"og:image:width\" content=\"1366\" \/>\n\t<meta property=\"og:image:height\" content=\"336\" \/>\n\t<meta property=\"og:image:type\" content=\"image\/jpeg\" \/>\n<meta name=\"twitter:card\" content=\"summary_large_image\" \/>\n<meta name=\"twitter:site\" content=\"@Musiquequilibre\" \/>\n<meta name=\"twitter:label1\" content=\"Dur\u00e9e de lecture estim\u00e9e\" \/>\n\t<meta name=\"twitter:data1\" content=\"1 minute\" \/>\n<script type=\"application\/ld+json\" class=\"yoast-schema-graph\">{\"@context\":\"https:\/\/schema.org\",\"@graph\":[{\"@type\":\"WebPage\",\"@id\":\"https:\/\/musique-equilibre.com\/me\/index.php\/cursus-loisir-cours-musique-orleans\/\",\"url\":\"https:\/\/musique-equilibre.com\/me\/index.php\/cursus-loisir-cours-musique-orleans\/\",\"name\":\"Cursus loisir - Musique et Equilibre\",\"isPartOf\":{\"@id\":\"https:\/\/musique-equilibre.com\/me\/#website\"},\"primaryImageOfPage\":{\"@id\":\"https:\/\/musique-equilibre.com\/me\/index.php\/cursus-loisir-cours-musique-orleans\/#primaryimage\"},\"image\":{\"@id\":\"https:\/\/musique-equilibre.com\/me\/index.php\/cursus-loisir-cours-musique-orleans\/#primaryimage\"},\"thumbnailUrl\":\"https:\/\/musique-equilibre.com\/me\/wp-content\/uploads\/2023\/01\/Cursus-loisir.jpg\",\"datePublished\":\"2018-07-02T18:09:29+00:00\",\"dateModified\":\"2025-05-02T13:34:52+00:00\",\"description\":\"Venez d\u00e9couvrir les cours de musique que propose Musique et Equilibre en cursus loisir, au 108 ou \u00e0 l'Argonaute \u00e0 Orl\u00e9ans.\",\"breadcrumb\":{\"@id\":\"https:\/\/musique-equilibre.com\/me\/index.php\/cursus-loisir-cours-musique-orleans\/#breadcrumb\"},\"inLanguage\":\"fr-FR\",\"potentialAction\":[{\"@type\":\"ReadAction\",\"target\":[\"https:\/\/musique-equilibre.com\/me\/index.php\/cursus-loisir-cours-musique-orleans\/\"]}]},{\"@type\":\"ImageObject\",\"inLanguage\":\"fr-FR\",\"@id\":\"https:\/\/musique-equilibre.com\/me\/index.php\/cursus-loisir-cours-musique-orleans\/#primaryimage\",\"url\":\"https:\/\/musique-equilibre.com\/me\/wp-content\/uploads\/2023\/01\/Cursus-loisir.jpg\",\"contentUrl\":\"https:\/\/musique-equilibre.com\/me\/wp-content\/uploads\/2023\/01\/Cursus-loisir.jpg\",\"width\":1366,\"height\":336},{\"@type\":\"BreadcrumbList\",\"@id\":\"https:\/\/musique-equilibre.com\/me\/index.php\/cursus-loisir-cours-musique-orleans\/#breadcrumb\",\"itemListElement\":[{\"@type\":\"ListItem\",\"position\":1,\"name\":\"Accueil\",\"item\":\"https:\/\/musique-equilibre.com\/me\/\"},{\"@type\":\"ListItem\",\"position\":2,\"name\":\"Cursus loisir\"}]},{\"@type\":\"WebSite\",\"@id\":\"https:\/\/musique-equilibre.com\/me\/#website\",\"url\":\"https:\/\/musique-equilibre.com\/me\/\",\"name\":\"Musique et Equilibre\",\"description\":\"\",\"publisher\":{\"@id\":\"https:\/\/musique-equilibre.com\/me\/#organization\"},\"potentialAction\":[{\"@type\":\"SearchAction\",\"target\":{\"@type\":\"EntryPoint\",\"urlTemplate\":\"https:\/\/musique-equilibre.com\/me\/?s={search_term_string}\"},\"query-input\":{\"@type\":\"PropertyValueSpecification\",\"valueRequired\":true,\"valueName\":\"search_term_string\"}}],\"inLanguage\":\"fr-FR\"},{\"@type\":\"Organization\",\"@id\":\"https:\/\/musique-equilibre.com\/me\/#organization\",\"name\":\"Musique et Equilibre\",\"alternateName\":\"\u00c9cole de musique et salle de concert \u00e0 Orl\u00e9ans\",\"url\":\"https:\/\/musique-equilibre.com\/me\/\",\"logo\":{\"@type\":\"ImageObject\",\"inLanguage\":\"fr-FR\",\"@id\":\"https:\/\/musique-equilibre.com\/me\/#\/schema\/logo\/image\/\",\"url\":\"https:\/\/musique-equilibre.com\/me\/wp-content\/uploads\/2022\/11\/cropped-Logo_orange_texture-1.png\",\"contentUrl\":\"https:\/\/musique-equilibre.com\/me\/wp-content\/uploads\/2022\/11\/cropped-Logo_orange_texture-1.png\",\"width\":512,\"height\":512,\"caption\":\"Musique et Equilibre\"},\"image\":{\"@id\":\"https:\/\/musique-equilibre.com\/me\/#\/schema\/logo\/image\/\"},\"sameAs\":[\"https:\/\/www.facebook.com\/MusiqueetEquilibre45\",\"https:\/\/x.com\/Musiquequilibre\",\"https:\/\/www.instagram.com\/musique_et_equilibre_\/\",\"https:\/\/www.linkedin.com\/company\/musique-&amp;-equilibre\/\",\"https:\/\/www.youtube.com\/c\/MusiqueEquilibreOrleans\/\"]}]}<\/script>\n<!-- \/ Yoast SEO plugin. -->","yoast_head_json":{"title":"Cursus loisir - Musique et Equilibre","description":"Venez d\u00e9couvrir les cours de musique que propose Musique et Equilibre en cursus loisir, au 108 ou \u00e0 l'Argonaute \u00e0 Orl\u00e9ans.","robots":{"index":"index","follow":"follow","max-snippet":"max-snippet:-1","max-image-preview":"max-image-preview:large","max-video-preview":"max-video-preview:-1"},"canonical":"https:\/\/musique-equilibre.com\/me\/index.php\/cursus-loisir-cours-musique-orleans\/","og_locale":"fr_FR","og_type":"article","og_title":"Cursus loisir - Musique et Equilibre","og_description":"Venez d\u00e9couvrir les cours de musique que propose Musique et Equilibre en cursus loisir, au 108 ou \u00e0 l'Argonaute \u00e0 Orl\u00e9ans.","og_url":"https:\/\/musique-equilibre.com\/me\/index.php\/cursus-loisir-cours-musique-orleans\/","og_site_name":"Musique et Equilibre","article_publisher":"https:\/\/www.facebook.com\/MusiqueetEquilibre45","article_modified_time":"2025-05-02T13:34:52+00:00","og_image":[{"width":1366,"height":336,"url":"https:\/\/musique-equilibre.com\/me\/wp-content\/uploads\/2023\/01\/Cursus-loisir.jpg","type":"image\/jpeg"}],"twitter_card":"summary_large_image","twitter_site":"@Musiquequilibre","twitter_misc":{"Dur\u00e9e de lecture estim\u00e9e":"1 minute"},"schema":{"@context":"https:\/\/schema.org","@graph":[{"@type":"WebPage","@id":"https:\/\/musique-equilibre.com\/me\/index.php\/cursus-loisir-cours-musique-orleans\/","url":"https:\/\/musique-equilibre.com\/me\/index.php\/cursus-loisir-cours-musique-orleans\/","name":"Cursus loisir - Musique et Equilibre","isPartOf":{"@id":"https:\/\/musique-equilibre.com\/me\/#website"},"primaryImageOfPage":{"@id":"https:\/\/musique-equilibre.com\/me\/index.php\/cursus-loisir-cours-musique-orleans\/#primaryimage"},"image":{"@id":"https:\/\/musique-equilibre.com\/me\/index.php\/cursus-loisir-cours-musique-orleans\/#primaryimage"},"thumbnailUrl":"https:\/\/musique-equilibre.com\/me\/wp-content\/uploads\/2023\/01\/Cursus-loisir.jpg","datePublished":"2018-07-02T18:09:29+00:00","dateModified":"2025-05-02T13:34:52+00:00","description":"Venez d\u00e9couvrir les cours de musique que propose Musique et Equilibre en cursus loisir, au 108 ou \u00e0 l'Argonaute \u00e0 Orl\u00e9ans.","breadcrumb":{"@id":"https:\/\/musique-equilibre.com\/me\/index.php\/cursus-loisir-cours-musique-orleans\/#breadcrumb"},"inLanguage":"fr-FR","potentialAction":[{"@type":"ReadAction","target":["https:\/\/musique-equilibre.com\/me\/index.php\/cursus-loisir-cours-musique-orleans\/"]}]},{"@type":"ImageObject","inLanguage":"fr-FR","@id":"https:\/\/musique-equilibre.com\/me\/index.php\/cursus-loisir-cours-musique-orleans\/#primaryimage","url":"https:\/\/musique-equilibre.com\/me\/wp-content\/uploads\/2023\/01\/Cursus-loisir.jpg","contentUrl":"https:\/\/musique-equilibre.com\/me\/wp-content\/uploads\/2023\/01\/Cursus-loisir.jpg","width":1366,"height":336},{"@type":"BreadcrumbList","@id":"https:\/\/musique-equilibre.com\/me\/index.php\/cursus-loisir-cours-musique-orleans\/#breadcrumb","itemListElement":[{"@type":"ListItem","position":1,"name":"Accueil","item":"https:\/\/musique-equilibre.com\/me\/"},{"@type":"ListItem","position":2,"name":"Cursus loisir"}]},{"@type":"WebSite","@id":"https:\/\/musique-equilibre.com\/me\/#website","url":"https:\/\/musique-equilibre.com\/me\/","name":"Musique et Equilibre","description":"","publisher":{"@id":"https:\/\/musique-equilibre.com\/me\/#organization"},"potentialAction":[{"@type":"SearchAction","target":{"@type":"EntryPoint","urlTemplate":"https:\/\/musique-equilibre.com\/me\/?s={search_term_string}"},"query-input":{"@type":"PropertyValueSpecification","valueRequired":true,"valueName":"search_term_string"}}],"inLanguage":"fr-FR"},{"@type":"Organization","@id":"https:\/\/musique-equilibre.com\/me\/#organization","name":"Musique et Equilibre","alternateName":"\u00c9cole de musique et salle de concert \u00e0 Orl\u00e9ans","url":"https:\/\/musique-equilibre.com\/me\/","logo":{"@type":"ImageObject","inLanguage":"fr-FR","@id":"https:\/\/musique-equilibre.com\/me\/#\/schema\/logo\/image\/","url":"https:\/\/musique-equilibre.com\/me\/wp-content\/uploads\/2022\/11\/cropped-Logo_orange_texture-1.png","contentUrl":"https:\/\/musique-equilibre.com\/me\/wp-content\/uploads\/2022\/11\/cropped-Logo_orange_texture-1.png","width":512,"height":512,"caption":"Musique et Equilibre"},"image":{"@id":"https:\/\/musique-equilibre.com\/me\/#\/schema\/logo\/image\/"},"sameAs":["https:\/\/www.facebook.com\/MusiqueetEquilibre45","https:\/\/x.com\/Musiquequilibre","https:\/\/www.instagram.com\/musique_et_equilibre_\/","https:\/\/www.linkedin.com\/company\/musique-&amp;-equilibre\/","https:\/\/www.youtube.com\/c\/MusiqueEquilibreOrleans\/"]}]}},"_links":{"self":[{"href":"https:\/\/musique-equilibre.com\/me\/index.php\/wp-json\/wp\/v2\/pages\/144","targetHints":{"allow":["GET"]}}],"collection":[{"href":"https:\/\/musique-equilibre.com\/me\/index.php\/wp-json\/wp\/v2\/pages"}],"about":[{"href":"https:\/\/musique-equilibre.com\/me\/index.php\/wp-json\/wp\/v2\/types\/page"}],"author":[{"embeddable":true,"href":"https:\/\/musique-equilibre.com\/me\/index.php\/wp-json\/wp\/v2\/users\/1"}],"replies":[{"embeddable":true,"href":"https:\/\/musique-equilibre.com\/me\/index.php\/wp-json\/wp\/v2\/comments?post=144"}],"version-history":[{"count":104,"href":"https:\/\/musique-equilibre.com\/me\/index.php\/wp-json\/wp\/v2\/pages\/144\/revisions"}],"predecessor-version":[{"id":16784,"href":"https:\/\/musique-equilibre.com\/me\/index.php\/wp-json\/wp\/v2\/pages\/144\/revisions\/16784"}],"wp:attachment":[{"href":"https:\/\/musique-equilibre.com\/me\/index.php\/wp-json\/wp\/v2\/media?parent=144"}],"curies":[{"name":"wp","href":"https:\/\/api.w.org\/{rel}","templated":true}]}}