{"id":1411,"date":"2018-09-17T18:33:32","date_gmt":"2018-09-17T16:33:32","guid":{"rendered":"http:\/\/musique-equilibre.com\/me\/?page_id=1411"},"modified":"2020-04-29T10:44:45","modified_gmt":"2020-04-29T08:44:45","slug":"2018-2019-coursmusiqueorleans","status":"publish","type":"page","link":"https:\/\/musique-equilibre.com\/me\/index.php\/2018-2019-coursmusiqueorleans\/","title":{"rendered":"<span style=\"font-family: coves;\">2018-2019"},"content":{"rendered":"<blockquote class=\"wp-embedded-content\" data-secret=\"bLpT8MTiGv\"><p><a href=\"https:\/\/musique-equilibre.com\/me\/index.php\/2019\/05\/14\/radio-france-bleu-8-mai-2019\/\">RADIO \/ France Bleu \u2013 8 Mai 2019<\/a><\/p><\/blockquote>\n<p><iframe class=\"wp-embedded-content\" sandbox=\"allow-scripts\" security=\"restricted\" style=\"position: absolute; clip: rect(1px, 1px, 1px, 1px);\" src=\"https:\/\/musique-equilibre.com\/me\/index.php\/2019\/05\/14\/radio-france-bleu-8-mai-2019\/embed\/#?secret=bLpT8MTiGv\" data-secret=\"bLpT8MTiGv\" width=\"600\" height=\"338\" title=\"\u00ab\u00a0&lt;span style=&quot;font-family: coves;&quot;&gt;RADIO \/ France Bleu \u2013 8 Mai 2019\u00a0\u00bb &#8212; Musique et Equilibre\" frameborder=\"0\" marginwidth=\"0\" marginheight=\"0\" scrolling=\"no\"><\/iframe><\/p>\n<blockquote class=\"wp-embedded-content\" data-secret=\"NGWZNB03Zy\"><p><a href=\"https:\/\/musique-equilibre.com\/me\/index.php\/2019\/05\/14\/presse-la-rep-7-mai-2019\/\">PRESSE \/ La Rep \u2013 7 Mai 2019<\/a><\/p><\/blockquote>\n<p><iframe class=\"wp-embedded-content\" sandbox=\"allow-scripts\" security=\"restricted\" style=\"position: absolute; clip: rect(1px, 1px, 1px, 1px);\" src=\"https:\/\/musique-equilibre.com\/me\/index.php\/2019\/05\/14\/presse-la-rep-7-mai-2019\/embed\/#?secret=NGWZNB03Zy\" data-secret=\"NGWZNB03Zy\" width=\"600\" height=\"338\" title=\"\u00ab\u00a0&lt;span style=&quot;font-family: coves;&quot;&gt;PRESSE \/ La Rep \u2013 7 Mai 2019\u00a0\u00bb &#8212; Musique et Equilibre\" frameborder=\"0\" marginwidth=\"0\" marginheight=\"0\" scrolling=\"no\"><\/iframe><\/p>\n<blockquote class=\"wp-embedded-content\" data-secret=\"fhdtTZl4NO\"><p><a href=\"https:\/\/musique-equilibre.com\/me\/index.php\/2019\/05\/06\/web-magcentre-6-mai-2019\/\">WEB \/ MagCentre \u2013 6 Mai 2019<\/a><\/p><\/blockquote>\n<p><iframe class=\"wp-embedded-content\" sandbox=\"allow-scripts\" security=\"restricted\" style=\"position: absolute; clip: rect(1px, 1px, 1px, 1px);\" src=\"https:\/\/musique-equilibre.com\/me\/index.php\/2019\/05\/06\/web-magcentre-6-mai-2019\/embed\/#?secret=fhdtTZl4NO\" data-secret=\"fhdtTZl4NO\" width=\"600\" height=\"338\" title=\"\u00ab\u00a0&lt;span style=&quot;font-family: coves;&quot;&gt;WEB \/ MagCentre \u2013 6 Mai 2019\u00a0\u00bb &#8212; Musique et Equilibre\" frameborder=\"0\" marginwidth=\"0\" marginheight=\"0\" scrolling=\"no\"><\/iframe><\/p>\n<blockquote class=\"wp-embedded-content\" data-secret=\"KvPOD5APWo\"><p><a href=\"https:\/\/musique-equilibre.com\/me\/index.php\/2019\/05\/03\/presse-stud-magazine-mai-2019\/\">PRESSE \/ Stud Magazine  \u2013 Mai 2019<\/a><\/p><\/blockquote>\n<p><iframe class=\"wp-embedded-content\" sandbox=\"allow-scripts\" security=\"restricted\" style=\"position: absolute; clip: rect(1px, 1px, 1px, 1px);\" src=\"https:\/\/musique-equilibre.com\/me\/index.php\/2019\/05\/03\/presse-stud-magazine-mai-2019\/embed\/#?secret=KvPOD5APWo\" data-secret=\"KvPOD5APWo\" width=\"600\" height=\"338\" title=\"\u00ab\u00a0&lt;span style=&quot;font-family: coves;&quot;&gt;PRESSE \/ Stud Magazine  \u2013 Mai 2019\u00a0\u00bb &#8212; Musique et Equilibre\" frameborder=\"0\" marginwidth=\"0\" marginheight=\"0\" scrolling=\"no\"><\/iframe><\/p>\n<blockquote class=\"wp-embedded-content\" data-secret=\"Co9K9rQqim\"><p><a href=\"https:\/\/musique-equilibre.com\/me\/index.php\/2019\/05\/03\/presse-orleans-mag-mai-2019\/\">PRESSE \/ Orl\u00e9ans Mag  \u2013 Mai 2019<\/a><\/p><\/blockquote>\n<p><iframe class=\"wp-embedded-content\" sandbox=\"allow-scripts\" security=\"restricted\" style=\"position: absolute; clip: rect(1px, 1px, 1px, 1px);\" src=\"https:\/\/musique-equilibre.com\/me\/index.php\/2019\/05\/03\/presse-orleans-mag-mai-2019\/embed\/#?secret=Co9K9rQqim\" data-secret=\"Co9K9rQqim\" width=\"600\" height=\"338\" title=\"\u00ab\u00a0&lt;span style=&quot;font-family: coves;&quot;&gt;PRESSE \/ Orl\u00e9ans Mag  \u2013 Mai 2019\u00a0\u00bb &#8212; Musique et Equilibre\" frameborder=\"0\" marginwidth=\"0\" marginheight=\"0\" scrolling=\"no\"><\/iframe><\/p>\n<blockquote class=\"wp-embedded-content\" data-secret=\"sAyf1gRFb6\"><p><a href=\"https:\/\/musique-equilibre.com\/me\/index.php\/2019\/05\/06\/web-college-gutenberg-25-avril-2019\/\">WEB \/ Coll\u00e8ge Gutenberg \u2013 25 Avril 2019<\/a><\/p><\/blockquote>\n<p><iframe class=\"wp-embedded-content\" sandbox=\"allow-scripts\" security=\"restricted\" style=\"position: absolute; clip: rect(1px, 1px, 1px, 1px);\" src=\"https:\/\/musique-equilibre.com\/me\/index.php\/2019\/05\/06\/web-college-gutenberg-25-avril-2019\/embed\/#?secret=sAyf1gRFb6\" data-secret=\"sAyf1gRFb6\" width=\"600\" height=\"338\" title=\"\u00ab\u00a0&lt;span style=&quot;font-family: coves;&quot;&gt;WEB \/ Coll\u00e8ge Gutenberg \u2013 25 Avril 2019\u00a0\u00bb &#8212; Musique et Equilibre\" frameborder=\"0\" marginwidth=\"0\" marginheight=\"0\" scrolling=\"no\"><\/iframe><\/p>\n<blockquote class=\"wp-embedded-content\" data-secret=\"LrpX7PCuyT\"><p><a href=\"https:\/\/musique-equilibre.com\/me\/index.php\/2019\/04\/16\/radio-radio-campus-avril-2019\/\">RADIO \/ Radio Campus &#8211; Avril 2019<\/a><\/p><\/blockquote>\n<p><iframe title=\"\u00ab\u00a0&lt;span style=&quot;font-family: coves;&quot;&gt;RADIO \/ Radio Campus &#8211; Avril 2019\u00a0\u00bb &#8212; Musique et Equilibre\" class=\"wp-embedded-content\" sandbox=\"allow-scripts\" security=\"restricted\" style=\"position: absolute; clip: rect(1px, 1px, 1px, 1px);\" src=\"https:\/\/musique-equilibre.com\/me\/index.php\/2019\/04\/16\/radio-radio-campus-avril-2019\/embed\/#?secret=LrpX7PCuyT\" data-secret=\"LrpX7PCuyT\" width=\"600\" height=\"338\" frameborder=\"0\" marginwidth=\"0\" marginheight=\"0\" scrolling=\"no\"><\/iframe><\/p>\n<blockquote class=\"wp-embedded-content\" data-secret=\"RXUr2t8OZe\"><p><a href=\"https:\/\/musique-equilibre.com\/me\/index.php\/2019\/02\/25\/presse-orleans-mag-mars-2019\/\">PRESSE \/ Orl\u00e9ans Mag &#8211; Mars 2019<\/a><\/p><\/blockquote>\n<p><iframe title=\"\u00ab\u00a0&lt;span style=&quot;font-family: coves;&quot;&gt;PRESSE \/ Orl\u00e9ans Mag &#8211; Mars 2019\u00a0\u00bb &#8212; Musique et Equilibre\" class=\"wp-embedded-content\" sandbox=\"allow-scripts\" security=\"restricted\" style=\"position: absolute; clip: rect(1px, 1px, 1px, 1px);\" src=\"https:\/\/musique-equilibre.com\/me\/index.php\/2019\/02\/25\/presse-orleans-mag-mars-2019\/embed\/#?secret=RXUr2t8OZe\" data-secret=\"RXUr2t8OZe\" width=\"600\" height=\"338\" frameborder=\"0\" marginwidth=\"0\" marginheight=\"0\" scrolling=\"no\"><\/iframe><\/p>\n<blockquote class=\"wp-embedded-content\" data-secret=\"fnkM1fVqJt\"><p><a href=\"https:\/\/musique-equilibre.com\/me\/index.php\/2019\/01\/17\/tv-france-bleu-janvier-2019\/\">RADIO \/ France Bleu &#8211; Janvier 2019<\/a><\/p><\/blockquote>\n<p><iframe title=\"\u00ab\u00a0&lt;span style=&quot;font-family: coves;&quot;&gt;RADIO \/ France Bleu &#8211; Janvier 2019\u00a0\u00bb &#8212; Musique et Equilibre\" class=\"wp-embedded-content\" sandbox=\"allow-scripts\" security=\"restricted\" style=\"position: absolute; clip: rect(1px, 1px, 1px, 1px);\" src=\"https:\/\/musique-equilibre.com\/me\/index.php\/2019\/01\/17\/tv-france-bleu-janvier-2019\/embed\/#?secret=fnkM1fVqJt\" data-secret=\"fnkM1fVqJt\" width=\"600\" height=\"338\" frameborder=\"0\" marginwidth=\"0\" marginheight=\"0\" scrolling=\"no\"><\/iframe><\/p>\n<blockquote class=\"wp-embedded-content\" data-secret=\"FJblxFRP6B\"><p><a href=\"https:\/\/musique-equilibre.com\/me\/index.php\/2018\/11\/20\/presse-orleans-mag-novembre-2018\/\">PRESSE \/ Orl\u00e9ans Mag &#8211; Novembre 2018<\/a><\/p><\/blockquote>\n<p><iframe title=\"\u00ab\u00a0&lt;span style=&quot;font-family: coves;&quot;&gt;PRESSE \/ Orl\u00e9ans Mag &#8211; Novembre 2018\u00a0\u00bb &#8212; Musique et Equilibre\" class=\"wp-embedded-content\" sandbox=\"allow-scripts\" security=\"restricted\" style=\"position: absolute; clip: rect(1px, 1px, 1px, 1px);\" src=\"https:\/\/musique-equilibre.com\/me\/index.php\/2018\/11\/20\/presse-orleans-mag-novembre-2018\/embed\/#?secret=FJblxFRP6B\" data-secret=\"FJblxFRP6B\" width=\"600\" height=\"338\" frameborder=\"0\" marginwidth=\"0\" marginheight=\"0\" scrolling=\"no\"><\/iframe><\/p>\n<blockquote class=\"wp-embedded-content\" data-secret=\"mXq0WPz4qs\"><p><a href=\"https:\/\/musique-equilibre.com\/me\/index.php\/2018\/11\/12\/presse-republique-du-centre-jam-27-10-18\/\">PRESSE &#8211; R\u00e9publique du Centre \/ JAM &#8211; Octobre 2018<\/a><\/p><\/blockquote>\n<p><iframe title=\"\u00ab\u00a0&lt;span style=&quot;font-family: coves;&quot;&gt;PRESSE &#8211; R\u00e9publique du Centre \/ JAM &#8211; Octobre 2018\u00a0\u00bb &#8212; Musique et Equilibre\" class=\"wp-embedded-content\" sandbox=\"allow-scripts\" security=\"restricted\" style=\"position: absolute; clip: rect(1px, 1px, 1px, 1px);\" src=\"https:\/\/musique-equilibre.com\/me\/index.php\/2018\/11\/12\/presse-republique-du-centre-jam-27-10-18\/embed\/#?secret=mXq0WPz4qs\" data-secret=\"mXq0WPz4qs\" width=\"600\" height=\"338\" frameborder=\"0\" marginwidth=\"0\" marginheight=\"0\" scrolling=\"no\"><\/iframe><\/p>\n<blockquote class=\"wp-embedded-content\" data-secret=\"moYZBYjyd5\"><p><a href=\"https:\/\/musique-equilibre.com\/me\/index.php\/2018\/11\/20\/tv-9h50-le-matin-en-centre-val-de-loire-septembre-2018\/\">TV \/ 9h50 le matin en Centre-val-de-Loire &#8211; Septembre 2018<\/a><\/p><\/blockquote>\n<p><iframe title=\"\u00ab\u00a0&lt;span style=&quot;font-family: coves;&quot;&gt;TV \/ 9h50 le matin en Centre-val-de-Loire &#8211; Septembre 2018\u00a0\u00bb &#8212; Musique et Equilibre\" class=\"wp-embedded-content\" sandbox=\"allow-scripts\" security=\"restricted\" style=\"position: absolute; clip: rect(1px, 1px, 1px, 1px);\" src=\"https:\/\/musique-equilibre.com\/me\/index.php\/2018\/11\/20\/tv-9h50-le-matin-en-centre-val-de-loire-septembre-2018\/embed\/#?secret=moYZBYjyd5\" data-secret=\"moYZBYjyd5\" width=\"600\" height=\"338\" frameborder=\"0\" marginwidth=\"0\" marginheight=\"0\" scrolling=\"no\"><\/iframe><\/p>\n","protected":false},"excerpt":{"rendered":"<p>RADIO \/ France Bleu \u2013 8 Mai 2019 PRESSE \/ La Rep \u2013 7 Mai 2019 WEB \/ MagCentre \u2013 6 Mai 2019 PRESSE \/ Stud Magazine \u2013 Mai 2019 PRESSE \/ Orl\u00e9ans Mag \u2013 Mai 2019 WEB \/ Coll\u00e8ge Gutenberg \u2013 25 Avril 2019 RADIO \/ Radio Campus &#8211; Avril 2019 PRESSE \/ Orl\u00e9ans [&hellip;]<\/p>\n","protected":false},"author":1,"featured_media":0,"parent":0,"menu_order":0,"comment_status":"closed","ping_status":"closed","template":"","meta":{"footnotes":""},"class_list":["post-1411","page","type-page","status-publish","czr-hentry"],"yoast_head":"<!-- This site is optimized with the Yoast SEO plugin v26.8 - https:\/\/yoast.com\/product\/yoast-seo-wordpress\/ -->\n<title>2018-2019 - Musique et Equilibre<\/title>\n<meta name=\"robots\" content=\"index, follow, max-snippet:-1, max-image-preview:large, max-video-preview:-1\" \/>\n<link rel=\"canonical\" href=\"https:\/\/musique-equilibre.com\/me\/index.php\/2018-2019-coursmusiqueorleans\/\" \/>\n<meta property=\"og:locale\" content=\"fr_FR\" \/>\n<meta property=\"og:type\" content=\"article\" \/>\n<meta property=\"og:title\" content=\"2018-2019 - Musique et Equilibre\" \/>\n<meta property=\"og:description\" content=\"RADIO \/ France Bleu \u2013 8 Mai 2019 PRESSE \/ La Rep \u2013 7 Mai 2019 WEB \/ MagCentre \u2013 6 Mai 2019 PRESSE \/ Stud Magazine \u2013 Mai 2019 PRESSE \/ Orl\u00e9ans Mag \u2013 Mai 2019 WEB \/ Coll\u00e8ge Gutenberg \u2013 25 Avril 2019 RADIO \/ Radio Campus &#8211; Avril 2019 PRESSE \/ Orl\u00e9ans [&hellip;]\" \/>\n<meta property=\"og:url\" content=\"https:\/\/musique-equilibre.com\/me\/index.php\/2018-2019-coursmusiqueorleans\/\" \/>\n<meta property=\"og:site_name\" content=\"Musique et Equilibre\" \/>\n<meta property=\"article:publisher\" content=\"https:\/\/www.facebook.com\/MusiqueetEquilibre45\" \/>\n<meta property=\"article:modified_time\" content=\"2020-04-29T08:44:45+00:00\" \/>\n<meta name=\"twitter:card\" content=\"summary_large_image\" \/>\n<meta name=\"twitter:site\" content=\"@Musiquequilibre\" \/>\n<script type=\"application\/ld+json\" class=\"yoast-schema-graph\">{\"@context\":\"https:\/\/schema.org\",\"@graph\":[{\"@type\":\"WebPage\",\"@id\":\"https:\/\/musique-equilibre.com\/me\/index.php\/2018-2019-coursmusiqueorleans\/\",\"url\":\"https:\/\/musique-equilibre.com\/me\/index.php\/2018-2019-coursmusiqueorleans\/\",\"name\":\"2018-2019 - Musique et Equilibre\",\"isPartOf\":{\"@id\":\"https:\/\/musique-equilibre.com\/me\/#website\"},\"datePublished\":\"2018-09-17T16:33:32+00:00\",\"dateModified\":\"2020-04-29T08:44:45+00:00\",\"breadcrumb\":{\"@id\":\"https:\/\/musique-equilibre.com\/me\/index.php\/2018-2019-coursmusiqueorleans\/#breadcrumb\"},\"inLanguage\":\"fr-FR\",\"potentialAction\":[{\"@type\":\"ReadAction\",\"target\":[\"https:\/\/musique-equilibre.com\/me\/index.php\/2018-2019-coursmusiqueorleans\/\"]}]},{\"@type\":\"BreadcrumbList\",\"@id\":\"https:\/\/musique-equilibre.com\/me\/index.php\/2018-2019-coursmusiqueorleans\/#breadcrumb\",\"itemListElement\":[{\"@type\":\"ListItem\",\"position\":1,\"name\":\"Accueil\",\"item\":\"https:\/\/musique-equilibre.com\/me\/\"},{\"@type\":\"ListItem\",\"position\":2,\"name\":\"2018-2019\"}]},{\"@type\":\"WebSite\",\"@id\":\"https:\/\/musique-equilibre.com\/me\/#website\",\"url\":\"https:\/\/musique-equilibre.com\/me\/\",\"name\":\"Musique et Equilibre\",\"description\":\"\",\"publisher\":{\"@id\":\"https:\/\/musique-equilibre.com\/me\/#organization\"},\"potentialAction\":[{\"@type\":\"SearchAction\",\"target\":{\"@type\":\"EntryPoint\",\"urlTemplate\":\"https:\/\/musique-equilibre.com\/me\/?s={search_term_string}\"},\"query-input\":{\"@type\":\"PropertyValueSpecification\",\"valueRequired\":true,\"valueName\":\"search_term_string\"}}],\"inLanguage\":\"fr-FR\"},{\"@type\":\"Organization\",\"@id\":\"https:\/\/musique-equilibre.com\/me\/#organization\",\"name\":\"Musique et Equilibre\",\"alternateName\":\"\u00c9cole de musique et salle de concert \u00e0 Orl\u00e9ans\",\"url\":\"https:\/\/musique-equilibre.com\/me\/\",\"logo\":{\"@type\":\"ImageObject\",\"inLanguage\":\"fr-FR\",\"@id\":\"https:\/\/musique-equilibre.com\/me\/#\/schema\/logo\/image\/\",\"url\":\"https:\/\/musique-equilibre.com\/me\/wp-content\/uploads\/2022\/11\/cropped-Logo_orange_texture-1.png\",\"contentUrl\":\"https:\/\/musique-equilibre.com\/me\/wp-content\/uploads\/2022\/11\/cropped-Logo_orange_texture-1.png\",\"width\":512,\"height\":512,\"caption\":\"Musique et Equilibre\"},\"image\":{\"@id\":\"https:\/\/musique-equilibre.com\/me\/#\/schema\/logo\/image\/\"},\"sameAs\":[\"https:\/\/www.facebook.com\/MusiqueetEquilibre45\",\"https:\/\/x.com\/Musiquequilibre\",\"https:\/\/www.instagram.com\/musique_et_equilibre_\/\",\"https:\/\/www.linkedin.com\/company\/musique-&amp;-equilibre\/\",\"https:\/\/www.youtube.com\/c\/MusiqueEquilibreOrleans\/\"]}]}<\/script>\n<!-- \/ Yoast SEO plugin. -->","yoast_head_json":{"title":"2018-2019 - Musique et Equilibre","robots":{"index":"index","follow":"follow","max-snippet":"max-snippet:-1","max-image-preview":"max-image-preview:large","max-video-preview":"max-video-preview:-1"},"canonical":"https:\/\/musique-equilibre.com\/me\/index.php\/2018-2019-coursmusiqueorleans\/","og_locale":"fr_FR","og_type":"article","og_title":"2018-2019 - Musique et Equilibre","og_description":"RADIO \/ France Bleu \u2013 8 Mai 2019 PRESSE \/ La Rep \u2013 7 Mai 2019 WEB \/ MagCentre \u2013 6 Mai 2019 PRESSE \/ Stud Magazine \u2013 Mai 2019 PRESSE \/ Orl\u00e9ans Mag \u2013 Mai 2019 WEB \/ Coll\u00e8ge Gutenberg \u2013 25 Avril 2019 RADIO \/ Radio Campus &#8211; Avril 2019 PRESSE \/ Orl\u00e9ans [&hellip;]","og_url":"https:\/\/musique-equilibre.com\/me\/index.php\/2018-2019-coursmusiqueorleans\/","og_site_name":"Musique et Equilibre","article_publisher":"https:\/\/www.facebook.com\/MusiqueetEquilibre45","article_modified_time":"2020-04-29T08:44:45+00:00","twitter_card":"summary_large_image","twitter_site":"@Musiquequilibre","schema":{"@context":"https:\/\/schema.org","@graph":[{"@type":"WebPage","@id":"https:\/\/musique-equilibre.com\/me\/index.php\/2018-2019-coursmusiqueorleans\/","url":"https:\/\/musique-equilibre.com\/me\/index.php\/2018-2019-coursmusiqueorleans\/","name":"2018-2019 - Musique et Equilibre","isPartOf":{"@id":"https:\/\/musique-equilibre.com\/me\/#website"},"datePublished":"2018-09-17T16:33:32+00:00","dateModified":"2020-04-29T08:44:45+00:00","breadcrumb":{"@id":"https:\/\/musique-equilibre.com\/me\/index.php\/2018-2019-coursmusiqueorleans\/#breadcrumb"},"inLanguage":"fr-FR","potentialAction":[{"@type":"ReadAction","target":["https:\/\/musique-equilibre.com\/me\/index.php\/2018-2019-coursmusiqueorleans\/"]}]},{"@type":"BreadcrumbList","@id":"https:\/\/musique-equilibre.com\/me\/index.php\/2018-2019-coursmusiqueorleans\/#breadcrumb","itemListElement":[{"@type":"ListItem","position":1,"name":"Accueil","item":"https:\/\/musique-equilibre.com\/me\/"},{"@type":"ListItem","position":2,"name":"2018-2019"}]},{"@type":"WebSite","@id":"https:\/\/musique-equilibre.com\/me\/#website","url":"https:\/\/musique-equilibre.com\/me\/","name":"Musique et Equilibre","description":"","publisher":{"@id":"https:\/\/musique-equilibre.com\/me\/#organization"},"potentialAction":[{"@type":"SearchAction","target":{"@type":"EntryPoint","urlTemplate":"https:\/\/musique-equilibre.com\/me\/?s={search_term_string}"},"query-input":{"@type":"PropertyValueSpecification","valueRequired":true,"valueName":"search_term_string"}}],"inLanguage":"fr-FR"},{"@type":"Organization","@id":"https:\/\/musique-equilibre.com\/me\/#organization","name":"Musique et Equilibre","alternateName":"\u00c9cole de musique et salle de concert \u00e0 Orl\u00e9ans","url":"https:\/\/musique-equilibre.com\/me\/","logo":{"@type":"ImageObject","inLanguage":"fr-FR","@id":"https:\/\/musique-equilibre.com\/me\/#\/schema\/logo\/image\/","url":"https:\/\/musique-equilibre.com\/me\/wp-content\/uploads\/2022\/11\/cropped-Logo_orange_texture-1.png","contentUrl":"https:\/\/musique-equilibre.com\/me\/wp-content\/uploads\/2022\/11\/cropped-Logo_orange_texture-1.png","width":512,"height":512,"caption":"Musique et Equilibre"},"image":{"@id":"https:\/\/musique-equilibre.com\/me\/#\/schema\/logo\/image\/"},"sameAs":["https:\/\/www.facebook.com\/MusiqueetEquilibre45","https:\/\/x.com\/Musiquequilibre","https:\/\/www.instagram.com\/musique_et_equilibre_\/","https:\/\/www.linkedin.com\/company\/musique-&amp;-equilibre\/","https:\/\/www.youtube.com\/c\/MusiqueEquilibreOrleans\/"]}]}},"_links":{"self":[{"href":"https:\/\/musique-equilibre.com\/me\/index.php\/wp-json\/wp\/v2\/pages\/1411","targetHints":{"allow":["GET"]}}],"collection":[{"href":"https:\/\/musique-equilibre.com\/me\/index.php\/wp-json\/wp\/v2\/pages"}],"about":[{"href":"https:\/\/musique-equilibre.com\/me\/index.php\/wp-json\/wp\/v2\/types\/page"}],"author":[{"embeddable":true,"href":"https:\/\/musique-equilibre.com\/me\/index.php\/wp-json\/wp\/v2\/users\/1"}],"replies":[{"embeddable":true,"href":"https:\/\/musique-equilibre.com\/me\/index.php\/wp-json\/wp\/v2\/comments?post=1411"}],"version-history":[{"count":17,"href":"https:\/\/musique-equilibre.com\/me\/index.php\/wp-json\/wp\/v2\/pages\/1411\/revisions"}],"predecessor-version":[{"id":4342,"href":"https:\/\/musique-equilibre.com\/me\/index.php\/wp-json\/wp\/v2\/pages\/1411\/revisions\/4342"}],"wp:attachment":[{"href":"https:\/\/musique-equilibre.com\/me\/index.php\/wp-json\/wp\/v2\/media?parent=1411"}],"curies":[{"name":"wp","href":"https:\/\/api.w.org\/{rel}","templated":true}]}}