{"id":13451,"date":"2023-12-15T16:39:56","date_gmt":"2023-12-15T15:39:56","guid":{"rendered":"https:\/\/musique-equilibre.com\/me\/?page_id=13451"},"modified":"2026-01-21T10:25:23","modified_gmt":"2026-01-21T09:25:23","slug":"musique-et-transmissions","status":"publish","type":"page","link":"https:\/\/musique-equilibre.com\/me\/index.php\/musique-et-transmissions\/","title":{"rendered":"Musique et transmissions"},"content":{"rendered":"\n<p class=\"has-white-color has-text-color\">stages de musique<\/p>\n\n\n\n<figure class=\"wp-block-image alignwide size-large\"><img fetchpriority=\"high\" decoding=\"async\" width=\"1024\" height=\"278\" src=\"https:\/\/musique-equilibre.com\/me\/wp-content\/uploads\/2023\/12\/Logo-musique-et-transmissions-1-1024x278.png\" alt=\"musique et \u00e9quilibre stage atelier\n\u00e9cole de musique cours de musique cours de chant orl\u00e9ans loiret 108 argonaute\" class=\"wp-image-13563\" srcset=\"https:\/\/musique-equilibre.com\/me\/wp-content\/uploads\/2023\/12\/Logo-musique-et-transmissions-1-1024x278.png 1024w, https:\/\/musique-equilibre.com\/me\/wp-content\/uploads\/2023\/12\/Logo-musique-et-transmissions-1-300x81.png 300w, https:\/\/musique-equilibre.com\/me\/wp-content\/uploads\/2023\/12\/Logo-musique-et-transmissions-1-150x41.png 150w, https:\/\/musique-equilibre.com\/me\/wp-content\/uploads\/2023\/12\/Logo-musique-et-transmissions-1-768x208.png 768w, https:\/\/musique-equilibre.com\/me\/wp-content\/uploads\/2023\/12\/Logo-musique-et-transmissions-1-1536x416.png 1536w, https:\/\/musique-equilibre.com\/me\/wp-content\/uploads\/2023\/12\/Logo-musique-et-transmissions-1-2048x555.png 2048w\" sizes=\"(max-width: 1024px) 100vw, 1024px\" \/><\/figure>\n\n\n<h5><span style=\"font-family: coves;\"><span style=\"color: #e25417;\"><span style=\"color: #000000;\">Les<\/span> \u00ab Musique et transmissions \u00bb<\/span> sont des exp\u00e9riences immersives courtes (demi-journ\u00e9e, journ\u00e9e) dans le monde des musiques actuelles, destin\u00e9es aux m\u00e9lomanes de tous \u00e2ges et de tous niveaux.<\/span><br \/><span style=\"font-family: coves;\">Trois \u00ab Musique et transmissions \u00bb sont inclus dans la formule \u00c9quilibre durant l\u2019ann\u00e9e scolaire (au del\u00e0 : tarif pr\u00e9f\u00e9rentiel, voir <a href=\"https:\/\/musique-equilibre.com\/me\/index.php\/tarifs\/\" target=\"_blank\" rel=\"noopener\">Tarifs<\/a>).<\/span><br \/><span style=\"font-family: coves;\">Divers \u00ab\u00a0Musique et transmissions\u00a0\u00bb sont propos\u00e9s tout au long de l\u2019ann\u00e9e.<\/span><\/h5>\n<h2 style=\"text-align: left;\"><strong><span style=\"font-family: coves;\">PROCHAINS MUSIQUE ET TRANSMISSIONS<br \/><\/span><span style=\"font-family: coves;\"><span style=\"font-size: 18.6667px;\">&#8211; <a href=\"https:\/\/musique-equilibre.com\/me\/index.php\/2025\/11\/25\/chanter-pour-le-plaisir-chanter-pour-comprendre-lharmonie\/\" target=\"_blank\" rel=\"noopener\">Chanter pour le plaisir, chanter pour d\u00e9couvrir l&rsquo;harmonie<\/a> avec Agn\u00e8s Orsingher COMPLET<br \/>&#8211; <a href=\"https:\/\/musique-equilibre.com\/me\/index.php\/2025\/11\/20\/batterie-hybride-explorer-les-percussions-digitales-et-baguettes\/\" target=\"_blank\" rel=\"noopener\">Batterie hybride : explorer les percussions digitales et baguettes<\/a> avec \u00c9ric L&rsquo;Heud\u00e9<br \/><\/span><\/span><\/strong><\/h2>\n<h4 style=\"text-align: left;\"><strong><span style=\"font-family: coves;\"><span style=\"color: #e25417;\">P<\/span><span style=\"color: #e25417;\">R\u00c9C\u00c8DENTS MUSIQUE ET TRANSMISSIONS<br \/><span style=\"color: #000000; font-size: 15px;\">Rythmes et chanson de la Guin\u00e9e &#8211; \u00c9ric L&rsquo;Heud\u00e9<\/span><br \/><span style=\"color: #000000; font-size: 15px;\">\u00c9crire sa chanson &#8211; Diane Borderieux<\/span><br \/><span style=\"color: #000000; font-size: 15px;\">Improvisation en musiques actuelles et jazz &#8211; David Sevestre<br \/><\/span><\/span><span style=\"font-size: 15px; color: #000000;\">Loopworker \/ Electrolab &#8211; Thomas Duval<br \/><\/span><\/span><span style=\"font-size: 15px;\"><span style=\"font-family: coves; color: revert;\">Club Musique &#8211; Vincent Viala<br \/><\/span><span style=\"font-family: coves;\">Techniques vocales &#8211; Franck Sall\u00e9<br \/><\/span><span style=\"font-family: coves;\">Les bases de l&rsquo;harmonie &#8211; Matthias Boudeau<br \/><\/span><span style=\"font-family: coves;\">Comment accompagner le chant \u00e0 la guitare (jazz et Musique Br\u00e9silienne et Pop) &#8211; Franck Sall\u00e9<br \/><\/span><span style=\"font-family: coves;\">Les outils pour l&rsquo;\u00e9lectro (s\u00e9quenceurs, sampleurs, synth\u00e9s et looper) &#8211; Thomas Duval<\/span><\/span><\/strong><\/h4>\n<h2 style=\"text-align: left;\"><span style=\"font-family: coves-light; color: #e25417;\"><b><span style=\"color: #000000; font-size: 12pt;\">\u00a0<\/span><\/b><\/span><\/h2>","protected":false},"excerpt":{"rendered":"<p>stages de musique Les \u00ab Musique et transmissions \u00bb sont des exp\u00e9riences immersives courtes (demi-journ\u00e9e, journ\u00e9e) dans le monde des musiques actuelles, destin\u00e9es aux m\u00e9lomanes de tous \u00e2ges et de tous niveaux.Trois \u00ab Musique et transmissions \u00bb sont inclus dans la formule \u00c9quilibre durant l\u2019ann\u00e9e scolaire (au del\u00e0 : tarif pr\u00e9f\u00e9rentiel, voir Tarifs).Divers \u00ab\u00a0Musique et [&hellip;]<\/p>\n","protected":false},"author":1,"featured_media":0,"parent":0,"menu_order":0,"comment_status":"closed","ping_status":"closed","template":"","meta":{"footnotes":""},"class_list":["post-13451","page","type-page","status-publish","czr-hentry"],"yoast_head":"<!-- This site is optimized with the Yoast SEO plugin v26.8 - https:\/\/yoast.com\/product\/yoast-seo-wordpress\/ -->\n<title>Musique et transmissions - Musique et Equilibre<\/title>\n<meta name=\"description\" content=\"\u00ab\u00a0Musique et transmissions\u00a0\u00bb sont des exp\u00e9riences immersives courtes dans le monde des musiques actuelles \u00e0 Orl\u00e9ans.\" \/>\n<meta name=\"robots\" content=\"index, follow, max-snippet:-1, max-image-preview:large, max-video-preview:-1\" \/>\n<link rel=\"canonical\" href=\"https:\/\/musique-equilibre.com\/me\/index.php\/musique-et-transmissions\/\" \/>\n<meta property=\"og:locale\" content=\"fr_FR\" \/>\n<meta property=\"og:type\" content=\"article\" \/>\n<meta property=\"og:title\" content=\"Musique et transmissions - Musique et Equilibre\" \/>\n<meta property=\"og:description\" content=\"\u00ab\u00a0Musique et transmissions\u00a0\u00bb sont des exp\u00e9riences immersives courtes dans le monde des musiques actuelles \u00e0 Orl\u00e9ans.\" \/>\n<meta property=\"og:url\" content=\"https:\/\/musique-equilibre.com\/me\/index.php\/musique-et-transmissions\/\" \/>\n<meta property=\"og:site_name\" content=\"Musique et Equilibre\" \/>\n<meta property=\"article:publisher\" content=\"https:\/\/www.facebook.com\/MusiqueetEquilibre45\" \/>\n<meta property=\"article:modified_time\" content=\"2026-01-21T09:25:23+00:00\" \/>\n<meta property=\"og:image\" content=\"https:\/\/musique-equilibre.com\/me\/wp-content\/uploads\/2023\/12\/Logo-musique-et-transmissions-1.png\" \/>\n\t<meta property=\"og:image:width\" content=\"3508\" \/>\n\t<meta property=\"og:image:height\" content=\"951\" \/>\n\t<meta property=\"og:image:type\" content=\"image\/png\" \/>\n<meta name=\"twitter:card\" content=\"summary_large_image\" \/>\n<meta name=\"twitter:site\" content=\"@Musiquequilibre\" \/>\n<meta name=\"twitter:label1\" content=\"Dur\u00e9e de lecture estim\u00e9e\" \/>\n\t<meta name=\"twitter:data1\" content=\"2 minutes\" \/>\n<script type=\"application\/ld+json\" class=\"yoast-schema-graph\">{\"@context\":\"https:\/\/schema.org\",\"@graph\":[{\"@type\":\"WebPage\",\"@id\":\"https:\/\/musique-equilibre.com\/me\/index.php\/musique-et-transmissions\/\",\"url\":\"https:\/\/musique-equilibre.com\/me\/index.php\/musique-et-transmissions\/\",\"name\":\"Musique et transmissions - Musique et Equilibre\",\"isPartOf\":{\"@id\":\"https:\/\/musique-equilibre.com\/me\/#website\"},\"primaryImageOfPage\":{\"@id\":\"https:\/\/musique-equilibre.com\/me\/index.php\/musique-et-transmissions\/#primaryimage\"},\"image\":{\"@id\":\"https:\/\/musique-equilibre.com\/me\/index.php\/musique-et-transmissions\/#primaryimage\"},\"thumbnailUrl\":\"https:\/\/musique-equilibre.com\/me\/wp-content\/uploads\/2023\/12\/Logo-musique-et-transmissions-1-1024x278.png\",\"datePublished\":\"2023-12-15T15:39:56+00:00\",\"dateModified\":\"2026-01-21T09:25:23+00:00\",\"description\":\"\u00ab\u00a0Musique et transmissions\u00a0\u00bb sont des exp\u00e9riences immersives courtes dans le monde des musiques actuelles \u00e0 Orl\u00e9ans.\",\"breadcrumb\":{\"@id\":\"https:\/\/musique-equilibre.com\/me\/index.php\/musique-et-transmissions\/#breadcrumb\"},\"inLanguage\":\"fr-FR\",\"potentialAction\":[{\"@type\":\"ReadAction\",\"target\":[\"https:\/\/musique-equilibre.com\/me\/index.php\/musique-et-transmissions\/\"]}]},{\"@type\":\"ImageObject\",\"inLanguage\":\"fr-FR\",\"@id\":\"https:\/\/musique-equilibre.com\/me\/index.php\/musique-et-transmissions\/#primaryimage\",\"url\":\"https:\/\/musique-equilibre.com\/me\/wp-content\/uploads\/2023\/12\/Logo-musique-et-transmissions-1.png\",\"contentUrl\":\"https:\/\/musique-equilibre.com\/me\/wp-content\/uploads\/2023\/12\/Logo-musique-et-transmissions-1.png\",\"width\":3508,\"height\":951},{\"@type\":\"BreadcrumbList\",\"@id\":\"https:\/\/musique-equilibre.com\/me\/index.php\/musique-et-transmissions\/#breadcrumb\",\"itemListElement\":[{\"@type\":\"ListItem\",\"position\":1,\"name\":\"Accueil\",\"item\":\"https:\/\/musique-equilibre.com\/me\/\"},{\"@type\":\"ListItem\",\"position\":2,\"name\":\"Musique et transmissions\"}]},{\"@type\":\"WebSite\",\"@id\":\"https:\/\/musique-equilibre.com\/me\/#website\",\"url\":\"https:\/\/musique-equilibre.com\/me\/\",\"name\":\"Musique et Equilibre\",\"description\":\"\",\"publisher\":{\"@id\":\"https:\/\/musique-equilibre.com\/me\/#organization\"},\"potentialAction\":[{\"@type\":\"SearchAction\",\"target\":{\"@type\":\"EntryPoint\",\"urlTemplate\":\"https:\/\/musique-equilibre.com\/me\/?s={search_term_string}\"},\"query-input\":{\"@type\":\"PropertyValueSpecification\",\"valueRequired\":true,\"valueName\":\"search_term_string\"}}],\"inLanguage\":\"fr-FR\"},{\"@type\":\"Organization\",\"@id\":\"https:\/\/musique-equilibre.com\/me\/#organization\",\"name\":\"Musique et Equilibre\",\"alternateName\":\"\u00c9cole de musique et salle de concert \u00e0 Orl\u00e9ans\",\"url\":\"https:\/\/musique-equilibre.com\/me\/\",\"logo\":{\"@type\":\"ImageObject\",\"inLanguage\":\"fr-FR\",\"@id\":\"https:\/\/musique-equilibre.com\/me\/#\/schema\/logo\/image\/\",\"url\":\"https:\/\/musique-equilibre.com\/me\/wp-content\/uploads\/2022\/11\/cropped-Logo_orange_texture-1.png\",\"contentUrl\":\"https:\/\/musique-equilibre.com\/me\/wp-content\/uploads\/2022\/11\/cropped-Logo_orange_texture-1.png\",\"width\":512,\"height\":512,\"caption\":\"Musique et Equilibre\"},\"image\":{\"@id\":\"https:\/\/musique-equilibre.com\/me\/#\/schema\/logo\/image\/\"},\"sameAs\":[\"https:\/\/www.facebook.com\/MusiqueetEquilibre45\",\"https:\/\/x.com\/Musiquequilibre\",\"https:\/\/www.instagram.com\/musique_et_equilibre_\/\",\"https:\/\/www.linkedin.com\/company\/musique-&amp;-equilibre\/\",\"https:\/\/www.youtube.com\/c\/MusiqueEquilibreOrleans\/\"]}]}<\/script>\n<!-- \/ Yoast SEO plugin. -->","yoast_head_json":{"title":"Musique et transmissions - Musique et Equilibre","description":"\u00ab\u00a0Musique et transmissions\u00a0\u00bb sont des exp\u00e9riences immersives courtes dans le monde des musiques actuelles \u00e0 Orl\u00e9ans.","robots":{"index":"index","follow":"follow","max-snippet":"max-snippet:-1","max-image-preview":"max-image-preview:large","max-video-preview":"max-video-preview:-1"},"canonical":"https:\/\/musique-equilibre.com\/me\/index.php\/musique-et-transmissions\/","og_locale":"fr_FR","og_type":"article","og_title":"Musique et transmissions - Musique et Equilibre","og_description":"\u00ab\u00a0Musique et transmissions\u00a0\u00bb sont des exp\u00e9riences immersives courtes dans le monde des musiques actuelles \u00e0 Orl\u00e9ans.","og_url":"https:\/\/musique-equilibre.com\/me\/index.php\/musique-et-transmissions\/","og_site_name":"Musique et Equilibre","article_publisher":"https:\/\/www.facebook.com\/MusiqueetEquilibre45","article_modified_time":"2026-01-21T09:25:23+00:00","og_image":[{"width":3508,"height":951,"url":"https:\/\/musique-equilibre.com\/me\/wp-content\/uploads\/2023\/12\/Logo-musique-et-transmissions-1.png","type":"image\/png"}],"twitter_card":"summary_large_image","twitter_site":"@Musiquequilibre","twitter_misc":{"Dur\u00e9e de lecture estim\u00e9e":"2 minutes"},"schema":{"@context":"https:\/\/schema.org","@graph":[{"@type":"WebPage","@id":"https:\/\/musique-equilibre.com\/me\/index.php\/musique-et-transmissions\/","url":"https:\/\/musique-equilibre.com\/me\/index.php\/musique-et-transmissions\/","name":"Musique et transmissions - Musique et Equilibre","isPartOf":{"@id":"https:\/\/musique-equilibre.com\/me\/#website"},"primaryImageOfPage":{"@id":"https:\/\/musique-equilibre.com\/me\/index.php\/musique-et-transmissions\/#primaryimage"},"image":{"@id":"https:\/\/musique-equilibre.com\/me\/index.php\/musique-et-transmissions\/#primaryimage"},"thumbnailUrl":"https:\/\/musique-equilibre.com\/me\/wp-content\/uploads\/2023\/12\/Logo-musique-et-transmissions-1-1024x278.png","datePublished":"2023-12-15T15:39:56+00:00","dateModified":"2026-01-21T09:25:23+00:00","description":"\u00ab\u00a0Musique et transmissions\u00a0\u00bb sont des exp\u00e9riences immersives courtes dans le monde des musiques actuelles \u00e0 Orl\u00e9ans.","breadcrumb":{"@id":"https:\/\/musique-equilibre.com\/me\/index.php\/musique-et-transmissions\/#breadcrumb"},"inLanguage":"fr-FR","potentialAction":[{"@type":"ReadAction","target":["https:\/\/musique-equilibre.com\/me\/index.php\/musique-et-transmissions\/"]}]},{"@type":"ImageObject","inLanguage":"fr-FR","@id":"https:\/\/musique-equilibre.com\/me\/index.php\/musique-et-transmissions\/#primaryimage","url":"https:\/\/musique-equilibre.com\/me\/wp-content\/uploads\/2023\/12\/Logo-musique-et-transmissions-1.png","contentUrl":"https:\/\/musique-equilibre.com\/me\/wp-content\/uploads\/2023\/12\/Logo-musique-et-transmissions-1.png","width":3508,"height":951},{"@type":"BreadcrumbList","@id":"https:\/\/musique-equilibre.com\/me\/index.php\/musique-et-transmissions\/#breadcrumb","itemListElement":[{"@type":"ListItem","position":1,"name":"Accueil","item":"https:\/\/musique-equilibre.com\/me\/"},{"@type":"ListItem","position":2,"name":"Musique et transmissions"}]},{"@type":"WebSite","@id":"https:\/\/musique-equilibre.com\/me\/#website","url":"https:\/\/musique-equilibre.com\/me\/","name":"Musique et Equilibre","description":"","publisher":{"@id":"https:\/\/musique-equilibre.com\/me\/#organization"},"potentialAction":[{"@type":"SearchAction","target":{"@type":"EntryPoint","urlTemplate":"https:\/\/musique-equilibre.com\/me\/?s={search_term_string}"},"query-input":{"@type":"PropertyValueSpecification","valueRequired":true,"valueName":"search_term_string"}}],"inLanguage":"fr-FR"},{"@type":"Organization","@id":"https:\/\/musique-equilibre.com\/me\/#organization","name":"Musique et Equilibre","alternateName":"\u00c9cole de musique et salle de concert \u00e0 Orl\u00e9ans","url":"https:\/\/musique-equilibre.com\/me\/","logo":{"@type":"ImageObject","inLanguage":"fr-FR","@id":"https:\/\/musique-equilibre.com\/me\/#\/schema\/logo\/image\/","url":"https:\/\/musique-equilibre.com\/me\/wp-content\/uploads\/2022\/11\/cropped-Logo_orange_texture-1.png","contentUrl":"https:\/\/musique-equilibre.com\/me\/wp-content\/uploads\/2022\/11\/cropped-Logo_orange_texture-1.png","width":512,"height":512,"caption":"Musique et Equilibre"},"image":{"@id":"https:\/\/musique-equilibre.com\/me\/#\/schema\/logo\/image\/"},"sameAs":["https:\/\/www.facebook.com\/MusiqueetEquilibre45","https:\/\/x.com\/Musiquequilibre","https:\/\/www.instagram.com\/musique_et_equilibre_\/","https:\/\/www.linkedin.com\/company\/musique-&amp;-equilibre\/","https:\/\/www.youtube.com\/c\/MusiqueEquilibreOrleans\/"]}]}},"_links":{"self":[{"href":"https:\/\/musique-equilibre.com\/me\/index.php\/wp-json\/wp\/v2\/pages\/13451","targetHints":{"allow":["GET"]}}],"collection":[{"href":"https:\/\/musique-equilibre.com\/me\/index.php\/wp-json\/wp\/v2\/pages"}],"about":[{"href":"https:\/\/musique-equilibre.com\/me\/index.php\/wp-json\/wp\/v2\/types\/page"}],"author":[{"embeddable":true,"href":"https:\/\/musique-equilibre.com\/me\/index.php\/wp-json\/wp\/v2\/users\/1"}],"replies":[{"embeddable":true,"href":"https:\/\/musique-equilibre.com\/me\/index.php\/wp-json\/wp\/v2\/comments?post=13451"}],"version-history":[{"count":59,"href":"https:\/\/musique-equilibre.com\/me\/index.php\/wp-json\/wp\/v2\/pages\/13451\/revisions"}],"predecessor-version":[{"id":18367,"href":"https:\/\/musique-equilibre.com\/me\/index.php\/wp-json\/wp\/v2\/pages\/13451\/revisions\/18367"}],"wp:attachment":[{"href":"https:\/\/musique-equilibre.com\/me\/index.php\/wp-json\/wp\/v2\/media?parent=13451"}],"curies":[{"name":"wp","href":"https:\/\/api.w.org\/{rel}","templated":true}]}}