{"id":133,"date":"2018-06-27T18:16:00","date_gmt":"2018-06-27T16:16:00","guid":{"rendered":"http:\/\/musique-equilibre.com\/me\/?page_id=133"},"modified":"2025-10-02T14:06:47","modified_gmt":"2025-10-02T12:06:47","slug":"actions-de-formations-en-musiques-actuelles","status":"publish","type":"page","link":"https:\/\/musique-equilibre.com\/me\/index.php\/actions-de-formations-en-musiques-actuelles\/","title":{"rendered":"<span style=\"font-family: coves;\">Actions de formations en Musiques Actuelles"},"content":{"rendered":"\n<figure class=\"wp-block-image alignwide size-full\"><img fetchpriority=\"high\" decoding=\"async\" width=\"1366\" height=\"336\" src=\"https:\/\/musique-equilibre.com\/me\/wp-content\/uploads\/2023\/01\/Action-de-formations.jpg\" alt=\"action de formations musiques actuelles parcours sup formations professionnelles orl\u00e9ans loiret musicien musicienne \" class=\"wp-image-11348\" srcset=\"https:\/\/musique-equilibre.com\/me\/wp-content\/uploads\/2023\/01\/Action-de-formations.jpg 1366w, https:\/\/musique-equilibre.com\/me\/wp-content\/uploads\/2023\/01\/Action-de-formations-300x74.jpg 300w, https:\/\/musique-equilibre.com\/me\/wp-content\/uploads\/2023\/01\/Action-de-formations-1024x252.jpg 1024w, https:\/\/musique-equilibre.com\/me\/wp-content\/uploads\/2023\/01\/Action-de-formations-150x37.jpg 150w, https:\/\/musique-equilibre.com\/me\/wp-content\/uploads\/2023\/01\/Action-de-formations-768x189.jpg 768w\" sizes=\"(max-width: 1366px) 100vw, 1366px\" \/><\/figure>\n\n\n<h2><span style=\"font-family: coves;\">Actions de formations en Musiques Actuelles<\/span><\/h2>\n<p><span style=\"font-family: coves;\">Ces actions de formations en Musiques Actuelles s\u2019adressent \u00e0 tous\u00b7tes les artistes souhaitant se perfectionner dans un domaine des musiques actuelles.<\/span><br \/><span style=\"font-family: coves;\">Organisme de formation depuis 2008,\u00a0<a href=\"https:\/\/musique-equilibre.com\/me\/index.php\/ecole-de-musique-associative-orleans\/\" target=\"_blank\" rel=\"noreferrer noopener\">Musique et \u00c9quilibre<\/a>\u00a0propose des stages AFDAS sur mesure aux artistes ainsi qu&rsquo;une offre aux entreprises pour leurs salari\u00e9s dans le cadre du bien-\u00eatre au travail.<\/span><\/p>\n<p style=\"text-align: left;\"><span style=\"font-family: coves;\">Actions de formation \u00e9labor\u00e9es \u00e0 la carte avec le demandeur. Prise de rendez-vous aupr\u00e8s de l&rsquo;accueil.<\/span><\/p>\n<p><span style=\"color: #e25417; font-size: 19px;\"><strong><span style=\"font-family: coves;\"><a style=\"color: #e25417;\" href=\"https:\/\/musique-equilibre.com\/me\/wp-content\/uploads\/2025\/03\/Dossier-cursus-pro-170325-leger.pdf\" target=\"_blank\" rel=\"noopener\">Consulter notre dossier sur les actions de formations<\/a><\/span><\/strong><\/span><\/p>\n\n\n<hr class=\"wp-block-separator has-alpha-channel-opacity\"\/>\n\n\n<p style=\"text-align: center;\"><span style=\"font-family: coves; color: #e25417;\">73%<\/span><br \/><span style=\"font-family: coves;\">des objectifs de formation atteints<\/span><\/p>\n<p class=\"has-text-align-center\" style=\"text-align: center;\"><span style=\"font-family: coves; color: #e25417;\">100%<\/span><br \/><span style=\"font-family: coves;\">de r\u00e9ussite au MIMA au sein de notre organisme (2020)<\/span><\/p>\n<p style=\"text-align: center;\"><span style=\"font-family: coves; color: #e25417;\">86%<\/span><br \/><span style=\"font-family: coves;\">de satisfaction des stagiaires<\/span><\/p>\n<p style=\"text-align: center;\"><span style=\"font-family: coves;\"><span style=\"color: #e25417;\">33%<\/span><br \/><span style=\"color: #000000;\"><a style=\"color: #000000;\" href=\"https:\/\/www.fneijma.org\/ioma\/\" target=\"_blank\" rel=\"noreferrer noopener\">de r\u00e9ussite nationale au IOMA (2023-24)<\/a><\/span><\/span><\/p>\n<p style=\"text-align: center;\"><span style=\"font-family: coves; color: #e25417;\">59%<\/span><br \/><span style=\"font-family: coves; color: #333333;\"><a style=\"color: #333333;\" href=\"https:\/\/www.fneijma.org\/amma\/\" target=\"_blank\" rel=\"noreferrer noopener\">de r\u00e9ussite nationale au AMMA (2023-24)<\/a><\/span><\/p>\n<p style=\"text-align: center;\"><span style=\"font-family: coves; color: #e25417;\">5.16\/6<\/span><br \/><span style=\"font-family: coves;\">note donn\u00e9e par les stagiaires \u00e0 notre organisme<\/span><\/p>\n\n<div class=\"wp-block-image\">\n<figure class=\"aligncenter size-full is-resized\"><img decoding=\"async\" width=\"634\" height=\"339\" src=\"https:\/\/musique-equilibre.com\/me\/wp-content\/uploads\/2023\/01\/LogoQualiopi-300dpi-Avec-Marianne.png\" alt=\"action de formations musiques actuelles\" class=\"wp-image-11040\" style=\"width:300px\" srcset=\"https:\/\/musique-equilibre.com\/me\/wp-content\/uploads\/2023\/01\/LogoQualiopi-300dpi-Avec-Marianne.png 634w, https:\/\/musique-equilibre.com\/me\/wp-content\/uploads\/2023\/01\/LogoQualiopi-300dpi-Avec-Marianne-300x160.png 300w, https:\/\/musique-equilibre.com\/me\/wp-content\/uploads\/2023\/01\/LogoQualiopi-300dpi-Avec-Marianne-150x80.png 150w\" sizes=\"(max-width: 634px) 100vw, 634px\" \/><\/figure><\/div>\n\n<p style=\"text-align: center;\"><span style=\"font-size: 10pt; font-family: coves;\"><em>La certification qualit\u00e9 a \u00e9t\u00e9 d\u00e9livr\u00e9e au titre de la cat\u00e9gorie d\u2019action suivante : actions de formation<\/em><\/span><\/p>\n\n<div class=\"wp-block-image\">\n<figure class=\"aligncenter size-large is-resized\"><a href=\"https:\/\/musique-equilibre.com\/me\/wp-content\/uploads\/2025\/10\/160004-33744-Certificat-Qualiopi-renouvellement-ASSOCIATION-MUSIQUE-ET-EQUILIBRE.pdf\" target=\"_blank\" rel=\" noreferrer noopener\"><img decoding=\"async\" width=\"724\" height=\"1024\" src=\"https:\/\/musique-equilibre.com\/me\/wp-content\/uploads\/2025\/10\/160004-33744-Certificat-Qualiopi-renouvellement-ASSOCIATION-MUSIQUE-ET-EQUILIBRE-724x1024.jpg\" alt=\"\" class=\"wp-image-17839\" style=\"width:421px;height:auto\" srcset=\"https:\/\/musique-equilibre.com\/me\/wp-content\/uploads\/2025\/10\/160004-33744-Certificat-Qualiopi-renouvellement-ASSOCIATION-MUSIQUE-ET-EQUILIBRE-724x1024.jpg 724w, https:\/\/musique-equilibre.com\/me\/wp-content\/uploads\/2025\/10\/160004-33744-Certificat-Qualiopi-renouvellement-ASSOCIATION-MUSIQUE-ET-EQUILIBRE-212x300.jpg 212w, https:\/\/musique-equilibre.com\/me\/wp-content\/uploads\/2025\/10\/160004-33744-Certificat-Qualiopi-renouvellement-ASSOCIATION-MUSIQUE-ET-EQUILIBRE-106x150.jpg 106w, https:\/\/musique-equilibre.com\/me\/wp-content\/uploads\/2025\/10\/160004-33744-Certificat-Qualiopi-renouvellement-ASSOCIATION-MUSIQUE-ET-EQUILIBRE-768x1087.jpg 768w, https:\/\/musique-equilibre.com\/me\/wp-content\/uploads\/2025\/10\/160004-33744-Certificat-Qualiopi-renouvellement-ASSOCIATION-MUSIQUE-ET-EQUILIBRE-1086x1536.jpg 1086w, https:\/\/musique-equilibre.com\/me\/wp-content\/uploads\/2025\/10\/160004-33744-Certificat-Qualiopi-renouvellement-ASSOCIATION-MUSIQUE-ET-EQUILIBRE-1448x2048.jpg 1448w, https:\/\/musique-equilibre.com\/me\/wp-content\/uploads\/2025\/10\/160004-33744-Certificat-Qualiopi-renouvellement-ASSOCIATION-MUSIQUE-ET-EQUILIBRE-scaled.jpg 1809w\" sizes=\"(max-width: 724px) 100vw, 724px\" \/><\/a><\/figure><\/div>","protected":false},"excerpt":{"rendered":"<p>Actions de formations en Musiques Actuelles Ces actions de formations en Musiques Actuelles s\u2019adressent \u00e0 tous\u00b7tes les artistes souhaitant se perfectionner dans un domaine des musiques actuelles.Organisme de formation depuis 2008,\u00a0Musique et \u00c9quilibre\u00a0propose des stages AFDAS sur mesure aux artistes ainsi qu&rsquo;une offre aux entreprises pour leurs salari\u00e9s dans le cadre du bien-\u00eatre au travail. [&hellip;]<\/p>\n","protected":false},"author":1,"featured_media":0,"parent":0,"menu_order":0,"comment_status":"closed","ping_status":"closed","template":"","meta":{"footnotes":""},"class_list":["post-133","page","type-page","status-publish","czr-hentry"],"yoast_head":"<!-- This site is optimized with the Yoast SEO plugin v26.8 - https:\/\/yoast.com\/product\/yoast-seo-wordpress\/ -->\n<title>Actions de formations en Musiques Actuelles - Musique et Equilibre<\/title>\n<meta name=\"description\" content=\"Musique et \u00c9quilibre propose \u00e0 Orl\u00e9ans diff\u00e9rentes actions de formations en Musiques Actuelles : stage AFDAS et Offre entreprise.\" \/>\n<meta name=\"robots\" content=\"index, follow, max-snippet:-1, max-image-preview:large, max-video-preview:-1\" \/>\n<link rel=\"canonical\" href=\"https:\/\/musique-equilibre.com\/me\/index.php\/actions-de-formations-en-musiques-actuelles\/\" \/>\n<meta property=\"og:locale\" content=\"fr_FR\" \/>\n<meta property=\"og:type\" content=\"article\" \/>\n<meta property=\"og:title\" content=\"Actions de formations en Musiques Actuelles - Musique et Equilibre\" \/>\n<meta property=\"og:description\" content=\"Musique et \u00c9quilibre propose \u00e0 Orl\u00e9ans diff\u00e9rentes actions de formations en Musiques Actuelles : stage AFDAS et Offre entreprise.\" \/>\n<meta property=\"og:url\" content=\"https:\/\/musique-equilibre.com\/me\/index.php\/actions-de-formations-en-musiques-actuelles\/\" \/>\n<meta property=\"og:site_name\" content=\"Musique et Equilibre\" \/>\n<meta property=\"article:publisher\" content=\"https:\/\/www.facebook.com\/MusiqueetEquilibre45\" \/>\n<meta property=\"article:modified_time\" content=\"2025-10-02T12:06:47+00:00\" \/>\n<meta property=\"og:image\" content=\"https:\/\/musique-equilibre.com\/me\/wp-content\/uploads\/2023\/01\/Action-de-formations.jpg\" \/>\n\t<meta property=\"og:image:width\" content=\"1366\" \/>\n\t<meta property=\"og:image:height\" content=\"336\" \/>\n\t<meta property=\"og:image:type\" content=\"image\/jpeg\" \/>\n<meta name=\"twitter:card\" content=\"summary_large_image\" \/>\n<meta name=\"twitter:site\" content=\"@Musiquequilibre\" \/>\n<meta name=\"twitter:label1\" content=\"Dur\u00e9e de lecture estim\u00e9e\" \/>\n\t<meta name=\"twitter:data1\" content=\"2 minutes\" \/>\n<script type=\"application\/ld+json\" class=\"yoast-schema-graph\">{\"@context\":\"https:\/\/schema.org\",\"@graph\":[{\"@type\":\"WebPage\",\"@id\":\"https:\/\/musique-equilibre.com\/me\/index.php\/actions-de-formations-en-musiques-actuelles\/\",\"url\":\"https:\/\/musique-equilibre.com\/me\/index.php\/actions-de-formations-en-musiques-actuelles\/\",\"name\":\"Actions de formations en Musiques Actuelles - Musique et Equilibre\",\"isPartOf\":{\"@id\":\"https:\/\/musique-equilibre.com\/me\/#website\"},\"primaryImageOfPage\":{\"@id\":\"https:\/\/musique-equilibre.com\/me\/index.php\/actions-de-formations-en-musiques-actuelles\/#primaryimage\"},\"image\":{\"@id\":\"https:\/\/musique-equilibre.com\/me\/index.php\/actions-de-formations-en-musiques-actuelles\/#primaryimage\"},\"thumbnailUrl\":\"https:\/\/musique-equilibre.com\/me\/wp-content\/uploads\/2023\/01\/Action-de-formations.jpg\",\"datePublished\":\"2018-06-27T16:16:00+00:00\",\"dateModified\":\"2025-10-02T12:06:47+00:00\",\"description\":\"Musique et \u00c9quilibre propose \u00e0 Orl\u00e9ans diff\u00e9rentes actions de formations en Musiques Actuelles : stage AFDAS et Offre entreprise.\",\"breadcrumb\":{\"@id\":\"https:\/\/musique-equilibre.com\/me\/index.php\/actions-de-formations-en-musiques-actuelles\/#breadcrumb\"},\"inLanguage\":\"fr-FR\",\"potentialAction\":[{\"@type\":\"ReadAction\",\"target\":[\"https:\/\/musique-equilibre.com\/me\/index.php\/actions-de-formations-en-musiques-actuelles\/\"]}]},{\"@type\":\"ImageObject\",\"inLanguage\":\"fr-FR\",\"@id\":\"https:\/\/musique-equilibre.com\/me\/index.php\/actions-de-formations-en-musiques-actuelles\/#primaryimage\",\"url\":\"https:\/\/musique-equilibre.com\/me\/wp-content\/uploads\/2023\/01\/Action-de-formations.jpg\",\"contentUrl\":\"https:\/\/musique-equilibre.com\/me\/wp-content\/uploads\/2023\/01\/Action-de-formations.jpg\",\"width\":1366,\"height\":336},{\"@type\":\"BreadcrumbList\",\"@id\":\"https:\/\/musique-equilibre.com\/me\/index.php\/actions-de-formations-en-musiques-actuelles\/#breadcrumb\",\"itemListElement\":[{\"@type\":\"ListItem\",\"position\":1,\"name\":\"Accueil\",\"item\":\"https:\/\/musique-equilibre.com\/me\/\"},{\"@type\":\"ListItem\",\"position\":2,\"name\":\"Actions de formations en Musiques Actuelles\"}]},{\"@type\":\"WebSite\",\"@id\":\"https:\/\/musique-equilibre.com\/me\/#website\",\"url\":\"https:\/\/musique-equilibre.com\/me\/\",\"name\":\"Musique et Equilibre\",\"description\":\"\",\"publisher\":{\"@id\":\"https:\/\/musique-equilibre.com\/me\/#organization\"},\"potentialAction\":[{\"@type\":\"SearchAction\",\"target\":{\"@type\":\"EntryPoint\",\"urlTemplate\":\"https:\/\/musique-equilibre.com\/me\/?s={search_term_string}\"},\"query-input\":{\"@type\":\"PropertyValueSpecification\",\"valueRequired\":true,\"valueName\":\"search_term_string\"}}],\"inLanguage\":\"fr-FR\"},{\"@type\":\"Organization\",\"@id\":\"https:\/\/musique-equilibre.com\/me\/#organization\",\"name\":\"Musique et Equilibre\",\"alternateName\":\"\u00c9cole de musique et salle de concert \u00e0 Orl\u00e9ans\",\"url\":\"https:\/\/musique-equilibre.com\/me\/\",\"logo\":{\"@type\":\"ImageObject\",\"inLanguage\":\"fr-FR\",\"@id\":\"https:\/\/musique-equilibre.com\/me\/#\/schema\/logo\/image\/\",\"url\":\"https:\/\/musique-equilibre.com\/me\/wp-content\/uploads\/2022\/11\/cropped-Logo_orange_texture-1.png\",\"contentUrl\":\"https:\/\/musique-equilibre.com\/me\/wp-content\/uploads\/2022\/11\/cropped-Logo_orange_texture-1.png\",\"width\":512,\"height\":512,\"caption\":\"Musique et Equilibre\"},\"image\":{\"@id\":\"https:\/\/musique-equilibre.com\/me\/#\/schema\/logo\/image\/\"},\"sameAs\":[\"https:\/\/www.facebook.com\/MusiqueetEquilibre45\",\"https:\/\/x.com\/Musiquequilibre\",\"https:\/\/www.instagram.com\/musique_et_equilibre_\/\",\"https:\/\/www.linkedin.com\/company\/musique-&amp;-equilibre\/\",\"https:\/\/www.youtube.com\/c\/MusiqueEquilibreOrleans\/\"]}]}<\/script>\n<!-- \/ Yoast SEO plugin. -->","yoast_head_json":{"title":"Actions de formations en Musiques Actuelles - Musique et Equilibre","description":"Musique et \u00c9quilibre propose \u00e0 Orl\u00e9ans diff\u00e9rentes actions de formations en Musiques Actuelles : stage AFDAS et Offre entreprise.","robots":{"index":"index","follow":"follow","max-snippet":"max-snippet:-1","max-image-preview":"max-image-preview:large","max-video-preview":"max-video-preview:-1"},"canonical":"https:\/\/musique-equilibre.com\/me\/index.php\/actions-de-formations-en-musiques-actuelles\/","og_locale":"fr_FR","og_type":"article","og_title":"Actions de formations en Musiques Actuelles - Musique et Equilibre","og_description":"Musique et \u00c9quilibre propose \u00e0 Orl\u00e9ans diff\u00e9rentes actions de formations en Musiques Actuelles : stage AFDAS et Offre entreprise.","og_url":"https:\/\/musique-equilibre.com\/me\/index.php\/actions-de-formations-en-musiques-actuelles\/","og_site_name":"Musique et Equilibre","article_publisher":"https:\/\/www.facebook.com\/MusiqueetEquilibre45","article_modified_time":"2025-10-02T12:06:47+00:00","og_image":[{"width":1366,"height":336,"url":"https:\/\/musique-equilibre.com\/me\/wp-content\/uploads\/2023\/01\/Action-de-formations.jpg","type":"image\/jpeg"}],"twitter_card":"summary_large_image","twitter_site":"@Musiquequilibre","twitter_misc":{"Dur\u00e9e de lecture estim\u00e9e":"2 minutes"},"schema":{"@context":"https:\/\/schema.org","@graph":[{"@type":"WebPage","@id":"https:\/\/musique-equilibre.com\/me\/index.php\/actions-de-formations-en-musiques-actuelles\/","url":"https:\/\/musique-equilibre.com\/me\/index.php\/actions-de-formations-en-musiques-actuelles\/","name":"Actions de formations en Musiques Actuelles - Musique et Equilibre","isPartOf":{"@id":"https:\/\/musique-equilibre.com\/me\/#website"},"primaryImageOfPage":{"@id":"https:\/\/musique-equilibre.com\/me\/index.php\/actions-de-formations-en-musiques-actuelles\/#primaryimage"},"image":{"@id":"https:\/\/musique-equilibre.com\/me\/index.php\/actions-de-formations-en-musiques-actuelles\/#primaryimage"},"thumbnailUrl":"https:\/\/musique-equilibre.com\/me\/wp-content\/uploads\/2023\/01\/Action-de-formations.jpg","datePublished":"2018-06-27T16:16:00+00:00","dateModified":"2025-10-02T12:06:47+00:00","description":"Musique et \u00c9quilibre propose \u00e0 Orl\u00e9ans diff\u00e9rentes actions de formations en Musiques Actuelles : stage AFDAS et Offre entreprise.","breadcrumb":{"@id":"https:\/\/musique-equilibre.com\/me\/index.php\/actions-de-formations-en-musiques-actuelles\/#breadcrumb"},"inLanguage":"fr-FR","potentialAction":[{"@type":"ReadAction","target":["https:\/\/musique-equilibre.com\/me\/index.php\/actions-de-formations-en-musiques-actuelles\/"]}]},{"@type":"ImageObject","inLanguage":"fr-FR","@id":"https:\/\/musique-equilibre.com\/me\/index.php\/actions-de-formations-en-musiques-actuelles\/#primaryimage","url":"https:\/\/musique-equilibre.com\/me\/wp-content\/uploads\/2023\/01\/Action-de-formations.jpg","contentUrl":"https:\/\/musique-equilibre.com\/me\/wp-content\/uploads\/2023\/01\/Action-de-formations.jpg","width":1366,"height":336},{"@type":"BreadcrumbList","@id":"https:\/\/musique-equilibre.com\/me\/index.php\/actions-de-formations-en-musiques-actuelles\/#breadcrumb","itemListElement":[{"@type":"ListItem","position":1,"name":"Accueil","item":"https:\/\/musique-equilibre.com\/me\/"},{"@type":"ListItem","position":2,"name":"Actions de formations en Musiques Actuelles"}]},{"@type":"WebSite","@id":"https:\/\/musique-equilibre.com\/me\/#website","url":"https:\/\/musique-equilibre.com\/me\/","name":"Musique et Equilibre","description":"","publisher":{"@id":"https:\/\/musique-equilibre.com\/me\/#organization"},"potentialAction":[{"@type":"SearchAction","target":{"@type":"EntryPoint","urlTemplate":"https:\/\/musique-equilibre.com\/me\/?s={search_term_string}"},"query-input":{"@type":"PropertyValueSpecification","valueRequired":true,"valueName":"search_term_string"}}],"inLanguage":"fr-FR"},{"@type":"Organization","@id":"https:\/\/musique-equilibre.com\/me\/#organization","name":"Musique et Equilibre","alternateName":"\u00c9cole de musique et salle de concert \u00e0 Orl\u00e9ans","url":"https:\/\/musique-equilibre.com\/me\/","logo":{"@type":"ImageObject","inLanguage":"fr-FR","@id":"https:\/\/musique-equilibre.com\/me\/#\/schema\/logo\/image\/","url":"https:\/\/musique-equilibre.com\/me\/wp-content\/uploads\/2022\/11\/cropped-Logo_orange_texture-1.png","contentUrl":"https:\/\/musique-equilibre.com\/me\/wp-content\/uploads\/2022\/11\/cropped-Logo_orange_texture-1.png","width":512,"height":512,"caption":"Musique et Equilibre"},"image":{"@id":"https:\/\/musique-equilibre.com\/me\/#\/schema\/logo\/image\/"},"sameAs":["https:\/\/www.facebook.com\/MusiqueetEquilibre45","https:\/\/x.com\/Musiquequilibre","https:\/\/www.instagram.com\/musique_et_equilibre_\/","https:\/\/www.linkedin.com\/company\/musique-&amp;-equilibre\/","https:\/\/www.youtube.com\/c\/MusiqueEquilibreOrleans\/"]}]}},"_links":{"self":[{"href":"https:\/\/musique-equilibre.com\/me\/index.php\/wp-json\/wp\/v2\/pages\/133","targetHints":{"allow":["GET"]}}],"collection":[{"href":"https:\/\/musique-equilibre.com\/me\/index.php\/wp-json\/wp\/v2\/pages"}],"about":[{"href":"https:\/\/musique-equilibre.com\/me\/index.php\/wp-json\/wp\/v2\/types\/page"}],"author":[{"embeddable":true,"href":"https:\/\/musique-equilibre.com\/me\/index.php\/wp-json\/wp\/v2\/users\/1"}],"replies":[{"embeddable":true,"href":"https:\/\/musique-equilibre.com\/me\/index.php\/wp-json\/wp\/v2\/comments?post=133"}],"version-history":[{"count":141,"href":"https:\/\/musique-equilibre.com\/me\/index.php\/wp-json\/wp\/v2\/pages\/133\/revisions"}],"predecessor-version":[{"id":17841,"href":"https:\/\/musique-equilibre.com\/me\/index.php\/wp-json\/wp\/v2\/pages\/133\/revisions\/17841"}],"wp:attachment":[{"href":"https:\/\/musique-equilibre.com\/me\/index.php\/wp-json\/wp\/v2\/media?parent=133"}],"curies":[{"name":"wp","href":"https:\/\/api.w.org\/{rel}","templated":true}]}}