{"id":12764,"date":"2023-10-04T16:17:28","date_gmt":"2023-10-04T14:17:28","guid":{"rendered":"https:\/\/musique-equilibre.com\/me\/?page_id=12764"},"modified":"2025-10-17T09:54:03","modified_gmt":"2025-10-17T07:54:03","slug":"cours-de-trombone","status":"publish","type":"page","link":"https:\/\/musique-equilibre.com\/me\/index.php\/cours-de-trombone\/","title":{"rendered":"Cours de trombone"},"content":{"rendered":"\n<p class=\"has-white-color has-text-color\">cours de saxophone<\/p>\n\n\n<p style=\"text-align: center;\"><span style=\"background: #f15d20;\"><span style=\"font-family: nexa bold;\"><span style=\"color: #ffffff;\"><span style=\"font-family: coves;\">Cours de trombone avec St\u00e9phane Montigny<\/span><br \/><\/span><\/span><\/span><\/p>\n<p><img decoding=\"async\" class=\"aligncenter wp-image-12762 size-thumbnail\" src=\"https:\/\/musique-equilibre.com\/me\/wp-content\/uploads\/2020\/09\/Stephane-Montingy-site-150x150.png\" alt=\"St\u00e9phane montigny cours trombone loiret \u00e9cole de musique cours de musique orl\u00e9ans\" width=\"150\" height=\"150\" srcset=\"https:\/\/musique-equilibre.com\/me\/wp-content\/uploads\/2020\/09\/Stephane-Montingy-site-150x150.png 150w, https:\/\/musique-equilibre.com\/me\/wp-content\/uploads\/2020\/09\/Stephane-Montingy-site-300x300.png 300w, https:\/\/musique-equilibre.com\/me\/wp-content\/uploads\/2020\/09\/Stephane-Montingy-site-510x510.png 510w, https:\/\/musique-equilibre.com\/me\/wp-content\/uploads\/2020\/09\/Stephane-Montingy-site.png 600w\" sizes=\"(max-width: 150px) 100vw, 150px\" \/><\/p>\n<p><img decoding=\"async\" class=\"aligncenter wp-image-10597\" src=\"https:\/\/musique-equilibre.com\/me\/wp-content\/uploads\/2022\/11\/172566_down_arrow_icon-300x300.png\" alt=\"cours de musique \u00e9cole de musique orl\u00e9ans loiret\" width=\"58\" height=\"58\" srcset=\"https:\/\/musique-equilibre.com\/me\/wp-content\/uploads\/2022\/11\/172566_down_arrow_icon-300x300.png 300w, https:\/\/musique-equilibre.com\/me\/wp-content\/uploads\/2022\/11\/172566_down_arrow_icon-150x150.png 150w, https:\/\/musique-equilibre.com\/me\/wp-content\/uploads\/2022\/11\/172566_down_arrow_icon-510x510.png 510w, https:\/\/musique-equilibre.com\/me\/wp-content\/uploads\/2022\/11\/172566_down_arrow_icon.png 512w\" sizes=\"(max-width: 58px) 100vw, 58px\" \/><\/p>\n<p style=\"text-align: center;\"><span style=\"font-family: coves;\"><strong>30 \/ 45 min<\/strong><br \/>LUNDI<br \/><span style=\"color: #f15d20;\"><a href=\"https:\/\/le108.org\/\" target=\"_blank\" rel=\"noopener\">108 <\/a><\/span><span style=\"color: #f15d20;\">\/ <\/span><a href=\"https:\/\/www.orleans-metropole.fr\/sport\/etablissements-et-lieux-de-pratique\/largonaute\" target=\"_blank\" rel=\"noopener\"><span style=\"color: #f15d20;\">Argonaute<\/span><\/a><\/span><span style=\"font-family: coves-light;\"><br \/><a href=\"https:\/\/musique-equilibre.com\/me\/index.php\/2020\/09\/10\/bio-stephane-montigny\/\" target=\"_blank\" rel=\"noopener\"><span style=\"font-family: coves;\">en savoir plus sur St\u00e9phane Montigny<\/span><\/a><\/span><\/p>\n\n\n<p><\/p>\n","protected":false},"excerpt":{"rendered":"<p>cours de saxophone Cours de trombone avec St\u00e9phane Montigny 30 \/ 45 minLUNDI108 \/ Argonauteen savoir plus sur St\u00e9phane Montigny<\/p>\n","protected":false},"author":1,"featured_media":10410,"parent":0,"menu_order":0,"comment_status":"closed","ping_status":"closed","template":"","meta":{"footnotes":""},"class_list":["post-12764","page","type-page","status-publish","has-post-thumbnail","czr-hentry"],"yoast_head":"<!-- This site is optimized with the Yoast SEO plugin v26.8 - https:\/\/yoast.com\/product\/yoast-seo-wordpress\/ -->\n<title>Cours de trombone - Musique et Equilibre<\/title>\n<meta name=\"description\" content=\"Cours de trombone au sein de Musique et \u00c9quilibre, \u00e9cole de musique pour amateurs et pro \u00e0 Orl\u00e9ans, Loiret. Professeur : St\u00e9phane Montigny.\" \/>\n<meta name=\"robots\" content=\"index, follow, max-snippet:-1, max-image-preview:large, max-video-preview:-1\" \/>\n<link rel=\"canonical\" href=\"https:\/\/musique-equilibre.com\/me\/index.php\/cours-de-trombone\/\" \/>\n<meta property=\"og:locale\" content=\"fr_FR\" \/>\n<meta property=\"og:type\" content=\"article\" \/>\n<meta property=\"og:title\" content=\"Cours de trombone - Musique et Equilibre\" \/>\n<meta property=\"og:description\" content=\"Cours de trombone au sein de Musique et \u00c9quilibre, \u00e9cole de musique pour amateurs et pro \u00e0 Orl\u00e9ans, Loiret. Professeur : St\u00e9phane Montigny.\" \/>\n<meta property=\"og:url\" content=\"https:\/\/musique-equilibre.com\/me\/index.php\/cours-de-trombone\/\" \/>\n<meta property=\"og:site_name\" content=\"Musique et Equilibre\" \/>\n<meta property=\"article:publisher\" content=\"https:\/\/www.facebook.com\/MusiqueetEquilibre45\" \/>\n<meta property=\"article:modified_time\" content=\"2025-10-17T07:54:03+00:00\" \/>\n<meta property=\"og:image\" content=\"https:\/\/musique-equilibre.com\/me\/wp-content\/uploads\/2022\/11\/DSC01697-scaled.jpg\" \/>\n\t<meta property=\"og:image:width\" content=\"2560\" \/>\n\t<meta property=\"og:image:height\" content=\"1707\" \/>\n\t<meta property=\"og:image:type\" content=\"image\/jpeg\" \/>\n<meta name=\"twitter:card\" content=\"summary_large_image\" \/>\n<meta name=\"twitter:site\" content=\"@Musiquequilibre\" \/>\n<meta name=\"twitter:label1\" content=\"Dur\u00e9e de lecture estim\u00e9e\" \/>\n\t<meta name=\"twitter:data1\" content=\"1 minute\" \/>\n<script type=\"application\/ld+json\" class=\"yoast-schema-graph\">{\"@context\":\"https:\/\/schema.org\",\"@graph\":[{\"@type\":\"WebPage\",\"@id\":\"https:\/\/musique-equilibre.com\/me\/index.php\/cours-de-trombone\/\",\"url\":\"https:\/\/musique-equilibre.com\/me\/index.php\/cours-de-trombone\/\",\"name\":\"Cours de trombone - Musique et Equilibre\",\"isPartOf\":{\"@id\":\"https:\/\/musique-equilibre.com\/me\/#website\"},\"primaryImageOfPage\":{\"@id\":\"https:\/\/musique-equilibre.com\/me\/index.php\/cours-de-trombone\/#primaryimage\"},\"image\":{\"@id\":\"https:\/\/musique-equilibre.com\/me\/index.php\/cours-de-trombone\/#primaryimage\"},\"thumbnailUrl\":\"https:\/\/musique-equilibre.com\/me\/wp-content\/uploads\/2022\/11\/DSC01697-scaled.jpg\",\"datePublished\":\"2023-10-04T14:17:28+00:00\",\"dateModified\":\"2025-10-17T07:54:03+00:00\",\"description\":\"Cours de trombone au sein de Musique et \u00c9quilibre, \u00e9cole de musique pour amateurs et pro \u00e0 Orl\u00e9ans, Loiret. Professeur : St\u00e9phane Montigny.\",\"breadcrumb\":{\"@id\":\"https:\/\/musique-equilibre.com\/me\/index.php\/cours-de-trombone\/#breadcrumb\"},\"inLanguage\":\"fr-FR\",\"potentialAction\":[{\"@type\":\"ReadAction\",\"target\":[\"https:\/\/musique-equilibre.com\/me\/index.php\/cours-de-trombone\/\"]}]},{\"@type\":\"ImageObject\",\"inLanguage\":\"fr-FR\",\"@id\":\"https:\/\/musique-equilibre.com\/me\/index.php\/cours-de-trombone\/#primaryimage\",\"url\":\"https:\/\/musique-equilibre.com\/me\/wp-content\/uploads\/2022\/11\/DSC01697-scaled.jpg\",\"contentUrl\":\"https:\/\/musique-equilibre.com\/me\/wp-content\/uploads\/2022\/11\/DSC01697-scaled.jpg\",\"width\":2560,\"height\":1707,\"caption\":\"Argonaute salle de concerts orl\u00e9ans loiret argonne musique et \u00e9quilibre \u00e9cole de musique musiques actuelles AGENDA concerts et \u00e9v\u00e8nements\"},{\"@type\":\"BreadcrumbList\",\"@id\":\"https:\/\/musique-equilibre.com\/me\/index.php\/cours-de-trombone\/#breadcrumb\",\"itemListElement\":[{\"@type\":\"ListItem\",\"position\":1,\"name\":\"Accueil\",\"item\":\"https:\/\/musique-equilibre.com\/me\/\"},{\"@type\":\"ListItem\",\"position\":2,\"name\":\"Cours de trombone\"}]},{\"@type\":\"WebSite\",\"@id\":\"https:\/\/musique-equilibre.com\/me\/#website\",\"url\":\"https:\/\/musique-equilibre.com\/me\/\",\"name\":\"Musique et Equilibre\",\"description\":\"\",\"publisher\":{\"@id\":\"https:\/\/musique-equilibre.com\/me\/#organization\"},\"potentialAction\":[{\"@type\":\"SearchAction\",\"target\":{\"@type\":\"EntryPoint\",\"urlTemplate\":\"https:\/\/musique-equilibre.com\/me\/?s={search_term_string}\"},\"query-input\":{\"@type\":\"PropertyValueSpecification\",\"valueRequired\":true,\"valueName\":\"search_term_string\"}}],\"inLanguage\":\"fr-FR\"},{\"@type\":\"Organization\",\"@id\":\"https:\/\/musique-equilibre.com\/me\/#organization\",\"name\":\"Musique et Equilibre\",\"alternateName\":\"\u00c9cole de musique et salle de concert \u00e0 Orl\u00e9ans\",\"url\":\"https:\/\/musique-equilibre.com\/me\/\",\"logo\":{\"@type\":\"ImageObject\",\"inLanguage\":\"fr-FR\",\"@id\":\"https:\/\/musique-equilibre.com\/me\/#\/schema\/logo\/image\/\",\"url\":\"https:\/\/musique-equilibre.com\/me\/wp-content\/uploads\/2022\/11\/cropped-Logo_orange_texture-1.png\",\"contentUrl\":\"https:\/\/musique-equilibre.com\/me\/wp-content\/uploads\/2022\/11\/cropped-Logo_orange_texture-1.png\",\"width\":512,\"height\":512,\"caption\":\"Musique et Equilibre\"},\"image\":{\"@id\":\"https:\/\/musique-equilibre.com\/me\/#\/schema\/logo\/image\/\"},\"sameAs\":[\"https:\/\/www.facebook.com\/MusiqueetEquilibre45\",\"https:\/\/x.com\/Musiquequilibre\",\"https:\/\/www.instagram.com\/musique_et_equilibre_\/\",\"https:\/\/www.linkedin.com\/company\/musique-&amp;-equilibre\/\",\"https:\/\/www.youtube.com\/c\/MusiqueEquilibreOrleans\/\"]}]}<\/script>\n<!-- \/ Yoast SEO plugin. -->","yoast_head_json":{"title":"Cours de trombone - Musique et Equilibre","description":"Cours de trombone au sein de Musique et \u00c9quilibre, \u00e9cole de musique pour amateurs et pro \u00e0 Orl\u00e9ans, Loiret. Professeur : St\u00e9phane Montigny.","robots":{"index":"index","follow":"follow","max-snippet":"max-snippet:-1","max-image-preview":"max-image-preview:large","max-video-preview":"max-video-preview:-1"},"canonical":"https:\/\/musique-equilibre.com\/me\/index.php\/cours-de-trombone\/","og_locale":"fr_FR","og_type":"article","og_title":"Cours de trombone - Musique et Equilibre","og_description":"Cours de trombone au sein de Musique et \u00c9quilibre, \u00e9cole de musique pour amateurs et pro \u00e0 Orl\u00e9ans, Loiret. Professeur : St\u00e9phane Montigny.","og_url":"https:\/\/musique-equilibre.com\/me\/index.php\/cours-de-trombone\/","og_site_name":"Musique et Equilibre","article_publisher":"https:\/\/www.facebook.com\/MusiqueetEquilibre45","article_modified_time":"2025-10-17T07:54:03+00:00","og_image":[{"width":2560,"height":1707,"url":"https:\/\/musique-equilibre.com\/me\/wp-content\/uploads\/2022\/11\/DSC01697-scaled.jpg","type":"image\/jpeg"}],"twitter_card":"summary_large_image","twitter_site":"@Musiquequilibre","twitter_misc":{"Dur\u00e9e de lecture estim\u00e9e":"1 minute"},"schema":{"@context":"https:\/\/schema.org","@graph":[{"@type":"WebPage","@id":"https:\/\/musique-equilibre.com\/me\/index.php\/cours-de-trombone\/","url":"https:\/\/musique-equilibre.com\/me\/index.php\/cours-de-trombone\/","name":"Cours de trombone - Musique et Equilibre","isPartOf":{"@id":"https:\/\/musique-equilibre.com\/me\/#website"},"primaryImageOfPage":{"@id":"https:\/\/musique-equilibre.com\/me\/index.php\/cours-de-trombone\/#primaryimage"},"image":{"@id":"https:\/\/musique-equilibre.com\/me\/index.php\/cours-de-trombone\/#primaryimage"},"thumbnailUrl":"https:\/\/musique-equilibre.com\/me\/wp-content\/uploads\/2022\/11\/DSC01697-scaled.jpg","datePublished":"2023-10-04T14:17:28+00:00","dateModified":"2025-10-17T07:54:03+00:00","description":"Cours de trombone au sein de Musique et \u00c9quilibre, \u00e9cole de musique pour amateurs et pro \u00e0 Orl\u00e9ans, Loiret. Professeur : St\u00e9phane Montigny.","breadcrumb":{"@id":"https:\/\/musique-equilibre.com\/me\/index.php\/cours-de-trombone\/#breadcrumb"},"inLanguage":"fr-FR","potentialAction":[{"@type":"ReadAction","target":["https:\/\/musique-equilibre.com\/me\/index.php\/cours-de-trombone\/"]}]},{"@type":"ImageObject","inLanguage":"fr-FR","@id":"https:\/\/musique-equilibre.com\/me\/index.php\/cours-de-trombone\/#primaryimage","url":"https:\/\/musique-equilibre.com\/me\/wp-content\/uploads\/2022\/11\/DSC01697-scaled.jpg","contentUrl":"https:\/\/musique-equilibre.com\/me\/wp-content\/uploads\/2022\/11\/DSC01697-scaled.jpg","width":2560,"height":1707,"caption":"Argonaute salle de concerts orl\u00e9ans loiret argonne musique et \u00e9quilibre \u00e9cole de musique musiques actuelles AGENDA concerts et \u00e9v\u00e8nements"},{"@type":"BreadcrumbList","@id":"https:\/\/musique-equilibre.com\/me\/index.php\/cours-de-trombone\/#breadcrumb","itemListElement":[{"@type":"ListItem","position":1,"name":"Accueil","item":"https:\/\/musique-equilibre.com\/me\/"},{"@type":"ListItem","position":2,"name":"Cours de trombone"}]},{"@type":"WebSite","@id":"https:\/\/musique-equilibre.com\/me\/#website","url":"https:\/\/musique-equilibre.com\/me\/","name":"Musique et Equilibre","description":"","publisher":{"@id":"https:\/\/musique-equilibre.com\/me\/#organization"},"potentialAction":[{"@type":"SearchAction","target":{"@type":"EntryPoint","urlTemplate":"https:\/\/musique-equilibre.com\/me\/?s={search_term_string}"},"query-input":{"@type":"PropertyValueSpecification","valueRequired":true,"valueName":"search_term_string"}}],"inLanguage":"fr-FR"},{"@type":"Organization","@id":"https:\/\/musique-equilibre.com\/me\/#organization","name":"Musique et Equilibre","alternateName":"\u00c9cole de musique et salle de concert \u00e0 Orl\u00e9ans","url":"https:\/\/musique-equilibre.com\/me\/","logo":{"@type":"ImageObject","inLanguage":"fr-FR","@id":"https:\/\/musique-equilibre.com\/me\/#\/schema\/logo\/image\/","url":"https:\/\/musique-equilibre.com\/me\/wp-content\/uploads\/2022\/11\/cropped-Logo_orange_texture-1.png","contentUrl":"https:\/\/musique-equilibre.com\/me\/wp-content\/uploads\/2022\/11\/cropped-Logo_orange_texture-1.png","width":512,"height":512,"caption":"Musique et Equilibre"},"image":{"@id":"https:\/\/musique-equilibre.com\/me\/#\/schema\/logo\/image\/"},"sameAs":["https:\/\/www.facebook.com\/MusiqueetEquilibre45","https:\/\/x.com\/Musiquequilibre","https:\/\/www.instagram.com\/musique_et_equilibre_\/","https:\/\/www.linkedin.com\/company\/musique-&amp;-equilibre\/","https:\/\/www.youtube.com\/c\/MusiqueEquilibreOrleans\/"]}]}},"_links":{"self":[{"href":"https:\/\/musique-equilibre.com\/me\/index.php\/wp-json\/wp\/v2\/pages\/12764","targetHints":{"allow":["GET"]}}],"collection":[{"href":"https:\/\/musique-equilibre.com\/me\/index.php\/wp-json\/wp\/v2\/pages"}],"about":[{"href":"https:\/\/musique-equilibre.com\/me\/index.php\/wp-json\/wp\/v2\/types\/page"}],"author":[{"embeddable":true,"href":"https:\/\/musique-equilibre.com\/me\/index.php\/wp-json\/wp\/v2\/users\/1"}],"replies":[{"embeddable":true,"href":"https:\/\/musique-equilibre.com\/me\/index.php\/wp-json\/wp\/v2\/comments?post=12764"}],"version-history":[{"count":5,"href":"https:\/\/musique-equilibre.com\/me\/index.php\/wp-json\/wp\/v2\/pages\/12764\/revisions"}],"predecessor-version":[{"id":17936,"href":"https:\/\/musique-equilibre.com\/me\/index.php\/wp-json\/wp\/v2\/pages\/12764\/revisions\/17936"}],"wp:featuredmedia":[{"embeddable":true,"href":"https:\/\/musique-equilibre.com\/me\/index.php\/wp-json\/wp\/v2\/media\/10410"}],"wp:attachment":[{"href":"https:\/\/musique-equilibre.com\/me\/index.php\/wp-json\/wp\/v2\/media?parent=12764"}],"curies":[{"name":"wp","href":"https:\/\/api.w.org\/{rel}","templated":true}]}}