{"id":12646,"date":"2023-09-15T12:34:22","date_gmt":"2023-09-15T10:34:22","guid":{"rendered":"https:\/\/musique-equilibre.com\/me\/?page_id=12646"},"modified":"2025-11-05T16:52:49","modified_gmt":"2025-11-05T15:52:49","slug":"largonaute-salle-de-concerts","status":"publish","type":"page","link":"https:\/\/musique-equilibre.com\/me\/index.php\/largonaute-salle-de-concerts\/","title":{"rendered":"L&rsquo;Argonaute, Salle de concerts"},"content":{"rendered":"\n<p class=\"has-white-color has-text-color has-small-font-size\">argonaute salle de concerts<\/p>\n\n\n\n<div class=\"wp-block-columns is-layout-flex wp-container-core-columns-is-layout-9d6595d7 wp-block-columns-is-layout-flex\">\n<div class=\"wp-block-column is-layout-flow wp-block-column-is-layout-flow\">\n<figure class=\"wp-block-image size-large\"><img fetchpriority=\"high\" decoding=\"async\" width=\"1024\" height=\"768\" src=\"https:\/\/musique-equilibre.com\/me\/wp-content\/uploads\/2022\/11\/Ineige-Argonaute-Octobre-2022-6-1-1024x768.jpg\" alt=\"photos vid\u00e9os 2022-2023 Ineige Argonaute Octobre Orl\u00e9ans concerts\" class=\"wp-image-10678\" srcset=\"https:\/\/musique-equilibre.com\/me\/wp-content\/uploads\/2022\/11\/Ineige-Argonaute-Octobre-2022-6-1-1024x768.jpg 1024w, https:\/\/musique-equilibre.com\/me\/wp-content\/uploads\/2022\/11\/Ineige-Argonaute-Octobre-2022-6-1-300x225.jpg 300w, https:\/\/musique-equilibre.com\/me\/wp-content\/uploads\/2022\/11\/Ineige-Argonaute-Octobre-2022-6-1-150x113.jpg 150w, https:\/\/musique-equilibre.com\/me\/wp-content\/uploads\/2022\/11\/Ineige-Argonaute-Octobre-2022-6-1-768x576.jpg 768w, https:\/\/musique-equilibre.com\/me\/wp-content\/uploads\/2022\/11\/Ineige-Argonaute-Octobre-2022-6-1-1536x1152.jpg 1536w, https:\/\/musique-equilibre.com\/me\/wp-content\/uploads\/2022\/11\/Ineige-Argonaute-Octobre-2022-6-1-2048x1536.jpg 2048w\" sizes=\"(max-width: 1024px) 100vw, 1024px\" \/><\/figure>\n<\/div>\n\n\n\n<div class=\"wp-block-column is-layout-flow wp-block-column-is-layout-flow\">\n<figure class=\"wp-block-image size-large\"><img decoding=\"async\" width=\"1024\" height=\"768\" src=\"https:\/\/musique-equilibre.com\/me\/wp-content\/uploads\/2023\/09\/Masteclass-Thierry-Fanfant-25-sur-39-1024x768.jpg\" alt=\"thierry fanfant argonaute orl\u00e9ans \u00e9v\u00e8nements concert live musique et \u00e9quilibre salle de concert\" class=\"wp-image-12648\" srcset=\"https:\/\/musique-equilibre.com\/me\/wp-content\/uploads\/2023\/09\/Masteclass-Thierry-Fanfant-25-sur-39-1024x768.jpg 1024w, https:\/\/musique-equilibre.com\/me\/wp-content\/uploads\/2023\/09\/Masteclass-Thierry-Fanfant-25-sur-39-300x225.jpg 300w, https:\/\/musique-equilibre.com\/me\/wp-content\/uploads\/2023\/09\/Masteclass-Thierry-Fanfant-25-sur-39-150x113.jpg 150w, https:\/\/musique-equilibre.com\/me\/wp-content\/uploads\/2023\/09\/Masteclass-Thierry-Fanfant-25-sur-39-768x576.jpg 768w, https:\/\/musique-equilibre.com\/me\/wp-content\/uploads\/2023\/09\/Masteclass-Thierry-Fanfant-25-sur-39-1536x1152.jpg 1536w, https:\/\/musique-equilibre.com\/me\/wp-content\/uploads\/2023\/09\/Masteclass-Thierry-Fanfant-25-sur-39-2048x1536.jpg 2048w\" sizes=\"(max-width: 1024px) 100vw, 1024px\" \/><\/figure>\n<\/div>\n<\/div>\n\n\n<p><span style=\"font-family: coves;\">Ouvert en 2018, l&rsquo;<a href=\"https:\/\/www.orleans.fr\/que-faire-a-orleans\/equipements-sportifs\/largonaute\" target=\"_blank\" rel=\"noopener\">Argonaute<\/a> se situe au 73 boulevard Marie Stuart \u00e0 Orl\u00e9ans !<\/span><br \/><span style=\"font-family: coves;\">Une semaine par mois, Musique et \u00c9quilibre organise des concerts \u00e0 l\u2019Argonaute dans la salle \u00abKraftwerk\u00bb : cette programmation \u00e9clectique m\u00eale artistes professionnel\u00b7les et \u00e9l\u00e8ves de notre \u00e9cole.<\/span><\/p>\n<p><span style=\"font-family: coves;\">La semaine de concerts \u00e0 l&rsquo;Argonaute est organis\u00e9e de la fa\u00e7on suivante :\u00a0<\/span><br \/><span style=\"font-family: coves;\"><span style=\"color: #e25417;\">Lundi :<\/span> Live (avec les \u00e9l\u00e8ves de Musique et \u00c9quilibre)<\/span><br \/><span style=\"font-family: coves;\"><span style=\"color: #e25417;\">Mardi :<\/span> Sc\u00e8ne Ouverte<\/span><br \/><span style=\"font-family: coves;\"><span style=\"color: #e25417;\">Vendredi :<\/span> Live atelier (avec les \u00e9l\u00e8ves de Musique et \u00c9quilibre)<\/span><\/p>\n<p><span style=\"font-family: coves;\">Des \u00e9v\u00e8nements plus ponctuels (concert, masterclass&#8230;) sont aussi organis\u00e9s tout au long de l&rsquo;ann\u00e9e tel que des conf\u00e9rences, des masterclass, des stages.<\/span><\/p>\n<p style=\"text-align: center;\"><span style=\"font-family: coves; font-size: 14pt;\">Pour d\u00e9couvrir l&rsquo;ensemble de notre programmation, consultez notre <a href=\"https:\/\/musique-equilibre.com\/me\/index.php\/agenda-concerts-evenements-2023-2024\/\" target=\"_blank\" rel=\"noopener\">Agenda<\/a>.<\/span><\/p>\n\n\n<p class=\"has-text-align-center has-background\" style=\"background-color:#e25417\">Informations pratiques:<\/p>\n\n\n<p style=\"text-align: center;\"><span style=\"font-family: coves;\">73 boulevard Marie Stuart<\/span><br \/><span style=\"font-family: coves;\">Tram Ligne B : Arr\u00eat Mozart ou Grand Villers<\/span><br \/><span style=\"font-family: coves;\">Parking gratuit + arche \u00e0 v\u00e9lo \u00e0 proximit\u00e9<\/span><br \/><span style=\"font-family: coves;\">Vestiaire disponible lors de concert en configuration debout<\/p>\n<p><\/span><span style=\"font-family: coves;\">Les horaires indiqu\u00e9s concernent le d\u00e9but des concerts<\/span><\/p>\n\n\n<center> \n<iframe src=\"https:\/\/www.google.com\/maps\/embed?pb=!1m18!1m12!1m3!1d2674.2907789522774!2d1.92894417676844!3d47.91141086687893!2m3!1f0!2f0!3f0!3m2!1i1024!2i768!4f13.1!3m3!1m2!1s0x47e4fb5477223d6f%3A0x19b1c30ceccfa6a9!2sMusique%20Et%20%C3%89quilibre%20%2F%20%C3%89cole%20de%20Musiques%20Actuelles%20et%20salle%20de%20concerts!5e0!3m2!1sfr!2sfr!4v1695116813590!5m2!1sfr!2sfr\" width=\"600\" height=\"450\" style=\"border:0;\" allowfullscreen=\"\" loading=\"lazy\" referrerpolicy=\"no-referrer-when-downgrade\"><\/iframe><\/center>\n","protected":false},"excerpt":{"rendered":"<p>argonaute salle de concerts Ouvert en 2018, l&rsquo;Argonaute se situe au 73 boulevard Marie Stuart \u00e0 Orl\u00e9ans !Une semaine par mois, Musique et \u00c9quilibre organise des concerts \u00e0 l\u2019Argonaute dans la salle \u00abKraftwerk\u00bb : cette programmation \u00e9clectique m\u00eale artistes professionnel\u00b7les et \u00e9l\u00e8ves de notre \u00e9cole. La semaine de concerts \u00e0 l&rsquo;Argonaute est organis\u00e9e de la [&hellip;]<\/p>\n","protected":false},"author":1,"featured_media":10678,"parent":0,"menu_order":0,"comment_status":"closed","ping_status":"closed","template":"","meta":{"footnotes":""},"class_list":["post-12646","page","type-page","status-publish","has-post-thumbnail","czr-hentry"],"yoast_head":"<!-- This site is optimized with the Yoast SEO plugin v26.8 - https:\/\/yoast.com\/product\/yoast-seo-wordpress\/ -->\n<title>L&#039;Argonaute, Salle de concerts - Musique et Equilibre<\/title>\n<meta name=\"description\" content=\"L&#039;Argonaute est une salle de concerts situ\u00e9 \u00e0 Orl\u00e9ans. Jams et concerts sont programm\u00e9s chaque mois. Consultez notre agenda !\" \/>\n<meta name=\"robots\" content=\"index, follow, max-snippet:-1, max-image-preview:large, max-video-preview:-1\" \/>\n<link rel=\"canonical\" href=\"https:\/\/musique-equilibre.com\/me\/index.php\/largonaute-salle-de-concerts\/\" \/>\n<meta property=\"og:locale\" content=\"fr_FR\" \/>\n<meta property=\"og:type\" content=\"article\" \/>\n<meta property=\"og:title\" content=\"L&#039;Argonaute, Salle de concerts - Musique et Equilibre\" \/>\n<meta property=\"og:description\" content=\"L&#039;Argonaute est une salle de concerts situ\u00e9 \u00e0 Orl\u00e9ans. Jams et concerts sont programm\u00e9s chaque mois. Consultez notre agenda !\" \/>\n<meta property=\"og:url\" content=\"https:\/\/musique-equilibre.com\/me\/index.php\/largonaute-salle-de-concerts\/\" \/>\n<meta property=\"og:site_name\" content=\"Musique et Equilibre\" \/>\n<meta property=\"article:publisher\" content=\"https:\/\/www.facebook.com\/MusiqueetEquilibre45\" \/>\n<meta property=\"article:modified_time\" content=\"2025-11-05T15:52:49+00:00\" \/>\n<meta property=\"og:image\" content=\"https:\/\/musique-equilibre.com\/me\/wp-content\/uploads\/2022\/11\/Ineige-Argonaute-Octobre-2022-6-1-scaled.jpg\" \/>\n\t<meta property=\"og:image:width\" content=\"2560\" \/>\n\t<meta property=\"og:image:height\" content=\"1920\" \/>\n\t<meta property=\"og:image:type\" content=\"image\/jpeg\" \/>\n<meta name=\"twitter:card\" content=\"summary_large_image\" \/>\n<meta name=\"twitter:site\" content=\"@Musiquequilibre\" \/>\n<meta name=\"twitter:label1\" content=\"Dur\u00e9e de lecture estim\u00e9e\" \/>\n\t<meta name=\"twitter:data1\" content=\"2 minutes\" \/>\n<script type=\"application\/ld+json\" class=\"yoast-schema-graph\">{\"@context\":\"https:\/\/schema.org\",\"@graph\":[{\"@type\":\"WebPage\",\"@id\":\"https:\/\/musique-equilibre.com\/me\/index.php\/largonaute-salle-de-concerts\/\",\"url\":\"https:\/\/musique-equilibre.com\/me\/index.php\/largonaute-salle-de-concerts\/\",\"name\":\"L'Argonaute, Salle de concerts - Musique et Equilibre\",\"isPartOf\":{\"@id\":\"https:\/\/musique-equilibre.com\/me\/#website\"},\"primaryImageOfPage\":{\"@id\":\"https:\/\/musique-equilibre.com\/me\/index.php\/largonaute-salle-de-concerts\/#primaryimage\"},\"image\":{\"@id\":\"https:\/\/musique-equilibre.com\/me\/index.php\/largonaute-salle-de-concerts\/#primaryimage\"},\"thumbnailUrl\":\"https:\/\/musique-equilibre.com\/me\/wp-content\/uploads\/2022\/11\/Ineige-Argonaute-Octobre-2022-6-1-scaled.jpg\",\"datePublished\":\"2023-09-15T10:34:22+00:00\",\"dateModified\":\"2025-11-05T15:52:49+00:00\",\"description\":\"L'Argonaute est une salle de concerts situ\u00e9 \u00e0 Orl\u00e9ans. Jams et concerts sont programm\u00e9s chaque mois. Consultez notre agenda !\",\"breadcrumb\":{\"@id\":\"https:\/\/musique-equilibre.com\/me\/index.php\/largonaute-salle-de-concerts\/#breadcrumb\"},\"inLanguage\":\"fr-FR\",\"potentialAction\":[{\"@type\":\"ReadAction\",\"target\":[\"https:\/\/musique-equilibre.com\/me\/index.php\/largonaute-salle-de-concerts\/\"]}]},{\"@type\":\"ImageObject\",\"inLanguage\":\"fr-FR\",\"@id\":\"https:\/\/musique-equilibre.com\/me\/index.php\/largonaute-salle-de-concerts\/#primaryimage\",\"url\":\"https:\/\/musique-equilibre.com\/me\/wp-content\/uploads\/2022\/11\/Ineige-Argonaute-Octobre-2022-6-1-scaled.jpg\",\"contentUrl\":\"https:\/\/musique-equilibre.com\/me\/wp-content\/uploads\/2022\/11\/Ineige-Argonaute-Octobre-2022-6-1-scaled.jpg\",\"width\":2560,\"height\":1920,\"caption\":\"photos vid\u00e9os 2022-2023 Ineige Argonaute Octobre Orl\u00e9ans concerts\"},{\"@type\":\"BreadcrumbList\",\"@id\":\"https:\/\/musique-equilibre.com\/me\/index.php\/largonaute-salle-de-concerts\/#breadcrumb\",\"itemListElement\":[{\"@type\":\"ListItem\",\"position\":1,\"name\":\"Accueil\",\"item\":\"https:\/\/musique-equilibre.com\/me\/\"},{\"@type\":\"ListItem\",\"position\":2,\"name\":\"L&rsquo;Argonaute, Salle de concerts\"}]},{\"@type\":\"WebSite\",\"@id\":\"https:\/\/musique-equilibre.com\/me\/#website\",\"url\":\"https:\/\/musique-equilibre.com\/me\/\",\"name\":\"Musique et Equilibre\",\"description\":\"\",\"publisher\":{\"@id\":\"https:\/\/musique-equilibre.com\/me\/#organization\"},\"potentialAction\":[{\"@type\":\"SearchAction\",\"target\":{\"@type\":\"EntryPoint\",\"urlTemplate\":\"https:\/\/musique-equilibre.com\/me\/?s={search_term_string}\"},\"query-input\":{\"@type\":\"PropertyValueSpecification\",\"valueRequired\":true,\"valueName\":\"search_term_string\"}}],\"inLanguage\":\"fr-FR\"},{\"@type\":\"Organization\",\"@id\":\"https:\/\/musique-equilibre.com\/me\/#organization\",\"name\":\"Musique et Equilibre\",\"alternateName\":\"\u00c9cole de musique et salle de concert \u00e0 Orl\u00e9ans\",\"url\":\"https:\/\/musique-equilibre.com\/me\/\",\"logo\":{\"@type\":\"ImageObject\",\"inLanguage\":\"fr-FR\",\"@id\":\"https:\/\/musique-equilibre.com\/me\/#\/schema\/logo\/image\/\",\"url\":\"https:\/\/musique-equilibre.com\/me\/wp-content\/uploads\/2022\/11\/cropped-Logo_orange_texture-1.png\",\"contentUrl\":\"https:\/\/musique-equilibre.com\/me\/wp-content\/uploads\/2022\/11\/cropped-Logo_orange_texture-1.png\",\"width\":512,\"height\":512,\"caption\":\"Musique et Equilibre\"},\"image\":{\"@id\":\"https:\/\/musique-equilibre.com\/me\/#\/schema\/logo\/image\/\"},\"sameAs\":[\"https:\/\/www.facebook.com\/MusiqueetEquilibre45\",\"https:\/\/x.com\/Musiquequilibre\",\"https:\/\/www.instagram.com\/musique_et_equilibre_\/\",\"https:\/\/www.linkedin.com\/company\/musique-&amp;-equilibre\/\",\"https:\/\/www.youtube.com\/c\/MusiqueEquilibreOrleans\/\"]}]}<\/script>\n<!-- \/ Yoast SEO plugin. -->","yoast_head_json":{"title":"L'Argonaute, Salle de concerts - Musique et Equilibre","description":"L'Argonaute est une salle de concerts situ\u00e9 \u00e0 Orl\u00e9ans. Jams et concerts sont programm\u00e9s chaque mois. Consultez notre agenda !","robots":{"index":"index","follow":"follow","max-snippet":"max-snippet:-1","max-image-preview":"max-image-preview:large","max-video-preview":"max-video-preview:-1"},"canonical":"https:\/\/musique-equilibre.com\/me\/index.php\/largonaute-salle-de-concerts\/","og_locale":"fr_FR","og_type":"article","og_title":"L'Argonaute, Salle de concerts - Musique et Equilibre","og_description":"L'Argonaute est une salle de concerts situ\u00e9 \u00e0 Orl\u00e9ans. Jams et concerts sont programm\u00e9s chaque mois. Consultez notre agenda !","og_url":"https:\/\/musique-equilibre.com\/me\/index.php\/largonaute-salle-de-concerts\/","og_site_name":"Musique et Equilibre","article_publisher":"https:\/\/www.facebook.com\/MusiqueetEquilibre45","article_modified_time":"2025-11-05T15:52:49+00:00","og_image":[{"width":2560,"height":1920,"url":"https:\/\/musique-equilibre.com\/me\/wp-content\/uploads\/2022\/11\/Ineige-Argonaute-Octobre-2022-6-1-scaled.jpg","type":"image\/jpeg"}],"twitter_card":"summary_large_image","twitter_site":"@Musiquequilibre","twitter_misc":{"Dur\u00e9e de lecture estim\u00e9e":"2 minutes"},"schema":{"@context":"https:\/\/schema.org","@graph":[{"@type":"WebPage","@id":"https:\/\/musique-equilibre.com\/me\/index.php\/largonaute-salle-de-concerts\/","url":"https:\/\/musique-equilibre.com\/me\/index.php\/largonaute-salle-de-concerts\/","name":"L'Argonaute, Salle de concerts - Musique et Equilibre","isPartOf":{"@id":"https:\/\/musique-equilibre.com\/me\/#website"},"primaryImageOfPage":{"@id":"https:\/\/musique-equilibre.com\/me\/index.php\/largonaute-salle-de-concerts\/#primaryimage"},"image":{"@id":"https:\/\/musique-equilibre.com\/me\/index.php\/largonaute-salle-de-concerts\/#primaryimage"},"thumbnailUrl":"https:\/\/musique-equilibre.com\/me\/wp-content\/uploads\/2022\/11\/Ineige-Argonaute-Octobre-2022-6-1-scaled.jpg","datePublished":"2023-09-15T10:34:22+00:00","dateModified":"2025-11-05T15:52:49+00:00","description":"L'Argonaute est une salle de concerts situ\u00e9 \u00e0 Orl\u00e9ans. Jams et concerts sont programm\u00e9s chaque mois. Consultez notre agenda !","breadcrumb":{"@id":"https:\/\/musique-equilibre.com\/me\/index.php\/largonaute-salle-de-concerts\/#breadcrumb"},"inLanguage":"fr-FR","potentialAction":[{"@type":"ReadAction","target":["https:\/\/musique-equilibre.com\/me\/index.php\/largonaute-salle-de-concerts\/"]}]},{"@type":"ImageObject","inLanguage":"fr-FR","@id":"https:\/\/musique-equilibre.com\/me\/index.php\/largonaute-salle-de-concerts\/#primaryimage","url":"https:\/\/musique-equilibre.com\/me\/wp-content\/uploads\/2022\/11\/Ineige-Argonaute-Octobre-2022-6-1-scaled.jpg","contentUrl":"https:\/\/musique-equilibre.com\/me\/wp-content\/uploads\/2022\/11\/Ineige-Argonaute-Octobre-2022-6-1-scaled.jpg","width":2560,"height":1920,"caption":"photos vid\u00e9os 2022-2023 Ineige Argonaute Octobre Orl\u00e9ans concerts"},{"@type":"BreadcrumbList","@id":"https:\/\/musique-equilibre.com\/me\/index.php\/largonaute-salle-de-concerts\/#breadcrumb","itemListElement":[{"@type":"ListItem","position":1,"name":"Accueil","item":"https:\/\/musique-equilibre.com\/me\/"},{"@type":"ListItem","position":2,"name":"L&rsquo;Argonaute, Salle de concerts"}]},{"@type":"WebSite","@id":"https:\/\/musique-equilibre.com\/me\/#website","url":"https:\/\/musique-equilibre.com\/me\/","name":"Musique et Equilibre","description":"","publisher":{"@id":"https:\/\/musique-equilibre.com\/me\/#organization"},"potentialAction":[{"@type":"SearchAction","target":{"@type":"EntryPoint","urlTemplate":"https:\/\/musique-equilibre.com\/me\/?s={search_term_string}"},"query-input":{"@type":"PropertyValueSpecification","valueRequired":true,"valueName":"search_term_string"}}],"inLanguage":"fr-FR"},{"@type":"Organization","@id":"https:\/\/musique-equilibre.com\/me\/#organization","name":"Musique et Equilibre","alternateName":"\u00c9cole de musique et salle de concert \u00e0 Orl\u00e9ans","url":"https:\/\/musique-equilibre.com\/me\/","logo":{"@type":"ImageObject","inLanguage":"fr-FR","@id":"https:\/\/musique-equilibre.com\/me\/#\/schema\/logo\/image\/","url":"https:\/\/musique-equilibre.com\/me\/wp-content\/uploads\/2022\/11\/cropped-Logo_orange_texture-1.png","contentUrl":"https:\/\/musique-equilibre.com\/me\/wp-content\/uploads\/2022\/11\/cropped-Logo_orange_texture-1.png","width":512,"height":512,"caption":"Musique et Equilibre"},"image":{"@id":"https:\/\/musique-equilibre.com\/me\/#\/schema\/logo\/image\/"},"sameAs":["https:\/\/www.facebook.com\/MusiqueetEquilibre45","https:\/\/x.com\/Musiquequilibre","https:\/\/www.instagram.com\/musique_et_equilibre_\/","https:\/\/www.linkedin.com\/company\/musique-&amp;-equilibre\/","https:\/\/www.youtube.com\/c\/MusiqueEquilibreOrleans\/"]}]}},"_links":{"self":[{"href":"https:\/\/musique-equilibre.com\/me\/index.php\/wp-json\/wp\/v2\/pages\/12646","targetHints":{"allow":["GET"]}}],"collection":[{"href":"https:\/\/musique-equilibre.com\/me\/index.php\/wp-json\/wp\/v2\/pages"}],"about":[{"href":"https:\/\/musique-equilibre.com\/me\/index.php\/wp-json\/wp\/v2\/types\/page"}],"author":[{"embeddable":true,"href":"https:\/\/musique-equilibre.com\/me\/index.php\/wp-json\/wp\/v2\/users\/1"}],"replies":[{"embeddable":true,"href":"https:\/\/musique-equilibre.com\/me\/index.php\/wp-json\/wp\/v2\/comments?post=12646"}],"version-history":[{"count":19,"href":"https:\/\/musique-equilibre.com\/me\/index.php\/wp-json\/wp\/v2\/pages\/12646\/revisions"}],"predecessor-version":[{"id":18037,"href":"https:\/\/musique-equilibre.com\/me\/index.php\/wp-json\/wp\/v2\/pages\/12646\/revisions\/18037"}],"wp:featuredmedia":[{"embeddable":true,"href":"https:\/\/musique-equilibre.com\/me\/index.php\/wp-json\/wp\/v2\/media\/10678"}],"wp:attachment":[{"href":"https:\/\/musique-equilibre.com\/me\/index.php\/wp-json\/wp\/v2\/media?parent=12646"}],"curies":[{"name":"wp","href":"https:\/\/api.w.org\/{rel}","templated":true}]}}