{"id":12625,"date":"2023-09-15T11:58:14","date_gmt":"2023-09-15T09:58:14","guid":{"rendered":"https:\/\/musique-equilibre.com\/me\/?page_id=12625"},"modified":"2025-02-05T09:50:01","modified_gmt":"2025-02-05T08:50:01","slug":"bar-associatif","status":"publish","type":"page","link":"https:\/\/musique-equilibre.com\/me\/index.php\/bar-associatif\/","title":{"rendered":"Bar associatif"},"content":{"rendered":"<div class=\"wp-block-image\">\n<figure class=\"aligncenter size-large\"><img fetchpriority=\"high\" decoding=\"async\" width=\"1024\" height=\"252\" src=\"https:\/\/musique-equilibre.com\/me\/wp-content\/uploads\/2025\/02\/Banniere-bar-asso-1024x252.jpg\" alt=\"bar associatif argonaute orl\u00e9ans loiret musique et \u00e9quilibre salle de concert la brasserie des \u00e9cluses\" class=\"wp-image-16069\" srcset=\"https:\/\/musique-equilibre.com\/me\/wp-content\/uploads\/2025\/02\/Banniere-bar-asso-1024x252.jpg 1024w, https:\/\/musique-equilibre.com\/me\/wp-content\/uploads\/2025\/02\/Banniere-bar-asso-300x74.jpg 300w, https:\/\/musique-equilibre.com\/me\/wp-content\/uploads\/2025\/02\/Banniere-bar-asso-150x37.jpg 150w, https:\/\/musique-equilibre.com\/me\/wp-content\/uploads\/2025\/02\/Banniere-bar-asso-768x189.jpg 768w, https:\/\/musique-equilibre.com\/me\/wp-content\/uploads\/2025\/02\/Banniere-bar-asso.jpg 1366w\" sizes=\"(max-width: 1024px) 100vw, 1024px\" \/><\/figure><\/div>\n\n<p><\/p>\n<p><span style=\"font-family: coves;\">Musique et \u00c9quilibre ouvre son bar associatif \u00e0 l&rsquo;<a href=\"https:\/\/musique-equilibre.com\/me\/index.php\/largonaute-salle-de-concerts\/\" target=\"_blank\" rel=\"noreferrer noopener\">Argonaute<\/a> lors de ses soirs de concerts ainsi que pour les \u00e9v\u00e8nements particuliers (Grand bazar&#8230;).<\/span><br \/><span style=\"font-family: coves;\">Le bar est ouvert uniquement aux adh\u00e9rents-es de Musique et \u00c9quilibre.<\/span><br \/><span style=\"font-family: coves;\">Si vous ne l&rsquo;\u00eates pas, il est possible d&rsquo;obtenir l&rsquo;adh\u00e9sion bar : 6\u20ac + 1er boisson gratuite (hors pinte).<\/span><\/p>\n<p><span style=\"font-family: coves;\"> <\/span><\/p>\n<p>\u00a0<\/p>\n<p><span style=\"font-family: coves;\"> <\/span><\/p>\n<p class=\"has-text-align-center\"><span style=\"font-family: coves;\">Au bar associatif, vous trouverez des boissons chaudes ou froides, avec ou sans alcool, ainsi que de la bi\u00e8re locale de la <a href=\"https:\/\/labrasseriedesecluses.fr\/\" target=\"_blank\" rel=\"noreferrer noopener\">Brasserie des \u00c9cluses<\/a> de Saint Hilaire Saint Mesmin!<\/span><br \/><br \/><span style=\"font-family: coves;\">Pour d\u00e9couvrir la carte des boissons, c&rsquo;est <a href=\"https:\/\/bit.ly\/3jGf4FZ\" target=\"_blank\" rel=\"noreferrer noopener\">ici<\/a>.<\/span><\/p>\n<p><\/p>","protected":false},"excerpt":{"rendered":"<p>Musique et \u00c9quilibre ouvre son bar associatif \u00e0 l&rsquo;Argonaute lors de ses soirs de concerts ainsi que pour les \u00e9v\u00e8nements particuliers (Grand bazar&#8230;).Le bar est ouvert uniquement aux adh\u00e9rents-es de Musique et \u00c9quilibre.Si vous ne l&rsquo;\u00eates pas, il est possible d&rsquo;obtenir l&rsquo;adh\u00e9sion bar : 6\u20ac + 1er boisson gratuite (hors pinte). \u00a0 Au bar associatif, [&hellip;]<\/p>\n","protected":false},"author":1,"featured_media":12641,"parent":0,"menu_order":0,"comment_status":"closed","ping_status":"closed","template":"","meta":{"footnotes":""},"class_list":["post-12625","page","type-page","status-publish","has-post-thumbnail","czr-hentry"],"yoast_head":"<!-- This site is optimized with the Yoast SEO plugin v26.8 - https:\/\/yoast.com\/product\/yoast-seo-wordpress\/ -->\n<title>Bar associatif - Musique et Equilibre<\/title>\n<meta name=\"description\" content=\"Lors des jams et concerts organis\u00e9s par Musique et \u00c9quilibre, \u00e0 l&#039;Argonaute, venez vous rafraichir aupr\u00e8s du bar associatif !\" \/>\n<meta name=\"robots\" content=\"index, follow, max-snippet:-1, max-image-preview:large, max-video-preview:-1\" \/>\n<link rel=\"canonical\" href=\"https:\/\/musique-equilibre.com\/me\/index.php\/bar-associatif\/\" \/>\n<meta property=\"og:locale\" content=\"fr_FR\" \/>\n<meta property=\"og:type\" content=\"article\" \/>\n<meta property=\"og:title\" content=\"Bar associatif - Musique et Equilibre\" \/>\n<meta property=\"og:description\" content=\"Lors des jams et concerts organis\u00e9s par Musique et \u00c9quilibre, \u00e0 l&#039;Argonaute, venez vous rafraichir aupr\u00e8s du bar associatif !\" \/>\n<meta property=\"og:url\" content=\"https:\/\/musique-equilibre.com\/me\/index.php\/bar-associatif\/\" \/>\n<meta property=\"og:site_name\" content=\"Musique et Equilibre\" \/>\n<meta property=\"article:publisher\" content=\"https:\/\/www.facebook.com\/MusiqueetEquilibre45\" \/>\n<meta property=\"article:modified_time\" content=\"2025-02-05T08:50:01+00:00\" \/>\n<meta property=\"og:image\" content=\"https:\/\/musique-equilibre.com\/me\/wp-content\/uploads\/2023\/09\/Banniere-bar-asso.jpg\" \/>\n\t<meta property=\"og:image:width\" content=\"1366\" \/>\n\t<meta property=\"og:image:height\" content=\"336\" \/>\n\t<meta property=\"og:image:type\" content=\"image\/jpeg\" \/>\n<meta name=\"twitter:card\" content=\"summary_large_image\" \/>\n<meta name=\"twitter:site\" content=\"@Musiquequilibre\" \/>\n<meta name=\"twitter:label1\" content=\"Dur\u00e9e de lecture estim\u00e9e\" \/>\n\t<meta name=\"twitter:data1\" content=\"1 minute\" \/>\n<script type=\"application\/ld+json\" class=\"yoast-schema-graph\">{\"@context\":\"https:\/\/schema.org\",\"@graph\":[{\"@type\":\"WebPage\",\"@id\":\"https:\/\/musique-equilibre.com\/me\/index.php\/bar-associatif\/\",\"url\":\"https:\/\/musique-equilibre.com\/me\/index.php\/bar-associatif\/\",\"name\":\"Bar associatif - Musique et Equilibre\",\"isPartOf\":{\"@id\":\"https:\/\/musique-equilibre.com\/me\/#website\"},\"primaryImageOfPage\":{\"@id\":\"https:\/\/musique-equilibre.com\/me\/index.php\/bar-associatif\/#primaryimage\"},\"image\":{\"@id\":\"https:\/\/musique-equilibre.com\/me\/index.php\/bar-associatif\/#primaryimage\"},\"thumbnailUrl\":\"https:\/\/musique-equilibre.com\/me\/wp-content\/uploads\/2023\/09\/Banniere-bar-asso.jpg\",\"datePublished\":\"2023-09-15T09:58:14+00:00\",\"dateModified\":\"2025-02-05T08:50:01+00:00\",\"description\":\"Lors des jams et concerts organis\u00e9s par Musique et \u00c9quilibre, \u00e0 l'Argonaute, venez vous rafraichir aupr\u00e8s du bar associatif !\",\"breadcrumb\":{\"@id\":\"https:\/\/musique-equilibre.com\/me\/index.php\/bar-associatif\/#breadcrumb\"},\"inLanguage\":\"fr-FR\",\"potentialAction\":[{\"@type\":\"ReadAction\",\"target\":[\"https:\/\/musique-equilibre.com\/me\/index.php\/bar-associatif\/\"]}]},{\"@type\":\"ImageObject\",\"inLanguage\":\"fr-FR\",\"@id\":\"https:\/\/musique-equilibre.com\/me\/index.php\/bar-associatif\/#primaryimage\",\"url\":\"https:\/\/musique-equilibre.com\/me\/wp-content\/uploads\/2023\/09\/Banniere-bar-asso.jpg\",\"contentUrl\":\"https:\/\/musique-equilibre.com\/me\/wp-content\/uploads\/2023\/09\/Banniere-bar-asso.jpg\",\"width\":1366,\"height\":336,\"caption\":\"bar associatif argonaute orl\u00e9ans loiret musique et \u00e9quilibre salle de concert la brasserie des \u00e9cluses\"},{\"@type\":\"BreadcrumbList\",\"@id\":\"https:\/\/musique-equilibre.com\/me\/index.php\/bar-associatif\/#breadcrumb\",\"itemListElement\":[{\"@type\":\"ListItem\",\"position\":1,\"name\":\"Accueil\",\"item\":\"https:\/\/musique-equilibre.com\/me\/\"},{\"@type\":\"ListItem\",\"position\":2,\"name\":\"Bar associatif\"}]},{\"@type\":\"WebSite\",\"@id\":\"https:\/\/musique-equilibre.com\/me\/#website\",\"url\":\"https:\/\/musique-equilibre.com\/me\/\",\"name\":\"Musique et Equilibre\",\"description\":\"\",\"publisher\":{\"@id\":\"https:\/\/musique-equilibre.com\/me\/#organization\"},\"potentialAction\":[{\"@type\":\"SearchAction\",\"target\":{\"@type\":\"EntryPoint\",\"urlTemplate\":\"https:\/\/musique-equilibre.com\/me\/?s={search_term_string}\"},\"query-input\":{\"@type\":\"PropertyValueSpecification\",\"valueRequired\":true,\"valueName\":\"search_term_string\"}}],\"inLanguage\":\"fr-FR\"},{\"@type\":\"Organization\",\"@id\":\"https:\/\/musique-equilibre.com\/me\/#organization\",\"name\":\"Musique et Equilibre\",\"alternateName\":\"\u00c9cole de musique et salle de concert \u00e0 Orl\u00e9ans\",\"url\":\"https:\/\/musique-equilibre.com\/me\/\",\"logo\":{\"@type\":\"ImageObject\",\"inLanguage\":\"fr-FR\",\"@id\":\"https:\/\/musique-equilibre.com\/me\/#\/schema\/logo\/image\/\",\"url\":\"https:\/\/musique-equilibre.com\/me\/wp-content\/uploads\/2022\/11\/cropped-Logo_orange_texture-1.png\",\"contentUrl\":\"https:\/\/musique-equilibre.com\/me\/wp-content\/uploads\/2022\/11\/cropped-Logo_orange_texture-1.png\",\"width\":512,\"height\":512,\"caption\":\"Musique et Equilibre\"},\"image\":{\"@id\":\"https:\/\/musique-equilibre.com\/me\/#\/schema\/logo\/image\/\"},\"sameAs\":[\"https:\/\/www.facebook.com\/MusiqueetEquilibre45\",\"https:\/\/x.com\/Musiquequilibre\",\"https:\/\/www.instagram.com\/musique_et_equilibre_\/\",\"https:\/\/www.linkedin.com\/company\/musique-&amp;-equilibre\/\",\"https:\/\/www.youtube.com\/c\/MusiqueEquilibreOrleans\/\"]}]}<\/script>\n<!-- \/ Yoast SEO plugin. -->","yoast_head_json":{"title":"Bar associatif - Musique et Equilibre","description":"Lors des jams et concerts organis\u00e9s par Musique et \u00c9quilibre, \u00e0 l'Argonaute, venez vous rafraichir aupr\u00e8s du bar associatif !","robots":{"index":"index","follow":"follow","max-snippet":"max-snippet:-1","max-image-preview":"max-image-preview:large","max-video-preview":"max-video-preview:-1"},"canonical":"https:\/\/musique-equilibre.com\/me\/index.php\/bar-associatif\/","og_locale":"fr_FR","og_type":"article","og_title":"Bar associatif - Musique et Equilibre","og_description":"Lors des jams et concerts organis\u00e9s par Musique et \u00c9quilibre, \u00e0 l'Argonaute, venez vous rafraichir aupr\u00e8s du bar associatif !","og_url":"https:\/\/musique-equilibre.com\/me\/index.php\/bar-associatif\/","og_site_name":"Musique et Equilibre","article_publisher":"https:\/\/www.facebook.com\/MusiqueetEquilibre45","article_modified_time":"2025-02-05T08:50:01+00:00","og_image":[{"width":1366,"height":336,"url":"https:\/\/musique-equilibre.com\/me\/wp-content\/uploads\/2023\/09\/Banniere-bar-asso.jpg","type":"image\/jpeg"}],"twitter_card":"summary_large_image","twitter_site":"@Musiquequilibre","twitter_misc":{"Dur\u00e9e de lecture estim\u00e9e":"1 minute"},"schema":{"@context":"https:\/\/schema.org","@graph":[{"@type":"WebPage","@id":"https:\/\/musique-equilibre.com\/me\/index.php\/bar-associatif\/","url":"https:\/\/musique-equilibre.com\/me\/index.php\/bar-associatif\/","name":"Bar associatif - Musique et Equilibre","isPartOf":{"@id":"https:\/\/musique-equilibre.com\/me\/#website"},"primaryImageOfPage":{"@id":"https:\/\/musique-equilibre.com\/me\/index.php\/bar-associatif\/#primaryimage"},"image":{"@id":"https:\/\/musique-equilibre.com\/me\/index.php\/bar-associatif\/#primaryimage"},"thumbnailUrl":"https:\/\/musique-equilibre.com\/me\/wp-content\/uploads\/2023\/09\/Banniere-bar-asso.jpg","datePublished":"2023-09-15T09:58:14+00:00","dateModified":"2025-02-05T08:50:01+00:00","description":"Lors des jams et concerts organis\u00e9s par Musique et \u00c9quilibre, \u00e0 l'Argonaute, venez vous rafraichir aupr\u00e8s du bar associatif !","breadcrumb":{"@id":"https:\/\/musique-equilibre.com\/me\/index.php\/bar-associatif\/#breadcrumb"},"inLanguage":"fr-FR","potentialAction":[{"@type":"ReadAction","target":["https:\/\/musique-equilibre.com\/me\/index.php\/bar-associatif\/"]}]},{"@type":"ImageObject","inLanguage":"fr-FR","@id":"https:\/\/musique-equilibre.com\/me\/index.php\/bar-associatif\/#primaryimage","url":"https:\/\/musique-equilibre.com\/me\/wp-content\/uploads\/2023\/09\/Banniere-bar-asso.jpg","contentUrl":"https:\/\/musique-equilibre.com\/me\/wp-content\/uploads\/2023\/09\/Banniere-bar-asso.jpg","width":1366,"height":336,"caption":"bar associatif argonaute orl\u00e9ans loiret musique et \u00e9quilibre salle de concert la brasserie des \u00e9cluses"},{"@type":"BreadcrumbList","@id":"https:\/\/musique-equilibre.com\/me\/index.php\/bar-associatif\/#breadcrumb","itemListElement":[{"@type":"ListItem","position":1,"name":"Accueil","item":"https:\/\/musique-equilibre.com\/me\/"},{"@type":"ListItem","position":2,"name":"Bar associatif"}]},{"@type":"WebSite","@id":"https:\/\/musique-equilibre.com\/me\/#website","url":"https:\/\/musique-equilibre.com\/me\/","name":"Musique et Equilibre","description":"","publisher":{"@id":"https:\/\/musique-equilibre.com\/me\/#organization"},"potentialAction":[{"@type":"SearchAction","target":{"@type":"EntryPoint","urlTemplate":"https:\/\/musique-equilibre.com\/me\/?s={search_term_string}"},"query-input":{"@type":"PropertyValueSpecification","valueRequired":true,"valueName":"search_term_string"}}],"inLanguage":"fr-FR"},{"@type":"Organization","@id":"https:\/\/musique-equilibre.com\/me\/#organization","name":"Musique et Equilibre","alternateName":"\u00c9cole de musique et salle de concert \u00e0 Orl\u00e9ans","url":"https:\/\/musique-equilibre.com\/me\/","logo":{"@type":"ImageObject","inLanguage":"fr-FR","@id":"https:\/\/musique-equilibre.com\/me\/#\/schema\/logo\/image\/","url":"https:\/\/musique-equilibre.com\/me\/wp-content\/uploads\/2022\/11\/cropped-Logo_orange_texture-1.png","contentUrl":"https:\/\/musique-equilibre.com\/me\/wp-content\/uploads\/2022\/11\/cropped-Logo_orange_texture-1.png","width":512,"height":512,"caption":"Musique et Equilibre"},"image":{"@id":"https:\/\/musique-equilibre.com\/me\/#\/schema\/logo\/image\/"},"sameAs":["https:\/\/www.facebook.com\/MusiqueetEquilibre45","https:\/\/x.com\/Musiquequilibre","https:\/\/www.instagram.com\/musique_et_equilibre_\/","https:\/\/www.linkedin.com\/company\/musique-&amp;-equilibre\/","https:\/\/www.youtube.com\/c\/MusiqueEquilibreOrleans\/"]}]}},"_links":{"self":[{"href":"https:\/\/musique-equilibre.com\/me\/index.php\/wp-json\/wp\/v2\/pages\/12625","targetHints":{"allow":["GET"]}}],"collection":[{"href":"https:\/\/musique-equilibre.com\/me\/index.php\/wp-json\/wp\/v2\/pages"}],"about":[{"href":"https:\/\/musique-equilibre.com\/me\/index.php\/wp-json\/wp\/v2\/types\/page"}],"author":[{"embeddable":true,"href":"https:\/\/musique-equilibre.com\/me\/index.php\/wp-json\/wp\/v2\/users\/1"}],"replies":[{"embeddable":true,"href":"https:\/\/musique-equilibre.com\/me\/index.php\/wp-json\/wp\/v2\/comments?post=12625"}],"version-history":[{"count":7,"href":"https:\/\/musique-equilibre.com\/me\/index.php\/wp-json\/wp\/v2\/pages\/12625\/revisions"}],"predecessor-version":[{"id":16074,"href":"https:\/\/musique-equilibre.com\/me\/index.php\/wp-json\/wp\/v2\/pages\/12625\/revisions\/16074"}],"wp:featuredmedia":[{"embeddable":true,"href":"https:\/\/musique-equilibre.com\/me\/index.php\/wp-json\/wp\/v2\/media\/12641"}],"wp:attachment":[{"href":"https:\/\/musique-equilibre.com\/me\/index.php\/wp-json\/wp\/v2\/media?parent=12625"}],"curies":[{"name":"wp","href":"https:\/\/api.w.org\/{rel}","templated":true}]}}