{"id":12495,"date":"2023-09-07T17:53:53","date_gmt":"2023-09-07T15:53:53","guid":{"rendered":"https:\/\/musique-equilibre.com\/me\/?page_id=12495"},"modified":"2025-08-25T14:53:09","modified_gmt":"2025-08-25T12:53:09","slug":"atelier-rock-enfants-orleans","status":"publish","type":"page","link":"https:\/\/musique-equilibre.com\/me\/index.php\/atelier-rock-enfants-orleans\/","title":{"rendered":"Atelier rock enfants"},"content":{"rendered":"<div class=\"wp-block-image\">\n<figure class=\"aligncenter size-large is-resized\"><img fetchpriority=\"high\" decoding=\"async\" width=\"1024\" height=\"768\" src=\"https:\/\/musique-equilibre.com\/me\/wp-content\/uploads\/2024\/06\/2200536-1024x768.jpg\" alt=\"atelier rock enfants kids rock romain cl\u00e9ment orl\u00e9ans musique ateliers loiret\" class=\"wp-image-14723\" style=\"width:512px;height:384px\" srcset=\"https:\/\/musique-equilibre.com\/me\/wp-content\/uploads\/2024\/06\/2200536-1024x768.jpg 1024w, https:\/\/musique-equilibre.com\/me\/wp-content\/uploads\/2024\/06\/2200536-300x225.jpg 300w, https:\/\/musique-equilibre.com\/me\/wp-content\/uploads\/2024\/06\/2200536-150x113.jpg 150w, https:\/\/musique-equilibre.com\/me\/wp-content\/uploads\/2024\/06\/2200536-768x576.jpg 768w, https:\/\/musique-equilibre.com\/me\/wp-content\/uploads\/2024\/06\/2200536-1536x1152.jpg 1536w, https:\/\/musique-equilibre.com\/me\/wp-content\/uploads\/2024\/06\/2200536-2048x1536.jpg 2048w\" sizes=\"(max-width: 1024px) 100vw, 1024px\" \/><\/figure><\/div>\n\n\n<h2 class=\"wp-block-heading has-text-align-center\">Atelier Rock enfant<\/h2>\n\n\n\n<hr class=\"wp-block-separator has-css-opacity\"\/>\n\n\n<p><span style=\"font-family: coves;\">L&rsquo;atelier rock enfants, encadr\u00e9 par <a href=\"https:\/\/musique-equilibre.com\/me\/index.php\/2019\/11\/06\/romain-clement-coursmusiqueorleans\/\" target=\"_blank\" rel=\"noreferrer noopener\">Romain Cl\u00e9ment<\/a>, a lieu tous les jeudi de 18h30 \u00e0 19h30. Les rockers en herbes pourront apprendre \u00e0 jouer en groupe \u00e0 travers des classiques d&rsquo;hier et aujourd&rsquo;hui.<\/span><br \/><span style=\"font-family: coves;\">Ils travailleront les codes stylistique, les mises en place et l&rsquo;expression musicale. L&rsquo;objectif \u00e9tant avant tout de prendre du plaisir et d&rsquo;envoyer du \u00ab\u00a0gros son\u00a0\u00bb.<\/span><\/p>\n<p>\u00a0<\/p>\n\n<p class=\"has-text-align-center\"><span style=\"font-family: coves;\"><strong><a href=\"https:\/\/le108.org\/\">108<\/a> &#8211; jeudi &#8211; 18h30<\/strong><\/span><\/p>\n<p>\u00a0<\/p>\n\n<\/p>","protected":false},"excerpt":{"rendered":"<p>Atelier Rock enfant L&rsquo;atelier rock enfants, encadr\u00e9 par Romain Cl\u00e9ment, a lieu tous les jeudi de 18h30 \u00e0 19h30. Les rockers en herbes pourront apprendre \u00e0 jouer en groupe \u00e0 travers des classiques d&rsquo;hier et aujourd&rsquo;hui.Ils travailleront les codes stylistique, les mises en place et l&rsquo;expression musicale. L&rsquo;objectif \u00e9tant avant tout de prendre du plaisir [&hellip;]<\/p>\n","protected":false},"author":1,"featured_media":0,"parent":0,"menu_order":0,"comment_status":"closed","ping_status":"closed","template":"","meta":{"footnotes":""},"class_list":["post-12495","page","type-page","status-publish","czr-hentry"],"yoast_head":"<!-- This site is optimized with the Yoast SEO plugin v26.8 - https:\/\/yoast.com\/product\/yoast-seo-wordpress\/ -->\n<title>Atelier rock enfants - Musique et Equilibre<\/title>\n<meta name=\"description\" content=\"D\u00e9couvrez et rejoignez l&#039;atelier Rock enfants de Romain Cl\u00e9ment ! Cet atelier du cursus loisirs, se d\u00e9roule au 108.\" \/>\n<meta name=\"robots\" content=\"index, follow, max-snippet:-1, max-image-preview:large, max-video-preview:-1\" \/>\n<link rel=\"canonical\" href=\"https:\/\/musique-equilibre.com\/me\/index.php\/atelier-rock-enfants-orleans\/\" \/>\n<meta property=\"og:locale\" content=\"fr_FR\" \/>\n<meta property=\"og:type\" content=\"article\" \/>\n<meta property=\"og:title\" content=\"Atelier rock enfants - Musique et Equilibre\" \/>\n<meta property=\"og:description\" content=\"D\u00e9couvrez et rejoignez l&#039;atelier Rock enfants de Romain Cl\u00e9ment ! Cet atelier du cursus loisirs, se d\u00e9roule au 108.\" \/>\n<meta property=\"og:url\" content=\"https:\/\/musique-equilibre.com\/me\/index.php\/atelier-rock-enfants-orleans\/\" \/>\n<meta property=\"og:site_name\" content=\"Musique et Equilibre\" \/>\n<meta property=\"article:publisher\" content=\"https:\/\/www.facebook.com\/MusiqueetEquilibre45\" \/>\n<meta property=\"article:modified_time\" content=\"2025-08-25T12:53:09+00:00\" \/>\n<meta property=\"og:image\" content=\"https:\/\/musique-equilibre.com\/me\/wp-content\/uploads\/2024\/06\/2200536-scaled.jpg\" \/>\n\t<meta property=\"og:image:width\" content=\"2560\" \/>\n\t<meta property=\"og:image:height\" content=\"1920\" \/>\n\t<meta property=\"og:image:type\" content=\"image\/jpeg\" \/>\n<meta name=\"twitter:card\" content=\"summary_large_image\" \/>\n<meta name=\"twitter:site\" content=\"@Musiquequilibre\" \/>\n<meta name=\"twitter:label1\" content=\"Dur\u00e9e de lecture estim\u00e9e\" \/>\n\t<meta name=\"twitter:data1\" content=\"1 minute\" \/>\n<script type=\"application\/ld+json\" class=\"yoast-schema-graph\">{\"@context\":\"https:\/\/schema.org\",\"@graph\":[{\"@type\":\"WebPage\",\"@id\":\"https:\/\/musique-equilibre.com\/me\/index.php\/atelier-rock-enfants-orleans\/\",\"url\":\"https:\/\/musique-equilibre.com\/me\/index.php\/atelier-rock-enfants-orleans\/\",\"name\":\"Atelier rock enfants - Musique et Equilibre\",\"isPartOf\":{\"@id\":\"https:\/\/musique-equilibre.com\/me\/#website\"},\"primaryImageOfPage\":{\"@id\":\"https:\/\/musique-equilibre.com\/me\/index.php\/atelier-rock-enfants-orleans\/#primaryimage\"},\"image\":{\"@id\":\"https:\/\/musique-equilibre.com\/me\/index.php\/atelier-rock-enfants-orleans\/#primaryimage\"},\"thumbnailUrl\":\"https:\/\/musique-equilibre.com\/me\/wp-content\/uploads\/2024\/06\/2200536-1024x768.jpg\",\"datePublished\":\"2023-09-07T15:53:53+00:00\",\"dateModified\":\"2025-08-25T12:53:09+00:00\",\"description\":\"D\u00e9couvrez et rejoignez l'atelier Rock enfants de Romain Cl\u00e9ment ! Cet atelier du cursus loisirs, se d\u00e9roule au 108.\",\"breadcrumb\":{\"@id\":\"https:\/\/musique-equilibre.com\/me\/index.php\/atelier-rock-enfants-orleans\/#breadcrumb\"},\"inLanguage\":\"fr-FR\",\"potentialAction\":[{\"@type\":\"ReadAction\",\"target\":[\"https:\/\/musique-equilibre.com\/me\/index.php\/atelier-rock-enfants-orleans\/\"]}]},{\"@type\":\"ImageObject\",\"inLanguage\":\"fr-FR\",\"@id\":\"https:\/\/musique-equilibre.com\/me\/index.php\/atelier-rock-enfants-orleans\/#primaryimage\",\"url\":\"https:\/\/musique-equilibre.com\/me\/wp-content\/uploads\/2024\/06\/2200536-scaled.jpg\",\"contentUrl\":\"https:\/\/musique-equilibre.com\/me\/wp-content\/uploads\/2024\/06\/2200536-scaled.jpg\",\"width\":2560,\"height\":1920,\"caption\":\"atelier rock enfants kids rock romain cl\u00e9ment orl\u00e9ans musique ateliers loiret\"},{\"@type\":\"BreadcrumbList\",\"@id\":\"https:\/\/musique-equilibre.com\/me\/index.php\/atelier-rock-enfants-orleans\/#breadcrumb\",\"itemListElement\":[{\"@type\":\"ListItem\",\"position\":1,\"name\":\"Accueil\",\"item\":\"https:\/\/musique-equilibre.com\/me\/\"},{\"@type\":\"ListItem\",\"position\":2,\"name\":\"Atelier rock enfants\"}]},{\"@type\":\"WebSite\",\"@id\":\"https:\/\/musique-equilibre.com\/me\/#website\",\"url\":\"https:\/\/musique-equilibre.com\/me\/\",\"name\":\"Musique et Equilibre\",\"description\":\"\",\"publisher\":{\"@id\":\"https:\/\/musique-equilibre.com\/me\/#organization\"},\"potentialAction\":[{\"@type\":\"SearchAction\",\"target\":{\"@type\":\"EntryPoint\",\"urlTemplate\":\"https:\/\/musique-equilibre.com\/me\/?s={search_term_string}\"},\"query-input\":{\"@type\":\"PropertyValueSpecification\",\"valueRequired\":true,\"valueName\":\"search_term_string\"}}],\"inLanguage\":\"fr-FR\"},{\"@type\":\"Organization\",\"@id\":\"https:\/\/musique-equilibre.com\/me\/#organization\",\"name\":\"Musique et Equilibre\",\"alternateName\":\"\u00c9cole de musique et salle de concert \u00e0 Orl\u00e9ans\",\"url\":\"https:\/\/musique-equilibre.com\/me\/\",\"logo\":{\"@type\":\"ImageObject\",\"inLanguage\":\"fr-FR\",\"@id\":\"https:\/\/musique-equilibre.com\/me\/#\/schema\/logo\/image\/\",\"url\":\"https:\/\/musique-equilibre.com\/me\/wp-content\/uploads\/2022\/11\/cropped-Logo_orange_texture-1.png\",\"contentUrl\":\"https:\/\/musique-equilibre.com\/me\/wp-content\/uploads\/2022\/11\/cropped-Logo_orange_texture-1.png\",\"width\":512,\"height\":512,\"caption\":\"Musique et Equilibre\"},\"image\":{\"@id\":\"https:\/\/musique-equilibre.com\/me\/#\/schema\/logo\/image\/\"},\"sameAs\":[\"https:\/\/www.facebook.com\/MusiqueetEquilibre45\",\"https:\/\/x.com\/Musiquequilibre\",\"https:\/\/www.instagram.com\/musique_et_equilibre_\/\",\"https:\/\/www.linkedin.com\/company\/musique-&amp;-equilibre\/\",\"https:\/\/www.youtube.com\/c\/MusiqueEquilibreOrleans\/\"]}]}<\/script>\n<!-- \/ Yoast SEO plugin. -->","yoast_head_json":{"title":"Atelier rock enfants - Musique et Equilibre","description":"D\u00e9couvrez et rejoignez l'atelier Rock enfants de Romain Cl\u00e9ment ! Cet atelier du cursus loisirs, se d\u00e9roule au 108.","robots":{"index":"index","follow":"follow","max-snippet":"max-snippet:-1","max-image-preview":"max-image-preview:large","max-video-preview":"max-video-preview:-1"},"canonical":"https:\/\/musique-equilibre.com\/me\/index.php\/atelier-rock-enfants-orleans\/","og_locale":"fr_FR","og_type":"article","og_title":"Atelier rock enfants - Musique et Equilibre","og_description":"D\u00e9couvrez et rejoignez l'atelier Rock enfants de Romain Cl\u00e9ment ! Cet atelier du cursus loisirs, se d\u00e9roule au 108.","og_url":"https:\/\/musique-equilibre.com\/me\/index.php\/atelier-rock-enfants-orleans\/","og_site_name":"Musique et Equilibre","article_publisher":"https:\/\/www.facebook.com\/MusiqueetEquilibre45","article_modified_time":"2025-08-25T12:53:09+00:00","og_image":[{"width":2560,"height":1920,"url":"https:\/\/musique-equilibre.com\/me\/wp-content\/uploads\/2024\/06\/2200536-scaled.jpg","type":"image\/jpeg"}],"twitter_card":"summary_large_image","twitter_site":"@Musiquequilibre","twitter_misc":{"Dur\u00e9e de lecture estim\u00e9e":"1 minute"},"schema":{"@context":"https:\/\/schema.org","@graph":[{"@type":"WebPage","@id":"https:\/\/musique-equilibre.com\/me\/index.php\/atelier-rock-enfants-orleans\/","url":"https:\/\/musique-equilibre.com\/me\/index.php\/atelier-rock-enfants-orleans\/","name":"Atelier rock enfants - Musique et Equilibre","isPartOf":{"@id":"https:\/\/musique-equilibre.com\/me\/#website"},"primaryImageOfPage":{"@id":"https:\/\/musique-equilibre.com\/me\/index.php\/atelier-rock-enfants-orleans\/#primaryimage"},"image":{"@id":"https:\/\/musique-equilibre.com\/me\/index.php\/atelier-rock-enfants-orleans\/#primaryimage"},"thumbnailUrl":"https:\/\/musique-equilibre.com\/me\/wp-content\/uploads\/2024\/06\/2200536-1024x768.jpg","datePublished":"2023-09-07T15:53:53+00:00","dateModified":"2025-08-25T12:53:09+00:00","description":"D\u00e9couvrez et rejoignez l'atelier Rock enfants de Romain Cl\u00e9ment ! Cet atelier du cursus loisirs, se d\u00e9roule au 108.","breadcrumb":{"@id":"https:\/\/musique-equilibre.com\/me\/index.php\/atelier-rock-enfants-orleans\/#breadcrumb"},"inLanguage":"fr-FR","potentialAction":[{"@type":"ReadAction","target":["https:\/\/musique-equilibre.com\/me\/index.php\/atelier-rock-enfants-orleans\/"]}]},{"@type":"ImageObject","inLanguage":"fr-FR","@id":"https:\/\/musique-equilibre.com\/me\/index.php\/atelier-rock-enfants-orleans\/#primaryimage","url":"https:\/\/musique-equilibre.com\/me\/wp-content\/uploads\/2024\/06\/2200536-scaled.jpg","contentUrl":"https:\/\/musique-equilibre.com\/me\/wp-content\/uploads\/2024\/06\/2200536-scaled.jpg","width":2560,"height":1920,"caption":"atelier rock enfants kids rock romain cl\u00e9ment orl\u00e9ans musique ateliers loiret"},{"@type":"BreadcrumbList","@id":"https:\/\/musique-equilibre.com\/me\/index.php\/atelier-rock-enfants-orleans\/#breadcrumb","itemListElement":[{"@type":"ListItem","position":1,"name":"Accueil","item":"https:\/\/musique-equilibre.com\/me\/"},{"@type":"ListItem","position":2,"name":"Atelier rock enfants"}]},{"@type":"WebSite","@id":"https:\/\/musique-equilibre.com\/me\/#website","url":"https:\/\/musique-equilibre.com\/me\/","name":"Musique et Equilibre","description":"","publisher":{"@id":"https:\/\/musique-equilibre.com\/me\/#organization"},"potentialAction":[{"@type":"SearchAction","target":{"@type":"EntryPoint","urlTemplate":"https:\/\/musique-equilibre.com\/me\/?s={search_term_string}"},"query-input":{"@type":"PropertyValueSpecification","valueRequired":true,"valueName":"search_term_string"}}],"inLanguage":"fr-FR"},{"@type":"Organization","@id":"https:\/\/musique-equilibre.com\/me\/#organization","name":"Musique et Equilibre","alternateName":"\u00c9cole de musique et salle de concert \u00e0 Orl\u00e9ans","url":"https:\/\/musique-equilibre.com\/me\/","logo":{"@type":"ImageObject","inLanguage":"fr-FR","@id":"https:\/\/musique-equilibre.com\/me\/#\/schema\/logo\/image\/","url":"https:\/\/musique-equilibre.com\/me\/wp-content\/uploads\/2022\/11\/cropped-Logo_orange_texture-1.png","contentUrl":"https:\/\/musique-equilibre.com\/me\/wp-content\/uploads\/2022\/11\/cropped-Logo_orange_texture-1.png","width":512,"height":512,"caption":"Musique et Equilibre"},"image":{"@id":"https:\/\/musique-equilibre.com\/me\/#\/schema\/logo\/image\/"},"sameAs":["https:\/\/www.facebook.com\/MusiqueetEquilibre45","https:\/\/x.com\/Musiquequilibre","https:\/\/www.instagram.com\/musique_et_equilibre_\/","https:\/\/www.linkedin.com\/company\/musique-&amp;-equilibre\/","https:\/\/www.youtube.com\/c\/MusiqueEquilibreOrleans\/"]}]}},"_links":{"self":[{"href":"https:\/\/musique-equilibre.com\/me\/index.php\/wp-json\/wp\/v2\/pages\/12495","targetHints":{"allow":["GET"]}}],"collection":[{"href":"https:\/\/musique-equilibre.com\/me\/index.php\/wp-json\/wp\/v2\/pages"}],"about":[{"href":"https:\/\/musique-equilibre.com\/me\/index.php\/wp-json\/wp\/v2\/types\/page"}],"author":[{"embeddable":true,"href":"https:\/\/musique-equilibre.com\/me\/index.php\/wp-json\/wp\/v2\/users\/1"}],"replies":[{"embeddable":true,"href":"https:\/\/musique-equilibre.com\/me\/index.php\/wp-json\/wp\/v2\/comments?post=12495"}],"version-history":[{"count":4,"href":"https:\/\/musique-equilibre.com\/me\/index.php\/wp-json\/wp\/v2\/pages\/12495\/revisions"}],"predecessor-version":[{"id":17712,"href":"https:\/\/musique-equilibre.com\/me\/index.php\/wp-json\/wp\/v2\/pages\/12495\/revisions\/17712"}],"wp:attachment":[{"href":"https:\/\/musique-equilibre.com\/me\/index.php\/wp-json\/wp\/v2\/media?parent=12495"}],"curies":[{"name":"wp","href":"https:\/\/api.w.org\/{rel}","templated":true}]}}