{"id":12394,"date":"2023-08-24T14:02:12","date_gmt":"2023-08-24T12:02:12","guid":{"rendered":"https:\/\/musique-equilibre.com\/me\/?page_id=12394"},"modified":"2025-11-05T16:51:10","modified_gmt":"2025-11-05T15:51:10","slug":"mise-a-disposition","status":"publish","type":"page","link":"https:\/\/musique-equilibre.com\/me\/index.php\/mise-a-disposition\/","title":{"rendered":"Mise \u00e0 disposition"},"content":{"rendered":"\n<h2 class=\"wp-block-heading\">Mise \u00e0 disposition<\/h2>\n\n\n<p style=\"text-align: left;\"><span style=\"font-family: coves;\">Vous \u00eates une association, un organisme de formation, un\u00b7e artiste\/groupe et vous avez envie d\u2019organiser un \u00e9v\u00e8nement ? La salle Kraftwerk \u00e0 l\u2019<a href=\"https:\/\/www.orleans.fr\/que-faire-a-orleans\/equipements-sportifs\/largonaute\" target=\"_blank\" rel=\"noopener\">Argonaute<\/a> est \u00e0 votre disposition et vous accueille d\u00e8s \u00e0 pr\u00e9sent !<\/span><\/p>\n<p style=\"text-align: left;\"><span style=\"font-family: coves;\">Pour un concert, un spectacle, une r\u00e9union, une formation\u2026<\/span><br \/><span style=\"font-family: coves;\">La <a href=\"https:\/\/musique-equilibre.com\/me\/index.php\/largonaute-salle-de-concerts\/\" target=\"_blank\" rel=\"noreferrer noopener\">Kraftwerk<\/a> est polyvalente et peut s\u2019adapter \u00e0 la configuration de votre \u00e9v\u00e8nement.<\/span><br \/><span style=\"font-family: coves;\">De plus, son emplacement privil\u00e9gi\u00e9 (proche des transports en commun, parking) est un atout majeur pour vos invit\u00e9\u00b7es.<\/span><\/p>\n<p style=\"text-align: center;\"><span style=\"font-family: coves;\">Envie de connaitre nos tarifs, disponibilit\u00e9s et conditions ?<\/span><br data-rich-text-line-break=\"true\" \/><span style=\"font-family: coves;\">Merci de nous contacter l\u2019administration : <a href=\"mailto:alice@musique-equilibre.com\" data-rich-text-format-boundary=\"true\">alice@musique-equilibre.com<\/a><\/span><\/p>\n\n\n<figure class=\"wp-block-gallery has-nested-images columns-default is-cropped wp-block-gallery-1 is-layout-flex wp-block-gallery-is-layout-flex\">\n<figure class=\"wp-block-image size-large\"><img fetchpriority=\"high\" decoding=\"async\" width=\"1024\" height=\"683\" data-id=\"12450\" src=\"https:\/\/musique-equilibre.com\/me\/wp-content\/uploads\/2023\/08\/DSC01681-1-1024x683.jpg\" alt=\"mise \u00e0 disposition location \u00e9v\u00e8nement salle argonaute orl\u00e9ans centre val de loire loiret\" class=\"wp-image-12450\" srcset=\"https:\/\/musique-equilibre.com\/me\/wp-content\/uploads\/2023\/08\/DSC01681-1-1024x683.jpg 1024w, https:\/\/musique-equilibre.com\/me\/wp-content\/uploads\/2023\/08\/DSC01681-1-300x200.jpg 300w, https:\/\/musique-equilibre.com\/me\/wp-content\/uploads\/2023\/08\/DSC01681-1-150x100.jpg 150w, https:\/\/musique-equilibre.com\/me\/wp-content\/uploads\/2023\/08\/DSC01681-1-768x512.jpg 768w, https:\/\/musique-equilibre.com\/me\/wp-content\/uploads\/2023\/08\/DSC01681-1-1536x1024.jpg 1536w, https:\/\/musique-equilibre.com\/me\/wp-content\/uploads\/2023\/08\/DSC01681-1-2048x1365.jpg 2048w\" sizes=\"(max-width: 1024px) 100vw, 1024px\" \/><\/figure>\n\n\n\n<figure class=\"wp-block-image size-large\"><img decoding=\"async\" width=\"1024\" height=\"768\" data-id=\"12448\" src=\"https:\/\/musique-equilibre.com\/me\/wp-content\/uploads\/2023\/08\/Argonaute-5-sur-7-1024x768.jpg\" alt=\"mise \u00e0 disposition location \u00e9v\u00e8nement salle argonaute orl\u00e9ans centre val de loire loiret\" class=\"wp-image-12448\" srcset=\"https:\/\/musique-equilibre.com\/me\/wp-content\/uploads\/2023\/08\/Argonaute-5-sur-7-1024x768.jpg 1024w, https:\/\/musique-equilibre.com\/me\/wp-content\/uploads\/2023\/08\/Argonaute-5-sur-7-300x225.jpg 300w, https:\/\/musique-equilibre.com\/me\/wp-content\/uploads\/2023\/08\/Argonaute-5-sur-7-150x112.jpg 150w, https:\/\/musique-equilibre.com\/me\/wp-content\/uploads\/2023\/08\/Argonaute-5-sur-7-768x576.jpg 768w, https:\/\/musique-equilibre.com\/me\/wp-content\/uploads\/2023\/08\/Argonaute-5-sur-7-1536x1152.jpg 1536w, https:\/\/musique-equilibre.com\/me\/wp-content\/uploads\/2023\/08\/Argonaute-5-sur-7-2048x1536.jpg 2048w\" sizes=\"(max-width: 1024px) 100vw, 1024px\" \/><\/figure>\n<\/figure>\n\n\n\n<figure class=\"wp-block-table is-style-regular\"><table class=\"has-black-color has-text-color has-background\" style=\"background-color:#e25417\"><thead><tr><th><mark style=\"background-color:#00000000\" class=\"has-inline-color\"><strong>Formule<\/strong><\/mark><\/th><th><strong>Descriptio<\/strong>n<\/th><th>Capacit\u00e9<\/th><th>Id\u00e9al pour<\/th><\/tr><\/thead><tbody><tr><td><mark style=\"background-color:rgba(0, 0, 0, 0)\" class=\"has-inline-color has-black-color\">Salle vide<\/mark><\/td><td><mark style=\"background-color:rgba(0, 0, 0, 0)\" class=\"has-inline-color has-black-color\">Tables et chaises comprises<br>Wi-fi<\/mark><\/td><td><mark style=\"background-color:rgba(0, 0, 0, 0)\" class=\"has-inline-color has-black-color\">28 assis<\/mark><br><mark style=\"background-color:rgba(0, 0, 0, 0)\" class=\"has-inline-color has-black-color\">(avec tables) <\/mark><br><mark style=\"background-color:rgba(0, 0, 0, 0)\" class=\"has-inline-color has-black-color\">40 assis<\/mark><br><mark style=\"background-color:rgba(0, 0, 0, 0)\" class=\"has-inline-color has-black-color\">(sans table)<\/mark> <\/td><td><mark style=\"background-color:rgba(0, 0, 0, 0)\" class=\"has-inline-color has-black-color\">Les r\u00e9unions<br>Les cocktails<br>Les conf\u00e9rences<br>&#8230;<\/mark><\/td><\/tr><tr><td><mark style=\"background-color:rgba(0, 0, 0, 0)\" class=\"has-inline-color has-black-color\">Salle avec vid\u00e9o projecteur<\/mark><\/td><td><mark style=\"background-color:rgba(0, 0, 0, 0)\" class=\"has-inline-color has-black-color\">Vid\u00e9o projecteur<br>Tables et chaises comprises<br>Wi-fi<\/mark><\/td><td><mark style=\"background-color:rgba(0, 0, 0, 0)\" class=\"has-inline-color has-black-color\">28 assis<\/mark><br><mark style=\"background-color:rgba(0, 0, 0, 0)\" class=\"has-inline-color has-black-color\">(avec tables) <\/mark><br><mark style=\"background-color:rgba(0, 0, 0, 0)\" class=\"has-inline-color has-black-color\">40 assis<\/mark><br><mark style=\"background-color:rgba(0, 0, 0, 0)\" class=\"has-inline-color has-black-color\">(sans table)<\/mark><\/td><td><mark style=\"background-color:rgba(0, 0, 0, 0)\" class=\"has-inline-color has-black-color\">Les projections<br>Les formations<br>&#8230;<\/mark><\/td><\/tr><tr><td><mark style=\"background-color:rgba(0, 0, 0, 0)\" class=\"has-inline-color has-black-color\">Salle avec mat\u00e9riel son<\/mark><\/td><td><mark style=\"background-color:rgba(0, 0, 0, 0)\" class=\"has-inline-color has-black-color\">Mat\u00e9riel son + technicien (obligatoire)<br>Tables et chaises comprises<br>Wi-fi<\/mark><br><mark style=\"background-color:rgba(0, 0, 0, 0)\" class=\"has-inline-color has-black-color\">Salle annexe pour pouvant faire office de loge<\/mark><\/td><td><mark style=\"background-color:rgba(0, 0, 0, 0)\" class=\"has-inline-color has-black-color\">40 assis<br>90 debouts<\/mark><\/td><td><mark style=\"background-color:rgba(0, 0, 0, 0)\" class=\"has-inline-color has-black-color\">Les release party<br>Les concerts<\/mark> <mark style=\"background-color:rgba(0, 0, 0, 0)\" class=\"has-inline-color has-black-color\">et spectacles<br>&#8230;<\/mark><\/td><\/tr><\/tbody><\/table><\/figure>\n\n\n<p><span style=\"font-family: coves;\">Sc\u00e8ne : 24m<\/span><br \/><span style=\"font-family: coves;\">Salle vide : 49m\u00b2<\/span><br \/><span style=\"font-family: coves;\">Loge : 27m\u00b2<\/span><\/p>\n<p><span style=\"font-family: coves;\">Acc\u00e8s PMR<\/span><br \/><span style=\"font-family: coves;\">Acc\u00e8s rapide depuis le centre ville en transport ou v\u00e9hicule personnel :<\/span><br \/><span style=\"font-family: coves;\">Accessible par le Tram (ligne B). Arr\u00eat Mozart ou Grand Villers<\/span><br \/><span style=\"font-family: coves;\">Parking voiture gratuit \u00e0 proximit\u00e9<\/span><br \/><span style=\"font-family: coves;\">Arche v\u00e9lo disponibles devant le b\u00e2timent<\/span><\/p>\n<p><span style=\"font-family: coves;\">La salle Kraftwerk est situ\u00e9e au RDC du b\u00e2timent l&rsquo;<a href=\"https:\/\/www.google.com\/maps\/place\/Complexe+Sportif+L'Argonaute\/@47.9112307,1.9315103,15z\/data=!4m6!3m5!1s0x47e4fb54772611e5:0xb3e9f4578dfca35c!8m2!3d47.9112307!4d1.9315103!16s%2Fg%2F11f0kvjq9r?entry=ttu\" target=\"_blank\" rel=\"noreferrer noopener\">Argonaute<\/a>, 73 boulevard Marie Stuart \u00e0 Orl\u00e9ans.<\/span><\/p>\n<p><span style=\"font-family: coves;\">La buvette ne peut \u00eatre lou\u00e9e\u00a0<\/span><\/p>\n<p><span style=\"font-size: 6px; color: #ffffff;\">mise \u00e0 disposition<\/span><\/p>\n\n\n<p><\/p>\n","protected":false},"excerpt":{"rendered":"<p>Mise \u00e0 disposition Vous \u00eates une association, un organisme de formation, un\u00b7e artiste\/groupe et vous avez envie d\u2019organiser un \u00e9v\u00e8nement ? La salle Kraftwerk \u00e0 l\u2019Argonaute est \u00e0 votre disposition et vous accueille d\u00e8s \u00e0 pr\u00e9sent ! Pour un concert, un spectacle, une r\u00e9union, une formation\u2026La Kraftwerk est polyvalente et peut s\u2019adapter \u00e0 la configuration [&hellip;]<\/p>\n","protected":false},"author":1,"featured_media":0,"parent":0,"menu_order":0,"comment_status":"closed","ping_status":"closed","template":"","meta":{"footnotes":""},"class_list":["post-12394","page","type-page","status-publish","czr-hentry"],"yoast_head":"<!-- This site is optimized with the Yoast SEO plugin v26.8 - https:\/\/yoast.com\/product\/yoast-seo-wordpress\/ -->\n<title>Mise \u00e0 disposition - Musique et Equilibre<\/title>\n<meta name=\"description\" content=\"La salle Kraftwerk situ\u00e9e \u00e0 l&#039;Argonaute est maintenant en mise \u00e0 disposition pour vos \u00e9v\u00e8nements priv\u00e9s ou publics !\" \/>\n<meta name=\"robots\" content=\"index, follow, max-snippet:-1, max-image-preview:large, max-video-preview:-1\" \/>\n<link rel=\"canonical\" href=\"https:\/\/musique-equilibre.com\/me\/index.php\/mise-a-disposition\/\" \/>\n<meta property=\"og:locale\" content=\"fr_FR\" \/>\n<meta property=\"og:type\" content=\"article\" \/>\n<meta property=\"og:title\" content=\"Mise \u00e0 disposition - Musique et Equilibre\" \/>\n<meta property=\"og:description\" content=\"La salle Kraftwerk situ\u00e9e \u00e0 l&#039;Argonaute est maintenant en mise \u00e0 disposition pour vos \u00e9v\u00e8nements priv\u00e9s ou publics !\" \/>\n<meta property=\"og:url\" content=\"https:\/\/musique-equilibre.com\/me\/index.php\/mise-a-disposition\/\" \/>\n<meta property=\"og:site_name\" content=\"Musique et Equilibre\" \/>\n<meta property=\"article:publisher\" content=\"https:\/\/www.facebook.com\/MusiqueetEquilibre45\" \/>\n<meta property=\"article:modified_time\" content=\"2025-11-05T15:51:10+00:00\" \/>\n<meta property=\"og:image\" content=\"https:\/\/musique-equilibre.com\/me\/wp-content\/uploads\/2023\/08\/DSC01681-1.jpg\" \/>\n\t<meta property=\"og:image:width\" content=\"2210\" \/>\n\t<meta property=\"og:image:height\" content=\"1473\" \/>\n\t<meta property=\"og:image:type\" content=\"image\/jpeg\" \/>\n<meta name=\"twitter:card\" content=\"summary_large_image\" \/>\n<meta name=\"twitter:site\" content=\"@Musiquequilibre\" \/>\n<meta name=\"twitter:label1\" content=\"Dur\u00e9e de lecture estim\u00e9e\" \/>\n\t<meta name=\"twitter:data1\" content=\"2 minutes\" \/>\n<script type=\"application\/ld+json\" class=\"yoast-schema-graph\">{\"@context\":\"https:\/\/schema.org\",\"@graph\":[{\"@type\":\"WebPage\",\"@id\":\"https:\/\/musique-equilibre.com\/me\/index.php\/mise-a-disposition\/\",\"url\":\"https:\/\/musique-equilibre.com\/me\/index.php\/mise-a-disposition\/\",\"name\":\"Mise \u00e0 disposition - Musique et Equilibre\",\"isPartOf\":{\"@id\":\"https:\/\/musique-equilibre.com\/me\/#website\"},\"primaryImageOfPage\":{\"@id\":\"https:\/\/musique-equilibre.com\/me\/index.php\/mise-a-disposition\/#primaryimage\"},\"image\":{\"@id\":\"https:\/\/musique-equilibre.com\/me\/index.php\/mise-a-disposition\/#primaryimage\"},\"thumbnailUrl\":\"https:\/\/musique-equilibre.com\/me\/wp-content\/uploads\/2023\/08\/DSC01681-1-1024x683.jpg\",\"datePublished\":\"2023-08-24T12:02:12+00:00\",\"dateModified\":\"2025-11-05T15:51:10+00:00\",\"description\":\"La salle Kraftwerk situ\u00e9e \u00e0 l'Argonaute est maintenant en mise \u00e0 disposition pour vos \u00e9v\u00e8nements priv\u00e9s ou publics !\",\"breadcrumb\":{\"@id\":\"https:\/\/musique-equilibre.com\/me\/index.php\/mise-a-disposition\/#breadcrumb\"},\"inLanguage\":\"fr-FR\",\"potentialAction\":[{\"@type\":\"ReadAction\",\"target\":[\"https:\/\/musique-equilibre.com\/me\/index.php\/mise-a-disposition\/\"]}]},{\"@type\":\"ImageObject\",\"inLanguage\":\"fr-FR\",\"@id\":\"https:\/\/musique-equilibre.com\/me\/index.php\/mise-a-disposition\/#primaryimage\",\"url\":\"https:\/\/musique-equilibre.com\/me\/wp-content\/uploads\/2023\/08\/DSC01681-1.jpg\",\"contentUrl\":\"https:\/\/musique-equilibre.com\/me\/wp-content\/uploads\/2023\/08\/DSC01681-1.jpg\",\"width\":2210,\"height\":1473,\"caption\":\"mise \u00e0 disposition location \u00e9v\u00e8nement salle argonaute orl\u00e9ans centre val de loire loiret\"},{\"@type\":\"BreadcrumbList\",\"@id\":\"https:\/\/musique-equilibre.com\/me\/index.php\/mise-a-disposition\/#breadcrumb\",\"itemListElement\":[{\"@type\":\"ListItem\",\"position\":1,\"name\":\"Accueil\",\"item\":\"https:\/\/musique-equilibre.com\/me\/\"},{\"@type\":\"ListItem\",\"position\":2,\"name\":\"Mise \u00e0 disposition\"}]},{\"@type\":\"WebSite\",\"@id\":\"https:\/\/musique-equilibre.com\/me\/#website\",\"url\":\"https:\/\/musique-equilibre.com\/me\/\",\"name\":\"Musique et Equilibre\",\"description\":\"\",\"publisher\":{\"@id\":\"https:\/\/musique-equilibre.com\/me\/#organization\"},\"potentialAction\":[{\"@type\":\"SearchAction\",\"target\":{\"@type\":\"EntryPoint\",\"urlTemplate\":\"https:\/\/musique-equilibre.com\/me\/?s={search_term_string}\"},\"query-input\":{\"@type\":\"PropertyValueSpecification\",\"valueRequired\":true,\"valueName\":\"search_term_string\"}}],\"inLanguage\":\"fr-FR\"},{\"@type\":\"Organization\",\"@id\":\"https:\/\/musique-equilibre.com\/me\/#organization\",\"name\":\"Musique et Equilibre\",\"alternateName\":\"\u00c9cole de musique et salle de concert \u00e0 Orl\u00e9ans\",\"url\":\"https:\/\/musique-equilibre.com\/me\/\",\"logo\":{\"@type\":\"ImageObject\",\"inLanguage\":\"fr-FR\",\"@id\":\"https:\/\/musique-equilibre.com\/me\/#\/schema\/logo\/image\/\",\"url\":\"https:\/\/musique-equilibre.com\/me\/wp-content\/uploads\/2022\/11\/cropped-Logo_orange_texture-1.png\",\"contentUrl\":\"https:\/\/musique-equilibre.com\/me\/wp-content\/uploads\/2022\/11\/cropped-Logo_orange_texture-1.png\",\"width\":512,\"height\":512,\"caption\":\"Musique et Equilibre\"},\"image\":{\"@id\":\"https:\/\/musique-equilibre.com\/me\/#\/schema\/logo\/image\/\"},\"sameAs\":[\"https:\/\/www.facebook.com\/MusiqueetEquilibre45\",\"https:\/\/x.com\/Musiquequilibre\",\"https:\/\/www.instagram.com\/musique_et_equilibre_\/\",\"https:\/\/www.linkedin.com\/company\/musique-&amp;-equilibre\/\",\"https:\/\/www.youtube.com\/c\/MusiqueEquilibreOrleans\/\"]}]}<\/script>\n<!-- \/ Yoast SEO plugin. -->","yoast_head_json":{"title":"Mise \u00e0 disposition - Musique et Equilibre","description":"La salle Kraftwerk situ\u00e9e \u00e0 l'Argonaute est maintenant en mise \u00e0 disposition pour vos \u00e9v\u00e8nements priv\u00e9s ou publics !","robots":{"index":"index","follow":"follow","max-snippet":"max-snippet:-1","max-image-preview":"max-image-preview:large","max-video-preview":"max-video-preview:-1"},"canonical":"https:\/\/musique-equilibre.com\/me\/index.php\/mise-a-disposition\/","og_locale":"fr_FR","og_type":"article","og_title":"Mise \u00e0 disposition - Musique et Equilibre","og_description":"La salle Kraftwerk situ\u00e9e \u00e0 l'Argonaute est maintenant en mise \u00e0 disposition pour vos \u00e9v\u00e8nements priv\u00e9s ou publics !","og_url":"https:\/\/musique-equilibre.com\/me\/index.php\/mise-a-disposition\/","og_site_name":"Musique et Equilibre","article_publisher":"https:\/\/www.facebook.com\/MusiqueetEquilibre45","article_modified_time":"2025-11-05T15:51:10+00:00","og_image":[{"width":2210,"height":1473,"url":"https:\/\/musique-equilibre.com\/me\/wp-content\/uploads\/2023\/08\/DSC01681-1.jpg","type":"image\/jpeg"}],"twitter_card":"summary_large_image","twitter_site":"@Musiquequilibre","twitter_misc":{"Dur\u00e9e de lecture estim\u00e9e":"2 minutes"},"schema":{"@context":"https:\/\/schema.org","@graph":[{"@type":"WebPage","@id":"https:\/\/musique-equilibre.com\/me\/index.php\/mise-a-disposition\/","url":"https:\/\/musique-equilibre.com\/me\/index.php\/mise-a-disposition\/","name":"Mise \u00e0 disposition - Musique et Equilibre","isPartOf":{"@id":"https:\/\/musique-equilibre.com\/me\/#website"},"primaryImageOfPage":{"@id":"https:\/\/musique-equilibre.com\/me\/index.php\/mise-a-disposition\/#primaryimage"},"image":{"@id":"https:\/\/musique-equilibre.com\/me\/index.php\/mise-a-disposition\/#primaryimage"},"thumbnailUrl":"https:\/\/musique-equilibre.com\/me\/wp-content\/uploads\/2023\/08\/DSC01681-1-1024x683.jpg","datePublished":"2023-08-24T12:02:12+00:00","dateModified":"2025-11-05T15:51:10+00:00","description":"La salle Kraftwerk situ\u00e9e \u00e0 l'Argonaute est maintenant en mise \u00e0 disposition pour vos \u00e9v\u00e8nements priv\u00e9s ou publics !","breadcrumb":{"@id":"https:\/\/musique-equilibre.com\/me\/index.php\/mise-a-disposition\/#breadcrumb"},"inLanguage":"fr-FR","potentialAction":[{"@type":"ReadAction","target":["https:\/\/musique-equilibre.com\/me\/index.php\/mise-a-disposition\/"]}]},{"@type":"ImageObject","inLanguage":"fr-FR","@id":"https:\/\/musique-equilibre.com\/me\/index.php\/mise-a-disposition\/#primaryimage","url":"https:\/\/musique-equilibre.com\/me\/wp-content\/uploads\/2023\/08\/DSC01681-1.jpg","contentUrl":"https:\/\/musique-equilibre.com\/me\/wp-content\/uploads\/2023\/08\/DSC01681-1.jpg","width":2210,"height":1473,"caption":"mise \u00e0 disposition location \u00e9v\u00e8nement salle argonaute orl\u00e9ans centre val de loire loiret"},{"@type":"BreadcrumbList","@id":"https:\/\/musique-equilibre.com\/me\/index.php\/mise-a-disposition\/#breadcrumb","itemListElement":[{"@type":"ListItem","position":1,"name":"Accueil","item":"https:\/\/musique-equilibre.com\/me\/"},{"@type":"ListItem","position":2,"name":"Mise \u00e0 disposition"}]},{"@type":"WebSite","@id":"https:\/\/musique-equilibre.com\/me\/#website","url":"https:\/\/musique-equilibre.com\/me\/","name":"Musique et Equilibre","description":"","publisher":{"@id":"https:\/\/musique-equilibre.com\/me\/#organization"},"potentialAction":[{"@type":"SearchAction","target":{"@type":"EntryPoint","urlTemplate":"https:\/\/musique-equilibre.com\/me\/?s={search_term_string}"},"query-input":{"@type":"PropertyValueSpecification","valueRequired":true,"valueName":"search_term_string"}}],"inLanguage":"fr-FR"},{"@type":"Organization","@id":"https:\/\/musique-equilibre.com\/me\/#organization","name":"Musique et Equilibre","alternateName":"\u00c9cole de musique et salle de concert \u00e0 Orl\u00e9ans","url":"https:\/\/musique-equilibre.com\/me\/","logo":{"@type":"ImageObject","inLanguage":"fr-FR","@id":"https:\/\/musique-equilibre.com\/me\/#\/schema\/logo\/image\/","url":"https:\/\/musique-equilibre.com\/me\/wp-content\/uploads\/2022\/11\/cropped-Logo_orange_texture-1.png","contentUrl":"https:\/\/musique-equilibre.com\/me\/wp-content\/uploads\/2022\/11\/cropped-Logo_orange_texture-1.png","width":512,"height":512,"caption":"Musique et Equilibre"},"image":{"@id":"https:\/\/musique-equilibre.com\/me\/#\/schema\/logo\/image\/"},"sameAs":["https:\/\/www.facebook.com\/MusiqueetEquilibre45","https:\/\/x.com\/Musiquequilibre","https:\/\/www.instagram.com\/musique_et_equilibre_\/","https:\/\/www.linkedin.com\/company\/musique-&amp;-equilibre\/","https:\/\/www.youtube.com\/c\/MusiqueEquilibreOrleans\/"]}]}},"_links":{"self":[{"href":"https:\/\/musique-equilibre.com\/me\/index.php\/wp-json\/wp\/v2\/pages\/12394","targetHints":{"allow":["GET"]}}],"collection":[{"href":"https:\/\/musique-equilibre.com\/me\/index.php\/wp-json\/wp\/v2\/pages"}],"about":[{"href":"https:\/\/musique-equilibre.com\/me\/index.php\/wp-json\/wp\/v2\/types\/page"}],"author":[{"embeddable":true,"href":"https:\/\/musique-equilibre.com\/me\/index.php\/wp-json\/wp\/v2\/users\/1"}],"replies":[{"embeddable":true,"href":"https:\/\/musique-equilibre.com\/me\/index.php\/wp-json\/wp\/v2\/comments?post=12394"}],"version-history":[{"count":24,"href":"https:\/\/musique-equilibre.com\/me\/index.php\/wp-json\/wp\/v2\/pages\/12394\/revisions"}],"predecessor-version":[{"id":18033,"href":"https:\/\/musique-equilibre.com\/me\/index.php\/wp-json\/wp\/v2\/pages\/12394\/revisions\/18033"}],"wp:attachment":[{"href":"https:\/\/musique-equilibre.com\/me\/index.php\/wp-json\/wp\/v2\/media?parent=12394"}],"curies":[{"name":"wp","href":"https:\/\/api.w.org\/{rel}","templated":true}]}}