{"id":1161,"date":"2018-09-13T15:27:14","date_gmt":"2018-09-13T13:27:14","guid":{"rendered":"http:\/\/musique-equilibre.com\/me\/?page_id=1161"},"modified":"2024-10-11T14:25:15","modified_gmt":"2024-10-11T12:25:15","slug":"agenda-concerts-evenement-orleans","status":"publish","type":"page","link":"https:\/\/musique-equilibre.com\/me\/index.php\/agenda-concerts-evenement-orleans\/","title":{"rendered":"<span style=\"font-family: coves;\"><span style=\"text-align: center; color: #f15d20;\">Agenda Concerts et \u00e9v\u00e8nements"},"content":{"rendered":"<h1 style=\"text-align: center;\"><span style=\"font-family: coves-light;\">Agenda : concerts, \u00e9v\u00e8nements\u2026<\/span><\/h1>\n<p><span style=\"font-family: coves-light;\"><strong>D\u00e9couvrez tous les\u00a0prochains,\u00a0\u00e9v\u00e8nements, stages, masterclass de\u00a0<a href=\"https:\/\/musique-equilibre.com\/me\/index.php\/ecole-de-musique-associative-orleans\/\" target=\"_blank\" rel=\"noreferrer noopener\">Musique et \u00c9quilibre<\/a>\u00a0!<\/strong><\/span><br data-rich-text-line-break=\"true\" \/><span style=\"font-family: coves-light;\"><strong>Des concerts chaque mois, avec un LIVE, SCENE OUVERTE et LIVE ATELIER.<\/strong><\/span><br data-rich-text-line-break=\"true\" \/><span style=\"font-family: coves-light;\"><strong>Sauf mention contraire et \u00e9v\u00e8nement particulier, tous nos \u00e9v\u00e8nements se passent \u00e0 l\u2019<a href=\"https:\/\/www.orleans-metropole.fr\/sport\/etablissements-et-lieux-de-pratique\/largonaute\" target=\"_blank\" rel=\"noreferrer noopener\">Argonaute<\/a>.<\/strong><\/span><\/p>\n<p><span style=\"font-family: coves-light;\"><strong>Argonaute, 73 boulevard Marie Stuart<\/strong><\/span><\/p>\n\n\n<div class=\"wp-block-buttons alignfull is-layout-flex wp-block-buttons-is-layout-flex\">\n<div class=\"wp-block-button aligncenter has-custom-width wp-block-button__width-100 is-style-fill\"><a class=\"wp-block-button__link has-background wp-element-button\" href=\"https:\/\/musique-equilibre.com\/me\/index.php\/agenda-concerts-evenements-2024-2025\/\" style=\"border-radius:0px;background-color:#cd5629\" target=\"_blank\" rel=\"noreferrer noopener\">2024-2025<\/a><\/div>\n<\/div>\n\n\n\n<p><\/p>\n\n\n<div class=\"wp-block-image\">\n<figure class=\"aligncenter size-full\"><img fetchpriority=\"high\" decoding=\"async\" width=\"2560\" height=\"1707\" src=\"https:\/\/musique-equilibre.com\/me\/wp-content\/uploads\/2022\/11\/DSC01697-scaled.jpg\" alt=\"Argonaute salle de concerts orl\u00e9ans loiret argonne musique et \u00e9quilibre \u00e9cole de musique musiques actuelles AGENDA concerts et \u00e9v\u00e8nements\" class=\"wp-image-10410\" srcset=\"https:\/\/musique-equilibre.com\/me\/wp-content\/uploads\/2022\/11\/DSC01697-scaled.jpg 2560w, https:\/\/musique-equilibre.com\/me\/wp-content\/uploads\/2022\/11\/DSC01697-300x200.jpg 300w, https:\/\/musique-equilibre.com\/me\/wp-content\/uploads\/2022\/11\/DSC01697-1024x683.jpg 1024w, https:\/\/musique-equilibre.com\/me\/wp-content\/uploads\/2022\/11\/DSC01697-150x100.jpg 150w, https:\/\/musique-equilibre.com\/me\/wp-content\/uploads\/2022\/11\/DSC01697-768x512.jpg 768w, https:\/\/musique-equilibre.com\/me\/wp-content\/uploads\/2022\/11\/DSC01697-1536x1024.jpg 1536w, https:\/\/musique-equilibre.com\/me\/wp-content\/uploads\/2022\/11\/DSC01697-2048x1365.jpg 2048w\" sizes=\"(max-width: 2560px) 100vw, 2560px\" \/><\/figure><\/div>\n\n\n<p><\/p>\n","protected":false},"excerpt":{"rendered":"<p>Agenda : concerts, \u00e9v\u00e8nements\u2026 D\u00e9couvrez tous les\u00a0prochains,\u00a0\u00e9v\u00e8nements, stages, masterclass de\u00a0Musique et \u00c9quilibre\u00a0!Des concerts chaque mois, avec un LIVE, SCENE OUVERTE et LIVE ATELIER.Sauf mention contraire et \u00e9v\u00e8nement particulier, tous nos \u00e9v\u00e8nements se passent \u00e0 l\u2019Argonaute. Argonaute, 73 boulevard Marie Stuart<\/p>\n","protected":false},"author":1,"featured_media":0,"parent":0,"menu_order":0,"comment_status":"closed","ping_status":"closed","template":"","meta":{"footnotes":""},"class_list":["post-1161","page","type-page","status-publish","czr-hentry"],"yoast_head":"<!-- This site is optimized with the Yoast SEO plugin v26.8 - https:\/\/yoast.com\/product\/yoast-seo-wordpress\/ -->\n<title>Agenda Concerts et \u00e9v\u00e8nements - Musique et Equilibre<\/title>\n<meta name=\"description\" content=\"D\u00e9couvrez ici l&#039;agenda de tous les prochains \u00e9v\u00e8nements de Musique et Equilibre : concerts, jam, stages, festival...\" \/>\n<meta name=\"robots\" content=\"index, follow, max-snippet:-1, max-image-preview:large, max-video-preview:-1\" \/>\n<link rel=\"canonical\" href=\"https:\/\/musique-equilibre.com\/me\/index.php\/agenda-concerts-evenement-orleans\/\" \/>\n<meta property=\"og:locale\" content=\"fr_FR\" \/>\n<meta property=\"og:type\" content=\"article\" \/>\n<meta property=\"og:title\" content=\"Agenda Concerts et \u00e9v\u00e8nements - Musique et Equilibre\" \/>\n<meta property=\"og:description\" content=\"D\u00e9couvrez ici l&#039;agenda de tous les prochains \u00e9v\u00e8nements de Musique et Equilibre : concerts, jam, stages, festival...\" \/>\n<meta property=\"og:url\" content=\"https:\/\/musique-equilibre.com\/me\/index.php\/agenda-concerts-evenement-orleans\/\" \/>\n<meta property=\"og:site_name\" content=\"Musique et Equilibre\" \/>\n<meta property=\"article:publisher\" content=\"https:\/\/www.facebook.com\/MusiqueetEquilibre45\" \/>\n<meta property=\"article:modified_time\" content=\"2024-10-11T12:25:15+00:00\" \/>\n<meta property=\"og:image\" content=\"https:\/\/musique-equilibre.com\/me\/wp-content\/uploads\/2022\/11\/DSC01697-scaled.jpg\" \/>\n<meta name=\"twitter:card\" content=\"summary_large_image\" \/>\n<meta name=\"twitter:site\" content=\"@Musiquequilibre\" \/>\n<meta name=\"twitter:label1\" content=\"Dur\u00e9e de lecture estim\u00e9e\" \/>\n\t<meta name=\"twitter:data1\" content=\"1 minute\" \/>\n<script type=\"application\/ld+json\" class=\"yoast-schema-graph\">{\"@context\":\"https:\/\/schema.org\",\"@graph\":[{\"@type\":\"WebPage\",\"@id\":\"https:\/\/musique-equilibre.com\/me\/index.php\/agenda-concerts-evenement-orleans\/\",\"url\":\"https:\/\/musique-equilibre.com\/me\/index.php\/agenda-concerts-evenement-orleans\/\",\"name\":\"Agenda Concerts et \u00e9v\u00e8nements - Musique et Equilibre\",\"isPartOf\":{\"@id\":\"https:\/\/musique-equilibre.com\/me\/#website\"},\"primaryImageOfPage\":{\"@id\":\"https:\/\/musique-equilibre.com\/me\/index.php\/agenda-concerts-evenement-orleans\/#primaryimage\"},\"image\":{\"@id\":\"https:\/\/musique-equilibre.com\/me\/index.php\/agenda-concerts-evenement-orleans\/#primaryimage\"},\"thumbnailUrl\":\"https:\/\/musique-equilibre.com\/me\/wp-content\/uploads\/2022\/11\/DSC01697-scaled.jpg\",\"datePublished\":\"2018-09-13T13:27:14+00:00\",\"dateModified\":\"2024-10-11T12:25:15+00:00\",\"description\":\"D\u00e9couvrez ici l'agenda de tous les prochains \u00e9v\u00e8nements de Musique et Equilibre : concerts, jam, stages, festival...\",\"breadcrumb\":{\"@id\":\"https:\/\/musique-equilibre.com\/me\/index.php\/agenda-concerts-evenement-orleans\/#breadcrumb\"},\"inLanguage\":\"fr-FR\",\"potentialAction\":[{\"@type\":\"ReadAction\",\"target\":[\"https:\/\/musique-equilibre.com\/me\/index.php\/agenda-concerts-evenement-orleans\/\"]}]},{\"@type\":\"ImageObject\",\"inLanguage\":\"fr-FR\",\"@id\":\"https:\/\/musique-equilibre.com\/me\/index.php\/agenda-concerts-evenement-orleans\/#primaryimage\",\"url\":\"https:\/\/musique-equilibre.com\/me\/wp-content\/uploads\/2022\/11\/DSC01697-scaled.jpg\",\"contentUrl\":\"https:\/\/musique-equilibre.com\/me\/wp-content\/uploads\/2022\/11\/DSC01697-scaled.jpg\",\"width\":2560,\"height\":1707,\"caption\":\"Argonaute salle de concerts orl\u00e9ans loiret argonne musique et \u00e9quilibre \u00e9cole de musique musiques actuelles AGENDA concerts et \u00e9v\u00e8nements\"},{\"@type\":\"BreadcrumbList\",\"@id\":\"https:\/\/musique-equilibre.com\/me\/index.php\/agenda-concerts-evenement-orleans\/#breadcrumb\",\"itemListElement\":[{\"@type\":\"ListItem\",\"position\":1,\"name\":\"Accueil\",\"item\":\"https:\/\/musique-equilibre.com\/me\/\"},{\"@type\":\"ListItem\",\"position\":2,\"name\":\"Agenda Concerts et \u00e9v\u00e8nements\"}]},{\"@type\":\"WebSite\",\"@id\":\"https:\/\/musique-equilibre.com\/me\/#website\",\"url\":\"https:\/\/musique-equilibre.com\/me\/\",\"name\":\"Musique et Equilibre\",\"description\":\"\",\"publisher\":{\"@id\":\"https:\/\/musique-equilibre.com\/me\/#organization\"},\"potentialAction\":[{\"@type\":\"SearchAction\",\"target\":{\"@type\":\"EntryPoint\",\"urlTemplate\":\"https:\/\/musique-equilibre.com\/me\/?s={search_term_string}\"},\"query-input\":{\"@type\":\"PropertyValueSpecification\",\"valueRequired\":true,\"valueName\":\"search_term_string\"}}],\"inLanguage\":\"fr-FR\"},{\"@type\":\"Organization\",\"@id\":\"https:\/\/musique-equilibre.com\/me\/#organization\",\"name\":\"Musique et Equilibre\",\"alternateName\":\"\u00c9cole de musique et salle de concert \u00e0 Orl\u00e9ans\",\"url\":\"https:\/\/musique-equilibre.com\/me\/\",\"logo\":{\"@type\":\"ImageObject\",\"inLanguage\":\"fr-FR\",\"@id\":\"https:\/\/musique-equilibre.com\/me\/#\/schema\/logo\/image\/\",\"url\":\"https:\/\/musique-equilibre.com\/me\/wp-content\/uploads\/2022\/11\/cropped-Logo_orange_texture-1.png\",\"contentUrl\":\"https:\/\/musique-equilibre.com\/me\/wp-content\/uploads\/2022\/11\/cropped-Logo_orange_texture-1.png\",\"width\":512,\"height\":512,\"caption\":\"Musique et Equilibre\"},\"image\":{\"@id\":\"https:\/\/musique-equilibre.com\/me\/#\/schema\/logo\/image\/\"},\"sameAs\":[\"https:\/\/www.facebook.com\/MusiqueetEquilibre45\",\"https:\/\/x.com\/Musiquequilibre\",\"https:\/\/www.instagram.com\/musique_et_equilibre_\/\",\"https:\/\/www.linkedin.com\/company\/musique-&amp;-equilibre\/\",\"https:\/\/www.youtube.com\/c\/MusiqueEquilibreOrleans\/\"]}]}<\/script>\n<!-- \/ Yoast SEO plugin. -->","yoast_head_json":{"title":"Agenda Concerts et \u00e9v\u00e8nements - Musique et Equilibre","description":"D\u00e9couvrez ici l'agenda de tous les prochains \u00e9v\u00e8nements de Musique et Equilibre : concerts, jam, stages, festival...","robots":{"index":"index","follow":"follow","max-snippet":"max-snippet:-1","max-image-preview":"max-image-preview:large","max-video-preview":"max-video-preview:-1"},"canonical":"https:\/\/musique-equilibre.com\/me\/index.php\/agenda-concerts-evenement-orleans\/","og_locale":"fr_FR","og_type":"article","og_title":"Agenda Concerts et \u00e9v\u00e8nements - Musique et Equilibre","og_description":"D\u00e9couvrez ici l'agenda de tous les prochains \u00e9v\u00e8nements de Musique et Equilibre : concerts, jam, stages, festival...","og_url":"https:\/\/musique-equilibre.com\/me\/index.php\/agenda-concerts-evenement-orleans\/","og_site_name":"Musique et Equilibre","article_publisher":"https:\/\/www.facebook.com\/MusiqueetEquilibre45","article_modified_time":"2024-10-11T12:25:15+00:00","og_image":[{"url":"https:\/\/musique-equilibre.com\/me\/wp-content\/uploads\/2022\/11\/DSC01697-scaled.jpg","type":"","width":"","height":""}],"twitter_card":"summary_large_image","twitter_site":"@Musiquequilibre","twitter_misc":{"Dur\u00e9e de lecture estim\u00e9e":"1 minute"},"schema":{"@context":"https:\/\/schema.org","@graph":[{"@type":"WebPage","@id":"https:\/\/musique-equilibre.com\/me\/index.php\/agenda-concerts-evenement-orleans\/","url":"https:\/\/musique-equilibre.com\/me\/index.php\/agenda-concerts-evenement-orleans\/","name":"Agenda Concerts et \u00e9v\u00e8nements - Musique et Equilibre","isPartOf":{"@id":"https:\/\/musique-equilibre.com\/me\/#website"},"primaryImageOfPage":{"@id":"https:\/\/musique-equilibre.com\/me\/index.php\/agenda-concerts-evenement-orleans\/#primaryimage"},"image":{"@id":"https:\/\/musique-equilibre.com\/me\/index.php\/agenda-concerts-evenement-orleans\/#primaryimage"},"thumbnailUrl":"https:\/\/musique-equilibre.com\/me\/wp-content\/uploads\/2022\/11\/DSC01697-scaled.jpg","datePublished":"2018-09-13T13:27:14+00:00","dateModified":"2024-10-11T12:25:15+00:00","description":"D\u00e9couvrez ici l'agenda de tous les prochains \u00e9v\u00e8nements de Musique et Equilibre : concerts, jam, stages, festival...","breadcrumb":{"@id":"https:\/\/musique-equilibre.com\/me\/index.php\/agenda-concerts-evenement-orleans\/#breadcrumb"},"inLanguage":"fr-FR","potentialAction":[{"@type":"ReadAction","target":["https:\/\/musique-equilibre.com\/me\/index.php\/agenda-concerts-evenement-orleans\/"]}]},{"@type":"ImageObject","inLanguage":"fr-FR","@id":"https:\/\/musique-equilibre.com\/me\/index.php\/agenda-concerts-evenement-orleans\/#primaryimage","url":"https:\/\/musique-equilibre.com\/me\/wp-content\/uploads\/2022\/11\/DSC01697-scaled.jpg","contentUrl":"https:\/\/musique-equilibre.com\/me\/wp-content\/uploads\/2022\/11\/DSC01697-scaled.jpg","width":2560,"height":1707,"caption":"Argonaute salle de concerts orl\u00e9ans loiret argonne musique et \u00e9quilibre \u00e9cole de musique musiques actuelles AGENDA concerts et \u00e9v\u00e8nements"},{"@type":"BreadcrumbList","@id":"https:\/\/musique-equilibre.com\/me\/index.php\/agenda-concerts-evenement-orleans\/#breadcrumb","itemListElement":[{"@type":"ListItem","position":1,"name":"Accueil","item":"https:\/\/musique-equilibre.com\/me\/"},{"@type":"ListItem","position":2,"name":"Agenda Concerts et \u00e9v\u00e8nements"}]},{"@type":"WebSite","@id":"https:\/\/musique-equilibre.com\/me\/#website","url":"https:\/\/musique-equilibre.com\/me\/","name":"Musique et Equilibre","description":"","publisher":{"@id":"https:\/\/musique-equilibre.com\/me\/#organization"},"potentialAction":[{"@type":"SearchAction","target":{"@type":"EntryPoint","urlTemplate":"https:\/\/musique-equilibre.com\/me\/?s={search_term_string}"},"query-input":{"@type":"PropertyValueSpecification","valueRequired":true,"valueName":"search_term_string"}}],"inLanguage":"fr-FR"},{"@type":"Organization","@id":"https:\/\/musique-equilibre.com\/me\/#organization","name":"Musique et Equilibre","alternateName":"\u00c9cole de musique et salle de concert \u00e0 Orl\u00e9ans","url":"https:\/\/musique-equilibre.com\/me\/","logo":{"@type":"ImageObject","inLanguage":"fr-FR","@id":"https:\/\/musique-equilibre.com\/me\/#\/schema\/logo\/image\/","url":"https:\/\/musique-equilibre.com\/me\/wp-content\/uploads\/2022\/11\/cropped-Logo_orange_texture-1.png","contentUrl":"https:\/\/musique-equilibre.com\/me\/wp-content\/uploads\/2022\/11\/cropped-Logo_orange_texture-1.png","width":512,"height":512,"caption":"Musique et Equilibre"},"image":{"@id":"https:\/\/musique-equilibre.com\/me\/#\/schema\/logo\/image\/"},"sameAs":["https:\/\/www.facebook.com\/MusiqueetEquilibre45","https:\/\/x.com\/Musiquequilibre","https:\/\/www.instagram.com\/musique_et_equilibre_\/","https:\/\/www.linkedin.com\/company\/musique-&amp;-equilibre\/","https:\/\/www.youtube.com\/c\/MusiqueEquilibreOrleans\/"]}]}},"_links":{"self":[{"href":"https:\/\/musique-equilibre.com\/me\/index.php\/wp-json\/wp\/v2\/pages\/1161","targetHints":{"allow":["GET"]}}],"collection":[{"href":"https:\/\/musique-equilibre.com\/me\/index.php\/wp-json\/wp\/v2\/pages"}],"about":[{"href":"https:\/\/musique-equilibre.com\/me\/index.php\/wp-json\/wp\/v2\/types\/page"}],"author":[{"embeddable":true,"href":"https:\/\/musique-equilibre.com\/me\/index.php\/wp-json\/wp\/v2\/users\/1"}],"replies":[{"embeddable":true,"href":"https:\/\/musique-equilibre.com\/me\/index.php\/wp-json\/wp\/v2\/comments?post=1161"}],"version-history":[{"count":373,"href":"https:\/\/musique-equilibre.com\/me\/index.php\/wp-json\/wp\/v2\/pages\/1161\/revisions"}],"predecessor-version":[{"id":15172,"href":"https:\/\/musique-equilibre.com\/me\/index.php\/wp-json\/wp\/v2\/pages\/1161\/revisions\/15172"}],"wp:attachment":[{"href":"https:\/\/musique-equilibre.com\/me\/index.php\/wp-json\/wp\/v2\/media?parent=1161"}],"curies":[{"name":"wp","href":"https:\/\/api.w.org\/{rel}","templated":true}]}}