{"id":11316,"date":"2023-01-24T18:45:35","date_gmt":"2023-01-24T17:45:35","guid":{"rendered":"https:\/\/musique-equilibre.com\/me\/?page_id=11316"},"modified":"2025-05-02T16:05:40","modified_gmt":"2025-05-02T14:05:40","slug":"offre-entreprise-musique","status":"publish","type":"page","link":"https:\/\/musique-equilibre.com\/me\/index.php\/offre-entreprise-musique\/","title":{"rendered":"Offre entreprise"},"content":{"rendered":"<h3 style=\"text-align: center;\"><span style=\"font-family: coves;\"><strong><span style=\"color: #e25417;\">La musique en entreprise : l\u2019accord majeur du bien-\u00eatre et de la performance.<\/span><\/strong><\/span><\/h3>\n\n<div class=\"wp-block-image\">\n<figure class=\"aligncenter size-large\"><img fetchpriority=\"high\" decoding=\"async\" width=\"1024\" height=\"252\" src=\"https:\/\/musique-equilibre.com\/me\/wp-content\/uploads\/2023\/01\/Test-visuel-page-1024x252.jpg\" alt=\"offre entreprise orl\u00e9ans loiret musique \u00e9cole de musique bien \u00eatre au travail\" class=\"wp-image-11345\" srcset=\"https:\/\/musique-equilibre.com\/me\/wp-content\/uploads\/2023\/01\/Test-visuel-page-1024x252.jpg 1024w, https:\/\/musique-equilibre.com\/me\/wp-content\/uploads\/2023\/01\/Test-visuel-page-300x74.jpg 300w, https:\/\/musique-equilibre.com\/me\/wp-content\/uploads\/2023\/01\/Test-visuel-page-150x37.jpg 150w, https:\/\/musique-equilibre.com\/me\/wp-content\/uploads\/2023\/01\/Test-visuel-page-768x189.jpg 768w, https:\/\/musique-equilibre.com\/me\/wp-content\/uploads\/2023\/01\/Test-visuel-page.jpg 1366w\" sizes=\"(max-width: 1024px) 100vw, 1024px\" \/><\/figure><\/div>\n\n\n<h2 class=\"wp-block-heading has-white-color has-text-color\">offre entreprise<\/h2>\n\n\n<h4><span style=\"font-family: coves; color: #e25417;\"><strong>La qualit\u00e9 de vie au travail, un objectif pragmatique et Humain<\/strong><\/span><\/h4>\n<p><span style=\"font-family: coves;\">Devant la recrudescence de l\u2019\u00e9puisement professionnel, de l\u2019absent\u00e9isme, des burn-out, du d\u00e9sengagement et des maladies professionnelles caus\u00e9es par le stress, les entreprises ont pris conscience de l\u2019importance de la qualit\u00e9 de vie au travail (QVT).<\/span><br \/><span style=\"font-family: coves;\">Au-del\u00e0 de l\u2019aspect pr\u00e9ventif de ces actions, l\u2019am\u00e9lioration du bien-\u00eatre des salari\u00e9\u00b7e\u00b7s fait aussi rayonner sa marque employeur pour attirer les talents, am\u00e9liore la cr\u00e9ativit\u00e9 comme la concentration des salari\u00e9-e-s et renforce la coh\u00e9sion des \u00e9quipes, v\u00e9ritable richesse de l\u2019entreprise.<\/span><\/p>\n<h4><span style=\"font-family: coves; color: #e25417;\"><strong>Des bienfaits d\u00e9montr\u00e9s<\/strong><\/span><\/h4>\n<p><span style=\"font-family: coves;\">Langage universel par excellence, la musique est un art imm\u00e9morial. Pr\u00e9sent dans toutes les cultures, il est le plus pratiqu\u00e9 sur la plan\u00e8te. Ainsi, son int\u00e9r\u00eat dans le cadre de l\u2019am\u00e9lioration du bien-\u00eatre au travail a naturellement fait son apparition.<\/span><br \/><span style=\"font-family: coves;\">De nombreuses \u00e9tudes scientifiques ont depuis longtemps \u00e9tabli son impact positif sur la <strong>concentration<\/strong>, la <strong>cr\u00e9ativit\u00e9<\/strong>, la <strong>coh\u00e9sion<\/strong> ou encore la <strong>diminution du stress<\/strong>. C\u2019est un puissant <strong>stimulateur neurologique<\/strong> qui favorise les connexions entre les diverses zones de cerveau, favorisant la baisse de l\u2019anxi\u00e9t\u00e9, du stress et des troubles du sommeil.<\/span><br \/><span style=\"font-family: coves;\">C\u2019est \u00e9galement un formidable <strong>outil de d\u00e9veloppement de d\u00e9veloppement de l\u2019intelligence collective<\/strong>, de <strong>l\u2019expression<\/strong> et de la <strong>confiance en soi<\/strong>.<\/span><\/p>\n<ul>\n<li><span style=\"font-family: coves;\"><strong>Un\u00b7e salari\u00e9\u00b7e heureux-se est 31 % plus productif-ve, 55% plus cr\u00e9atif-ve. Mieux, il\/elle est 2 fois moins malade, 6 fois moins absent-e et 9 fois plus loyal-e (<em>Etude Opinionway pour Horoquartz<\/em><\/strong>)<\/span><\/li>\n<\/ul>\n<ul>\n<li><span style=\"font-family: coves;\"><strong>73% des Fran\u00e7ais-es accordent \u00e0 la musique une place importante dans leur vie<\/strong>. (<em>Etude SACEM 2021 \u00ab\u00a0Les Fran\u00e7ais et la musique dans les territoires\u00a0\u00bb<\/em>.)<\/span><\/li>\n<\/ul>\n\n\n<h2 class=\"wp-block-heading has-white-color has-text-color\">offre entreprise<\/h2>\n\n\n\n<h4 class=\"wp-block-heading has-text-align-center has-background\" style=\"background-color:#e25417\">Comment ?<\/h4>\n\n\n\n<h2 class=\"wp-block-heading has-white-color has-text-color has-small-font-size\">offre entreprise<\/h2>\n\n\n<p style=\"margin-top: 15.0pt; background: white;\"><span style=\"font-family: coves; font-size: 12pt;\"><span style=\"color: #444444;\"><span style=\"font-size: 14pt;\"><a href=\"https:\/\/musique-equilibre.com\/me\/index.php\/ecole-de-musique-associative-orleans\/\" target=\"_blank\" rel=\"noopener\"><span style=\"color: #d23f0e;\">Musique et \u00c9quilibre<\/span><\/a>, \u00e9cole de musiques actuelles associative \u00e9tablie en 1986, est constitu\u00e9e d\u2019une \u00e9quipe de 32 professeurs-artistes exp\u00e9riment\u00e9\u00b7e\u00b7s.<br \/>Ses membres ont \u00e0 c\u0153ur de partager la musique pour tous, sans distinction d\u2019\u00e2ge, de niveau de pratique ou d\u2019esth\u00e9tique.<\/span><br \/><span style=\"font-size: 14pt;\">Nous proposons aux responsables en entreprise d\u00e9sireux de faire progresser le bien-\u00eatre de leurs salari\u00e9\u00b7e\u00b7s des solutions personnalis\u00e9es et cl\u00e9 en main, sur quatre modalit\u00e9s\u00a0possibles :<\/span><\/span><\/span><\/p>\n<h3 style=\"margin-top: 15pt; line-height: 15pt; background: white; text-align: center;\" align=\"center\"><span style=\"font-family: coves; color: #e25417; font-size: 18pt;\"><b>Chorale en entreprise<\/b><\/span><\/h3>\n<p style=\"margin-top: 15.0pt; background: white;\"><span style=\"font-family: coves; font-size: 12pt;\"><span style=\"color: #444444;\">La <a href=\"https:\/\/youtu.be\/lZ8XstYn4Hg\" target=\"_blank\" rel=\"noopener\">chorale d\u2019entreprise<\/a> est une pratique de plus en plus appr\u00e9ci\u00e9e pour ses b\u00e9n\u00e9fices constat\u00e9s en mati\u00e8re de\u00a0coh\u00e9sion, de gestion du stress et des \u00e9motions.<br \/>V\u00e9ritable vecteur d\u2019un\u00a0sentiment d\u2019appartenance, cette pratique abolit les r\u00e8gles hi\u00e9rarchiques, les diff\u00e9rences g\u00e9n\u00e9rationnelles et l\u2019isolement. Elle cr\u00e9e un commun bienveillant, susceptible de se prolonger au-del\u00e0 des moments de pratique collective. Les participant\u00b7e\u00b7s apprennent \u00e0 prendre confiance en eux\u00b7elles, \u00e0 s\u2019affirmer avec et devant les autres, am\u00e9liorant leur capacit\u00e9 \u00e0 prendre la parole en public\u00a0et \u00e0 s\u2019affirmer comme professionnels.<\/span><\/span><\/p>\n<h4 style=\"margin-top: 15pt; line-height: 15pt; background: white; text-align: center;\" align=\"center\"><span style=\"font-family: coves; color: #e25417; font-size: 18pt;\"><b>S\u00e9minaires<\/b><\/span><\/h4>\n<p style=\"margin-top: 15.0pt; background: white;\"><span style=\"font-family: coves; font-size: 12pt;\"><span style=\"color: #444444;\">Le s\u00e9minaire interne est un moment f\u00e9d\u00e9rateur pour l\u2019entreprise, en particulier pour les structures multisites. C\u2019est un moment strat\u00e9gique qui permet \u00e0 la direction de comprendre ce qui se joue dans son entreprise, de motiver et de passer des messages cl\u00e9s sur ses ambitions.<br \/>La musique est un \u00e9l\u00e9ment-cl\u00e9 du team building, un outil remarquablement efficace pour\u00a0susciter l\u2019\u00e9motion, favoriser l\u2019enthousiasme, la m\u00e9morisation des messages.<br \/>Pratiqu\u00e9e sous forme interactive avec un musicien\u00b7ne professionnel\u00b7le (percussions, jeux vocaux\u2026) ou directement par les collaborateur\u00b7trices impliqu\u00e9s dans un projet au long cours, la musique rendra vos assembl\u00e9es aussi f\u00e9d\u00e9ratrices qu\u2019inoubliables.<\/span><\/span><\/p>\n<h4 style=\"margin-top: 15pt; line-height: 15pt; background: white; text-align: center;\" align=\"center\"><span style=\"font-family: coves; color: #e25417; font-size: 18pt;\"><b>Orchestre d&rsquo;entreprise<\/b><\/span><\/h4>\n<p style=\"margin-top: 15.0pt; background: white;\"><span style=\"font-family: coves; font-size: 12pt;\"><span style=\"color: #444444;\">A l\u2019instar de 44% des Fran\u00e7ais-es (IFOP, 2017), nombre de vos salari\u00e9\u00b7e\u00b7s \u00e9prouvent peut-\u00eatre depuis longtemps le d\u00e9sir de \u00ab <em style=\"box-sizing: border-box;\">se mettre \u00e0 la musique<\/em> \u00bb, ou la pratiquent d\u00e9j\u00e0 de mani\u00e8re isol\u00e9e. Sous la direction d\u2019un\u00b7e professeur de musique, proposez une exp\u00e9rience f\u00e9d\u00e9ratrice \u00e0 vos talents, pour conjuguer de mani\u00e8re harmonieuse et durable vie priv\u00e9e et vie professionnelle.<\/span><\/span><\/p>\n<h4 style=\"margin-top: 15pt; line-height: 15pt; background: white; text-align: center;\" align=\"center\"><span style=\"font-family: coves; color: #e25417; font-size: 18pt;\"><b>Cours de musique pendant la pause m\u00e9ridienne<\/b><\/span><\/h4>\n<p style=\"margin-top: 15.0pt; background: white;\"><span style=\"font-family: coves; font-size: 12pt;\"><span style=\"color: #444444;\">Conjuguant plaisir et concentration, l\u2019apprentissage de la musique est un puissant stimulant neurologique, doubl\u00e9 d\u2019un moment de d\u00e9tente et d\u2019enrichissement personnel. Sous la direction d\u2019un\u00b7e professeur de musique apte \u00e0 enseigner \u00e0 tous les niveaux, vos collaborateur\u00b7trices verront leur qualit\u00e9 de vie au travail significativement augment\u00e9e par la satisfaction de constater leur progr\u00e8s, fruit d\u2019un travail constructif accompli aux c\u00f4t\u00e9s de leurs collaborateurs-trices.<\/span><\/span><\/p>\n\n\n<figure class=\"wp-block-embed is-type-video is-provider-youtube wp-block-embed-youtube wp-embed-aspect-16-9 wp-has-aspect-ratio\"><div class=\"wp-block-embed__wrapper\">\n<iframe title=\"Offre structures et entreprises : la chorale de la R\u00e9gion Centre-Val de Loire\" width=\"1140\" height=\"641\" src=\"https:\/\/www.youtube.com\/embed\/lZ8XstYn4Hg?feature=oembed\" frameborder=\"0\" allow=\"accelerometer; autoplay; clipboard-write; encrypted-media; gyroscope; picture-in-picture; web-share\" referrerpolicy=\"strict-origin-when-cross-origin\" allowfullscreen><\/iframe>\n<\/div><\/figure>\n","protected":false},"excerpt":{"rendered":"<p>La musique en entreprise : l\u2019accord majeur du bien-\u00eatre et de la performance. offre entreprise La qualit\u00e9 de vie au travail, un objectif pragmatique et Humain Devant la recrudescence de l\u2019\u00e9puisement professionnel, de l\u2019absent\u00e9isme, des burn-out, du d\u00e9sengagement et des maladies professionnelles caus\u00e9es par le stress, les entreprises ont pris conscience de l\u2019importance de la [&hellip;]<\/p>\n","protected":false},"author":1,"featured_media":0,"parent":0,"menu_order":0,"comment_status":"closed","ping_status":"closed","template":"","meta":{"footnotes":""},"class_list":["post-11316","page","type-page","status-publish","czr-hentry"],"yoast_head":"<!-- This site is optimized with the Yoast SEO plugin v26.8 - https:\/\/yoast.com\/product\/yoast-seo-wordpress\/ -->\n<title>Offre entreprise - Musique et Equilibre<\/title>\n<meta name=\"description\" content=\"Am\u00e9lioration du bien-\u00eatre des salari\u00e9-e-s et renforcement des \u00e9quipes gr\u00e2ce \u00e0 la musique, c\u2019est que propose notre offre entreprise !\" \/>\n<meta name=\"robots\" content=\"index, follow, max-snippet:-1, max-image-preview:large, max-video-preview:-1\" \/>\n<link rel=\"canonical\" href=\"https:\/\/musique-equilibre.com\/me\/index.php\/offre-entreprise-musique\/\" \/>\n<meta property=\"og:locale\" content=\"fr_FR\" \/>\n<meta property=\"og:type\" content=\"article\" \/>\n<meta property=\"og:title\" content=\"Offre entreprise - Musique et Equilibre\" \/>\n<meta property=\"og:description\" content=\"Am\u00e9lioration du bien-\u00eatre des salari\u00e9-e-s et renforcement des \u00e9quipes gr\u00e2ce \u00e0 la musique, c\u2019est que propose notre offre entreprise !\" \/>\n<meta property=\"og:url\" content=\"https:\/\/musique-equilibre.com\/me\/index.php\/offre-entreprise-musique\/\" \/>\n<meta property=\"og:site_name\" content=\"Musique et Equilibre\" \/>\n<meta property=\"article:publisher\" content=\"https:\/\/www.facebook.com\/MusiqueetEquilibre45\" \/>\n<meta property=\"article:modified_time\" content=\"2025-05-02T14:05:40+00:00\" \/>\n<meta property=\"og:image\" content=\"https:\/\/musique-equilibre.com\/me\/wp-content\/uploads\/2023\/01\/Test-visuel-page.jpg\" \/>\n\t<meta property=\"og:image:width\" content=\"1366\" \/>\n\t<meta property=\"og:image:height\" content=\"336\" \/>\n\t<meta property=\"og:image:type\" content=\"image\/jpeg\" \/>\n<meta name=\"twitter:card\" content=\"summary_large_image\" \/>\n<meta name=\"twitter:site\" content=\"@Musiquequilibre\" \/>\n<meta name=\"twitter:label1\" content=\"Dur\u00e9e de lecture estim\u00e9e\" \/>\n\t<meta name=\"twitter:data1\" content=\"4 minutes\" \/>\n<script type=\"application\/ld+json\" class=\"yoast-schema-graph\">{\"@context\":\"https:\/\/schema.org\",\"@graph\":[{\"@type\":\"WebPage\",\"@id\":\"https:\/\/musique-equilibre.com\/me\/index.php\/offre-entreprise-musique\/\",\"url\":\"https:\/\/musique-equilibre.com\/me\/index.php\/offre-entreprise-musique\/\",\"name\":\"Offre entreprise - Musique et Equilibre\",\"isPartOf\":{\"@id\":\"https:\/\/musique-equilibre.com\/me\/#website\"},\"primaryImageOfPage\":{\"@id\":\"https:\/\/musique-equilibre.com\/me\/index.php\/offre-entreprise-musique\/#primaryimage\"},\"image\":{\"@id\":\"https:\/\/musique-equilibre.com\/me\/index.php\/offre-entreprise-musique\/#primaryimage\"},\"thumbnailUrl\":\"https:\/\/musique-equilibre.com\/me\/wp-content\/uploads\/2023\/01\/Test-visuel-page-1024x252.jpg\",\"datePublished\":\"2023-01-24T17:45:35+00:00\",\"dateModified\":\"2025-05-02T14:05:40+00:00\",\"description\":\"Am\u00e9lioration du bien-\u00eatre des salari\u00e9-e-s et renforcement des \u00e9quipes gr\u00e2ce \u00e0 la musique, c\u2019est que propose notre offre entreprise !\",\"breadcrumb\":{\"@id\":\"https:\/\/musique-equilibre.com\/me\/index.php\/offre-entreprise-musique\/#breadcrumb\"},\"inLanguage\":\"fr-FR\",\"potentialAction\":[{\"@type\":\"ReadAction\",\"target\":[\"https:\/\/musique-equilibre.com\/me\/index.php\/offre-entreprise-musique\/\"]}]},{\"@type\":\"ImageObject\",\"inLanguage\":\"fr-FR\",\"@id\":\"https:\/\/musique-equilibre.com\/me\/index.php\/offre-entreprise-musique\/#primaryimage\",\"url\":\"https:\/\/musique-equilibre.com\/me\/wp-content\/uploads\/2023\/01\/Test-visuel-page.jpg\",\"contentUrl\":\"https:\/\/musique-equilibre.com\/me\/wp-content\/uploads\/2023\/01\/Test-visuel-page.jpg\",\"width\":1366,\"height\":336,\"caption\":\"offre entreprise orl\u00e9ans loiret musique \u00e9cole de musique bien \u00eatre au travail\"},{\"@type\":\"BreadcrumbList\",\"@id\":\"https:\/\/musique-equilibre.com\/me\/index.php\/offre-entreprise-musique\/#breadcrumb\",\"itemListElement\":[{\"@type\":\"ListItem\",\"position\":1,\"name\":\"Accueil\",\"item\":\"https:\/\/musique-equilibre.com\/me\/\"},{\"@type\":\"ListItem\",\"position\":2,\"name\":\"Offre entreprise\"}]},{\"@type\":\"WebSite\",\"@id\":\"https:\/\/musique-equilibre.com\/me\/#website\",\"url\":\"https:\/\/musique-equilibre.com\/me\/\",\"name\":\"Musique et Equilibre\",\"description\":\"\",\"publisher\":{\"@id\":\"https:\/\/musique-equilibre.com\/me\/#organization\"},\"potentialAction\":[{\"@type\":\"SearchAction\",\"target\":{\"@type\":\"EntryPoint\",\"urlTemplate\":\"https:\/\/musique-equilibre.com\/me\/?s={search_term_string}\"},\"query-input\":{\"@type\":\"PropertyValueSpecification\",\"valueRequired\":true,\"valueName\":\"search_term_string\"}}],\"inLanguage\":\"fr-FR\"},{\"@type\":\"Organization\",\"@id\":\"https:\/\/musique-equilibre.com\/me\/#organization\",\"name\":\"Musique et Equilibre\",\"alternateName\":\"\u00c9cole de musique et salle de concert \u00e0 Orl\u00e9ans\",\"url\":\"https:\/\/musique-equilibre.com\/me\/\",\"logo\":{\"@type\":\"ImageObject\",\"inLanguage\":\"fr-FR\",\"@id\":\"https:\/\/musique-equilibre.com\/me\/#\/schema\/logo\/image\/\",\"url\":\"https:\/\/musique-equilibre.com\/me\/wp-content\/uploads\/2022\/11\/cropped-Logo_orange_texture-1.png\",\"contentUrl\":\"https:\/\/musique-equilibre.com\/me\/wp-content\/uploads\/2022\/11\/cropped-Logo_orange_texture-1.png\",\"width\":512,\"height\":512,\"caption\":\"Musique et Equilibre\"},\"image\":{\"@id\":\"https:\/\/musique-equilibre.com\/me\/#\/schema\/logo\/image\/\"},\"sameAs\":[\"https:\/\/www.facebook.com\/MusiqueetEquilibre45\",\"https:\/\/x.com\/Musiquequilibre\",\"https:\/\/www.instagram.com\/musique_et_equilibre_\/\",\"https:\/\/www.linkedin.com\/company\/musique-&amp;-equilibre\/\",\"https:\/\/www.youtube.com\/c\/MusiqueEquilibreOrleans\/\"]}]}<\/script>\n<!-- \/ Yoast SEO plugin. -->","yoast_head_json":{"title":"Offre entreprise - Musique et Equilibre","description":"Am\u00e9lioration du bien-\u00eatre des salari\u00e9-e-s et renforcement des \u00e9quipes gr\u00e2ce \u00e0 la musique, c\u2019est que propose notre offre entreprise !","robots":{"index":"index","follow":"follow","max-snippet":"max-snippet:-1","max-image-preview":"max-image-preview:large","max-video-preview":"max-video-preview:-1"},"canonical":"https:\/\/musique-equilibre.com\/me\/index.php\/offre-entreprise-musique\/","og_locale":"fr_FR","og_type":"article","og_title":"Offre entreprise - Musique et Equilibre","og_description":"Am\u00e9lioration du bien-\u00eatre des salari\u00e9-e-s et renforcement des \u00e9quipes gr\u00e2ce \u00e0 la musique, c\u2019est que propose notre offre entreprise !","og_url":"https:\/\/musique-equilibre.com\/me\/index.php\/offre-entreprise-musique\/","og_site_name":"Musique et Equilibre","article_publisher":"https:\/\/www.facebook.com\/MusiqueetEquilibre45","article_modified_time":"2025-05-02T14:05:40+00:00","og_image":[{"width":1366,"height":336,"url":"https:\/\/musique-equilibre.com\/me\/wp-content\/uploads\/2023\/01\/Test-visuel-page.jpg","type":"image\/jpeg"}],"twitter_card":"summary_large_image","twitter_site":"@Musiquequilibre","twitter_misc":{"Dur\u00e9e de lecture estim\u00e9e":"4 minutes"},"schema":{"@context":"https:\/\/schema.org","@graph":[{"@type":"WebPage","@id":"https:\/\/musique-equilibre.com\/me\/index.php\/offre-entreprise-musique\/","url":"https:\/\/musique-equilibre.com\/me\/index.php\/offre-entreprise-musique\/","name":"Offre entreprise - Musique et Equilibre","isPartOf":{"@id":"https:\/\/musique-equilibre.com\/me\/#website"},"primaryImageOfPage":{"@id":"https:\/\/musique-equilibre.com\/me\/index.php\/offre-entreprise-musique\/#primaryimage"},"image":{"@id":"https:\/\/musique-equilibre.com\/me\/index.php\/offre-entreprise-musique\/#primaryimage"},"thumbnailUrl":"https:\/\/musique-equilibre.com\/me\/wp-content\/uploads\/2023\/01\/Test-visuel-page-1024x252.jpg","datePublished":"2023-01-24T17:45:35+00:00","dateModified":"2025-05-02T14:05:40+00:00","description":"Am\u00e9lioration du bien-\u00eatre des salari\u00e9-e-s et renforcement des \u00e9quipes gr\u00e2ce \u00e0 la musique, c\u2019est que propose notre offre entreprise !","breadcrumb":{"@id":"https:\/\/musique-equilibre.com\/me\/index.php\/offre-entreprise-musique\/#breadcrumb"},"inLanguage":"fr-FR","potentialAction":[{"@type":"ReadAction","target":["https:\/\/musique-equilibre.com\/me\/index.php\/offre-entreprise-musique\/"]}]},{"@type":"ImageObject","inLanguage":"fr-FR","@id":"https:\/\/musique-equilibre.com\/me\/index.php\/offre-entreprise-musique\/#primaryimage","url":"https:\/\/musique-equilibre.com\/me\/wp-content\/uploads\/2023\/01\/Test-visuel-page.jpg","contentUrl":"https:\/\/musique-equilibre.com\/me\/wp-content\/uploads\/2023\/01\/Test-visuel-page.jpg","width":1366,"height":336,"caption":"offre entreprise orl\u00e9ans loiret musique \u00e9cole de musique bien \u00eatre au travail"},{"@type":"BreadcrumbList","@id":"https:\/\/musique-equilibre.com\/me\/index.php\/offre-entreprise-musique\/#breadcrumb","itemListElement":[{"@type":"ListItem","position":1,"name":"Accueil","item":"https:\/\/musique-equilibre.com\/me\/"},{"@type":"ListItem","position":2,"name":"Offre entreprise"}]},{"@type":"WebSite","@id":"https:\/\/musique-equilibre.com\/me\/#website","url":"https:\/\/musique-equilibre.com\/me\/","name":"Musique et Equilibre","description":"","publisher":{"@id":"https:\/\/musique-equilibre.com\/me\/#organization"},"potentialAction":[{"@type":"SearchAction","target":{"@type":"EntryPoint","urlTemplate":"https:\/\/musique-equilibre.com\/me\/?s={search_term_string}"},"query-input":{"@type":"PropertyValueSpecification","valueRequired":true,"valueName":"search_term_string"}}],"inLanguage":"fr-FR"},{"@type":"Organization","@id":"https:\/\/musique-equilibre.com\/me\/#organization","name":"Musique et Equilibre","alternateName":"\u00c9cole de musique et salle de concert \u00e0 Orl\u00e9ans","url":"https:\/\/musique-equilibre.com\/me\/","logo":{"@type":"ImageObject","inLanguage":"fr-FR","@id":"https:\/\/musique-equilibre.com\/me\/#\/schema\/logo\/image\/","url":"https:\/\/musique-equilibre.com\/me\/wp-content\/uploads\/2022\/11\/cropped-Logo_orange_texture-1.png","contentUrl":"https:\/\/musique-equilibre.com\/me\/wp-content\/uploads\/2022\/11\/cropped-Logo_orange_texture-1.png","width":512,"height":512,"caption":"Musique et Equilibre"},"image":{"@id":"https:\/\/musique-equilibre.com\/me\/#\/schema\/logo\/image\/"},"sameAs":["https:\/\/www.facebook.com\/MusiqueetEquilibre45","https:\/\/x.com\/Musiquequilibre","https:\/\/www.instagram.com\/musique_et_equilibre_\/","https:\/\/www.linkedin.com\/company\/musique-&amp;-equilibre\/","https:\/\/www.youtube.com\/c\/MusiqueEquilibreOrleans\/"]}]}},"_links":{"self":[{"href":"https:\/\/musique-equilibre.com\/me\/index.php\/wp-json\/wp\/v2\/pages\/11316","targetHints":{"allow":["GET"]}}],"collection":[{"href":"https:\/\/musique-equilibre.com\/me\/index.php\/wp-json\/wp\/v2\/pages"}],"about":[{"href":"https:\/\/musique-equilibre.com\/me\/index.php\/wp-json\/wp\/v2\/types\/page"}],"author":[{"embeddable":true,"href":"https:\/\/musique-equilibre.com\/me\/index.php\/wp-json\/wp\/v2\/users\/1"}],"replies":[{"embeddable":true,"href":"https:\/\/musique-equilibre.com\/me\/index.php\/wp-json\/wp\/v2\/comments?post=11316"}],"version-history":[{"count":20,"href":"https:\/\/musique-equilibre.com\/me\/index.php\/wp-json\/wp\/v2\/pages\/11316\/revisions"}],"predecessor-version":[{"id":16806,"href":"https:\/\/musique-equilibre.com\/me\/index.php\/wp-json\/wp\/v2\/pages\/11316\/revisions\/16806"}],"wp:attachment":[{"href":"https:\/\/musique-equilibre.com\/me\/index.php\/wp-json\/wp\/v2\/media?parent=11316"}],"curies":[{"name":"wp","href":"https:\/\/api.w.org\/{rel}","templated":true}]}}