{"id":10211,"date":"2022-09-08T14:27:31","date_gmt":"2022-09-08T12:27:31","guid":{"rendered":"http:\/\/musique-equilibre.com\/me\/?page_id=10211"},"modified":"2025-01-28T18:07:18","modified_gmt":"2025-01-28T17:07:18","slug":"les-videos-pedago","status":"publish","type":"page","link":"https:\/\/musique-equilibre.com\/me\/index.php\/les-videos-pedago\/","title":{"rendered":"<span style=\"font-family: coves;\">Les vid\u00e9os p\u00e9dago"},"content":{"rendered":"<h1 style=\"text-align: center;\"><span style=\"font-family: coves; color: #e25417;\">Musique et \u00c9quilibre passe au num\u00e9rique !<\/span><\/h1>\n<h3 style=\"text-align: center;\"><span style=\"font-family: coves; color: #e25417;\">Ou comment apprendre gr\u00e2ce \u00e0 son ordinateur<\/span><\/h3>\n<p><span style=\"font-family: coves;\">Dot\u00e9e depuis quelques mois d&rsquo;un espace enti\u00e8rement d\u00e9di\u00e9 \u00e0 l&rsquo;enregistrement de vid\u00e9o, Musique et \u00c9quilibre publie, chaque mois, une vid\u00e9o p\u00e9dagogique !<\/span><br \/><span style=\"font-family: coves;\">R\u00e9alis\u00e9e avec nos professeurs, chaque vid\u00e9o aborde un point pr\u00e9cis qui vous permettra d&rsquo;aller plus loin dans votre apprentissage.<\/span><\/p>\n<p><span style=\"font-family: coves;\"><em>Vous avez envie qu&rsquo;un-e de nos professeurs-es aborde un sujet particulier ? N&rsquo;h\u00e9sitez pas \u00e0 nous en faire part et \u00e0 nous envoyer un mail \u00e0 accueil@musique-equilibre.com avec en sujet \u00ab\u00a0Vid\u00e9o p\u00e9dagogique\u00a0\u00bb.<\/em><\/span><\/p>\n\n\n<div class=\"wp-block-columns is-layout-flex wp-container-core-columns-is-layout-9d6595d7 wp-block-columns-is-layout-flex\">\n<div class=\"wp-block-column is-layout-flow wp-block-column-is-layout-flow\">\n<figure class=\"wp-block-image size-large\"><img fetchpriority=\"high\" decoding=\"async\" width=\"1024\" height=\"768\" src=\"https:\/\/musique-equilibre.com\/me\/wp-content\/uploads\/2022\/11\/P1530438-1024x768.jpg\" alt=\"studio vid\u00e9o musique et \u00e9quilibre orleans orl\u00e9ans musique et equilibre loiret vid\u00e9os p\u00e9dagogique musiques actuelles\" class=\"wp-image-10511\" srcset=\"https:\/\/musique-equilibre.com\/me\/wp-content\/uploads\/2022\/11\/P1530438-1024x768.jpg 1024w, https:\/\/musique-equilibre.com\/me\/wp-content\/uploads\/2022\/11\/P1530438-300x225.jpg 300w, https:\/\/musique-equilibre.com\/me\/wp-content\/uploads\/2022\/11\/P1530438-150x113.jpg 150w, https:\/\/musique-equilibre.com\/me\/wp-content\/uploads\/2022\/11\/P1530438-768x576.jpg 768w, https:\/\/musique-equilibre.com\/me\/wp-content\/uploads\/2022\/11\/P1530438-1536x1152.jpg 1536w, https:\/\/musique-equilibre.com\/me\/wp-content\/uploads\/2022\/11\/P1530438-2048x1536.jpg 2048w\" sizes=\"(max-width: 1024px) 100vw, 1024px\" \/><\/figure>\n<\/div>\n\n\n\n<div class=\"wp-block-column is-layout-flow wp-block-column-is-layout-flow\">\n<figure class=\"wp-block-image size-large\"><img decoding=\"async\" width=\"1024\" height=\"789\" src=\"https:\/\/musique-equilibre.com\/me\/wp-content\/uploads\/2022\/11\/P1530442-1024x789.jpg\" alt=\"studio vid\u00e9o musique et \u00e9quilibre orleans orl\u00e9ans musique et equilibre loiret vid\u00e9os p\u00e9dagogique musiques actuelles\" class=\"wp-image-10512\" srcset=\"https:\/\/musique-equilibre.com\/me\/wp-content\/uploads\/2022\/11\/P1530442-1024x789.jpg 1024w, https:\/\/musique-equilibre.com\/me\/wp-content\/uploads\/2022\/11\/P1530442-300x231.jpg 300w, https:\/\/musique-equilibre.com\/me\/wp-content\/uploads\/2022\/11\/P1530442-150x116.jpg 150w, https:\/\/musique-equilibre.com\/me\/wp-content\/uploads\/2022\/11\/P1530442-768x592.jpg 768w, https:\/\/musique-equilibre.com\/me\/wp-content\/uploads\/2022\/11\/P1530442-1536x1184.jpg 1536w, https:\/\/musique-equilibre.com\/me\/wp-content\/uploads\/2022\/11\/P1530442-2048x1579.jpg 2048w\" sizes=\"(max-width: 1024px) 100vw, 1024px\" \/><\/figure>\n<\/div>\n\n\n\n<div class=\"wp-block-column is-layout-flow wp-block-column-is-layout-flow\">\n<figure class=\"wp-block-image size-large\"><img decoding=\"async\" width=\"1024\" height=\"768\" src=\"https:\/\/musique-equilibre.com\/me\/wp-content\/uploads\/2022\/11\/P1530444-1024x768.jpg\" alt=\"\" class=\"wp-image-10514\" srcset=\"https:\/\/musique-equilibre.com\/me\/wp-content\/uploads\/2022\/11\/P1530444-1024x768.jpg 1024w, https:\/\/musique-equilibre.com\/me\/wp-content\/uploads\/2022\/11\/P1530444-300x225.jpg 300w, https:\/\/musique-equilibre.com\/me\/wp-content\/uploads\/2022\/11\/P1530444-150x113.jpg 150w, https:\/\/musique-equilibre.com\/me\/wp-content\/uploads\/2022\/11\/P1530444-768x576.jpg 768w, https:\/\/musique-equilibre.com\/me\/wp-content\/uploads\/2022\/11\/P1530444-1536x1152.jpg 1536w, https:\/\/musique-equilibre.com\/me\/wp-content\/uploads\/2022\/11\/P1530444-2048x1536.jpg 2048w\" sizes=\"(max-width: 1024px) 100vw, 1024px\" \/><\/figure>\n<\/div>\n\n\n\n<div class=\"wp-block-column is-layout-flow wp-block-column-is-layout-flow\">\n<figure class=\"wp-block-image size-large\"><img loading=\"lazy\" decoding=\"async\" width=\"1024\" height=\"768\" src=\"https:\/\/musique-equilibre.com\/me\/wp-content\/uploads\/2022\/11\/P1530445-1024x768.jpg\" alt=\"studio vid\u00e9o musique et \u00e9quilibre orleans orl\u00e9ans musique et equilibre loiret vid\u00e9os p\u00e9dagogique musiques actuelles\" class=\"wp-image-10515\" srcset=\"https:\/\/musique-equilibre.com\/me\/wp-content\/uploads\/2022\/11\/P1530445-1024x768.jpg 1024w, https:\/\/musique-equilibre.com\/me\/wp-content\/uploads\/2022\/11\/P1530445-300x225.jpg 300w, https:\/\/musique-equilibre.com\/me\/wp-content\/uploads\/2022\/11\/P1530445-150x113.jpg 150w, https:\/\/musique-equilibre.com\/me\/wp-content\/uploads\/2022\/11\/P1530445-768x576.jpg 768w, https:\/\/musique-equilibre.com\/me\/wp-content\/uploads\/2022\/11\/P1530445-1536x1152.jpg 1536w, https:\/\/musique-equilibre.com\/me\/wp-content\/uploads\/2022\/11\/P1530445-2048x1536.jpg 2048w\" sizes=\"(max-width: 1024px) 100vw, 1024px\" \/><\/figure>\n<\/div>\n<\/div>\n\n\n<p style=\"text-align: right;\"><span style=\"font-family: coves;\">Nos vid\u00e9os sont r\u00e9alis\u00e9es par <a href=\"https:\/\/musique-equilibre.com\/me\/index.php\/2019\/09\/10\/bio-philippe-capelle-coursmusiqueorleans\/\" target=\"_blank\" rel=\"noreferrer noopener\">Philippe Capelle<\/a><\/span><\/p>\n\n\n<figure class=\"wp-block-embed is-type-video is-provider-youtube wp-block-embed-youtube wp-embed-aspect-16-9 wp-has-aspect-ratio\"><div class=\"wp-block-embed__wrapper\">\n<iframe title=\"Comment JOUER UN BLUES en mi ! avec Thierry Brossard\" width=\"1140\" height=\"641\" src=\"https:\/\/www.youtube.com\/embed\/fP5XEIsmbqc?feature=oembed\" frameborder=\"0\" allow=\"accelerometer; autoplay; clipboard-write; encrypted-media; gyroscope; picture-in-picture; web-share\" referrerpolicy=\"strict-origin-when-cross-origin\" allowfullscreen><\/iframe>\n<\/div><\/figure>\n\n\n\n<figure class=\"wp-block-embed is-type-video is-provider-youtube wp-block-embed-youtube wp-embed-aspect-16-9 wp-has-aspect-ratio\"><div class=\"wp-block-embed__wrapper\">\n<iframe title=\"S&#039;initier \u00e0 l&#039;AFRO BEAT ! avec Lamine Slyroots\" width=\"1140\" height=\"641\" src=\"https:\/\/www.youtube.com\/embed\/wWxEnKpX_Vw?feature=oembed\" frameborder=\"0\" allow=\"accelerometer; autoplay; clipboard-write; encrypted-media; gyroscope; picture-in-picture; web-share\" referrerpolicy=\"strict-origin-when-cross-origin\" allowfullscreen><\/iframe>\n<\/div><\/figure>\n\n\n\n<figure class=\"wp-block-embed is-type-video is-provider-youtube wp-block-embed-youtube wp-embed-aspect-16-9 wp-has-aspect-ratio\"><div class=\"wp-block-embed__wrapper\">\n<iframe title=\"D\u00e9couvre les P\u00c9DALES D&#039;EFFET a utiliser avec une FL\u00dbTE traversi\u00e8re ! avec Aude Prieur\" width=\"1140\" height=\"641\" src=\"https:\/\/www.youtube.com\/embed\/ggAwOG-r-lU?feature=oembed\" frameborder=\"0\" allow=\"accelerometer; autoplay; clipboard-write; encrypted-media; gyroscope; picture-in-picture; web-share\" referrerpolicy=\"strict-origin-when-cross-origin\" allowfullscreen><\/iframe>\n<\/div><\/figure>\n\n\n\n<figure class=\"wp-block-embed is-type-video is-provider-youtube wp-block-embed-youtube wp-embed-aspect-16-9 wp-has-aspect-ratio\"><div class=\"wp-block-embed__wrapper\">\n<iframe title=\"On vous pr\u00e9sente une p\u00e9dale de DELAY MEMORY BOY avec Valentin Mirault\" width=\"1140\" height=\"641\" src=\"https:\/\/www.youtube.com\/embed\/1k2YV0f5GNM?feature=oembed\" frameborder=\"0\" allow=\"accelerometer; autoplay; clipboard-write; encrypted-media; gyroscope; picture-in-picture; web-share\" referrerpolicy=\"strict-origin-when-cross-origin\" allowfullscreen><\/iframe>\n<\/div><\/figure>\n\n\n\n<figure class=\"wp-block-embed is-type-video is-provider-youtube wp-block-embed-youtube wp-embed-aspect-16-9 wp-has-aspect-ratio\"><div class=\"wp-block-embed__wrapper\">\n<iframe title=\"Nos CONSEILS sur la pratique de l&#039;ACCORD\u00c9ON chromatique ! avec Matthias Boudeau\" width=\"1140\" height=\"641\" src=\"https:\/\/www.youtube.com\/embed\/VLMD9D_I3Z0?feature=oembed\" frameborder=\"0\" allow=\"accelerometer; autoplay; clipboard-write; encrypted-media; gyroscope; picture-in-picture; web-share\" referrerpolicy=\"strict-origin-when-cross-origin\" allowfullscreen><\/iframe>\n<\/div><\/figure>\n\n\n\n<div class=\"wp-block-columns is-layout-flex wp-container-core-columns-is-layout-9d6595d7 wp-block-columns-is-layout-flex\">\n<div class=\"wp-block-column is-layout-flow wp-block-column-is-layout-flow\">\n<figure class=\"wp-block-embed is-type-video is-provider-youtube wp-block-embed-youtube wp-embed-aspect-16-9 wp-has-aspect-ratio\"><div class=\"wp-block-embed__wrapper\">\n<iframe title=\"Quelques TIPS sur la pratique de la guitare \u00c9LECTRIQUE ! avec Romain Cl\u00e9ment\" width=\"1140\" height=\"641\" src=\"https:\/\/www.youtube.com\/embed\/4n4UMJFXZHE?feature=oembed\" frameborder=\"0\" allow=\"accelerometer; autoplay; clipboard-write; encrypted-media; gyroscope; picture-in-picture; web-share\" referrerpolicy=\"strict-origin-when-cross-origin\" allowfullscreen><\/iframe>\n<\/div><\/figure>\n<\/div>\n<\/div>\n","protected":false},"excerpt":{"rendered":"<p>Musique et \u00c9quilibre passe au num\u00e9rique ! Ou comment apprendre gr\u00e2ce \u00e0 son ordinateur Dot\u00e9e depuis quelques mois d&rsquo;un espace enti\u00e8rement d\u00e9di\u00e9 \u00e0 l&rsquo;enregistrement de vid\u00e9o, Musique et \u00c9quilibre publie, chaque mois, une vid\u00e9o p\u00e9dagogique !R\u00e9alis\u00e9e avec nos professeurs, chaque vid\u00e9o aborde un point pr\u00e9cis qui vous permettra d&rsquo;aller plus loin dans votre apprentissage. Vous [&hellip;]<\/p>\n","protected":false},"author":1,"featured_media":10512,"parent":0,"menu_order":0,"comment_status":"closed","ping_status":"closed","template":"","meta":{"footnotes":""},"class_list":["post-10211","page","type-page","status-publish","has-post-thumbnail","czr-hentry"],"yoast_head":"<!-- This site is optimized with the Yoast SEO plugin v26.8 - https:\/\/yoast.com\/product\/yoast-seo-wordpress\/ -->\n<title>Les vid\u00e9os p\u00e9dago - Musique et Equilibre<\/title>\n<meta name=\"description\" content=\"D\u00e9couvrez ici les vid\u00e9os p\u00e9dago r\u00e9alis\u00e9es par les professeurs de Musique et \u00c9quilibre. Chaque mois, une nouvelle vid\u00e9o !\" \/>\n<meta name=\"robots\" content=\"index, follow, max-snippet:-1, max-image-preview:large, max-video-preview:-1\" \/>\n<link rel=\"canonical\" href=\"https:\/\/musique-equilibre.com\/me\/index.php\/les-videos-pedago\/\" \/>\n<meta property=\"og:locale\" content=\"fr_FR\" \/>\n<meta property=\"og:type\" content=\"article\" \/>\n<meta property=\"og:title\" content=\"Les vid\u00e9os p\u00e9dago - Musique et Equilibre\" \/>\n<meta property=\"og:description\" content=\"D\u00e9couvrez ici les vid\u00e9os p\u00e9dago r\u00e9alis\u00e9es par les professeurs de Musique et \u00c9quilibre. Chaque mois, une nouvelle vid\u00e9o !\" \/>\n<meta property=\"og:url\" content=\"https:\/\/musique-equilibre.com\/me\/index.php\/les-videos-pedago\/\" \/>\n<meta property=\"og:site_name\" content=\"Musique et Equilibre\" \/>\n<meta property=\"article:publisher\" content=\"https:\/\/www.facebook.com\/MusiqueetEquilibre45\" \/>\n<meta property=\"article:modified_time\" content=\"2025-01-28T17:07:18+00:00\" \/>\n<meta property=\"og:image\" content=\"https:\/\/musique-equilibre.com\/me\/wp-content\/uploads\/2022\/11\/P1530442-scaled.jpg\" \/>\n\t<meta property=\"og:image:width\" content=\"2560\" \/>\n\t<meta property=\"og:image:height\" content=\"1974\" \/>\n\t<meta property=\"og:image:type\" content=\"image\/jpeg\" \/>\n<meta name=\"twitter:card\" content=\"summary_large_image\" \/>\n<meta name=\"twitter:site\" content=\"@Musiquequilibre\" \/>\n<meta name=\"twitter:label1\" content=\"Dur\u00e9e de lecture estim\u00e9e\" \/>\n\t<meta name=\"twitter:data1\" content=\"2 minutes\" \/>\n<script type=\"application\/ld+json\" class=\"yoast-schema-graph\">{\"@context\":\"https:\/\/schema.org\",\"@graph\":[{\"@type\":\"WebPage\",\"@id\":\"https:\/\/musique-equilibre.com\/me\/index.php\/les-videos-pedago\/\",\"url\":\"https:\/\/musique-equilibre.com\/me\/index.php\/les-videos-pedago\/\",\"name\":\"Les vid\u00e9os p\u00e9dago - Musique et Equilibre\",\"isPartOf\":{\"@id\":\"https:\/\/musique-equilibre.com\/me\/#website\"},\"primaryImageOfPage\":{\"@id\":\"https:\/\/musique-equilibre.com\/me\/index.php\/les-videos-pedago\/#primaryimage\"},\"image\":{\"@id\":\"https:\/\/musique-equilibre.com\/me\/index.php\/les-videos-pedago\/#primaryimage\"},\"thumbnailUrl\":\"https:\/\/musique-equilibre.com\/me\/wp-content\/uploads\/2022\/11\/P1530442-scaled.jpg\",\"datePublished\":\"2022-09-08T12:27:31+00:00\",\"dateModified\":\"2025-01-28T17:07:18+00:00\",\"description\":\"D\u00e9couvrez ici les vid\u00e9os p\u00e9dago r\u00e9alis\u00e9es par les professeurs de Musique et \u00c9quilibre. Chaque mois, une nouvelle vid\u00e9o !\",\"breadcrumb\":{\"@id\":\"https:\/\/musique-equilibre.com\/me\/index.php\/les-videos-pedago\/#breadcrumb\"},\"inLanguage\":\"fr-FR\",\"potentialAction\":[{\"@type\":\"ReadAction\",\"target\":[\"https:\/\/musique-equilibre.com\/me\/index.php\/les-videos-pedago\/\"]}]},{\"@type\":\"ImageObject\",\"inLanguage\":\"fr-FR\",\"@id\":\"https:\/\/musique-equilibre.com\/me\/index.php\/les-videos-pedago\/#primaryimage\",\"url\":\"https:\/\/musique-equilibre.com\/me\/wp-content\/uploads\/2022\/11\/P1530442-scaled.jpg\",\"contentUrl\":\"https:\/\/musique-equilibre.com\/me\/wp-content\/uploads\/2022\/11\/P1530442-scaled.jpg\",\"width\":2560,\"height\":1974,\"caption\":\"studio vid\u00e9o musique et \u00e9quilibre orleans orl\u00e9ans musique et equilibre loiret vid\u00e9os p\u00e9dagogique musiques actuelles\"},{\"@type\":\"BreadcrumbList\",\"@id\":\"https:\/\/musique-equilibre.com\/me\/index.php\/les-videos-pedago\/#breadcrumb\",\"itemListElement\":[{\"@type\":\"ListItem\",\"position\":1,\"name\":\"Accueil\",\"item\":\"https:\/\/musique-equilibre.com\/me\/\"},{\"@type\":\"ListItem\",\"position\":2,\"name\":\"Les vid\u00e9os p\u00e9dago\"}]},{\"@type\":\"WebSite\",\"@id\":\"https:\/\/musique-equilibre.com\/me\/#website\",\"url\":\"https:\/\/musique-equilibre.com\/me\/\",\"name\":\"Musique et Equilibre\",\"description\":\"\",\"publisher\":{\"@id\":\"https:\/\/musique-equilibre.com\/me\/#organization\"},\"potentialAction\":[{\"@type\":\"SearchAction\",\"target\":{\"@type\":\"EntryPoint\",\"urlTemplate\":\"https:\/\/musique-equilibre.com\/me\/?s={search_term_string}\"},\"query-input\":{\"@type\":\"PropertyValueSpecification\",\"valueRequired\":true,\"valueName\":\"search_term_string\"}}],\"inLanguage\":\"fr-FR\"},{\"@type\":\"Organization\",\"@id\":\"https:\/\/musique-equilibre.com\/me\/#organization\",\"name\":\"Musique et Equilibre\",\"alternateName\":\"\u00c9cole de musique et salle de concert \u00e0 Orl\u00e9ans\",\"url\":\"https:\/\/musique-equilibre.com\/me\/\",\"logo\":{\"@type\":\"ImageObject\",\"inLanguage\":\"fr-FR\",\"@id\":\"https:\/\/musique-equilibre.com\/me\/#\/schema\/logo\/image\/\",\"url\":\"https:\/\/musique-equilibre.com\/me\/wp-content\/uploads\/2022\/11\/cropped-Logo_orange_texture-1.png\",\"contentUrl\":\"https:\/\/musique-equilibre.com\/me\/wp-content\/uploads\/2022\/11\/cropped-Logo_orange_texture-1.png\",\"width\":512,\"height\":512,\"caption\":\"Musique et Equilibre\"},\"image\":{\"@id\":\"https:\/\/musique-equilibre.com\/me\/#\/schema\/logo\/image\/\"},\"sameAs\":[\"https:\/\/www.facebook.com\/MusiqueetEquilibre45\",\"https:\/\/x.com\/Musiquequilibre\",\"https:\/\/www.instagram.com\/musique_et_equilibre_\/\",\"https:\/\/www.linkedin.com\/company\/musique-&amp;-equilibre\/\",\"https:\/\/www.youtube.com\/c\/MusiqueEquilibreOrleans\/\"]}]}<\/script>\n<!-- \/ Yoast SEO plugin. -->","yoast_head_json":{"title":"Les vid\u00e9os p\u00e9dago - Musique et Equilibre","description":"D\u00e9couvrez ici les vid\u00e9os p\u00e9dago r\u00e9alis\u00e9es par les professeurs de Musique et \u00c9quilibre. Chaque mois, une nouvelle vid\u00e9o !","robots":{"index":"index","follow":"follow","max-snippet":"max-snippet:-1","max-image-preview":"max-image-preview:large","max-video-preview":"max-video-preview:-1"},"canonical":"https:\/\/musique-equilibre.com\/me\/index.php\/les-videos-pedago\/","og_locale":"fr_FR","og_type":"article","og_title":"Les vid\u00e9os p\u00e9dago - Musique et Equilibre","og_description":"D\u00e9couvrez ici les vid\u00e9os p\u00e9dago r\u00e9alis\u00e9es par les professeurs de Musique et \u00c9quilibre. Chaque mois, une nouvelle vid\u00e9o !","og_url":"https:\/\/musique-equilibre.com\/me\/index.php\/les-videos-pedago\/","og_site_name":"Musique et Equilibre","article_publisher":"https:\/\/www.facebook.com\/MusiqueetEquilibre45","article_modified_time":"2025-01-28T17:07:18+00:00","og_image":[{"width":2560,"height":1974,"url":"https:\/\/musique-equilibre.com\/me\/wp-content\/uploads\/2022\/11\/P1530442-scaled.jpg","type":"image\/jpeg"}],"twitter_card":"summary_large_image","twitter_site":"@Musiquequilibre","twitter_misc":{"Dur\u00e9e de lecture estim\u00e9e":"2 minutes"},"schema":{"@context":"https:\/\/schema.org","@graph":[{"@type":"WebPage","@id":"https:\/\/musique-equilibre.com\/me\/index.php\/les-videos-pedago\/","url":"https:\/\/musique-equilibre.com\/me\/index.php\/les-videos-pedago\/","name":"Les vid\u00e9os p\u00e9dago - Musique et Equilibre","isPartOf":{"@id":"https:\/\/musique-equilibre.com\/me\/#website"},"primaryImageOfPage":{"@id":"https:\/\/musique-equilibre.com\/me\/index.php\/les-videos-pedago\/#primaryimage"},"image":{"@id":"https:\/\/musique-equilibre.com\/me\/index.php\/les-videos-pedago\/#primaryimage"},"thumbnailUrl":"https:\/\/musique-equilibre.com\/me\/wp-content\/uploads\/2022\/11\/P1530442-scaled.jpg","datePublished":"2022-09-08T12:27:31+00:00","dateModified":"2025-01-28T17:07:18+00:00","description":"D\u00e9couvrez ici les vid\u00e9os p\u00e9dago r\u00e9alis\u00e9es par les professeurs de Musique et \u00c9quilibre. Chaque mois, une nouvelle vid\u00e9o !","breadcrumb":{"@id":"https:\/\/musique-equilibre.com\/me\/index.php\/les-videos-pedago\/#breadcrumb"},"inLanguage":"fr-FR","potentialAction":[{"@type":"ReadAction","target":["https:\/\/musique-equilibre.com\/me\/index.php\/les-videos-pedago\/"]}]},{"@type":"ImageObject","inLanguage":"fr-FR","@id":"https:\/\/musique-equilibre.com\/me\/index.php\/les-videos-pedago\/#primaryimage","url":"https:\/\/musique-equilibre.com\/me\/wp-content\/uploads\/2022\/11\/P1530442-scaled.jpg","contentUrl":"https:\/\/musique-equilibre.com\/me\/wp-content\/uploads\/2022\/11\/P1530442-scaled.jpg","width":2560,"height":1974,"caption":"studio vid\u00e9o musique et \u00e9quilibre orleans orl\u00e9ans musique et equilibre loiret vid\u00e9os p\u00e9dagogique musiques actuelles"},{"@type":"BreadcrumbList","@id":"https:\/\/musique-equilibre.com\/me\/index.php\/les-videos-pedago\/#breadcrumb","itemListElement":[{"@type":"ListItem","position":1,"name":"Accueil","item":"https:\/\/musique-equilibre.com\/me\/"},{"@type":"ListItem","position":2,"name":"Les vid\u00e9os p\u00e9dago"}]},{"@type":"WebSite","@id":"https:\/\/musique-equilibre.com\/me\/#website","url":"https:\/\/musique-equilibre.com\/me\/","name":"Musique et Equilibre","description":"","publisher":{"@id":"https:\/\/musique-equilibre.com\/me\/#organization"},"potentialAction":[{"@type":"SearchAction","target":{"@type":"EntryPoint","urlTemplate":"https:\/\/musique-equilibre.com\/me\/?s={search_term_string}"},"query-input":{"@type":"PropertyValueSpecification","valueRequired":true,"valueName":"search_term_string"}}],"inLanguage":"fr-FR"},{"@type":"Organization","@id":"https:\/\/musique-equilibre.com\/me\/#organization","name":"Musique et Equilibre","alternateName":"\u00c9cole de musique et salle de concert \u00e0 Orl\u00e9ans","url":"https:\/\/musique-equilibre.com\/me\/","logo":{"@type":"ImageObject","inLanguage":"fr-FR","@id":"https:\/\/musique-equilibre.com\/me\/#\/schema\/logo\/image\/","url":"https:\/\/musique-equilibre.com\/me\/wp-content\/uploads\/2022\/11\/cropped-Logo_orange_texture-1.png","contentUrl":"https:\/\/musique-equilibre.com\/me\/wp-content\/uploads\/2022\/11\/cropped-Logo_orange_texture-1.png","width":512,"height":512,"caption":"Musique et Equilibre"},"image":{"@id":"https:\/\/musique-equilibre.com\/me\/#\/schema\/logo\/image\/"},"sameAs":["https:\/\/www.facebook.com\/MusiqueetEquilibre45","https:\/\/x.com\/Musiquequilibre","https:\/\/www.instagram.com\/musique_et_equilibre_\/","https:\/\/www.linkedin.com\/company\/musique-&amp;-equilibre\/","https:\/\/www.youtube.com\/c\/MusiqueEquilibreOrleans\/"]}]}},"_links":{"self":[{"href":"https:\/\/musique-equilibre.com\/me\/index.php\/wp-json\/wp\/v2\/pages\/10211","targetHints":{"allow":["GET"]}}],"collection":[{"href":"https:\/\/musique-equilibre.com\/me\/index.php\/wp-json\/wp\/v2\/pages"}],"about":[{"href":"https:\/\/musique-equilibre.com\/me\/index.php\/wp-json\/wp\/v2\/types\/page"}],"author":[{"embeddable":true,"href":"https:\/\/musique-equilibre.com\/me\/index.php\/wp-json\/wp\/v2\/users\/1"}],"replies":[{"embeddable":true,"href":"https:\/\/musique-equilibre.com\/me\/index.php\/wp-json\/wp\/v2\/comments?post=10211"}],"version-history":[{"count":24,"href":"https:\/\/musique-equilibre.com\/me\/index.php\/wp-json\/wp\/v2\/pages\/10211\/revisions"}],"predecessor-version":[{"id":15966,"href":"https:\/\/musique-equilibre.com\/me\/index.php\/wp-json\/wp\/v2\/pages\/10211\/revisions\/15966"}],"wp:featuredmedia":[{"embeddable":true,"href":"https:\/\/musique-equilibre.com\/me\/index.php\/wp-json\/wp\/v2\/media\/10512"}],"wp:attachment":[{"href":"https:\/\/musique-equilibre.com\/me\/index.php\/wp-json\/wp\/v2\/media?parent=10211"}],"curies":[{"name":"wp","href":"https:\/\/api.w.org\/{rel}","templated":true}]}}